{"id":20,"date":"2014-08-26T09:30:09","date_gmt":"2014-08-26T09:30:09","guid":{"rendered":"http:\/\/localhost\/redux\/?page_id=20"},"modified":"2016-01-05T10:38:00","modified_gmt":"2016-01-05T09:38:00","slug":"cart","status":"publish","type":"page","link":"http:\/\/www.passionfruits.fr\/index.php\/cart\/","title":{"rendered":"Votre panier"},"content":{"rendered":"<div class=\"vc_row wpb_row vc_row-fluid\"><div class=\"wpb_column vc_column_container vc_col-sm-12\"><div class=\"wpb_wrapper\">\n\t<div class=\"wpb_text_column wpb_content_element \">\n\t\t<div class=\"wpb_wrapper\">\n\t\t\t\n\n\t\t<\/div>\n\t<\/div>\n<\/div><\/div><\/div>\n","protected":false},"excerpt":{"rendered":"","protected":false},"author":1,"featured_media":0,"parent":0,"menu_order":0,"comment_status":"closed","ping_status":"closed","template":"template-fullwidth.php","meta":{"spay_email":""},"jetpack_sharing_enabled":true,"jetpack_shortlink":"https:\/\/wp.me\/PcPACh-k","jetpack-related-posts":[{"id":6885,"url":"http:\/\/www.passionfruits.fr\/index.php\/conditions-generales\/","url_meta":{"origin":20,"position":0},"title":"Conditions G\u00e9n\u00e9rales","date":"10 d\u00e9cembre 2015","format":false,"excerpt":"Nos trois crit\u00e8res essentiels sont : LA FRAICHEUR, LE GOUT, LE PRIX Une question, un besoin de conseils, des remarques ou suggestions. Nous sommes \u00e0 votre disposition pour vous r\u00e9pondre. Beaucoup de nos produits proviennent directement du march\u00e9 de Rungis, (le plus grand march\u00e9 du Monde de produits frais) mais\u2026","rel":"","context":"Article similaire","img":{"alt_text":"","src":"","width":0,"height":0},"classes":[]}],"_links":{"self":[{"href":"http:\/\/www.passionfruits.fr\/index.php\/wp-json\/wp\/v2\/pages\/20"}],"collection":[{"href":"http:\/\/www.passionfruits.fr\/index.php\/wp-json\/wp\/v2\/pages"}],"about":[{"href":"http:\/\/www.passionfruits.fr\/index.php\/wp-json\/wp\/v2\/types\/page"}],"author":[{"embeddable":true,"href":"http:\/\/www.passionfruits.fr\/index.php\/wp-json\/wp\/v2\/users\/1"}],"replies":[{"embeddable":true,"href":"http:\/\/www.passionfruits.fr\/index.php\/wp-json\/wp\/v2\/comments?post=20"}],"version-history":[{"count":1,"href":"http:\/\/www.passionfruits.fr\/index.php\/wp-json\/wp\/v2\/pages\/20\/revisions"}],"predecessor-version":[{"id":6789,"href":"http:\/\/www.passionfruits.fr\/index.php\/wp-json\/wp\/v2\/pages\/20\/revisions\/6789"}],"wp:attachment":[{"href":"http:\/\/www.passionfruits.fr\/index.php\/wp-json\/wp\/v2\/media?parent=20"}],"curies":[{"name":"wp","href":"https:\/\/api.w.org\/{rel}","templated":true}]}}