{"id":267,"date":"2014-08-28T08:48:27","date_gmt":"2014-08-28T08:48:27","guid":{"rendered":"http:\/\/localhost\/redux\/?page_id=267"},"modified":"2016-01-12T11:43:30","modified_gmt":"2016-01-12T10:43:30","slug":"contact","status":"publish","type":"page","link":"http:\/\/www.passionfruits.fr\/index.php\/contact\/","title":{"rendered":"Contact"},"content":{"rendered":"<div class=\"vc_row wpb_row vc_row-fluid\"><div class=\"wpb_column vc_column_container vc_col-sm-12\"><div class=\"wpb_wrapper\">\n\t<div class=\"wpb_text_column wpb_content_element \">\n\t\t<div class=\"wpb_wrapper\">\n\t\t\t<p>[maplist locationstoshow=&#8221;6878,6879&#8243; selectedzoomlevel=&#8221;17&#8243; simplesearch=&#8221;true&#8221; viewstyle=&#8221;maponly&#8221; locationsperpage=&#8221;3&#8243;]<\/p>\n\n\t\t<\/div>\n\t<\/div>\n\n\t<div class=\"wpb_text_column wpb_content_element \">\n\t\t<div class=\"wpb_wrapper\">\n\t\t\t<h3>Pour toutes questions n&#8217;h\u00e9sitez pas \u00e0 nous contacter via ce formulaire<\/h3>\n\n\n\t\t<\/div>\n\t<\/div>\n<\/div><\/div><\/div>\n","protected":false},"excerpt":{"rendered":"[maplist locationstoshow=\"6878,6879\" selectedzoomlevel=\"17\" simplesearch=\"true\" viewstyle=\"maponly\" locationsperpage=\"3\"] Pour toutes questions n'h\u00e9sitez pas \u00e0 nous contacter via ce formulaire","protected":false},"author":1,"featured_media":0,"parent":0,"menu_order":0,"comment_status":"open","ping_status":"open","template":"template-fullwidth.php","meta":{"spay_email":""},"jetpack_sharing_enabled":true,"jetpack_shortlink":"https:\/\/wp.me\/PcPACh-4j","jetpack-related-posts":[{"id":7618,"url":"http:\/\/www.passionfruits.fr\/index.php\/contact-passion-fruits\/","url_meta":{"origin":267,"position":0},"title":"Contact Passion Fruits","date":"11 janvier 2016","format":false,"excerpt":"","rel":"","context":"Article similaire","img":{"alt_text":"","src":"","width":0,"height":0},"classes":[]},{"id":6885,"url":"http:\/\/www.passionfruits.fr\/index.php\/conditions-generales\/","url_meta":{"origin":267,"position":1},"title":"Conditions G\u00e9n\u00e9rales","date":"10 d\u00e9cembre 2015","format":false,"excerpt":"Nos trois crit\u00e8res essentiels sont : LA FRAICHEUR, LE GOUT, LE PRIX Une question, un besoin de conseils, des remarques ou suggestions. Nous sommes \u00e0 votre disposition pour vous r\u00e9pondre. Beaucoup de nos produits proviennent directement du march\u00e9 de Rungis, (le plus grand march\u00e9 du Monde de produits frais) mais\u2026","rel":"","context":"Article similaire","img":{"alt_text":"","src":"","width":0,"height":0},"classes":[]}],"_links":{"self":[{"href":"http:\/\/www.passionfruits.fr\/index.php\/wp-json\/wp\/v2\/pages\/267"}],"collection":[{"href":"http:\/\/www.passionfruits.fr\/index.php\/wp-json\/wp\/v2\/pages"}],"about":[{"href":"http:\/\/www.passionfruits.fr\/index.php\/wp-json\/wp\/v2\/types\/page"}],"author":[{"embeddable":true,"href":"http:\/\/www.passionfruits.fr\/index.php\/wp-json\/wp\/v2\/users\/1"}],"replies":[{"embeddable":true,"href":"http:\/\/www.passionfruits.fr\/index.php\/wp-json\/wp\/v2\/comments?post=267"}],"version-history":[{"count":7,"href":"http:\/\/www.passionfruits.fr\/index.php\/wp-json\/wp\/v2\/pages\/267\/revisions"}],"predecessor-version":[{"id":7655,"href":"http:\/\/www.passionfruits.fr\/index.php\/wp-json\/wp\/v2\/pages\/267\/revisions\/7655"}],"wp:attachment":[{"href":"http:\/\/www.passionfruits.fr\/index.php\/wp-json\/wp\/v2\/media?parent=267"}],"curies":[{"name":"wp","href":"https:\/\/api.w.org\/{rel}","templated":true}]}}