{"id":10577,"date":"2017-05-12T07:21:03","date_gmt":"2017-05-12T06:21:03","guid":{"rendered":"http:\/\/www.andreclaude.fr\/web\/?post_type=product&#038;p=10577"},"modified":"2023-06-13T16:18:07","modified_gmt":"2023-06-13T15:18:07","slug":"fleurs-des-champs-les-100g","status":"publish","type":"product","link":"http:\/\/www.passionfruits.fr\/index.php\/produit\/fleurs-des-champs-les-100g\/","title":{"rendered":"Fleurs des champs part env. 200g"},"content":{"rendered":"<p>Distribu\u00e9 par<\/p>\n<p>Lavarenne Distribution<\/p>\n<p>951 Rue de Gautray<\/p>\n<p>45590 St Cyr en Val<\/p>\n","protected":false},"excerpt":{"rendered":"<p>C\u2019est un fromage suisse dont la cro\u00fbte est entour\u00e9e d\u2019herbe, de foin qu\u2019on trouve dans les champs<\/p>\n<p>P\u00e2te press\u00e9e MG\/ Extrait sec &lt;45%<\/p>\n<p>Ingr\u00e9dients : <strong>Lait<\/strong> de vache thermis\u00e9, sel, ferments, pr\u00e9sure animale.<\/p>\n<p>Ingr\u00e9dients croute : fleurs des champs<\/p>\n<p>Valeurs nutritionnelles pour 100 g<\/p>\n<p>Energie : 1545kj\/369 kcal<\/p>\n<p>Mati\u00e8res grasses : 28.8g dont acides gras satur\u00e9s 18.9g<\/p>\n<p>Glucides &lt;0.1g dont sucre &lt;0.1g<\/p>\n<p>Prot\u00e9ines : 26.60g<\/p>\n<p>Sel : 2.03g<\/p>\n","protected":false},"featured_media":10578,"comment_status":"closed","ping_status":"closed","template":"","meta":{"spay_email":"","jetpack_publicize_message":"","jetpack_is_tweetstorm":false},"jetpack_publicize_connections":[],"jetpack_sharing_enabled":true,"jetpack-related-posts":[{"id":5667,"url":"http:\/\/www.passionfruits.fr\/index.php\/produit\/altesse-part-env-200-grs\/","url_meta":{"origin":10577,"position":0},"title":"Altesse \u00e0 la coupe  part environ 200 grs","date":"7 d\u00e9cembre 2015","format":false,"excerpt":"Fromage alsacien des vignerons des Vosges \u00e0 cro\u00fbte lav\u00e9e, caract\u00e9ris\u00e9 par une p\u00e2te molle et souple, un go\u00fbt \u00e9pic\u00e9, relev\u00e9 et cr\u00e9meux. Il est fabriqu\u00e9 de la m\u00eame mani\u00e8re que le munster. 27% MG Ingr\u00e9dients : Lait pasteuris\u00e9, sel, ferments, enzyme coagulante, colorant (cro\u00fbte): rocou. Lait origine France Valeurs nutritionnelles\u2026","rel":"","context":"Article similaire","img":{"alt_text":"","src":"https:\/\/i2.wp.com\/www.passionfruits.fr\/wp-content\/uploads\/2015\/12\/Altesse-e1452715476738.jpg?fit=640%2C533&resize=350%2C200","width":350,"height":200},"classes":[]},{"id":11712,"url":"http:\/\/www.passionfruits.fr\/index.php\/produit\/cornichon-extra-fins-le-pot-de-350-grs\/","url_meta":{"origin":10577,"position":1},"title":"Cornichon Extra fins le pot de 350 grs","date":"14 f\u00e9vrier 2018","format":false,"excerpt":"Ingr\u00e9dients : Cornichons origine Inde 97%, vinaigre d'alcool d'origine agricole, sel, aromates (oignons, graines de moutarde, coriandre, estragon) contient des sulfites. Sans OGM, sans ingr\u00e9dients ionis\u00e9s. Produit pasteuris\u00e9. Valeurs nutritionnelles moyennes pour 100g Energie : 71kj\/17kcal Mati\u00e8res grasses : 0.2g dont acides gras satur\u00e9s <0.1g Glucides 2.8g dont sucres 0.6g\u2026","rel":"","context":"Article similaire","img":{"alt_text":"","src":"https:\/\/i2.wp.com\/www.passionfruits.fr\/wp-content\/uploads\/2018\/02\/cornichons.jpg?fit=600%2C600&resize=350%2C200","width":350,"height":200},"classes":[]},{"id":9849,"url":"http:\/\/www.passionfruits.fr\/index.php\/produit\/munster-part-promo-env-200g\/","url_meta":{"origin":10577,"position":2},"title":"Munster la part environ 200 grs","date":"11 d\u00e9cembre 2016","format":false,"excerpt":"Consid\u00e9r\u00e9 par certains comme le \"roi des fromages\", c'est en tout cas une r\u00e9ussite de la gastronomie fran\u00e7aise ! C'est un fromage avec une croute lisse, fine et humide. Fromage \u00e0 p\u00e2te molle au lait pasteuris\u00e9. Ingr\u00e9dients : lait, sel, ferments lactiques, pr\u00e9sure Valeurs nutritionnelles moyennes pour 100g Energie :\u2026","rel":"","context":"Article similaire","img":{"alt_text":"","src":"https:\/\/i2.wp.com\/www.passionfruits.fr\/wp-content\/uploads\/2016\/12\/munster.jpg?fit=600%2C600&resize=350%2C200","width":350,"height":200},"classes":[]},{"id":5933,"url":"http:\/\/www.passionfruits.fr\/index.php\/produit\/capres-le-bocal\/","url_meta":{"origin":10577,"position":3},"title":"C\u00e2pres au vinaigre le bocal de 100g","date":"7 d\u00e9cembre 2015","format":false,"excerpt":"Les c\u00e2pres sont class\u00e9es en fonctions de leur taille. Plus elle est petite, plus sa saveur est d\u00e9licate et son ar\u00f4me prononc\u00e9. Les plus petites sont les \u00ab non pareilles \u00bb . Les \u00ab non pareilles \u00bb sont consid\u00e9r\u00e9es comme \u00e9tant les meilleures. Leur saveur aigrelette se marie \u00e0 merveille\u2026","rel":"","context":"Article similaire","img":{"alt_text":"","src":"https:\/\/i1.wp.com\/www.passionfruits.fr\/wp-content\/uploads\/2015\/12\/capre2.jpg?fit=596%2C600&resize=350%2C200","width":350,"height":200},"classes":[]},{"id":5687,"url":"http:\/\/www.passionfruits.fr\/index.php\/produit\/12-reblochon\/","url_meta":{"origin":10577,"position":4},"title":"Reblochon le demi environ 250g","date":"7 d\u00e9cembre 2015","format":false,"excerpt":"Reblochon de Savoie fermier. Sa p\u00e2te est onctueuse, souple, lisse et grasse. Il a un go\u00fbt agr\u00e9able, subtil et moelleux. Ingr\u00e9dients : lait cru de vache, ferments lactiques et d'affinage, sel, pr\u00e9sure, colorant de la cro\u00fbte : rocou. Valeurs nutritionnelles moyennes pour 100g Energie :1403kj\/338kcal Mati\u00e8res grasses : 28g dont\u2026","rel":"","context":"Article similaire","img":{"alt_text":"","src":"https:\/\/i0.wp.com\/www.passionfruits.fr\/wp-content\/uploads\/2015\/12\/Reblochon-demi.jpg?fit=600%2C600&resize=350%2C200","width":350,"height":200},"classes":[]},{"id":6281,"url":"http:\/\/www.passionfruits.fr\/index.php\/produit\/pate-de-fruits-barquette-280-grs-env\/","url_meta":{"origin":10577,"position":5},"title":"P\u00e2te de fruits barquette 250g env.","date":"7 d\u00e9cembre 2015","format":false,"excerpt":"Succulentes douceurs aux formes de fruits, fabriqu\u00e9es \u00e0 base d'ar\u00f4mes naturels. Tendres et fondantes \u00e0 souhait ! Gommes de pectine sucr\u00e9es au go\u00fbt de fruits : sucre, sirop de glucose, eau, g\u00e9lifiant (pectine), fibres d'avoine, acidifiant (acide citrique), ar\u00f4mes naturels, colorants (E100, E120,E141,E163), concentr\u00e9 d'ananas (0.1%), ar\u00f4me naturel d'orange. Valeurs\u2026","rel":"","context":"Article similaire","img":{"alt_text":"","src":"https:\/\/i2.wp.com\/www.passionfruits.fr\/wp-content\/uploads\/2015\/12\/pates-fruits.jpg?fit=554%2C604&resize=350%2C200","width":350,"height":200},"classes":[]}],"_links":{"self":[{"href":"http:\/\/www.passionfruits.fr\/index.php\/wp-json\/wp\/v2\/product\/10577"}],"collection":[{"href":"http:\/\/www.passionfruits.fr\/index.php\/wp-json\/wp\/v2\/product"}],"about":[{"href":"http:\/\/www.passionfruits.fr\/index.php\/wp-json\/wp\/v2\/types\/product"}],"replies":[{"embeddable":true,"href":"http:\/\/www.passionfruits.fr\/index.php\/wp-json\/wp\/v2\/comments?post=10577"}],"wp:featuredmedia":[{"embeddable":true,"href":"http:\/\/www.passionfruits.fr\/index.php\/wp-json\/wp\/v2\/media\/10578"}],"wp:attachment":[{"href":"http:\/\/www.passionfruits.fr\/index.php\/wp-json\/wp\/v2\/media?parent=10577"}],"curies":[{"name":"wp","href":"https:\/\/api.w.org\/{rel}","templated":true}]}}