{"id":10590,"date":"2017-05-13T16:20:44","date_gmt":"2017-05-13T15:20:44","guid":{"rendered":"http:\/\/www.andreclaude.fr\/web\/?post_type=product&#038;p=10590"},"modified":"2022-09-07T08:29:46","modified_gmt":"2022-09-07T07:29:46","slug":"gouda-au-cumin-les-100grs","status":"publish","type":"product","link":"http:\/\/www.passionfruits.fr\/index.php\/produit\/gouda-au-cumin-les-100grs\/","title":{"rendered":"Gouda au cumin part env. 200g"},"content":{"rendered":"<p>Distribu\u00e9 par<\/p>\n<p>LAVARENNE Distribution<\/p>\n<p>951 rue de gautray<\/p>\n<p>45590 St Cyr en Val<\/p>\n","protected":false},"excerpt":{"rendered":"<div class=\"description\">\n<p>Une p\u00e2te press\u00e9e non cuite tendre\u00a0qui nous vient des Pays-Bas l\u2019autre pays du fromage !<\/p>\n<p>Parfum\u00e9e au cumin, id\u00e9ale pour apporter une touche d\u2019originalit\u00e9 \u00e0 vos ap\u00e9ritifs, vos plateaux de fromages ou \u00e0 votre cuisine.<\/p>\n<p>Ingr\u00e9dients :<strong> lait<\/strong> pasteuris\u00e9 de vache, sel, cumin 1% ferments lactiques, pr\u00e9sure, colorant E160a<\/p>\n<p>Valeurs nutritionnelles moyennes pour 100 g<\/p>\n<p>Energie : 1563kj\/377kcal<\/p>\n<p>Mati\u00e8res grasses : 31g dont acides gras satur\u00e9s : 21g<\/p>\n<p>Glucides : 0g dont sucres 0g<\/p>\n<p>Prot\u00e9ines : 24g<\/p>\n<p>Sel : 1.8g<\/p>\n<p>&nbsp;<\/p>\n<\/div>\n","protected":false},"featured_media":10591,"comment_status":"closed","ping_status":"closed","template":"","meta":{"spay_email":"","jetpack_publicize_message":"","jetpack_is_tweetstorm":false},"jetpack_publicize_connections":[],"jetpack_sharing_enabled":true,"jetpack-related-posts":[{"id":6099,"url":"http:\/\/www.passionfruits.fr\/index.php\/produit\/epice-cumin-poudre-le-pot\/","url_meta":{"origin":10590,"position":0},"title":"Cumin poudre le pot","date":"7 d\u00e9cembre 2015","format":false,"excerpt":"Ingr\u00e9dients : cumin en poudre Traces possibles de c\u00e9leri, gluten, moutarde et s\u00e9same","rel":"","context":"Article similaire","img":{"alt_text":"","src":"https:\/\/i1.wp.com\/www.passionfruits.fr\/wp-content\/uploads\/2015\/12\/Epice-divers.jpg?fit=600%2C600&resize=350%2C200","width":350,"height":200},"classes":[]},{"id":6114,"url":"http:\/\/www.passionfruits.fr\/index.php\/produit\/epice-ras-el-hanout-le-pot\/","url_meta":{"origin":10590,"position":1},"title":"Ras el hanout le pot","date":"7 d\u00e9cembre 2015","format":false,"excerpt":"Ingr\u00e9dients : curry (coriandre,curcuma, cumin, poivre, fenugrec, piment, cardamone) coriandre, cumin, curcuma, fenouil, moutarde. Traces possibles de c\u00e9leri, gluten et s\u00e9same.","rel":"","context":"Article similaire","img":{"alt_text":"","src":"https:\/\/i1.wp.com\/www.passionfruits.fr\/wp-content\/uploads\/2015\/12\/Epice-divers.jpg?fit=600%2C600&resize=350%2C200","width":350,"height":200},"classes":[]},{"id":5695,"url":"http:\/\/www.passionfruits.fr\/index.php\/produit\/parmesan-coupe-part-env-200-grs\/","url_meta":{"origin":10590,"position":2},"title":"Parmesan coupe part env. 200g","date":"7 d\u00e9cembre 2015","format":false,"excerpt":"Fromage italien traditionnel de lait de vache, \u00e0 p\u00e2te cuite non press\u00e9e. Ingr\u00e9dients : lait de vache , sel, pr\u00e9sure Valeurs nutritionnelles moyennes pour 100g Energie : 1671kj\/402kcal Mati\u00e8res grasses : 30g dont acides gras satur\u00e9s : 20g Glucides : 0g dont sucres 0g Prot\u00e9ines : 32g Sel : 1.6g\u2026","rel":"","context":"Article similaire","img":{"alt_text":"","src":"https:\/\/i2.wp.com\/www.passionfruits.fr\/wp-content\/uploads\/2015\/12\/parmesan2.jpg?fit=600%2C599&resize=350%2C200","width":350,"height":200},"classes":[]},{"id":5643,"url":"http:\/\/www.passionfruits.fr\/index.php\/produit\/beaufort-petite-part-env-150-grs\/","url_meta":{"origin":10590,"position":3},"title":"Beaufort de Savoie part env. 200g","date":"7 d\u00e9cembre 2015","format":false,"excerpt":"Le Beaufort s\u2019appr\u00e9cie tr\u00e8s bien en fin de repas, mais aussi en ap\u00e9ritif, coup\u00e9 en petits cubes. Il sert \u00e0 confectionner la fondue savoyarde et entre dans la composition de tartes, de gratins... Fromage \u00e0 p\u00e2te press\u00e9e cuite au Lait cru Ingr\u00e9dients : lait cru entier sel ferments lactiques (lait)\u2026","rel":"","context":"Article similaire","img":{"alt_text":"","src":"https:\/\/i2.wp.com\/www.passionfruits.fr\/wp-content\/uploads\/2015\/12\/beaufort.jpg?fit=849%2C566&resize=350%2C200","width":350,"height":200},"classes":[]},{"id":5770,"url":"http:\/\/www.passionfruits.fr\/index.php\/produit\/saint-nectaire-fermier-petite-part-env-150-grs\/","url_meta":{"origin":10590,"position":4},"title":"Saint Nectaire laitier  part env. 200g","date":"7 d\u00e9cembre 2015","format":false,"excerpt":"le Saint-Nectaire, qu\u2019il soit laitier ou fermier, offre une multiplicit\u00e9 de saveurs pour plaire au plus grand nombre. Pour ces deux productions, les soins apport\u00e9s \u00e0 la r\u00e9alisation de ce fromage restent inchang\u00e9s. Ingr\u00e9dients : Lait pasteuris\u00e9, sel, ferments lactiques, et affinage, pr\u00e9sure, chlorure de calcium. Valeurs nutritionnelles moyennes pour\u2026","rel":"","context":"Article similaire","img":{"alt_text":"","src":"https:\/\/i0.wp.com\/www.passionfruits.fr\/wp-content\/uploads\/2015\/12\/stnectaire.jpg?fit=849%2C566&resize=350%2C200","width":350,"height":200},"classes":[]},{"id":6098,"url":"http:\/\/www.passionfruits.fr\/index.php\/produit\/epice-colombo-le-pot\/","url_meta":{"origin":10590,"position":5},"title":"Colombo le pot","date":"7 d\u00e9cembre 2015","format":false,"excerpt":"Ingr\u00e9dients : coriandre, cumin, fenouil, carvi, laurier, curcuma Traces possibles de c\u00e9leri, moutarde et s\u00e9same","rel":"","context":"Article similaire","img":{"alt_text":"","src":"https:\/\/i1.wp.com\/www.passionfruits.fr\/wp-content\/uploads\/2015\/12\/Epice-divers.jpg?fit=600%2C600&resize=350%2C200","width":350,"height":200},"classes":[]}],"_links":{"self":[{"href":"http:\/\/www.passionfruits.fr\/index.php\/wp-json\/wp\/v2\/product\/10590"}],"collection":[{"href":"http:\/\/www.passionfruits.fr\/index.php\/wp-json\/wp\/v2\/product"}],"about":[{"href":"http:\/\/www.passionfruits.fr\/index.php\/wp-json\/wp\/v2\/types\/product"}],"replies":[{"embeddable":true,"href":"http:\/\/www.passionfruits.fr\/index.php\/wp-json\/wp\/v2\/comments?post=10590"}],"wp:featuredmedia":[{"embeddable":true,"href":"http:\/\/www.passionfruits.fr\/index.php\/wp-json\/wp\/v2\/media\/10591"}],"wp:attachment":[{"href":"http:\/\/www.passionfruits.fr\/index.php\/wp-json\/wp\/v2\/media?parent=10590"}],"curies":[{"name":"wp","href":"https:\/\/api.w.org\/{rel}","templated":true}]}}