{"id":10944,"date":"2017-08-19T11:06:48","date_gmt":"2017-08-19T10:06:48","guid":{"rendered":"http:\/\/www.andreclaude.fr\/web\/?post_type=product&#038;p=10944"},"modified":"2023-02-07T11:14:31","modified_gmt":"2023-02-07T10:14:31","slug":"yaourt-malo-les-quatre","status":"publish","type":"product","link":"http:\/\/www.passionfruits.fr\/index.php\/produit\/yaourt-malo-les-quatre\/","title":{"rendered":"Yaourt Malo nature les quatre"},"content":{"rendered":"<p>Laiterie de Saint Malo<\/p>\n<p>35400 Saint Malo<\/p>\n","protected":false},"excerpt":{"rendered":"<p>Depuis 60 ans, c\u2019est le produit embl\u00e9matique de MALO, garant du savoir-faire de la marque.<\/p>\n<p>Sa fermet\u00e9 et sa l\u00e9g\u00e8re acidit\u00e9 combleront les amateurs les plus exigeants.<\/p>\n<p>Yaourt au <strong>lait<\/strong> partiellement \u00e9cr\u00e9m\u00e9 , pasteuris\u00e9, nature<\/p>\n<p>Ingr\u00e9dients :<strong>lait<\/strong> partiellement \u00e9cr\u00e9m\u00e9, pasteuris\u00e9 87%, concentr\u00e9 de <strong>lait<\/strong> \u00e9cr\u00e9m\u00e9, ferments <strong>lactiques<\/strong><\/p>\n<p>Valeurs nutritionnelles moyennes pour 100 g<\/p>\n<p>Energie : 230kj\/55kcal<\/p>\n<p>Mati\u00e8res grasses : 1.1g dont acides gras satur\u00e9s 0.8g<\/p>\n<p>Glucides : 6.5g dont sucres 6.5g<\/p>\n<p>Prot\u00e9ines : 4.5g<\/p>\n<p>sel : 0.12g<\/p>\n<p>&nbsp;<\/p>\n","protected":false},"featured_media":13429,"comment_status":"closed","ping_status":"closed","template":"","meta":{"spay_email":"","jetpack_publicize_message":"","jetpack_is_tweetstorm":false},"jetpack_publicize_connections":[],"jetpack_sharing_enabled":true,"jetpack-related-posts":[{"id":20367,"url":"http:\/\/www.passionfruits.fr\/index.php\/produit\/yaourt-nature-maurice-le-pot-de-125-grs\/","url_meta":{"origin":10944,"position":0},"title":"Yaourt Nature Maurice le pot de 125 grs","date":"15 mars 2025","format":false,"excerpt":"Fabriqu\u00e9s \u00e0 la ferme avec du lait entier Recette naturelle, sans additif, sans conservateur, sans OGM. Bourdel 37160Neuilly le Brignon Ingr\u00e9dients : Lait* entier pasteuris\u00e9 Fruits 15%, sucre 6% Poudre de Lait* 2% Ferments Lactiques Le lait est pasteuris\u00e9 au bain marie \u00e0 82\u00b0C pendant 10 minutes. Le lait est\u2026","rel":"","context":"Article similaire","img":{"alt_text":"","src":"https:\/\/i0.wp.com\/www.passionfruits.fr\/wp-content\/uploads\/2021\/03\/Yaourt-Noix-de-coco.jpg?fit=1024%2C680&resize=350%2C200","width":350,"height":200},"classes":[]},{"id":5742,"url":"http:\/\/www.passionfruits.fr\/index.php\/produit\/lait-12-ecreme-en-brick-de-1-litre\/","url_meta":{"origin":10944,"position":1},"title":"Lait 1\/2 \u00e9cr\u00e9m\u00e9  en brick de 1 litre","date":"7 d\u00e9cembre 2015","format":false,"excerpt":"Lait demi \u00e9cr\u00e9m\u00e9 st\u00e9rilis\u00e9 UHT de vache Valeurs nutritionnelles moyennes pour 100ml Energie : 197kj\/47kcal Mati\u00e8res grasses : 1.6g dont acides gras satur\u00e9s : 0.9g Glucides : 4.8g dont sucres : 4.8g Prot\u00e9ines : 3.3g Sel : 0.1g Calcium : 120mg (15% des valeurs nutritionnelles de r\u00e9f\u00e9rence pour un adulte-type\u2026","rel":"","context":"Article similaire","img":{"alt_text":"","src":"https:\/\/i0.wp.com\/www.passionfruits.fr\/wp-content\/uploads\/2015\/12\/962-ecreme.jpg?fit=600%2C600&resize=350%2C200","width":350,"height":200},"classes":[]},{"id":17708,"url":"http:\/\/www.passionfruits.fr\/index.php\/produit\/yaourt-abricot-le-pot-125-grs\/","url_meta":{"origin":10944,"position":2},"title":"Yaourt Abricot le pot 125 grs","date":"14 mars 2021","format":false,"excerpt":"Ingr\u00e9dients : Lait* entier pasteuris\u00e9 Fruits 15% Sucre 6% Poudre de Lait* 2% Ferments Lactiques Le lait est pasteuris\u00e9 au bain marie \u00e0 82\u00b0C pendant 10 minutes. Le lait est entier et n\u2019a subit aucune homog\u00e9n\u00e9isation Valeurs Nutritionnelles pour : 100 gr 125 gr Valeur Energ\u00e9tiques (en kJ) 567 709\u2026","rel":"","context":"Article similaire","img":{"alt_text":"","src":"https:\/\/i0.wp.com\/www.passionfruits.fr\/wp-content\/uploads\/2021\/03\/Yaourt-Noix-de-coco.jpg?fit=1024%2C680&resize=350%2C200","width":350,"height":200},"classes":[]},{"id":17705,"url":"http:\/\/www.passionfruits.fr\/index.php\/produit\/yaourt-framboise-le-pot-de-125g\/","url_meta":{"origin":10944,"position":3},"title":"Yaourt framboise le pot de 125g","date":"14 mars 2021","format":false,"excerpt":"Fabriqu\u00e9s \u00e0 la ferme avec du lait entier Recette naturelle, sans additif, sans conservateur, sans OGM. Bourdel 37160Neuilly le Brignon Ingr\u00e9dients : Lait* entier pasteuris\u00e9 Fruits 15% Sucre 6% Poudre de Lait* 2% Ferments Lactiques Le lait est pasteuris\u00e9 au bain marie \u00e0 82\u00b0C pendant 10 minutes. Le lait est\u2026","rel":"","context":"Article similaire","img":{"alt_text":"","src":"https:\/\/i0.wp.com\/www.passionfruits.fr\/wp-content\/uploads\/2021\/03\/Yaourt-Noix-de-coco.jpg?fit=1024%2C680&resize=350%2C200","width":350,"height":200},"classes":[]},{"id":17706,"url":"http:\/\/www.passionfruits.fr\/index.php\/produit\/yaourt-citron-le-pot-de-125g\/","url_meta":{"origin":10944,"position":4},"title":"Yaourt Citron le pot  de 125g","date":"14 mars 2021","format":false,"excerpt":"Fabriqu\u00e9s \u00e0 la ferme avec du lait entier Recette naturelle, sans additif, sans conservateur, sans OGM. Bourdel 37160Neuilly le Brignon Ingr\u00e9dients : Lait* entier pasteuris\u00e9 Fruits 15% Sucre 6% Poudre de Lait* 2% Ferments Lactiques Le lait est pasteuris\u00e9 au bain marie \u00e0 82\u00b0C pendant 10 minutes. Le lait est\u2026","rel":"","context":"Article similaire","img":{"alt_text":"","src":"https:\/\/i0.wp.com\/www.passionfruits.fr\/wp-content\/uploads\/2021\/03\/Yaourt-Noix-de-coco.jpg?fit=1024%2C680&resize=350%2C200","width":350,"height":200},"classes":[]},{"id":17704,"url":"http:\/\/www.passionfruits.fr\/index.php\/produit\/yaourt-fraise-le-pot-de-125g\/","url_meta":{"origin":10944,"position":5},"title":"Yaourt fraise le pot de  125g","date":"14 mars 2021","format":false,"excerpt":"Fabriqu\u00e9s \u00e0 la ferme avec du lait entier Recette naturelle, sans additif, sans conservateur, sans OGM. Bourdel 37160Neuilly le Brignon Ingr\u00e9dients : Lait* entier pasteuris\u00e9 Fruits 15%, sucre 6% Poudre de Lait* 2% Ferments Lactiques Le lait est pasteuris\u00e9 au bain marie \u00e0 82\u00b0C pendant 10 minutes. Le lait est\u2026","rel":"","context":"Article similaire","img":{"alt_text":"","src":"https:\/\/i0.wp.com\/www.passionfruits.fr\/wp-content\/uploads\/2021\/03\/Yaourt-Noix-de-coco.jpg?fit=1024%2C680&resize=350%2C200","width":350,"height":200},"classes":[]}],"_links":{"self":[{"href":"http:\/\/www.passionfruits.fr\/index.php\/wp-json\/wp\/v2\/product\/10944"}],"collection":[{"href":"http:\/\/www.passionfruits.fr\/index.php\/wp-json\/wp\/v2\/product"}],"about":[{"href":"http:\/\/www.passionfruits.fr\/index.php\/wp-json\/wp\/v2\/types\/product"}],"replies":[{"embeddable":true,"href":"http:\/\/www.passionfruits.fr\/index.php\/wp-json\/wp\/v2\/comments?post=10944"}],"wp:featuredmedia":[{"embeddable":true,"href":"http:\/\/www.passionfruits.fr\/index.php\/wp-json\/wp\/v2\/media\/13429"}],"wp:attachment":[{"href":"http:\/\/www.passionfruits.fr\/index.php\/wp-json\/wp\/v2\/media?parent=10944"}],"curies":[{"name":"wp","href":"https:\/\/api.w.org\/{rel}","templated":true}]}}