{"id":11081,"date":"2017-09-18T10:08:01","date_gmt":"2017-09-18T09:08:01","guid":{"rendered":"http:\/\/www.andreclaude.fr\/web\/?post_type=product&#038;p=11081"},"modified":"2021-02-24T05:49:15","modified_gmt":"2021-02-24T04:49:15","slug":"bananes-chips-deshydratees-barq-env-200-grs","status":"publish","type":"product","link":"http:\/\/www.passionfruits.fr\/index.php\/produit\/bananes-chips-deshydratees-barq-env-200-grs\/","title":{"rendered":"Bananes chips d\u00e9shydrat\u00e9es barq. env. 200 grs"},"content":{"rendered":"<p>Distribu\u00e9 par<\/p>\n<p>Agidra<\/p>\n<p>BP 156<\/p>\n<p>69801 SAINT PRIEST<\/p>\n","protected":false},"excerpt":{"rendered":"<p>Conditionn\u00e9e en barquette refermable \u00e0 volont\u00e9 pour garder toute sa saveur.<\/p>\n<p>BANANE CHIPS<br \/>\nIngr\u00e9dient: banane, huile de noix de coco,sucre, miel, ar\u00f4me de banane.<br \/>\nOrigine :Philippines<\/p>\n<p>Valeurs \u00e9nerg\u00e9tiques et nutritionnelles moyennes pour 100g<\/p>\n<p>Energie : 2125kj\/509kcal<\/p>\n<p>Mati\u00e8res grasses : 29g dont acides gras satur\u00e9s : 25g<\/p>\n<p>Glucides : 58g dont sucres 15g<\/p>\n<p>Fibres alimentaires : 2g<\/p>\n<p>Prot\u00e9ines : 0.01g<\/p>\n<p>Sel : 0.08g<\/p>\n<p>&nbsp;<\/p>\n","protected":false},"featured_media":17602,"comment_status":"closed","ping_status":"closed","template":"","meta":{"spay_email":"","jetpack_publicize_message":"","jetpack_is_tweetstorm":false},"jetpack_publicize_connections":[],"jetpack_sharing_enabled":true,"jetpack-related-posts":[{"id":8366,"url":"http:\/\/www.passionfruits.fr\/index.php\/produit\/melange-exotique-barquette-200g-environ\/","url_meta":{"origin":11081,"position":0},"title":"M\u00e9lange exotique barquette 250g environ","date":"8 mars 2016","format":false,"excerpt":"M\u00e9lange de\u00a0 fruits secs et de fruits d\u00e9shydrat\u00e9s\u00a0: Conditionn\u00e9 en barquette refermable \u00e0 volont\u00e9 pour garder toute sa saveur. Ingr\u00e9dients :Ingr\u00e9dients : raisin sec golden (raisin, huile de tournesol, conservateur : anhydride sulfureux), papaye d\u00e9shydrat\u00e9e en cubes (papaye, sucre, conservateur : anhydride sulfureux), ananas d\u00e9shydrat\u00e9 en cubes (ananas, sucre, acidifiant\u2026","rel":"","context":"Article similaire","img":{"alt_text":"","src":"https:\/\/i2.wp.com\/www.passionfruits.fr\/wp-content\/uploads\/2016\/03\/Melange-Exotique.jpg?fit=601%2C600&resize=350%2C200","width":350,"height":200},"classes":[]},{"id":4863,"url":"http:\/\/www.passionfruits.fr\/index.php\/produit\/banane-le-kilo\/","url_meta":{"origin":11081,"position":1},"title":"Banane Martinique  Cat 1 le kilo","date":"7 d\u00e9cembre 2015","format":false,"excerpt":"","rel":"","context":"Article similaire","img":{"alt_text":"","src":"https:\/\/i0.wp.com\/www.passionfruits.fr\/wp-content\/uploads\/2015\/12\/banane.jpg?fit=600%2C600&resize=350%2C200","width":350,"height":200},"classes":[]},{"id":5284,"url":"http:\/\/www.passionfruits.fr\/index.php\/produit\/mini-banane-le-paquet-env-250-grs\/","url_meta":{"origin":11081,"position":2},"title":"Mini Banane Colombie  Cat 1 boite  250g env.","date":"7 d\u00e9cembre 2015","format":false,"excerpt":"","rel":"","context":"Article similaire","img":{"alt_text":"","src":"https:\/\/i2.wp.com\/www.passionfruits.fr\/wp-content\/uploads\/2015\/12\/minibanane.jpg?fit=600%2C600&resize=350%2C200","width":350,"height":200},"classes":[]},{"id":19897,"url":"http:\/\/www.passionfruits.fr\/index.php\/produit\/chips-de-beauce-au-roquefort-sachet-150grs\/","url_meta":{"origin":11081,"position":3},"title":"Chips de Beauce Au Roquefort sachet 150grs","date":"27 mars 2024","format":false,"excerpt":"Belsia, c\u2019est l\u2019histoire de Cl\u00e9mence et Matthieu qui, par amour du bon et du terroir, d\u00e9cident de transformer les belles pommes de terre de l\u2019exploitation familiale de Mathieu en chips. Ni une ni deux, la ferme de L\u00e9tourville au milieu de la plaine de Beauce (\u00ab\u00a0Belsia\u00a0\u00bb en latin), se voit\u2026","rel":"","context":"Article similaire","img":{"alt_text":"","src":"https:\/\/i2.wp.com\/www.passionfruits.fr\/wp-content\/uploads\/2024\/03\/aa.jpg?fit=600%2C600&resize=350%2C200","width":350,"height":200},"classes":[]},{"id":19900,"url":"http:\/\/www.passionfruits.fr\/index.php\/produit\/chips-de-beauce-nature-ondulee-sachet-150grs\/","url_meta":{"origin":11081,"position":4},"title":"Chips de Beauce Nature ondul\u00e9e sachet 150grs","date":"27 mars 2024","format":false,"excerpt":"Belsia, c\u2019est l\u2019histoire de Cl\u00e9mence et Matthieu qui, par amour du bon et du terroir, d\u00e9cident de transformer les belles pommes de terre de l\u2019exploitation familiale de Mathieu en chips. Ni une ni deux, la ferme de L\u00e9tourville au milieu de la plaine de Beauce (\u00ab\u00a0Belsia\u00a0\u00bb en latin), se voit\u2026","rel":"","context":"Article similaire","img":{"alt_text":"","src":"https:\/\/i2.wp.com\/www.passionfruits.fr\/wp-content\/uploads\/2024\/03\/528-08.jpg?fit=600%2C600&resize=350%2C200","width":350,"height":200},"classes":[]},{"id":6365,"url":"http:\/\/www.passionfruits.fr\/index.php\/produit\/chips-a-lancienne\/","url_meta":{"origin":11081,"position":5},"title":"Chips de Beauce nature paquet 150g","date":"7 d\u00e9cembre 2015","format":false,"excerpt":"Belsia, c'est l'histoire de Cl\u00e9mence et Matthieu qui, par amour du bon et du terroir, d\u00e9cident de transformer les belles pommes de terre de l'exploitation familiale de Mathieu en chips. Ni une ni deux, la ferme de L\u00e9tourville au milieu de la plaine de Beauce (\"Belsia\" en latin), se voit\u2026","rel":"","context":"Article similaire","img":{"alt_text":"","src":"https:\/\/i2.wp.com\/www.passionfruits.fr\/wp-content\/uploads\/2015\/12\/Chip-nature.jpg?fit=600%2C600&resize=350%2C200","width":350,"height":200},"classes":[]}],"_links":{"self":[{"href":"http:\/\/www.passionfruits.fr\/index.php\/wp-json\/wp\/v2\/product\/11081"}],"collection":[{"href":"http:\/\/www.passionfruits.fr\/index.php\/wp-json\/wp\/v2\/product"}],"about":[{"href":"http:\/\/www.passionfruits.fr\/index.php\/wp-json\/wp\/v2\/types\/product"}],"replies":[{"embeddable":true,"href":"http:\/\/www.passionfruits.fr\/index.php\/wp-json\/wp\/v2\/comments?post=11081"}],"wp:featuredmedia":[{"embeddable":true,"href":"http:\/\/www.passionfruits.fr\/index.php\/wp-json\/wp\/v2\/media\/17602"}],"wp:attachment":[{"href":"http:\/\/www.passionfruits.fr\/index.php\/wp-json\/wp\/v2\/media?parent=11081"}],"curies":[{"name":"wp","href":"https:\/\/api.w.org\/{rel}","templated":true}]}}