{"id":11219,"date":"2017-10-21T09:59:01","date_gmt":"2017-10-21T08:59:01","guid":{"rendered":"http:\/\/www.andreclaude.fr\/web\/?post_type=product&#038;p=11219"},"modified":"2019-01-31T15:38:32","modified_gmt":"2019-01-31T14:38:32","slug":"haricot-lingot-barq-env-400g","status":"publish","type":"product","link":"http:\/\/www.passionfruits.fr\/index.php\/produit\/haricot-lingot-barq-env-400g\/","title":{"rendered":"Haricot Lingot France Eure et Loir barq env 400g"},"content":{"rendered":"<p>Origine Eure et Loir.<\/p>\n","protected":false},"excerpt":{"rendered":"<p>Produit \u00e0 l\u2019ancienne, des vari\u00e9t\u00e9s anciennes ayant davantage de go\u00fbt. Elle compte parmi les plus anciennes et plus appr\u00e9ci\u00e9es des l\u00e9gumineuses.<\/p>\n<p>Ces produits sont cultiv\u00e9s sur une exploitation qui respecte l\u2019environnement.<\/p>\n<p>Trempage : 12h. Dur\u00e9e de cuisson \u00e0 l\u2019\u00e9bullition : 1h30.<\/p>\n<p>Valeurs nutritionnelles moyennes pour 100g<br \/>\nEnergie : 330kcal<br \/>\nMatieres grasses:1.2g<br \/>\nGlucides: 41g<br \/>\nProteines:21g<br \/>\nFibres alimentaires :18g<\/p>\n","protected":false},"featured_media":8026,"comment_status":"closed","ping_status":"closed","template":"","meta":{"spay_email":"","jetpack_publicize_message":"","jetpack_is_tweetstorm":false},"jetpack_publicize_connections":[],"jetpack_sharing_enabled":true,"jetpack-related-posts":[{"id":19989,"url":"http:\/\/www.passionfruits.fr\/index.php\/produit\/lentille-blonde-france-eure-et-loir-sachet-500g\/","url_meta":{"origin":11219,"position":0},"title":"Lentille Blonde Eure et Loir sachet 500g","date":"30 mai 2024","format":false,"excerpt":"Origine Eure et Loir. Produit \u00e0 l\u2019ancienne, nous utilisons des vari\u00e9t\u00e9s anciennes ayant davantage de go\u00fbt. Elle compte parmi les plus anciennes et plus appr\u00e9ci\u00e9es des l\u00e9gumineuses.\u00a0 Ces produits sont cultiv\u00e9s sur une exploitation qui respecte l\u2019environnement. EURE\u00a0 ET\u00a0 LOIR Ne salez jamais l eau de cuisson, car les l\u00e9gumes\u2026","rel":"","context":"Article similaire","img":{"alt_text":"","src":"https:\/\/i0.wp.com\/www.passionfruits.fr\/wp-content\/uploads\/2015\/12\/lentille-1.jpg?fit=600%2C600&resize=350%2C200","width":350,"height":200},"classes":[]},{"id":5349,"url":"http:\/\/www.passionfruits.fr\/index.php\/produit\/lentille-verte-les-500-grs\/","url_meta":{"origin":11219,"position":1},"title":"Lentille verte  Eure et Loir barq env 400g","date":"7 d\u00e9cembre 2015","format":false,"excerpt":"Origine Eure et Loir. Produit \u00e0 l\u2019ancienne, nous utilisons des vari\u00e9t\u00e9s anciennes ayant davantage de go\u00fbt. Elle compte parmi les plus anciennes et plus appr\u00e9ci\u00e9es des l\u00e9gumineuses.\u00a0 Ces produits sont cultiv\u00e9s sur une exploitation qui respecte l\u2019environnement. EURE\u00a0 ET\u00a0 LOIR Ne salez jamais l eau de cuisson, car les l\u00e9gumes\u2026","rel":"","context":"Article similaire","img":{"alt_text":"","src":"https:\/\/i0.wp.com\/www.passionfruits.fr\/wp-content\/uploads\/2015\/12\/lentille-1.jpg?fit=600%2C600&resize=350%2C200","width":350,"height":200},"classes":[]},{"id":10904,"url":"http:\/\/www.passionfruits.fr\/index.php\/produit\/quinoa-eure-et-loir-barq-env-300g\/","url_meta":{"origin":11219,"position":2},"title":"Quinoa Eure et Loir France Cat 1 le sachet 500grs","date":"2 ao\u00fbt 2017","format":false,"excerpt":"Le Quinoa est sans gluten Valeurs nutritionnelles moyennes pour 100g Energie : 399kcal Matieres grasses:6.3g Glucides: 69g Proteines:16.5g","rel":"","context":"Article similaire","img":{"alt_text":"","src":"https:\/\/i1.wp.com\/www.passionfruits.fr\/wp-content\/uploads\/2017\/08\/Quinoa.jpg?fit=600%2C600&resize=350%2C200","width":350,"height":200},"classes":[]},{"id":19993,"url":"http:\/\/www.passionfruits.fr\/index.php\/produit\/mais-pop-corn-eure-et-loir-sachet-500g\/","url_meta":{"origin":11219,"position":3},"title":"Ma\u00efs pop corn Eure et Loir sachet 500g","date":"30 mai 2024","format":false,"excerpt":"\u00a0 \u00a0","rel":"","context":"Article similaire","img":{"alt_text":"","src":"https:\/\/i1.wp.com\/www.passionfruits.fr\/wp-content\/uploads\/2024\/05\/339.jpg?fit=600%2C600&resize=350%2C200","width":350,"height":200},"classes":[]},{"id":19990,"url":"http:\/\/www.passionfruits.fr\/index.php\/produit\/haricot-coco-noir-eure-et-loir-sachet-500g\/","url_meta":{"origin":11219,"position":4},"title":"Haricot Coco Noir Eure et Loir sachet 500g","date":"30 mai 2024","format":false,"excerpt":"Ils sont la base de l\u2019un des plats fran\u00e7ais les plus connus : le fameux cassoulet ! Une saveur tr\u00e8s douce. Le haricot coco blanc est relativement peu farineux. ils peuvent \u00eatre pr\u00e9par\u00e9s de nombreuses mani\u00e8res : en salade, avec des herbes aromatiques et une bonne vinaigrette, ou m\u00eame en\u2026","rel":"","context":"Article similaire","img":{"alt_text":"","src":"https:\/\/i1.wp.com\/www.passionfruits.fr\/wp-content\/uploads\/2024\/05\/169.jpg?fit=600%2C600&resize=350%2C200","width":350,"height":200},"classes":[]},{"id":5354,"url":"http:\/\/www.passionfruits.fr\/index.php\/produit\/pois-casses-les-500-grs\/","url_meta":{"origin":11219,"position":5},"title":"Pois Cass\u00e9s vert France Eure et Loir barq env 400g","date":"7 d\u00e9cembre 2015","format":false,"excerpt":"Trempage : 6h. Dur\u00e9e de cuisson \u00e0 l'\u00e9bullition : 1h30. Valeurs nutritionnelles moyennes pour 100g Energie: 508kcal\/121kj Matieres grasses: 11g dont acides gras satures: 0.1g Glucides: 14g dont sucres: 0.7g Fibres Alimentaires: 11g Proteines: 8.5g","rel":"","context":"Article similaire","img":{"alt_text":"","src":"https:\/\/i2.wp.com\/www.passionfruits.fr\/wp-content\/uploads\/2015\/12\/pois-casses.jpg?fit=600%2C599&resize=350%2C200","width":350,"height":200},"classes":[]}],"_links":{"self":[{"href":"http:\/\/www.passionfruits.fr\/index.php\/wp-json\/wp\/v2\/product\/11219"}],"collection":[{"href":"http:\/\/www.passionfruits.fr\/index.php\/wp-json\/wp\/v2\/product"}],"about":[{"href":"http:\/\/www.passionfruits.fr\/index.php\/wp-json\/wp\/v2\/types\/product"}],"replies":[{"embeddable":true,"href":"http:\/\/www.passionfruits.fr\/index.php\/wp-json\/wp\/v2\/comments?post=11219"}],"wp:featuredmedia":[{"embeddable":true,"href":"http:\/\/www.passionfruits.fr\/index.php\/wp-json\/wp\/v2\/media\/8026"}],"wp:attachment":[{"href":"http:\/\/www.passionfruits.fr\/index.php\/wp-json\/wp\/v2\/media?parent=11219"}],"curies":[{"name":"wp","href":"https:\/\/api.w.org\/{rel}","templated":true}]}}