{"id":11418,"date":"2017-12-15T08:08:23","date_gmt":"2017-12-15T07:08:23","guid":{"rendered":"http:\/\/www.andreclaude.fr\/web\/?post_type=product&#038;p=11418"},"modified":"2025-11-27T10:36:39","modified_gmt":"2025-11-27T09:36:39","slug":"champagne-bouche-pere-fils-cuvee-saphir-75-cl","status":"publish","type":"product","link":"http:\/\/www.passionfruits.fr\/index.php\/produit\/champagne-bouche-pere-fils-cuvee-saphir-75-cl\/","title":{"rendered":"Champagne Bouch\u00e9 P\u00e8re &#038; Fils Cuv\u00e9e Saphir 75 cl"},"content":{"rendered":"","protected":false},"excerpt":{"rendered":"<div class=\"wpb_column vc_column_container vc_col-sm-6\">\n<div class=\"vc_column-inner \">\n<div class=\"wpb_wrapper\">\n<div class=\"wpb_text_column wpb_content_element \">\n<div class=\"wpb_wrapper\">\n<p>Ce champagne se compose de 75% Chardonnay 20 % pinot noir et 5% Pinot Meunier. Il est issu des vieilles vignes de la Maison.<\/p>\n<p>\u2013 10 ans de vieillissement<br \/>\n\u2013 Dosage 8g\/L<br \/>\n\u2013 liqueur vieillie sous bois<\/p>\n<p>Oeil : Robe jaune soutenue, bulles fines, effervescence l\u00e9g\u00e8re et agr\u00e9able.<br \/>\nNez : L\u00e9gers ar\u00f4mes de fruits confits, de brioche et de miel.<br \/>\nBouche : Ample et g\u00e9n\u00e9reux avec une forte persistance aromatique.<\/p>\n<p>Install\u00e9e \u00e0 Pierry depuis quatre g\u00e9n\u00e9rations, la famille Bouch\u00e9 exploite un vignoble de 30 hectares situ\u00e9s dans les meilleurs crus de la Champagne.Nous mettons toute notre exp\u00e9rience \u00e0 produire des champagnes \u00e9l\u00e9gants et d\u00e9licats, \u00e9labor\u00e9s dans le strict respect de la tradition champenoise.<\/p>\n<p>Alcool<strong> : <\/strong>12,5 % contient des sulfites<\/p>\n<p>Champagne Bouch\u00e9 P\u00e8re et Fils 10 rue du G\u00e9n\u00e9ral de Gaulle 51530 Pierry<\/p>\n<p>La consommation de boissons alcoolis\u00e9es pendant la grossesse, m\u00eame en faible quantit\u00e9, peut avoir des cons\u00e9quences graves sur la sant\u00e9 de l\u2019enfant.<\/p>\n<p>LA VENTE D ALCOOL EST INTERDITE AUX MINEURS<\/p>\n<p>L ABUS D ALCOOL EST DANGEREUX POUR LA SANTE. A CONSOMMER AVEC MODERATION.<\/p>\n<\/div>\n<\/div>\n<\/div>\n<\/div>\n<\/div>\n","protected":false},"featured_media":11419,"comment_status":"closed","ping_status":"closed","template":"","meta":{"spay_email":"","jetpack_publicize_message":"","jetpack_is_tweetstorm":false},"jetpack_publicize_connections":[],"jetpack_sharing_enabled":true,"jetpack-related-posts":[{"id":11415,"url":"http:\/\/www.passionfruits.fr\/index.php\/produit\/champagne-bouche-pere-fils-cuvee-rosee-75-cl\/","url_meta":{"origin":11418,"position":0},"title":"Champagne Bouch\u00e9 P\u00e8re & Fils Cuv\u00e9e Ros\u00e9e 75 cl","date":"15 d\u00e9cembre 2017","format":false,"excerpt":"Cette cuv\u00e9e est compos\u00e9e de 50% Pinot Noir, 40% Chardonnay et 10% Pinot Meunier. \u2013 ros\u00e9 d\u2019assemblage \u2013 trois ann\u00e9es de vieillissement en bouteille. \u2013 ar\u00f4mes \u00e9l\u00e9gant et subtils de fruits rouges Oeil : Robe rose claire, bulles fines et d\u00e9licates. Nez : Tr\u00e8s fruit\u00e9, ar\u00f4mes de fruits rouges et\u2026","rel":"","context":"Article similaire","img":{"alt_text":"","src":"https:\/\/i0.wp.com\/www.passionfruits.fr\/wp-content\/uploads\/2017\/12\/bouche-rose1.jpg?fit=600%2C599&resize=350%2C200","width":350,"height":200},"classes":[]},{"id":5532,"url":"http:\/\/www.passionfruits.fr\/index.php\/produit\/ruinart-rose\/","url_meta":{"origin":11418,"position":1},"title":"Champagne Ruinart brut ros\u00e9 75 cl","date":"7 d\u00e9cembre 2015","format":false,"excerpt":"Un bouquet intense de fruits rouges et de p\u00e9tales de rose rivalise de fra\u00eecheur avec une bouche vive et soyeuse. L'un des plus grands champagnes ros\u00e9s, capable de r\u00e9unir finesse et puissance. Ce ros\u00e9, habill\u00e9 sans timidit\u00e9, offre un bouquet vanill\u00e9 qui souligne sa nuance pinot, un pinot riche et\u2026","rel":"","context":"Article similaire","img":{"alt_text":"","src":"https:\/\/i1.wp.com\/www.passionfruits.fr\/wp-content\/uploads\/2015\/12\/ruinart-rose.jpg?fit=600%2C600&resize=350%2C200","width":350,"height":200},"classes":[]},{"id":5496,"url":"http:\/\/www.passionfruits.fr\/index.php\/produit\/champagne-grande-reserve-brut\/","url_meta":{"origin":11418,"position":2},"title":"Champagne Devaux Grande R\u00e9serve Brut 75 cl","date":"7 d\u00e9cembre 2015","format":false,"excerpt":"Le champagne Grande R\u00e9serve Brut de la Maison DEVAUX est un superbe champagne aux ar\u00f4mes de fruits m\u00fbrs. Apr\u00e8s trois ans minimum de vieillissement en cave, finesse et puissance s'expriment en choeur dans ce champagne. Enjoleur, long en bouche, intense, noble, le champagne Grande R\u00e9serve Brut de la maison DEVAUX\u2026","rel":"","context":"Article similaire","img":{"alt_text":"","src":"https:\/\/i2.wp.com\/www.passionfruits.fr\/wp-content\/uploads\/2015\/12\/devaux2.jpg?fit=600%2C600&resize=350%2C200","width":350,"height":200},"classes":[]},{"id":5618,"url":"http:\/\/www.passionfruits.fr\/index.php\/produit\/champagne-bouche-brut\/","url_meta":{"origin":11418,"position":3},"title":"Champagne Bouch\u00e9 P\u00e8re et fils Brut 75 cl","date":"7 d\u00e9cembre 2015","format":false,"excerpt":"168.00 \u20ac le carton de 6 bouteilles soit 28,00\u00a0 \u20ac la bouteille \u00a0 Une couleur or. Ses bulles sont fines. Vous retrouverez au nez de l\u00e9g\u00e8res notes de brioche. Il est fin et a beaucoup de caract\u00e8re! D\u00e9gustez-le lors de toutes vos grandes occasions. Fond\u00e9e en 1920 par Abel Bouch\u00e9,\u2026","rel":"","context":"Article similaire","img":{"alt_text":"","src":"https:\/\/i1.wp.com\/www.passionfruits.fr\/wp-content\/uploads\/2017\/12\/Bouche.jpg?fit=300%2C300&resize=350%2C200","width":350,"height":200},"classes":[]},{"id":5503,"url":"http:\/\/www.passionfruits.fr\/index.php\/produit\/champagne-devaux-grande-reserve-brut-375cl\/","url_meta":{"origin":11418,"position":4},"title":"Champagne Devaux Grande R\u00e9serve Brut 37,5 cl","date":"7 d\u00e9cembre 2015","format":false,"excerpt":"Le champagne Grande R\u00e9serve Brut de la Maison DEVAUX est un superbe champagne aux ar\u00f4mes de fruits m\u00fbrs. Apr\u00e8s trois ans minimum de vieillissement en cave, finesse et puissance s'expriment en choeur dans ce champagne. Enjoleur, long en bouche, intense, noble, le champagne Grande R\u00e9serve Brut de la maison DEVAUX\u2026","rel":"","context":"Article similaire","img":{"alt_text":"","src":"https:\/\/i2.wp.com\/www.passionfruits.fr\/wp-content\/uploads\/2015\/12\/devaux2.jpg?fit=600%2C600&resize=350%2C200","width":350,"height":200},"classes":[]},{"id":11413,"url":"http:\/\/www.passionfruits.fr\/index.php\/produit\/champagne-bouche-pere-et-fils-brut-300-cl\/","url_meta":{"origin":11418,"position":5},"title":"Champagne Bouch\u00e9 P\u00e8re et fils Brut 300 cl","date":"15 d\u00e9cembre 2017","format":false,"excerpt":"Une couleur or. Ses bulles sont fines. Vous retrouverez au nez de l\u00e9g\u00e8res notes de brioche. Il est fin et a beaucoup de caract\u00e8re! D\u00e9gustez-le lors de toutes vos grandes occasions. Fond\u00e9e en 1920 par Abel Bouch\u00e9, la maison familiale Bouch\u00e9 P\u00e8re & fils en est aujourd'hui \u00e0 la 4e\u2026","rel":"","context":"Article similaire","img":{"alt_text":"","src":"https:\/\/i1.wp.com\/www.passionfruits.fr\/wp-content\/uploads\/2017\/12\/Bouche.jpg?fit=300%2C300&resize=350%2C200","width":350,"height":200},"classes":[]}],"_links":{"self":[{"href":"http:\/\/www.passionfruits.fr\/index.php\/wp-json\/wp\/v2\/product\/11418"}],"collection":[{"href":"http:\/\/www.passionfruits.fr\/index.php\/wp-json\/wp\/v2\/product"}],"about":[{"href":"http:\/\/www.passionfruits.fr\/index.php\/wp-json\/wp\/v2\/types\/product"}],"replies":[{"embeddable":true,"href":"http:\/\/www.passionfruits.fr\/index.php\/wp-json\/wp\/v2\/comments?post=11418"}],"wp:featuredmedia":[{"embeddable":true,"href":"http:\/\/www.passionfruits.fr\/index.php\/wp-json\/wp\/v2\/media\/11419"}],"wp:attachment":[{"href":"http:\/\/www.passionfruits.fr\/index.php\/wp-json\/wp\/v2\/media?parent=11418"}],"curies":[{"name":"wp","href":"https:\/\/api.w.org\/{rel}","templated":true}]}}