{"id":11703,"date":"2018-02-14T07:46:04","date_gmt":"2018-02-14T06:46:04","guid":{"rendered":"http:\/\/www.andreclaude.fr\/web\/?post_type=product&#038;p=11703"},"modified":"2023-02-10T09:14:01","modified_gmt":"2023-02-10T08:14:01","slug":"vinaigrette-au-vinaigre-de-cidre-et-moutarde-a-l-ancienne-bouteille-500-ml","status":"publish","type":"product","link":"http:\/\/www.passionfruits.fr\/index.php\/produit\/vinaigrette-au-vinaigre-de-cidre-et-moutarde-a-l-ancienne-bouteille-500-ml\/","title":{"rendered":"Vinaigrette au vinaigre de cidre et moutarde \u00e0 l&#8217; ancienne bouteille 500 ml"},"content":{"rendered":"<p>Distribu\u00e9 par<\/p>\n<p>SDP Rungis<\/p>\n<p>6 Rue des Oliviers<\/p>\n<p>94537 Orly<\/p>\n","protected":false},"excerpt":{"rendered":"<p>Sauce vinaigrette au vinaigre de cidre et moutarde \u00e0 l&#8217; ancienne Jean d\u2019Audignac. Excellente vinaigrette pour assaisonner les salades et crudit\u00e9s.<\/p>\n<p>Ingr\u00e9dients : huile de tournesol 50%, vinaigre de cidre 24%, <strong>moutarde<\/strong> \u00e0 l&#8217;ancienne 20% (vinaigre d&#8217;alcool, graines de <strong>moutarde<\/strong>, eau, sel\u00b0, sel. Contient des sulfites.<\/p>\n<p>Valeurs nutritionnelles moyennes pour 100g<\/p>\n<p>Energie : 485kcal\/1994kj<\/p>\n<p>Mati\u00e8res grasses : 52g dont acides gras satur\u00e9s : 5.5g<\/p>\n<p>Glucides : 0.7g dont sucres : 0g<\/p>\n<p>Prot\u00e9ines : 1.5g<\/p>\n<p>Sel : 2.6g<\/p>\n","protected":false},"featured_media":11704,"comment_status":"closed","ping_status":"closed","template":"","meta":{"spay_email":"","jetpack_publicize_message":"","jetpack_is_tweetstorm":false},"jetpack_publicize_connections":[],"jetpack_sharing_enabled":true,"jetpack-related-posts":[{"id":11709,"url":"http:\/\/www.passionfruits.fr\/index.php\/produit\/vinaigrette-au-balsamique-de-pommes-la-bouteille-de-500-ml\/","url_meta":{"origin":11703,"position":0},"title":"Vinaigrette au balsamique de pommes la bouteille de 500 ml","date":"14 f\u00e9vrier 2018","format":false,"excerpt":"Sauce vinaigrette au balsamique de pommes Jean d\u2019Audignac. Excellente vinaigrette pour assaisonner les salades et crudit\u00e9s. Ingr\u00e9dients : huile de tournesol 50%, vinaigre de cidre*, bouquet de pommes*11% (jus de pommes concentr\u00e9, vinaigre de cidre*), moutarde de Dijon* (graine de moutarde, vinaigre d'alcool, eau, sel), eau, sel. *contient des sulfites.\u2026","rel":"","context":"Article similaire","img":{"alt_text":"","src":"https:\/\/i2.wp.com\/www.passionfruits.fr\/wp-content\/uploads\/2018\/02\/Vinaigrette-pomme.jpg?fit=600%2C600&resize=350%2C200","width":350,"height":200},"classes":[]},{"id":11701,"url":"http:\/\/www.passionfruits.fr\/index.php\/produit\/vinaigrette-au-vinaigre-de-xeres-ail-et-basilic-bouteille-500-ml\/","url_meta":{"origin":11703,"position":1},"title":"Vinaigrette au vinaigre de X\u00e9r\u00e8s, Ail et Basilic bouteille 500 ml","date":"14 f\u00e9vrier 2018","format":false,"excerpt":"Sauce vinaigrette au vinaigre de X\u00e9r\u00e8s Jean d\u2019 Audignac. Excellente vinaigrette pour assaisonner les salades et crudit\u00e9s. Ingr\u00e9dients : huile de colza 40%, vinaigre de X\u00e9r\u00e8s 15%, eau, huile d'olive 10%, pur\u00e9e de tomates, moutarde de Dijon (vinaigre d'alcool, graines de moutarde, eau, sel) , sel, ail 2%, basilic 1.5%,\u2026","rel":"","context":"Article similaire","img":{"alt_text":"","src":"https:\/\/i0.wp.com\/www.passionfruits.fr\/wp-content\/uploads\/2018\/02\/Vinaigrette-xeres.jpg?fit=600%2C600&resize=350%2C200","width":350,"height":200},"classes":[]},{"id":6030,"url":"http:\/\/www.passionfruits.fr\/index.php\/produit\/vinaigrette-balsamique-la-bouteille\/","url_meta":{"origin":11703,"position":2},"title":"Vinaigrette balsamique & Huile d'Olives bouteille 500 ml","date":"7 d\u00e9cembre 2015","format":false,"excerpt":"Sauce vinaigrette \u00e0 l'huile d'olive(10%) et au vinaigre balsamique Jean d'Audignac. Excellente vinaigrette pour assaisonner les salades et crudit\u00e9s. Ingr\u00e9dients : huile de tournesol , vinaigre balsamique 19.5% (vianigre de vin*, mo\u00fbt de raisin, colorant : caramel E150d), eau, huile d'olive 10%, vinaigre de vin rouge*, moutarde de Dijon* (graine\u2026","rel":"","context":"Article similaire","img":{"alt_text":"","src":"https:\/\/i2.wp.com\/www.passionfruits.fr\/wp-content\/uploads\/2015\/12\/vinaigrette-balsamique.jpg?fit=584%2C600&resize=350%2C200","width":350,"height":200},"classes":[]},{"id":7886,"url":"http:\/\/www.passionfruits.fr\/index.php\/produit\/vinaigrette-au-piment-despelette-la-bouteille-de-500ml\/","url_meta":{"origin":11703,"position":3},"title":"Vinaigrette au piment d'espelette bouteille 500ml","date":"29 janvier 2016","format":false,"excerpt":"Sauce vinaigrette Jean d\u2019Audignac. Excellente vinaigrette pour assaisonner les salades et crudit\u00e9s. Ingr\u00e9dients : huile de tournesol 50%, vinaigre de vin de Bordeaux* 32.5% (dont conservateur E228* et stabilisant E414) eau, moutarde de Dijon (graines de moutarde, vinaigre d'alcool eau, sel), sel, piment d'Espelette 0.75%. * Contient des sulfites. Valeurs\u2026","rel":"","context":"Article similaire","img":{"alt_text":"","src":"https:\/\/i0.wp.com\/www.passionfruits.fr\/wp-content\/uploads\/2016\/01\/Vinaigrette-espelette.jpg?fit=598%2C600&resize=350%2C200","width":350,"height":200},"classes":[]},{"id":17759,"url":"http:\/\/www.passionfruits.fr\/index.php\/produit\/vinaigrette-exotique-a-la-mangue-la-bouteille-de-500-ml\/","url_meta":{"origin":11703,"position":4},"title":"Vinaigrette exotique \u00e0 la mangue la bouteille de 500 ml","date":"19 mars 2021","format":false,"excerpt":"Sauce vinaigrette\u00a0exotique \u00e0 la mangue Jean d\u2019Audignac. Excellente vinaigrette pour assaisonner les salades et crudit\u00e9s. Ingr\u00e9dients : huile de tournesol 50%, vinaigre de\u00a0vin blanc*,\u00a0pur\u00e9e de mangue10%,gingembre5%moutarde\u00a0de Dijon* (graine de\u00a0moutarde, vinaigre d'alcool, eau, sel), sucre, sel, piment rouge. *contient des\u00a0sulfites. Valeurs nutritionnelles moyennes pour 100g Energie : 2052 kj\/498kcal Mati\u00e8res grasses\u2026","rel":"","context":"Article similaire","img":{"alt_text":"","src":"https:\/\/i0.wp.com\/www.passionfruits.fr\/wp-content\/uploads\/2021\/03\/vinaigrettes-mangue.jpg?fit=600%2C600&resize=350%2C200","width":350,"height":200},"classes":[]},{"id":11706,"url":"http:\/\/www.passionfruits.fr\/index.php\/produit\/vinaigrette-a-l-huile-d-olive-et-citron-la-bouteille-de-500-ml\/","url_meta":{"origin":11703,"position":5},"title":"Vinaigrette \u00e0 l\u2019 huile d' olive et citron la bouteille de 500 ml","date":"14 f\u00e9vrier 2018","format":false,"excerpt":"Sauce Vinaigrette \u00e0 l\u2019 huile d' olive et citron Jean d\u2019Audignac. Excellente vinaigrette pour assaisonner les salades et crudit\u00e9s. Ingr\u00e9dients : huile de tournesol 40%, eau, vinaigre de vin blanc*, huile d'olive 10%, moutarde de Dijon* (graine de moutarde, vinaigre d'alcool, eau, sel), sel, orange 1.5% citron 1.5%. * contient\u2026","rel":"","context":"Article similaire","img":{"alt_text":"","src":"https:\/\/i1.wp.com\/www.passionfruits.fr\/wp-content\/uploads\/2018\/02\/Vinaigrette-olive-citron.jpg?fit=600%2C600&resize=350%2C200","width":350,"height":200},"classes":[]}],"_links":{"self":[{"href":"http:\/\/www.passionfruits.fr\/index.php\/wp-json\/wp\/v2\/product\/11703"}],"collection":[{"href":"http:\/\/www.passionfruits.fr\/index.php\/wp-json\/wp\/v2\/product"}],"about":[{"href":"http:\/\/www.passionfruits.fr\/index.php\/wp-json\/wp\/v2\/types\/product"}],"replies":[{"embeddable":true,"href":"http:\/\/www.passionfruits.fr\/index.php\/wp-json\/wp\/v2\/comments?post=11703"}],"wp:featuredmedia":[{"embeddable":true,"href":"http:\/\/www.passionfruits.fr\/index.php\/wp-json\/wp\/v2\/media\/11704"}],"wp:attachment":[{"href":"http:\/\/www.passionfruits.fr\/index.php\/wp-json\/wp\/v2\/media?parent=11703"}],"curies":[{"name":"wp","href":"https:\/\/api.w.org\/{rel}","templated":true}]}}