{"id":11710,"date":"2018-02-14T10:09:33","date_gmt":"2018-02-14T09:09:33","guid":{"rendered":"http:\/\/www.andreclaude.fr\/web\/?post_type=product&#038;p=11710"},"modified":"2023-02-28T17:38:21","modified_gmt":"2023-02-28T16:38:21","slug":"moutarde-de-dijon-le-pot-390-g","status":"publish","type":"product","link":"http:\/\/www.passionfruits.fr\/index.php\/produit\/moutarde-de-dijon-le-pot-390-g\/","title":{"rendered":"Moutarde de Dijon le pot 390 g"},"content":{"rendered":"<p>Distribu\u00e9 par<\/p>\n<p>SDP Rungis<\/p>\n<p><span class=\"LrzXr\">8 Rue des Oliviers,<\/span><\/p>\n<p><span class=\"LrzXr\"> 94310 Orly<\/span><\/p>\n","protected":false},"excerpt":{"rendered":"<p>Ingr\u00e9dients :<\/p>\n<p>Eau, <strong>graines de moutarde<\/strong>, vinaigre, sel, antioxydant : <strong>disulfite de potassium<\/strong>, acidifiant : acide citrique, epice.<\/p>\n<p>Valeurs nutritionnelles moyennes pour 100g<\/p>\n<p>Energie : 681kj\/164kcal<\/p>\n<p>Mati\u00e8res grasses : 12 g dont satur\u00e9es 0.8g<\/p>\n<p>Glucides : 3g dont sucres 2.5g<\/p>\n<p>Fibres alimentaires : 3.8g<\/p>\n<p>Prot\u00e9ines : 7.4g<\/p>\n<p>Sel :6.4g<\/p>\n<p>&nbsp;<\/p>\n","protected":false},"featured_media":11711,"comment_status":"closed","ping_status":"closed","template":"","meta":{"spay_email":"","jetpack_publicize_message":"","jetpack_is_tweetstorm":false},"jetpack_publicize_connections":[],"jetpack_sharing_enabled":true,"jetpack-related-posts":[{"id":6028,"url":"http:\/\/www.passionfruits.fr\/index.php\/produit\/vinaigrette-moutarde-la-bouteille\/","url_meta":{"origin":11710,"position":0},"title":"Vinaigrette \u00e0 la moutarde de Dijon la bouteille 500 ml","date":"7 d\u00e9cembre 2015","format":false,"excerpt":"Contenance : 0 cl Poids net : 500 g Poids net \u00e9goutt\u00e9 : 0 g CARACTERISTIQUES PRODUIT Ingr\u00e9dients : Huile de tournesol (50%), eau, vinaigre de vin rouge*, moutarde de Dijon* (5%) (graines de moutarde, vinaigre d\u2019alcool, eau, sel), sel, \u00e9pices. Allerg\u00e8nes : Moutarde, sulfites Traces d'allerg\u00e8nes possibles : Allerg\u00e8nes\u2026","rel":"","context":"Article similaire","img":{"alt_text":"","src":"https:\/\/i2.wp.com\/www.passionfruits.fr\/wp-content\/uploads\/2015\/12\/vinaigrette-moutarde.jpg?fit=588%2C580&resize=350%2C200","width":350,"height":200},"classes":[]},{"id":6032,"url":"http:\/\/www.passionfruits.fr\/index.php\/produit\/vinaigrette-a-lechalote-la-bouteille\/","url_meta":{"origin":11710,"position":1},"title":"Vinaigrette \u00e0 l'\u00e9chalote la bouteille de 500 ml","date":"7 d\u00e9cembre 2015","format":false,"excerpt":"Contenance : 50 cl Poids net : 500 g Poids net \u00e9goutt\u00e9 : 0 g CARACTERISTIQUES PRODUIT Ingr\u00e9dients : Huile de tournesol (50%), vinaigre de vin de Bordeaux* 27%, (dont conservateur E228* et stabilisant E414), eau, \u00e9chalotes 7.6% moutarde de Dijon* (graines de moutarde, vinaigre d'alcool, eau, sel, ar\u00f4me \u00e9chalote).\u2026","rel":"","context":"Article similaire","img":{"alt_text":"","src":"https:\/\/i0.wp.com\/www.passionfruits.fr\/wp-content\/uploads\/2015\/12\/vinaigrette-echalote.jpg?fit=598%2C600&resize=350%2C200","width":350,"height":200},"classes":[]},{"id":11090,"url":"http:\/\/www.passionfruits.fr\/index.php\/produit\/rillettes-de-sardine-le-pot-de-90-grs\/","url_meta":{"origin":11710,"position":2},"title":"Rillettes de Sardine le pot de 90 grs","date":"19 septembre 2017","format":false,"excerpt":"Voici un produit particuli\u00e8rement l\u00e9ger et riche en go\u00fbt, \u00e0 base de cr\u00e8me fra\u00eeche, et de chair des poissons ou crustac\u00e9s , relev\u00e9 par des oignons et du persil frais. Vous appr\u00e9cierez les Rillettes sur du bon pain de campagne en sandwich ou sur des toasts grill\u00e9s. L\u2019histoire de cette\u2026","rel":"","context":"Article similaire","img":{"alt_text":"","src":"https:\/\/i0.wp.com\/www.passionfruits.fr\/wp-content\/uploads\/2017\/09\/rillette-de-poisson.jpg?fit=600%2C600&resize=350%2C200","width":350,"height":200},"classes":[]},{"id":11089,"url":"http:\/\/www.passionfruits.fr\/index.php\/produit\/rillettes-de-maquereau-le-pot-de-90-grs\/","url_meta":{"origin":11710,"position":3},"title":"Rillettes de Maquereau le pot de 90 grs","date":"19 septembre 2017","format":false,"excerpt":"Voici un produit particuli\u00e8rement l\u00e9ger et riche en go\u00fbt, \u00e0 base de cr\u00e8me fra\u00eeche, et de chair des poissons ou crustac\u00e9s , relev\u00e9 par des oignons et du persil frais. Vous appr\u00e9cierez les Rillettes sur du bon pain de campagne en sandwich ou sur des toasts grill\u00e9s. L\u2019histoire de cette\u2026","rel":"","context":"Article similaire","img":{"alt_text":"","src":"https:\/\/i0.wp.com\/www.passionfruits.fr\/wp-content\/uploads\/2017\/09\/rillette-de-poisson.jpg?fit=600%2C600&resize=350%2C200","width":350,"height":200},"classes":[]},{"id":11091,"url":"http:\/\/www.passionfruits.fr\/index.php\/produit\/rillettes-de-saumon-le-pot-de-90-grs\/","url_meta":{"origin":11710,"position":4},"title":"Rillettes de Saumon le pot de 90 grs","date":"19 septembre 2017","format":false,"excerpt":"Voici un produit particuli\u00e8rement l\u00e9ger et riche en go\u00fbt, \u00e0 base de cr\u00e8me fra\u00eeche, et de chair des poissons ou crustac\u00e9s , relev\u00e9 par des oignons et du persil frais. Vous appr\u00e9cierez les Rillettes sur du bon pain de campagne en sandwich ou sur des toasts grill\u00e9s. L\u2019histoire de cette\u2026","rel":"","context":"Article similaire","img":{"alt_text":"","src":"https:\/\/i0.wp.com\/www.passionfruits.fr\/wp-content\/uploads\/2017\/09\/rillette-de-poisson.jpg?fit=600%2C600&resize=350%2C200","width":350,"height":200},"classes":[]},{"id":11092,"url":"http:\/\/www.passionfruits.fr\/index.php\/produit\/rillettes-de-thon-le-pot-de-90-grs\/","url_meta":{"origin":11710,"position":5},"title":"Rillettes de Thon au poivre le pot de 90 grs","date":"19 septembre 2017","format":false,"excerpt":"Voici un produit particuli\u00e8rement l\u00e9ger et riche en go\u00fbt, \u00e0 base de cr\u00e8me fra\u00eeche, et de chair des poissons ou crustac\u00e9s , relev\u00e9 par des oignons et du persil frais. Vous appr\u00e9cierez les Rillettes sur du bon pain de campagne en sandwich ou sur des toasts grill\u00e9s. L\u2019histoire de cette\u2026","rel":"","context":"Article similaire","img":{"alt_text":"","src":"https:\/\/i0.wp.com\/www.passionfruits.fr\/wp-content\/uploads\/2017\/09\/rillette-de-poisson.jpg?fit=600%2C600&resize=350%2C200","width":350,"height":200},"classes":[]}],"_links":{"self":[{"href":"http:\/\/www.passionfruits.fr\/index.php\/wp-json\/wp\/v2\/product\/11710"}],"collection":[{"href":"http:\/\/www.passionfruits.fr\/index.php\/wp-json\/wp\/v2\/product"}],"about":[{"href":"http:\/\/www.passionfruits.fr\/index.php\/wp-json\/wp\/v2\/types\/product"}],"replies":[{"embeddable":true,"href":"http:\/\/www.passionfruits.fr\/index.php\/wp-json\/wp\/v2\/comments?post=11710"}],"wp:featuredmedia":[{"embeddable":true,"href":"http:\/\/www.passionfruits.fr\/index.php\/wp-json\/wp\/v2\/media\/11711"}],"wp:attachment":[{"href":"http:\/\/www.passionfruits.fr\/index.php\/wp-json\/wp\/v2\/media?parent=11710"}],"curies":[{"name":"wp","href":"https:\/\/api.w.org\/{rel}","templated":true}]}}