{"id":11716,"date":"2018-02-14T11:12:15","date_gmt":"2018-02-14T10:12:15","guid":{"rendered":"http:\/\/www.andreclaude.fr\/web\/?post_type=product&#038;p=11716"},"modified":"2023-02-17T09:58:11","modified_gmt":"2023-02-17T08:58:11","slug":"sauce-au-poivre-vert-le-pot-de-90-grs","status":"publish","type":"product","link":"http:\/\/www.passionfruits.fr\/index.php\/produit\/sauce-au-poivre-vert-le-pot-de-90-grs\/","title":{"rendered":"Sauce au Poivre vert le pot de 90 grs"},"content":{"rendered":"","protected":false},"excerpt":{"rendered":"","protected":false},"featured_media":11966,"comment_status":"closed","ping_status":"closed","template":"","meta":{"spay_email":"","jetpack_publicize_message":"","jetpack_is_tweetstorm":false},"jetpack_publicize_connections":[],"jetpack_sharing_enabled":true,"jetpack-related-posts":[{"id":11714,"url":"http:\/\/www.passionfruits.fr\/index.php\/produit\/sauce-bourguignonne-le-pot-de-90-grs\/","url_meta":{"origin":11716,"position":0},"title":"Sauce Bourguignonne le pot de 90 grs","date":"14 f\u00e9vrier 2018","format":false,"excerpt":"Ingr\u00e9dients : Huile de colza, double concentr\u00e9 de tomate,jaune d'oeuf, moutarde douce (eau, graines de moutarde, vinaigre, sel, sucre, huile de tournesol, \u00e9pices, colorant : caramel E150C (gluten) ar\u00f4mes (colorant E141) \u00e9chalotes r\u00e9hydrat\u00e9es, jaune d'oeuf, vinaigre, moutarde de dijon (eau graines de moutarde, vinaigre, sel, conservateur : bisulfite de sodium),\u2026","rel":"","context":"Article similaire","img":{"alt_text":"","src":"https:\/\/i1.wp.com\/www.passionfruits.fr\/wp-content\/uploads\/2018\/02\/sauce-bourguignonne.jpg?fit=600%2C600&resize=350%2C200","width":350,"height":200},"classes":[]},{"id":11092,"url":"http:\/\/www.passionfruits.fr\/index.php\/produit\/rillettes-de-thon-le-pot-de-90-grs\/","url_meta":{"origin":11716,"position":1},"title":"Rillettes de Thon au poivre le pot de 90 grs","date":"19 septembre 2017","format":false,"excerpt":"Voici un produit particuli\u00e8rement l\u00e9ger et riche en go\u00fbt, \u00e0 base de cr\u00e8me fra\u00eeche, et de chair des poissons ou crustac\u00e9s , relev\u00e9 par des oignons et du persil frais. Vous appr\u00e9cierez les Rillettes sur du bon pain de campagne en sandwich ou sur des toasts grill\u00e9s. L\u2019histoire de cette\u2026","rel":"","context":"Article similaire","img":{"alt_text":"","src":"https:\/\/i0.wp.com\/www.passionfruits.fr\/wp-content\/uploads\/2017\/09\/rillette-de-poisson.jpg?fit=600%2C600&resize=350%2C200","width":350,"height":200},"classes":[]},{"id":18826,"url":"http:\/\/www.passionfruits.fr\/index.php\/produit\/sauce-guacamole-le-pot-de-300-grs\/","url_meta":{"origin":11716,"position":2},"title":"Sauce Guacamole le pot de 300 grs","date":"20 mai 2022","format":false,"excerpt":"Eau, avocat (14% - origine : P\u00e9rou), oignon, poivron vert, tomates, mascarpone (contient du LAIT), LAIT, acidifiant: E330), cr\u00e8me (LAIT), huile de colza, amidon modifi\u00e9 de ma\u00efs, sucre, piment vert, poivron rouge, sel, piments Jalape\u00f1o, acidifiant: E270; antioxydant: E300; jus de citron concentr\u00e9, \u00e9pices (<2% - cumin, piment de Cayenne),\u2026","rel":"","context":"Article similaire","img":{"alt_text":"","src":"https:\/\/i0.wp.com\/www.passionfruits.fr\/wp-content\/uploads\/2022\/05\/622182.jpg?fit=600%2C600&resize=350%2C200","width":350,"height":200},"classes":[]},{"id":11093,"url":"http:\/\/www.passionfruits.fr\/index.php\/produit\/rillettes-de-thon-a-la-creole-le-pot-de-90-grs\/","url_meta":{"origin":11716,"position":3},"title":"Rillettes de Thon \u00e0 la Cr\u00e9ole le pot de 90 grs","date":"19 septembre 2017","format":false,"excerpt":"Contenance : 0 cl Poids net : 90 g Poids net \u00e9goutt\u00e9 : 0 g CARACTERISTIQUES PRODUIT Ingr\u00e9dients : Thon 50%, oignons frais, huile de tournesol, vinaigre d\u2019alcool, ciboulette, carotte miette, jus concentr\u00e9 de citron, ail poudre, \u00e9paississant: carragh\u00e9nane, sel, poivre, piment Allerg\u00e8nes : POISSON, Traces d'allerg\u00e8nes possibles : Allerg\u00e8nes\u2026","rel":"","context":"Article similaire","img":{"alt_text":"","src":"https:\/\/i0.wp.com\/www.passionfruits.fr\/wp-content\/uploads\/2017\/09\/rillette-de-poisson.jpg?fit=600%2C600&resize=350%2C200","width":350,"height":200},"classes":[]},{"id":11096,"url":"http:\/\/www.passionfruits.fr\/index.php\/produit\/rillettes-de-maquereau-a-la-creole-le-pot-de-90-grs\/","url_meta":{"origin":11716,"position":4},"title":"Rillettes de Maquereau \u00e0 la Cr\u00e9ole le pot de 90 grs","date":"19 septembre 2017","format":false,"excerpt":"Contenance : 0 cl Poids net : 90 g Poids net \u00e9goutt\u00e9 : 0 g CARACTERISTIQUES PRODUIT Ingr\u00e9dients : Maquereau 50%, oignons frais, huile de tournesol, vinaigre d\u2019alcool, ciboulette, carotte miette, jus concentr\u00e9 de citron, ail poudre, \u00e9paississant: carragh\u00e9nane, sel, poivre, piment. Allerg\u00e8nes : Poissons Traces d'allerg\u00e8nes possibles : Allerg\u00e8nes\u2026","rel":"","context":"Article similaire","img":{"alt_text":"","src":"https:\/\/i0.wp.com\/www.passionfruits.fr\/wp-content\/uploads\/2017\/09\/rillette-de-poisson.jpg?fit=600%2C600&resize=350%2C200","width":350,"height":200},"classes":[]},{"id":11094,"url":"http:\/\/www.passionfruits.fr\/index.php\/produit\/rillettes-de-truite-fumee-a-la-creole-le-pot-de-90-grs\/","url_meta":{"origin":11716,"position":5},"title":"Rillettes de Truite fum\u00e9e \u00e0 la Cr\u00e9ole le pot de 90 grs","date":"19 septembre 2017","format":false,"excerpt":"Contenance : 0 cl Poids net : 90 g Poids net \u00e9goutt\u00e9 : 0 g CARACTERISTIQUES PRODUIT Ingr\u00e9dients : Truite fum\u00e9e 26 %, filet de saumon 24%, oignons frais, huile de tournesol, vinaigre d\u2019alcool, ciboulette, carotte miette, jus concentr\u00e9 de citron, ail poudre, \u00e9paississant: carragh\u00e9nane, sel, poivre, piment. Allerg\u00e8nes :\u2026","rel":"","context":"Article similaire","img":{"alt_text":"","src":"https:\/\/i0.wp.com\/www.passionfruits.fr\/wp-content\/uploads\/2017\/09\/rillette-de-poisson.jpg?fit=600%2C600&resize=350%2C200","width":350,"height":200},"classes":[]}],"_links":{"self":[{"href":"http:\/\/www.passionfruits.fr\/index.php\/wp-json\/wp\/v2\/product\/11716"}],"collection":[{"href":"http:\/\/www.passionfruits.fr\/index.php\/wp-json\/wp\/v2\/product"}],"about":[{"href":"http:\/\/www.passionfruits.fr\/index.php\/wp-json\/wp\/v2\/types\/product"}],"replies":[{"embeddable":true,"href":"http:\/\/www.passionfruits.fr\/index.php\/wp-json\/wp\/v2\/comments?post=11716"}],"wp:featuredmedia":[{"embeddable":true,"href":"http:\/\/www.passionfruits.fr\/index.php\/wp-json\/wp\/v2\/media\/11966"}],"wp:attachment":[{"href":"http:\/\/www.passionfruits.fr\/index.php\/wp-json\/wp\/v2\/media?parent=11716"}],"curies":[{"name":"wp","href":"https:\/\/api.w.org\/{rel}","templated":true}]}}