{"id":11720,"date":"2018-02-15T11:35:25","date_gmt":"2018-02-15T10:35:25","guid":{"rendered":"http:\/\/www.andreclaude.fr\/web\/?post_type=product&#038;p=11720"},"modified":"2022-02-19T15:26:12","modified_gmt":"2022-02-19T14:26:12","slug":"biscotte-aux-7-cereales-le-paquet-370-grs","status":"publish","type":"product","link":"http:\/\/www.passionfruits.fr\/index.php\/produit\/biscotte-aux-7-cereales-le-paquet-370-grs\/","title":{"rendered":"Biscotte aux 7 c\u00e9r\u00e9ales le paquet 370 grs"},"content":{"rendered":"<p>La Chanteracoise<\/p>\n<p>Le Pont<br \/>\n24190 Saint-Germain-du-Salembre<\/p>\n","protected":false},"excerpt":{"rendered":"<p>Toutes les biscotteries artisanales ont disparu au cours des d\u00e9cennies qui suivirent, laissant place aux nombreuses fabrications industrielles.<\/p>\n<p>Toutes sauf une\u2026 la derni\u00e8re biscotterie artisanale en France aujourd\u2019hui encore, \u00e0\u00a0Saint Germain du\u00a0Salembre, \u00e9labore les biscottes suivant la recette et le savoir-faire authentiques.<\/p>\n<p>Ingr\u00e9dients : farine de <strong>bl\u00e9 (gluten)<\/strong>, c\u00e9r\u00e9ales (<strong>gluten<\/strong>) et graines 22.6% ( farine de bl\u00e9, graines de lin brun, graines de <strong>s\u00e9same<\/strong>, farine de <strong>seigle<\/strong> T70, farine d&#8217;<strong>avoine<\/strong>, farine d&#8217;<strong>orge<\/strong>, farine de riz, farine de sarrazin, farine de ma\u00efs, graines de carvi, graines de millet, graines de lin jaune, graines de tournesol, graines de pavot) sucre, , huile de coco non hydrog\u00e9n\u00e9e, , levure boulang\u00e8re, sel, malt d&#8217;<strong>orge (gluten)<\/strong><\/p>\n<p><strong>Atelier utilisant s\u00e9same et fruits \u00e0 coques (noisettes et amandes).<\/strong><\/p>\n<p><strong>Sans colorant, sans conservateur, sans huile de palme.<\/strong><\/p>\n<p>Informations nutritionnelles (pour 100g)<\/p>\n<table style=\"height: 126px; width: 586px;\">\n<tbody>\n<tr>\n<td style=\"width: 301px;\">valeur \u00e9nerg\u00e9tique : 1655kj\/393kcal<\/td>\n<td style=\"width: 269px;\">prot\u00e9ines : 12g<\/td>\n<\/tr>\n<tr>\n<td style=\"width: 301px;\">lipides (mati\u00e8res grasses) : 11g<\/td>\n<td style=\"width: 269px;\">dont acides gras satur\u00e9s : 7g<\/td>\n<\/tr>\n<tr>\n<td style=\"width: 301px;\">glucides : 59g<\/td>\n<td style=\"width: 269px;\">dont sucres : 4.7g<\/td>\n<\/tr>\n<tr>\n<td style=\"width: 301px;\">fibres : 2.4g<\/td>\n<td style=\"width: 269px;\">sel 1.5g<\/td>\n<\/tr>\n<\/tbody>\n<\/table>\n","protected":false},"featured_media":11722,"comment_status":"closed","ping_status":"closed","template":"","meta":{"spay_email":"","jetpack_publicize_message":"","jetpack_is_tweetstorm":false},"jetpack_publicize_connections":[],"jetpack_sharing_enabled":true,"jetpack-related-posts":[{"id":11727,"url":"http:\/\/www.passionfruits.fr\/index.php\/produit\/biscotte-briochee-le-paquet-300-grs\/","url_meta":{"origin":11720,"position":0},"title":"Biscotte Brioch\u00e9e le paquet 300 grs","date":"15 f\u00e9vrier 2018","format":false,"excerpt":"Toutes les biscotteries artisanales ont disparu au cours des d\u00e9cennies qui suivirent, laissant place aux nombreuses fabrications industrielles. Toutes sauf une\u2026 la derni\u00e8re biscotterie artisanale en France aujourd\u2019hui encore, \u00e0\u00a0Saint Germain du\u00a0Salembre, \u00e9labore les biscottes suivant la recette et le savoir-faire authentiques. Contenance : 0 cl Poids net : 300\u2026","rel":"","context":"Article similaire","img":{"alt_text":"","src":"https:\/\/i2.wp.com\/www.passionfruits.fr\/wp-content\/uploads\/2018\/02\/Biscotte-Briochee.jpg?fit=599%2C600&resize=350%2C200","width":350,"height":200},"classes":[]},{"id":17836,"url":"http:\/\/www.passionfruits.fr\/index.php\/produit\/biscottes-artisanales-au-chocolat-300grs\/","url_meta":{"origin":11720,"position":1},"title":"Biscottes artisanales au chocolat le paquet 300grs","date":"26 mars 2021","format":false,"excerpt":"Toutes les biscotteries artisanales ont disparu au cours des d\u00e9cennies qui suivirent, laissant place aux nombreuses fabrications industrielles. Toutes sauf une\u2026 la derni\u00e8re biscotterie artisanale en France aujourd\u2019hui encore, \u00e0\u00a0Saint Germain du\u00a0Salembre, \u00e9labore les biscottes suivant la recette et le savoir-faire authentiques. Cette recette marie le craquant de la biscotte\u2026","rel":"","context":"Article similaire","img":{"alt_text":"","src":"https:\/\/i2.wp.com\/www.passionfruits.fr\/wp-content\/uploads\/2021\/03\/biscottes_au_chocolat.jpg?fit=400%2C600&resize=350%2C200","width":350,"height":200},"classes":[]},{"id":11726,"url":"http:\/\/www.passionfruits.fr\/index.php\/produit\/biscotte-tradition-le-paquet-370-grs\/","url_meta":{"origin":11720,"position":2},"title":"Biscotte Tradition le paquet 370 grs","date":"15 f\u00e9vrier 2018","format":false,"excerpt":"Toutes les biscotteries artisanales ont disparu au cours des d\u00e9cennies qui suivirent, laissant place aux nombreuses fabrications industrielles. Toutes sauf une\u2026 la derni\u00e8re biscotterie artisanale en France aujourd\u2019hui encore, \u00e0\u00a0Saint Germain du\u00a0Salembre, \u00e9labore les biscottes suivant la recette et le savoir-faire authentiques. Contenance : 0 cl Poids net : 370\u2026","rel":"","context":"Article similaire","img":{"alt_text":"","src":"https:\/\/i2.wp.com\/www.passionfruits.fr\/wp-content\/uploads\/2018\/02\/Biscotte-tradition.jpg?fit=600%2C599&resize=350%2C200","width":350,"height":200},"classes":[]},{"id":17843,"url":"http:\/\/www.passionfruits.fr\/index.php\/produit\/biscottes-artisanales-aux-fruits-300g\/","url_meta":{"origin":11720,"position":3},"title":"Biscottes artisanales aux fruits le paquet 300g","date":"26 mars 2021","format":false,"excerpt":"Toutes les biscotteries artisanales ont disparu au cours des d\u00e9cennies qui suivirent, laissant place aux nombreuses fabrications industrielles. Toutes sauf une\u2026 la derni\u00e8re biscotterie artisanale en France aujourd\u2019hui encore, \u00e0\u00a0Saint Germain du\u00a0Salembre, \u00e9labore les biscottes suivant la recette et le savoir-faire authentiques. N\u00e9e \u00e0 la fin du XVIIIe\u00a0si\u00e8cle, de l\u2019imagination\u2026","rel":"","context":"Article similaire","img":{"alt_text":"","src":"https:\/\/i0.wp.com\/www.passionfruits.fr\/wp-content\/uploads\/2021\/03\/527-1382-thickbox.jpg?fit=600%2C600&resize=350%2C200","width":350,"height":200},"classes":[]},{"id":17840,"url":"http:\/\/www.passionfruits.fr\/index.php\/produit\/biscottes-artisanales-sans-sucre-370g\/","url_meta":{"origin":11720,"position":4},"title":"Biscottes artisanales sans sucre Le paquet 370g","date":"26 mars 2021","format":false,"excerpt":"Toutes les biscotteries artisanales ont disparu au cours des d\u00e9cennies qui suivirent, laissant place aux nombreuses fabrications industrielles. Toutes sauf une\u2026 la derni\u00e8re biscotterie artisanale en France aujourd\u2019hui encore, \u00e0\u00a0Saint Germain du\u00a0Salembre, \u00e9labore les biscottes suivant la recette et le savoir-faire authentiques. N\u00e9e \u00e0 la fin du XVIIIe si\u00e8cle, de\u2026","rel":"","context":"Article similaire","img":{"alt_text":"","src":"https:\/\/i1.wp.com\/www.passionfruits.fr\/wp-content\/uploads\/2021\/03\/528-1383-thickbox.jpg?fit=600%2C600&resize=350%2C200","width":350,"height":200},"classes":[]},{"id":17757,"url":"http:\/\/www.passionfruits.fr\/index.php\/produit\/toasts-aux-7-cereales-sachet-140g\/","url_meta":{"origin":11720,"position":5},"title":"Toasts Aux 7 c\u00e9r\u00e9ales sachet 140g","date":"19 mars 2021","format":false,"excerpt":"Toutes les biscotteries artisanales ont disparu au cours des d\u00e9cennies qui suivirent, laissant place aux nombreuses fabrications industrielles. Toutes sauf une\u2026 la derni\u00e8re biscotterie artisanale en France aujourd\u2019hui encore, \u00e0\u00a0Saint Germain du\u00a0Salembre, \u00e9labore les biscottes suivant la recette et le savoir-faire authentiques. \u00a0","rel":"","context":"Article similaire","img":{"alt_text":"","src":"https:\/\/i0.wp.com\/www.passionfruits.fr\/wp-content\/uploads\/2021\/03\/toast-7cereales.jpg?fit=598%2C600&resize=350%2C200","width":350,"height":200},"classes":[]}],"_links":{"self":[{"href":"http:\/\/www.passionfruits.fr\/index.php\/wp-json\/wp\/v2\/product\/11720"}],"collection":[{"href":"http:\/\/www.passionfruits.fr\/index.php\/wp-json\/wp\/v2\/product"}],"about":[{"href":"http:\/\/www.passionfruits.fr\/index.php\/wp-json\/wp\/v2\/types\/product"}],"replies":[{"embeddable":true,"href":"http:\/\/www.passionfruits.fr\/index.php\/wp-json\/wp\/v2\/comments?post=11720"}],"wp:featuredmedia":[{"embeddable":true,"href":"http:\/\/www.passionfruits.fr\/index.php\/wp-json\/wp\/v2\/media\/11722"}],"wp:attachment":[{"href":"http:\/\/www.passionfruits.fr\/index.php\/wp-json\/wp\/v2\/media?parent=11720"}],"curies":[{"name":"wp","href":"https:\/\/api.w.org\/{rel}","templated":true}]}}