{"id":11726,"date":"2018-02-15T11:40:13","date_gmt":"2018-02-15T10:40:13","guid":{"rendered":"http:\/\/www.andreclaude.fr\/web\/?post_type=product&#038;p=11726"},"modified":"2022-02-19T15:26:37","modified_gmt":"2022-02-19T14:26:37","slug":"biscotte-tradition-le-paquet-370-grs","status":"publish","type":"product","link":"http:\/\/www.passionfruits.fr\/index.php\/produit\/biscotte-tradition-le-paquet-370-grs\/","title":{"rendered":"Biscotte Tradition le paquet 370 grs"},"content":{"rendered":"","protected":false},"excerpt":{"rendered":"<p>Toutes les biscotteries artisanales ont disparu au cours des d\u00e9cennies qui suivirent, laissant place aux nombreuses fabrications industrielles.<\/p>\n<p>Toutes sauf une\u2026 la derni\u00e8re biscotterie artisanale en France aujourd\u2019hui encore, \u00e0\u00a0Saint Germain du\u00a0Salembre, \u00e9labore les biscottes suivant la recette et le savoir-faire authentiques.<\/p>\n<p>Contenance : 0 cl<br \/>\nPoids net : 370 g<br \/>\nPoids net \u00e9goutt\u00e9 : 0 g<\/p>\n<p>CARACTERISTIQUES PRODUIT<br \/>\nIngr\u00e9dients : Farine de bl\u00e9 (gluten), huile de coco non hydrog\u00e9n\u00e9e, sucre, levure boulang\u00e8re, sel, malt d\u2019orge (gluten).<br \/>\nAllerg\u00e8nes : Gluten<br \/>\nTraces d&#8217;allerg\u00e8nes possibles :<br \/>\nAllerg\u00e8nes pr\u00e9sents dans l&#8217;atelier : Fruits \u00e0 coques, s\u00e9same.<br \/>\nValeurs nutritionnelles pour 100 g de produit<\/p>\n<p>Energie 1559 kJ \/ 369 kcal<br \/>\nMati\u00e8res grasses 7,7 g<br \/>\ndont acides gras satur\u00e9s 6,6 g<br \/>\nGlucides 62 g<br \/>\nDont Sucres 4,9 g<br \/>\nFibres alimentaires 3,9 g<br \/>\nProt\u00e9ines 11 g<br \/>\nSel 1,5 g<br \/>\nMode d&#8217;emploi :<br \/>\nRecommandations :<br \/>\nContre indications :<br \/>\nStockage avant emploi : A conserver dans un endroit<br \/>\nfrais et sec, \u00e0 l\u2019abri de la lumi\u00e8re.<br \/>\nStockage apr\u00e8s ouverture : A consommer rapidement<br \/>\napr\u00e8s ouverture.<\/p>\n<p>DLUO \u00e0 fabrication : 360 jour(s)<br \/>\nDLUO garantie : 90 jour(s)<\/p>\n<p>Origine : FRANCE<br \/>\nLieu de fabrication : 24190 SAINT GERMAIN<br \/>\nDU SALEMBRE<\/p>\n","protected":false},"featured_media":11725,"comment_status":"closed","ping_status":"closed","template":"","meta":{"spay_email":"","jetpack_publicize_message":"","jetpack_is_tweetstorm":false},"jetpack_publicize_connections":[],"jetpack_sharing_enabled":true,"jetpack-related-posts":[{"id":11727,"url":"http:\/\/www.passionfruits.fr\/index.php\/produit\/biscotte-briochee-le-paquet-300-grs\/","url_meta":{"origin":11726,"position":0},"title":"Biscotte Brioch\u00e9e le paquet 300 grs","date":"15 f\u00e9vrier 2018","format":false,"excerpt":"Toutes les biscotteries artisanales ont disparu au cours des d\u00e9cennies qui suivirent, laissant place aux nombreuses fabrications industrielles. Toutes sauf une\u2026 la derni\u00e8re biscotterie artisanale en France aujourd\u2019hui encore, \u00e0\u00a0Saint Germain du\u00a0Salembre, \u00e9labore les biscottes suivant la recette et le savoir-faire authentiques. Contenance : 0 cl Poids net : 300\u2026","rel":"","context":"Article similaire","img":{"alt_text":"","src":"https:\/\/i2.wp.com\/www.passionfruits.fr\/wp-content\/uploads\/2018\/02\/Biscotte-Briochee.jpg?fit=599%2C600&resize=350%2C200","width":350,"height":200},"classes":[]},{"id":5939,"url":"http:\/\/www.passionfruits.fr\/index.php\/produit\/meringues-le-paquet\/","url_meta":{"origin":11726,"position":1},"title":"Meringues tradition le sachet 140g","date":"7 d\u00e9cembre 2015","format":false,"excerpt":"Contenance : 0 cl Poids net : 140 g Poids net \u00e9goutt\u00e9 : 0 g CARACTERISTIQUES PRODUIT Ingr\u00e9dients : Sucre, blancs d'oeufs, ar\u00f4me, Sel. Allerg\u00e8nes : Oeufs Traces d'allerg\u00e8nes possibles : Allerg\u00e8nes pr\u00e9sents dans l'atelier : Valeurs nutritionnelles pour 100 g de produit \u00e9goutt\u00e9 Energie 1683 kJ \/ 396 kcal\u2026","rel":"","context":"Article similaire","img":{"alt_text":"","src":"https:\/\/i1.wp.com\/www.passionfruits.fr\/wp-content\/uploads\/2015\/12\/meringues.jpg?fit=600%2C600&resize=350%2C200","width":350,"height":200},"classes":[]},{"id":11720,"url":"http:\/\/www.passionfruits.fr\/index.php\/produit\/biscotte-aux-7-cereales-le-paquet-370-grs\/","url_meta":{"origin":11726,"position":2},"title":"Biscotte aux 7 c\u00e9r\u00e9ales le paquet 370 grs","date":"15 f\u00e9vrier 2018","format":false,"excerpt":"Toutes les biscotteries artisanales ont disparu au cours des d\u00e9cennies qui suivirent, laissant place aux nombreuses fabrications industrielles. Toutes sauf une\u2026 la derni\u00e8re biscotterie artisanale en France aujourd\u2019hui encore, \u00e0\u00a0Saint Germain du\u00a0Salembre, \u00e9labore les biscottes suivant la recette et le savoir-faire authentiques. Ingr\u00e9dients : farine de bl\u00e9 (gluten), c\u00e9r\u00e9ales (gluten)\u2026","rel":"","context":"Article similaire","img":{"alt_text":"","src":"https:\/\/i2.wp.com\/www.passionfruits.fr\/wp-content\/uploads\/2018\/02\/Biscotte-7cereales.jpg?fit=599%2C600&resize=350%2C200","width":350,"height":200},"classes":[]},{"id":5936,"url":"http:\/\/www.passionfruits.fr\/index.php\/produit\/rocher-coco-nature-le-paquet\/","url_meta":{"origin":11726,"position":3},"title":"Rocher noix de coco le paquet 200g","date":"7 d\u00e9cembre 2015","format":false,"excerpt":"Contenance : 0 cl Poids net : 200 g Poids net \u00e9goutt\u00e9 : 0 g CARACTERISTIQUES PRODUIT Ingr\u00e9dients : coco r\u00e2p\u00e9 PH\/ID, sucre, sirop de glucose , chocolat noir [p\u00e2te de cacao, sucre, beurre de cacao, mati\u00e8re grasse laiti\u00e8re anhydre, \u00e9mulsifiant (l\u00e9cithine de soja E322), blanc d'oeuf, farine de froment,\u2026","rel":"","context":"Article similaire","img":{"alt_text":"","src":"https:\/\/i2.wp.com\/www.passionfruits.fr\/wp-content\/uploads\/2015\/12\/maxi-rocher-coco.jpg?fit=600%2C600&resize=350%2C200","width":350,"height":200},"classes":[]},{"id":6121,"url":"http:\/\/www.passionfruits.fr\/index.php\/produit\/bocaux-lentilles\/","url_meta":{"origin":11726,"position":4},"title":"Bocaux lentilles le bocal de 660g","date":"7 d\u00e9cembre 2015","format":false,"excerpt":"Contenance : 72 cl Poids net : 660 g Poids net \u00e9goutt\u00e9 : 0 g CARACTERISTIQUES PRODUIT Ingr\u00e9dients : Eau, lentilles s\u00e8ches tremp\u00e9es 47%, graisse d'oie 3%, sel, double concentr\u00e9 de tomates, ar\u00f4mes (bl\u00e9, soja,c\u00e9leri) sirop de glucose, huile de tournesol, sucre, oignon, graisse de boeuf, herbes aromatiques, \u00e9pices, acidifiant\u2026","rel":"","context":"Article similaire","img":{"alt_text":"","src":"https:\/\/i0.wp.com\/www.passionfruits.fr\/wp-content\/uploads\/2015\/12\/lentille.jpg?fit=600%2C600&resize=350%2C200","width":350,"height":200},"classes":[]},{"id":11145,"url":"http:\/\/www.passionfruits.fr\/index.php\/produit\/gaufrette-au-noisette-le-paquet-175g\/","url_meta":{"origin":11726,"position":5},"title":"Gaufrette au noisette le paquet 175g","date":"1 octobre 2017","format":false,"excerpt":"C'est une tradition qui remonte \u00e0 1894 ! Aujourd'hui, m\u00eame si la recette est toujours rigoureusement la m\u00eame, \u00e0 l'ar\u00f4me Vanille s'ajoutent celui du Chocolat, de la Framboise ... Et avant de d\u00e9guster votre gaufrette, n'oubliez pas de lire la petite phrase qui vous fera sourire!! Contenance : 0 cl\u2026","rel":"","context":"Article similaire","img":{"alt_text":"","src":"https:\/\/i2.wp.com\/www.passionfruits.fr\/wp-content\/uploads\/2015\/12\/gaufrette.jpg?fit=600%2C600&resize=350%2C200","width":350,"height":200},"classes":[]}],"_links":{"self":[{"href":"http:\/\/www.passionfruits.fr\/index.php\/wp-json\/wp\/v2\/product\/11726"}],"collection":[{"href":"http:\/\/www.passionfruits.fr\/index.php\/wp-json\/wp\/v2\/product"}],"about":[{"href":"http:\/\/www.passionfruits.fr\/index.php\/wp-json\/wp\/v2\/types\/product"}],"replies":[{"embeddable":true,"href":"http:\/\/www.passionfruits.fr\/index.php\/wp-json\/wp\/v2\/comments?post=11726"}],"wp:featuredmedia":[{"embeddable":true,"href":"http:\/\/www.passionfruits.fr\/index.php\/wp-json\/wp\/v2\/media\/11725"}],"wp:attachment":[{"href":"http:\/\/www.passionfruits.fr\/index.php\/wp-json\/wp\/v2\/media?parent=11726"}],"curies":[{"name":"wp","href":"https:\/\/api.w.org\/{rel}","templated":true}]}}