{"id":11940,"date":"2018-03-23T08:44:57","date_gmt":"2018-03-23T07:44:57","guid":{"rendered":"http:\/\/www.andreclaude.fr\/web\/index.php\/produit\/sirop-de-violette-vedrenne-la-bouteille-de-70-cl\/"},"modified":"2023-01-06T11:26:38","modified_gmt":"2023-01-06T10:26:38","slug":"sirop-de-violette-vedrenne-la-bouteille-de-70-cl","status":"publish","type":"product","link":"http:\/\/www.passionfruits.fr\/index.php\/produit\/sirop-de-violette-vedrenne-la-bouteille-de-70-cl\/","title":{"rendered":"Sirop de violette Vedrenne la bouteille de 70 cl"},"content":{"rendered":"<p>VEDRENNE<\/p>\n<p>6 Passage Montgolfier<\/p>\n<p>21702 Nuits Saint Georges<\/p>\n","protected":false},"excerpt":{"rendered":"<p>Couleur pourpre violet brillant.<\/p>\n<p>Nez puissant floral intense de violette.<\/p>\n<p>Bouche tr\u00e8s aromatique \u00e9l\u00e9gante et florale.<\/p>\n","protected":false},"featured_media":11931,"comment_status":"closed","ping_status":"closed","template":"","meta":{"spay_email":"","jetpack_publicize_message":"","jetpack_is_tweetstorm":false},"jetpack_publicize_connections":[],"jetpack_sharing_enabled":true,"jetpack-related-posts":[{"id":4953,"url":"http:\/\/www.passionfruits.fr\/index.php\/produit\/ail-violet-les-100-grs\/","url_meta":{"origin":11940,"position":0},"title":"Ail sec  Espagne la t\u00eate 100 g","date":"7 d\u00e9cembre 2015","format":false,"excerpt":"un ail au singulier, des aulx au pluriel.","rel":"","context":"Article similaire","img":{"alt_text":"","src":"https:\/\/i0.wp.com\/www.passionfruits.fr\/wp-content\/uploads\/2015\/12\/ail-violet.jpg?fit=1200%2C1200&resize=350%2C200","width":350,"height":200},"classes":[]},{"id":5595,"url":"http:\/\/www.passionfruits.fr\/index.php\/produit\/muscadet-sevre-et-maine-sur-lie-2012\/","url_meta":{"origin":11940,"position":1},"title":"Muscadet S\u00e8vre et Maine 75 cl 2023","date":"7 d\u00e9cembre 2015","format":false,"excerpt":"Nez floral, sur des ar\u00f4mes de fleurs jaunes, et apr\u00e8s ouverture, sur de petites notes de fruits secs. En bouche, une attaque franche, souple et \u00e9quilibr\u00e9e. Belle longueur, tout en \u00e9l\u00e9gance et en finesse, pour ce vin qui se d\u00e9guste aussi bien \u00e0 l'ap\u00e9ritif qu'avec des moules marini\u00e8res, des crevettes\u2026","rel":"","context":"Article similaire","img":{"alt_text":"","src":"https:\/\/i0.wp.com\/www.passionfruits.fr\/wp-content\/uploads\/2015\/12\/Muscadet01.jpg?fit=594%2C598&resize=350%2C200","width":350,"height":200},"classes":[]},{"id":15954,"url":"http:\/\/www.passionfruits.fr\/index.php\/produit\/pilaho-blanc-domaine-pellehaut-bouteille-75-cl\/","url_meta":{"origin":11940,"position":2},"title":"Pilaho Blanc Domaine Pellehaut bouteille 75 cl","date":"8 mai 2020","format":false,"excerpt":"53,70 \u20ac le carton de bouteilles soit 8.95 \u20ac la bouteille \u00a0 Une \u00e9l\u00e9gante robe blonde aux reflets verts habille un nez fin de parfums floraux. Un sillage ent\u00eatant de tilleul, d\u2019aub\u00e9pine et d\u2019abricot nous entra\u00eene \u00e0 la poursuite des fines bulles de ce p\u00e9tillant qui nous enchantent en bouche\u2026","rel":"","context":"Article similaire","img":{"alt_text":"","src":"https:\/\/i2.wp.com\/www.passionfruits.fr\/wp-content\/uploads\/2020\/05\/pilaho-blanc.jpg?fit=600%2C600&resize=350%2C200","width":350,"height":200},"classes":[]},{"id":5843,"url":"http:\/\/www.passionfruits.fr\/index.php\/produit\/domaine-pellehaut-blanc-2012\/","url_meta":{"origin":11940,"position":3},"title":"Domaine Pellehaut Blanc Harmonie 75 cl 2023","date":"7 d\u00e9cembre 2015","format":false,"excerpt":"36 \u20ac le carton de 6 bouteilles soit 6 \u20ac la bouteille \u00a0 DEGUSTATION La robe est l\u00e9g\u00e8re et limpide. Le nez r\u00e9v\u00e8le une grande intensit\u00e9 aromatique. Les notes exotiques s\u2019enchainent avec les senteurs florales. Partez \u00e0 la d\u00e9couverte de ce jardin de fruitiers en fleur. En bouche, les saveurs\u2026","rel":"","context":"Article similaire","img":{"alt_text":"","src":"https:\/\/i0.wp.com\/www.passionfruits.fr\/wp-content\/uploads\/2015\/12\/harmonie-de-gascogne-blanc.png?fit=600%2C600&resize=350%2C200","width":350,"height":200},"classes":[]},{"id":17660,"url":"http:\/\/www.passionfruits.fr\/index.php\/produit\/vin-dhiver-bouteille-75-cl\/","url_meta":{"origin":11940,"position":4},"title":"Vin d'hiver bouteille 75 cl","date":"8 mars 2021","format":false,"excerpt":"Vin d'hiver\u00a0 75cl - 12% SUGGESTION DE CONSOMMATION En boisson froide\u00a0A savourer bien frais \u00e0 l'ap\u00e9ritif En boisson chaude A d\u00e9guster en vin chaud Retrouvez toute la tradition des vins de f\u00eate et autres \" vins de no\u00ebl \" aux \u00e9pices et agrumes (orange, cannelle, girofle\u2026). Notes de d\u00e9gustation Son\u2026","rel":"","context":"Article similaire","img":{"alt_text":"","src":"https:\/\/i1.wp.com\/www.passionfruits.fr\/wp-content\/uploads\/2021\/03\/vin-d-hiver.jpg?fit=600%2C600&resize=350%2C200","width":350,"height":200},"classes":[]},{"id":5574,"url":"http:\/\/www.passionfruits.fr\/index.php\/produit\/domaine-du-tariquet-ugni-blanc-2013\/","url_meta":{"origin":11940,"position":5},"title":"Domaine du Tariquet Ugni Blanc 75 cl 2021","date":"7 d\u00e9cembre 2015","format":false,"excerpt":"35.70 \u20ac le carton de 6 bouteilles soit 5.95 \u20ac la bouteille \u00a0 Magnifique intensit\u00e9 pour ce vin sec et fruit\u00e9, tr\u00e8s ouvert sur des ar\u00f4mes floraux, d'agrumes, dot\u00e9 de belles nuances exotiques. Un vin tonique, croquant, avec beaucoup de fra\u00eecheur en bouche. C\u2019est un vin qui \u00f4te la soif.\u2026","rel":"","context":"Article similaire","img":{"alt_text":"","src":"https:\/\/i0.wp.com\/www.passionfruits.fr\/wp-content\/uploads\/2015\/12\/domaine-de-tariquet-classic-2010-ugni-blanc-colombard.jpg?fit=600%2C600&resize=350%2C200","width":350,"height":200},"classes":[]}],"_links":{"self":[{"href":"http:\/\/www.passionfruits.fr\/index.php\/wp-json\/wp\/v2\/product\/11940"}],"collection":[{"href":"http:\/\/www.passionfruits.fr\/index.php\/wp-json\/wp\/v2\/product"}],"about":[{"href":"http:\/\/www.passionfruits.fr\/index.php\/wp-json\/wp\/v2\/types\/product"}],"replies":[{"embeddable":true,"href":"http:\/\/www.passionfruits.fr\/index.php\/wp-json\/wp\/v2\/comments?post=11940"}],"wp:featuredmedia":[{"embeddable":true,"href":"http:\/\/www.passionfruits.fr\/index.php\/wp-json\/wp\/v2\/media\/11931"}],"wp:attachment":[{"href":"http:\/\/www.passionfruits.fr\/index.php\/wp-json\/wp\/v2\/media?parent=11940"}],"curies":[{"name":"wp","href":"https:\/\/api.w.org\/{rel}","templated":true}]}}