{"id":13012,"date":"2018-11-06T11:55:16","date_gmt":"2018-11-06T10:55:16","guid":{"rendered":"http:\/\/www.andreclaude.fr\/web\/index.php\/produit\/veloute-legumes-dantan-72-cl\/"},"modified":"2022-09-26T09:13:27","modified_gmt":"2022-09-26T08:13:27","slug":"veloute-cresson-74-cl","status":"publish","type":"product","link":"http:\/\/www.passionfruits.fr\/index.php\/produit\/veloute-cresson-74-cl\/","title":{"rendered":"Velout\u00e9 de Cresson 74 cl"},"content":{"rendered":"<p>Soupe potage<\/p>\n<p>&nbsp;<\/p>\n","protected":false},"excerpt":{"rendered":"<p>Soupe potage &nbsp;<\/p>\n","protected":false},"featured_media":19017,"comment_status":"closed","ping_status":"closed","template":"","meta":{"spay_email":"","jetpack_publicize_message":"","jetpack_is_tweetstorm":false},"jetpack_publicize_connections":[],"jetpack_sharing_enabled":true,"jetpack-related-posts":[{"id":13002,"url":"http:\/\/www.passionfruits.fr\/index.php\/produit\/veloute-poireaux-74-cl\/","url_meta":{"origin":13012,"position":0},"title":"Velout\u00e9 Poireaux p.d.t. 74 cl","date":"6 novembre 2018","format":false,"excerpt":"Velout\u00e9 st\u00e9rilis\u00e9. Sans conservateur, ni colorant, conform\u00e9ment \u00e0 la l\u00e9gislation. Apr\u00e8s ouverture, conserver \u00e0 4 \u00b0 et \u00e0 consommer dans les 24 heures. \u00a0 Valeurs nutritionnelles moyennes pour 100g Energie : 174.29kj\/41.76 kcal Mati\u00e8res grasses : 2.37g dont acides gras satur\u00e9s : 0.36g Glucides : 4.64g dont sucres 0.92g Prot\u00e9ines\u2026","rel":"","context":"Article similaire","img":{"alt_text":"","src":"https:\/\/i1.wp.com\/www.passionfruits.fr\/wp-content\/uploads\/2018\/11\/61502.jpg?fit=600%2C600&resize=350%2C200","width":350,"height":200},"classes":[]},{"id":13006,"url":"http:\/\/www.passionfruits.fr\/index.php\/produit\/veloute-asperge-74-cl\/","url_meta":{"origin":13012,"position":1},"title":"Velout\u00e9 Asperge 74 cl","date":"6 novembre 2018","format":false,"excerpt":"Velout\u00e9 st\u00e9rilis\u00e9. Sans conservateur, ni colorant, conform\u00e9ment \u00e0 la l\u00e9gislation. Apr\u00e8s ouverture, conserver \u00e0 4 \u00b0 et \u00e0 consommer dans les 24 heures. Ingr\u00e9dients : eaux, asperges 14%, pommes de terre,\u00a0 cr\u00e8me (lait),\u00a0 amidon modifi\u00e9,\u00a0 sel. Valeurs nutritionnelles moyennes pour 100g Energie : 132kj\/32 kcal Mati\u00e8res grasses : 1.7g dont\u2026","rel":"","context":"Article similaire","img":{"alt_text":"","src":"https:\/\/i2.wp.com\/www.passionfruits.fr\/wp-content\/uploads\/2018\/11\/61505.jpg?fit=599%2C600&resize=350%2C200","width":350,"height":200},"classes":[]},{"id":13010,"url":"http:\/\/www.passionfruits.fr\/index.php\/produit\/veloute-tomate-74-cl\/","url_meta":{"origin":13012,"position":2},"title":"Velout\u00e9 de Tomate  74 cl","date":"6 novembre 2018","format":false,"excerpt":"Velout\u00e9 st\u00e9rilis\u00e9. Sans conservateur, ni colorant, conform\u00e9ment \u00e0 la l\u00e9gislation. Apr\u00e8s ouverture, conserver \u00e0 4 \u00b0 et \u00e0 consommer dans les 24 heures. Ingr\u00e9dients : eaux, tomates 35%, pommes de terre, oignons, cr\u00e8me fra\u00eeche, huile d'olive, amidon de ma\u00efs, basilic 1%,, sel, sucre, ail. Traces \u00e9ventuelles de c\u00e9leri et de\u2026","rel":"","context":"Article similaire","img":{"alt_text":"","src":"https:\/\/i0.wp.com\/www.passionfruits.fr\/wp-content\/uploads\/2018\/11\/003990.jpg?fit=600%2C600&resize=350%2C200","width":350,"height":200},"classes":[]},{"id":13008,"url":"http:\/\/www.passionfruits.fr\/index.php\/produit\/veloute-potiron-72-cl\/","url_meta":{"origin":13012,"position":3},"title":"Velout\u00e9 Potiron 73 cl","date":"6 novembre 2018","format":false,"excerpt":"Velout\u00e9 st\u00e9rilis\u00e9. Sans conservateur, ni colorant, conform\u00e9ment \u00e0 la l\u00e9gislation. Apr\u00e8s ouverture, conserver \u00e0 4 \u00b0 et \u00e0 consommer dans les 24 heures. Ingr\u00e9dients : eaux, potiron 35%, carotte, cr\u00e8me (lait), huile d'olive, amidon modifi\u00e9, sucre. Valeurs nutritionnelles moyennes pour 100g Energie : 152kj\/36 kcal Mati\u00e8res grasses : 2.5g dont\u2026","rel":"","context":"Article similaire","img":{"alt_text":"","src":"https:\/\/i1.wp.com\/www.passionfruits.fr\/wp-content\/uploads\/2018\/11\/Veloute-de-Potiron.jpg?fit=600%2C600&resize=350%2C200","width":350,"height":200},"classes":[]},{"id":5638,"url":"http:\/\/www.passionfruits.fr\/index.php\/produit\/cotes-de-nuits-blanc-150-cl-2005\/","url_meta":{"origin":13012,"position":4},"title":"L.J. Ch\u00e2teau des Jacques Moulin-\u00e0-Vent 150 cl 2022","date":"7 d\u00e9cembre 2015","format":false,"excerpt":"Louis Jadot. Le Moulin-\u00e0-Vent est un vin structur\u00e9, charpent\u00e9, charnu, particuli\u00e8rement velout\u00e9 et tendre en bouche. Avec sa robe rubis fonc\u00e9, il d\u00e9gage des ar\u00f4mes d'iris, de roses fan\u00e9es, d'\u00e9pices et de fruits murs. Il peut s'appr\u00e9cier jeune avec des viandes rouges ou blanches et avec des plats plus cors\u00e9s\u2026","rel":"","context":"Article similaire","img":{"alt_text":"","src":"https:\/\/i2.wp.com\/www.passionfruits.fr\/wp-content\/uploads\/2015\/12\/jacques_moulin_vent.jpg?fit=600%2C600&resize=350%2C200","width":350,"height":200},"classes":[]},{"id":5538,"url":"http:\/\/www.passionfruits.fr\/index.php\/produit\/porto-tawny-ramos-pinto\/","url_meta":{"origin":13012,"position":5},"title":"Porto tawny Burmester la bouteille de 70 cl","date":"7 d\u00e9cembre 2015","format":false,"excerpt":"Un Porto d\u2019une belle couleur brune brillante avec un nez plein aux ar\u00f4mes de fruits m\u00fbrs compl\u00e9t\u00e9s par de subtiles et s\u00e9ductrices nuances vanill\u00e9es. Au palais, le fruit prend toute son ampleur dans une fra\u00eecheur irr\u00e9sistible et un velout\u00e9 tr\u00e8s agr\u00e9able. A servir bien frais \u00e0 l\u2019ap\u00e9ritif et pour accompagner\u2026","rel":"","context":"Article similaire","img":{"alt_text":"","src":"https:\/\/i2.wp.com\/www.passionfruits.fr\/wp-content\/uploads\/2015\/12\/porto-tawny-burmester.jpg?fit=600%2C600&resize=350%2C200","width":350,"height":200},"classes":[]}],"_links":{"self":[{"href":"http:\/\/www.passionfruits.fr\/index.php\/wp-json\/wp\/v2\/product\/13012"}],"collection":[{"href":"http:\/\/www.passionfruits.fr\/index.php\/wp-json\/wp\/v2\/product"}],"about":[{"href":"http:\/\/www.passionfruits.fr\/index.php\/wp-json\/wp\/v2\/types\/product"}],"replies":[{"embeddable":true,"href":"http:\/\/www.passionfruits.fr\/index.php\/wp-json\/wp\/v2\/comments?post=13012"}],"wp:featuredmedia":[{"embeddable":true,"href":"http:\/\/www.passionfruits.fr\/index.php\/wp-json\/wp\/v2\/media\/19017"}],"wp:attachment":[{"href":"http:\/\/www.passionfruits.fr\/index.php\/wp-json\/wp\/v2\/media?parent=13012"}],"curies":[{"name":"wp","href":"https:\/\/api.w.org\/{rel}","templated":true}]}}