{"id":13708,"date":"2019-03-23T09:28:43","date_gmt":"2019-03-23T08:28:43","guid":{"rendered":"http:\/\/www.andreclaude.fr\/web\/index.php\/produit\/betterave-svide-france-bio-cat-1-les-500g\/"},"modified":"2023-11-10T07:03:21","modified_gmt":"2023-11-10T06:03:21","slug":"betterave-svide-france-bio-cat-1-les-500g","status":"publish","type":"product","link":"http:\/\/www.passionfruits.fr\/index.php\/produit\/betterave-svide-france-bio-cat-1-les-500g\/","title":{"rendered":"Betterave s\/vide France Cat 1 les 500g"},"content":{"rendered":"","protected":false},"excerpt":{"rendered":"","protected":false},"featured_media":5194,"comment_status":"closed","ping_status":"closed","template":"","meta":{"spay_email":"","jetpack_publicize_message":"","jetpack_is_tweetstorm":false},"jetpack_publicize_connections":[],"jetpack_sharing_enabled":true,"jetpack-related-posts":[{"id":5289,"url":"http:\/\/www.passionfruits.fr\/index.php\/produit\/betterave-crue-nouvelle-les-500-grs\/","url_meta":{"origin":13708,"position":0},"title":"Betterave crue France Cat 1 la pi\u00e8ce env 250g","date":"7 d\u00e9cembre 2015","format":false,"excerpt":"Compte tenu du temps de cuisson assez long, on trouve souvent la racine de betterave d\u00e9j\u00e0 cuite, vendue en vrac\u00a0 ou sous vide. On peut \u00e9galement la d\u00e9guster crue, r\u00e2p\u00e9e ou en carpaccio. Elle est, le plus souvent, consomm\u00e9e en salade.","rel":"","context":"Article similaire","img":{"alt_text":"","src":"https:\/\/i2.wp.com\/www.passionfruits.fr\/wp-content\/uploads\/2015\/12\/bettravecrue.jpg?fit=600%2C600&resize=350%2C200","width":350,"height":200},"classes":[]},{"id":18302,"url":"http:\/\/www.passionfruits.fr\/index.php\/produit\/duo-carotte-betterave-rappe-cat-1-france-barquette-400-grs\/","url_meta":{"origin":13708,"position":1},"title":"Duo Carotte\/Betterave rap\u00e9 cat 1 France barquette 400 grs","date":"16 septembre 2021","format":false,"excerpt":"","rel":"","context":"Article similaire","img":{"alt_text":"","src":"https:\/\/i1.wp.com\/www.passionfruits.fr\/wp-content\/uploads\/2021\/09\/ensaladaremolacha.jpg?fit=600%2C600&resize=350%2C200","width":350,"height":200},"classes":[]},{"id":4957,"url":"http:\/\/www.passionfruits.fr\/index.php\/produit\/betterave-ronde-cuite-les-500-grs\/","url_meta":{"origin":13708,"position":2},"title":"Betterave ronde France Cat 1 la pi\u00e8ce env. 250g","date":"7 d\u00e9cembre 2015","format":false,"excerpt":"","rel":"","context":"Article similaire","img":{"alt_text":"","src":"https:\/\/i2.wp.com\/www.passionfruits.fr\/wp-content\/uploads\/2015\/12\/betterave-ronde.jpg?fit=600%2C600&resize=350%2C200","width":350,"height":200},"classes":[]},{"id":7397,"url":"http:\/\/www.passionfruits.fr\/index.php\/produit\/celeri-rave-demi-piece-env-500g\/","url_meta":{"origin":13708,"position":3},"title":"C\u00e8leri rave France Cat 1 demi env. 500g","date":"1 janvier 2016","format":false,"excerpt":"","rel":"","context":"Article similaire","img":{"alt_text":"","src":"https:\/\/i1.wp.com\/www.passionfruits.fr\/wp-content\/uploads\/2016\/01\/celeri-rave.jpg?fit=580%2C420&resize=350%2C200","width":350,"height":200},"classes":[]},{"id":8550,"url":"http:\/\/www.passionfruits.fr\/index.php\/produit\/tomate-d-antan-les-500g\/","url_meta":{"origin":13708,"position":4},"title":"Tomate Saveur d'antan France Cat 1 les 500g","date":"1 avril 2016","format":false,"excerpt":"Les tomates Saveurs d\u2019antan, c\u2019est un assortiment de tomates de vari\u00e9t\u00e9s anciennes, de couleurs diff\u00e9rentes\u00a0: noire de Crim\u00e9e, green z\u00e9bra, tomate rose, cornue des Andes, c\u0153ur de b\u0153uf\u2026","rel":"","context":"Article similaire","img":{"alt_text":"","src":"https:\/\/i0.wp.com\/www.passionfruits.fr\/wp-content\/uploads\/2016\/04\/Tomate-dantan.jpg?fit=600%2C600&resize=350%2C200","width":350,"height":200},"classes":[]},{"id":5340,"url":"http:\/\/www.passionfruits.fr\/index.php\/produit\/pruneau-denoyaute-les-500grs\/","url_meta":{"origin":13708,"position":5},"title":"Pruneau d\u00e9noyaut\u00e9 France Cat 1 le sachet de 500g","date":"7 d\u00e9cembre 2015","format":false,"excerpt":"","rel":"","context":"Article similaire","img":{"alt_text":"","src":"https:\/\/i0.wp.com\/www.passionfruits.fr\/wp-content\/uploads\/2015\/12\/pruneau-sachet.jpg?fit=600%2C600&resize=350%2C200","width":350,"height":200},"classes":[]}],"_links":{"self":[{"href":"http:\/\/www.passionfruits.fr\/index.php\/wp-json\/wp\/v2\/product\/13708"}],"collection":[{"href":"http:\/\/www.passionfruits.fr\/index.php\/wp-json\/wp\/v2\/product"}],"about":[{"href":"http:\/\/www.passionfruits.fr\/index.php\/wp-json\/wp\/v2\/types\/product"}],"replies":[{"embeddable":true,"href":"http:\/\/www.passionfruits.fr\/index.php\/wp-json\/wp\/v2\/comments?post=13708"}],"wp:featuredmedia":[{"embeddable":true,"href":"http:\/\/www.passionfruits.fr\/index.php\/wp-json\/wp\/v2\/media\/5194"}],"wp:attachment":[{"href":"http:\/\/www.passionfruits.fr\/index.php\/wp-json\/wp\/v2\/media?parent=13708"}],"curies":[{"name":"wp","href":"https:\/\/api.w.org\/{rel}","templated":true}]}}