{"id":14595,"date":"2019-11-05T18:08:21","date_gmt":"2019-11-05T17:08:21","guid":{"rendered":"http:\/\/www.andreclaude.fr\/web\/index.php\/produit\/biere-de-chartres-la-bouteille-33cl\/"},"modified":"2025-04-15T09:39:22","modified_gmt":"2025-04-15T08:39:22","slug":"biere-de-chartres-la-bouteille-33cl","status":"publish","type":"product","link":"http:\/\/www.passionfruits.fr\/index.php\/produit\/biere-de-chartres-la-bouteille-33cl\/","title":{"rendered":"Bi\u00e8re blanche de Chartres la bouteille 33cl"},"content":{"rendered":"","protected":false},"excerpt":{"rendered":"<p>Biere de Chartres<\/p>\n<p>Brass\u00e9e au bl\u00e9 de Beauce<\/p>\n<p>Fermentation haute non filtr\u00e9e, elle est brass\u00e9e naturellement.<\/p>\n<p>Contient du malt de <strong>bl\u00e9<\/strong> et du malte d&#8217; <strong>orge<\/strong> .<\/p>\n<p>Alcool 5,0 %.<\/p>\n<p>Brasserie Meteor Alsace<\/p>\n<p>La consommation de boissons alcoolis\u00e9es pendant la grossesse, m\u00eame en faible quantit\u00e9, peut avoir des cons\u00e9quences graves sur la sant\u00e9 de l\u2019enfant.<\/p>\n<p>L ABUS D ALCOOL EST DANGEREUX POUR LA SANTE. A CONSOMMER AVEC MODERATION<\/p>\n<p>LA VENTE D ALCOOL EST INTERDITE AUX MINEURS.<\/p>\n<p>&nbsp;<\/p>\n","protected":false},"featured_media":14596,"comment_status":"closed","ping_status":"closed","template":"","meta":{"spay_email":"","jetpack_publicize_message":"","jetpack_is_tweetstorm":false},"jetpack_publicize_connections":[],"jetpack_sharing_enabled":true,"jetpack-related-posts":[{"id":14597,"url":"http:\/\/www.passionfruits.fr\/index.php\/produit\/biere-de-chartres-la-bouteille-75cl\/","url_meta":{"origin":14595,"position":0},"title":"Bi\u00e8re blanche de Chartres la bouteille 75cl","date":"5 novembre 2019","format":false,"excerpt":"Biere de Chartres Brass\u00e9e au bl\u00e9 de Beauce Fermentation haute non filtr\u00e9e, elle est brass\u00e9e naturellement. Contient du malt de bl\u00e9 et du malte d' orge . Alcool 5,0 %. Brasserie Meteor Alsace La consommation de boissons alcoolis\u00e9es pendant la grossesse, m\u00eame en faible quantit\u00e9, peut avoir des cons\u00e9quences graves\u2026","rel":"","context":"Article similaire","img":{"alt_text":"","src":"https:\/\/i1.wp.com\/www.passionfruits.fr\/wp-content\/uploads\/2019\/11\/biere-de-chartres.jpg?fit=600%2C600&resize=350%2C200","width":350,"height":200},"classes":[]},{"id":20398,"url":"http:\/\/www.passionfruits.fr\/index.php\/produit\/biere-blonde-de-chartres-la-bouteille-33cl\/","url_meta":{"origin":14595,"position":1},"title":"Bi\u00e8re blonde de Chartres la bouteille 33cl","date":"15 avril 2025","format":false,"excerpt":"Biere de Chartres blonde Brass\u00e9e au bl\u00e9 de Beauce Fermentation haute non filtr\u00e9e, elle est brass\u00e9e naturellement. Contient du malt de bl\u00e9 et du malte d' orge . Alcool 4,5 %. Brasserie Meteor Alsace La consommation de boissons alcoolis\u00e9es pendant la grossesse, m\u00eame en faible quantit\u00e9, peut avoir des cons\u00e9quences\u2026","rel":"","context":"Article similaire","img":{"alt_text":"","src":"https:\/\/i2.wp.com\/www.passionfruits.fr\/wp-content\/uploads\/2025\/04\/bcb.jpg?fit=600%2C600&resize=350%2C200","width":350,"height":200},"classes":[]},{"id":20401,"url":"http:\/\/www.passionfruits.fr\/index.php\/produit\/biere-ipa-de-chartres-la-bouteille-33cl\/","url_meta":{"origin":14595,"position":2},"title":"Bi\u00e8re IPA de Chartres la bouteille 33cl","date":"15 avril 2025","format":false,"excerpt":"Biere de Chartres ipa Brass\u00e9e au bl\u00e9 de Beauce Fermentation haute non filtr\u00e9e, elle est brass\u00e9e naturellement. Contient du malt de bl\u00e9 et du malte d' orge . Alcool 6,5 %. Brasserie Meteor Alsace La consommation de boissons alcoolis\u00e9es pendant la grossesse, m\u00eame en faible quantit\u00e9, peut avoir des cons\u00e9quences\u2026","rel":"","context":"Article similaire","img":{"alt_text":"","src":"https:\/\/i0.wp.com\/www.passionfruits.fr\/wp-content\/uploads\/2025\/04\/bcipa.jpg?fit=600%2C600&resize=350%2C200","width":350,"height":200},"classes":[]},{"id":20403,"url":"http:\/\/www.passionfruits.fr\/index.php\/produit\/biere-ipa-de-chartres-la-bouteille-75cl\/","url_meta":{"origin":14595,"position":3},"title":"Bi\u00e8re IPA de Chartres la bouteille 75cl","date":"15 avril 2025","format":false,"excerpt":"Biere de Chartres IPA Brass\u00e9e au bl\u00e9 de Beauce Fermentation haute non filtr\u00e9e, elle est brass\u00e9e naturellement. Contient du malt de bl\u00e9 et du malte d' orge . Alcool 6,5 %. Brasserie Meteor Alsace La consommation de boissons alcoolis\u00e9es pendant la grossesse, m\u00eame en faible quantit\u00e9, peut avoir des cons\u00e9quences\u2026","rel":"","context":"Article similaire","img":{"alt_text":"","src":"https:\/\/i0.wp.com\/www.passionfruits.fr\/wp-content\/uploads\/2025\/04\/bcipa.jpg?fit=600%2C600&resize=350%2C200","width":350,"height":200},"classes":[]},{"id":20400,"url":"http:\/\/www.passionfruits.fr\/index.php\/produit\/biere-blonde-de-chartres-la-bouteille-75cl\/","url_meta":{"origin":14595,"position":4},"title":"Bi\u00e8re blonde de Chartres la bouteille 75cl","date":"15 avril 2025","format":false,"excerpt":"Biere de Chartres blonde Brass\u00e9e au bl\u00e9 de Beauce Fermentation haute non filtr\u00e9e, elle est brass\u00e9e naturellement. Contient du malt de bl\u00e9 et du malte d' orge . Alcool 4,5 %. Brasserie Meteor Alsace La consommation de boissons alcoolis\u00e9es pendant la grossesse, m\u00eame en faible quantit\u00e9, peut avoir des cons\u00e9quences\u2026","rel":"","context":"Article similaire","img":{"alt_text":"","src":"https:\/\/i2.wp.com\/www.passionfruits.fr\/wp-content\/uploads\/2025\/04\/bcb.jpg?fit=600%2C600&resize=350%2C200","width":350,"height":200},"classes":[]},{"id":17049,"url":"http:\/\/www.passionfruits.fr\/index.php\/produit\/coffret-biere-de-chartres-une-bouteille-75cl-et-une-chope-100-cl\/","url_meta":{"origin":14595,"position":5},"title":"Coffret Bi\u00e8re de Chartres une bouteille 75cl et une Chope 100 cl","date":"10 d\u00e9cembre 2020","format":false,"excerpt":"Biere de Chartres Brass\u00e9e au bl\u00e9 de Beauce Fermentation haute non filtr\u00e9e, elle est brass\u00e9e naturellement. Contient du malt de bl\u00e9 et du malte d' orge . Alcool 5,0 %. Brasserie Meteor Alsace La consommation de boissons alcoolis\u00e9es pendant la grossesse, m\u00eame en faible quantit\u00e9, peut avoir des cons\u00e9quences graves\u2026","rel":"","context":"Article similaire","img":{"alt_text":"","src":"https:\/\/i2.wp.com\/www.passionfruits.fr\/wp-content\/uploads\/2019\/11\/Coffret-biere.jpg?fit=655%2C845&resize=350%2C200","width":350,"height":200},"classes":[]}],"_links":{"self":[{"href":"http:\/\/www.passionfruits.fr\/index.php\/wp-json\/wp\/v2\/product\/14595"}],"collection":[{"href":"http:\/\/www.passionfruits.fr\/index.php\/wp-json\/wp\/v2\/product"}],"about":[{"href":"http:\/\/www.passionfruits.fr\/index.php\/wp-json\/wp\/v2\/types\/product"}],"replies":[{"embeddable":true,"href":"http:\/\/www.passionfruits.fr\/index.php\/wp-json\/wp\/v2\/comments?post=14595"}],"wp:featuredmedia":[{"embeddable":true,"href":"http:\/\/www.passionfruits.fr\/index.php\/wp-json\/wp\/v2\/media\/14596"}],"wp:attachment":[{"href":"http:\/\/www.passionfruits.fr\/index.php\/wp-json\/wp\/v2\/media?parent=14595"}],"curies":[{"name":"wp","href":"https:\/\/api.w.org\/{rel}","templated":true}]}}