{"id":15010,"date":"2020-03-07T11:24:13","date_gmt":"2020-03-07T10:24:13","guid":{"rendered":"http:\/\/www.andreclaude.fr\/web\/index.php\/produit\/buzet-rouge-sans-sulfites-75-cl-2018\/"},"modified":"2021-03-17T08:36:25","modified_gmt":"2021-03-17T07:36:25","slug":"buzet-rouge-sans-sulfites-75-cl-2018","status":"publish","type":"product","link":"http:\/\/www.passionfruits.fr\/index.php\/produit\/buzet-rouge-sans-sulfites-75-cl-2018\/","title":{"rendered":"Buzet rouge sans sulfites 75 cl 2019"},"content":{"rendered":"<p>&nbsp;<\/p>\n<p>&nbsp;<\/p>\n","protected":false},"excerpt":{"rendered":"<p>\u00ab Sans \u00bb est un vin rouge sans sulfites ajout\u00e9s. Ce vin rouge atypique est n\u00e9 d\u2019une volont\u00e9 : celle de vous proposer un vin sans allerg\u00e8nes. Elabor\u00e9 un vin sans ajouter de \u00ab soufre \u00bb c\u2019est faire un vin autrement.<br \/>\nLa vendange dont est issu ce vin rouge \u00ab Sans \u00bb est d\u2019une qualit\u00e9 particuli\u00e8re. Seuls les raisins \u00e0 maturit\u00e9 parfaite et intacts sont s\u00e9lectionn\u00e9s pour ce vin rouge sans sulfites ajout\u00e9s.<br \/>\n\u00ab Sans \u00bb est ensuite \u00e9lev\u00e9 \u00e0 l\u2019abri complet de l\u2019air puis mis en bouteille avec pr\u00e9caution, afin d\u2019en pr\u00e9server tous les ar\u00f4mes, compte tenu du fait que nous n\u2019ajoutons aucun sulfites \u00e0 ce vin. Ce mill\u00e9sime 2018 est fruit\u00e9 et l\u00e9ger. Ce vin est sans sulfites ajout\u00e9s, mais avec des ar\u00f4mes et saveurs bien pr\u00e9sents !<\/p>\n<p class=\" text-justify\">Alcool 13.5 %<\/p>\n<p class=\" text-justify\">La consommation de boissons alcoolis\u00e9es pendant la grossesse, m\u00eame en faible quantit\u00e9, peut avoir des cons\u00e9quences graves sur la sant\u00e9 de l\u2019enfant.<\/p>\n<p class=\" text-justify\">L ABUS D ALCOOL EST DANGEREUX POUR LA SANTE. A CONSOMMER AVEC MODERATION.<\/p>\n<p class=\" text-justify\">LA VENTE D ALCOOL EST INTERDITE AUX MINEURS.<\/p>\n<p>Les vignerons de Buzet 47160 Buzet sur Ba\u00efse<\/p>\n","protected":false},"featured_media":15011,"comment_status":"closed","ping_status":"closed","template":"","meta":{"spay_email":"","jetpack_publicize_message":"","jetpack_is_tweetstorm":false},"jetpack_publicize_connections":[],"jetpack_sharing_enabled":true,"jetpack-related-posts":[{"id":20276,"url":"http:\/\/www.passionfruits.fr\/index.php\/produit\/haut-medoc-cuvees-initiales-la-bouteille-75-cl-2016\/","url_meta":{"origin":15010,"position":0},"title":"Haut M\u00e9doc cuv\u00e9es Initiales la bouteille 75 cl 2016","date":"10 janvier 2025","format":false,"excerpt":"Initiales est un vin rouge du domaine Andr\u00e9 Lurton, c'est un merlot. Au niveau du nez, on est sur quelque chose de tr\u00e8s aromatique, avec des fruits rouges frais. Ce vin accompagnera parfaitement vos viandes et vos fromages. Alcool 14 % Contient des sulfites. La consommation de boissons alcoolis\u00e9es pendant\u2026","rel":"","context":"Article similaire","img":{"alt_text":"","src":"https:\/\/i2.wp.com\/www.passionfruits.fr\/wp-content\/uploads\/2025\/01\/817.jpg?fit=600%2C600&resize=350%2C200","width":350,"height":200},"classes":[]},{"id":16015,"url":"http:\/\/www.passionfruits.fr\/index.php\/produit\/chateau-goumin-rouge-150-cl-2015\/","url_meta":{"origin":15010,"position":1},"title":"Ch\u00e2teau Goumin 150 cl 2019","date":"22 mai 2020","format":false,"excerpt":"Apparence Brillante et \u00e9l\u00e9gante, la robe de ce vin est d\u2019un rouge profond, agr\u00e9ment\u00e9 de jolis reflets violets. Nez G\u00e9n\u00e9reux, le nez pr\u00e9sente une belle structure, sur des notes grill\u00e9es, l\u00e9g\u00e8rement toast\u00e9es. Bouche En bouche, c\u2019est un vin tr\u00e8s s\u00e9duisant, tout en rondeur. \u00c0 la fois tannique et fruit\u00e9 (fruits\u2026","rel":"","context":"Article similaire","img":{"alt_text":"","src":"https:\/\/i0.wp.com\/www.passionfruits.fr\/wp-content\/uploads\/2018\/02\/chateau-goumin.jpg?fit=600%2C600&resize=350%2C200","width":350,"height":200},"classes":[]},{"id":5486,"url":"http:\/\/www.passionfruits.fr\/index.php\/produit\/champagne-beerens\/","url_meta":{"origin":15010,"position":2},"title":"Sancerre rouge Eric Louis 75 cl 2022","date":"7 d\u00e9cembre 2015","format":false,"excerpt":"C\u00e9page : 100 % Pinot Noir Terroir : argilo-calcaire et silex Travail de la vigne : la vigne est l\u2019objet d\u2019observations constantes: nous limitons nos rendements, d\u00e9butons les vendanges suivant la maturit\u00e9 de chaque parcelle, proc\u00e9dons au tri de la r\u00e9colte\u2026 Vinification : La vendange est tri\u00e9e et \u00e9grapp\u00e9e. Suite\u2026","rel":"","context":"Article similaire","img":{"alt_text":"","src":"https:\/\/i0.wp.com\/www.passionfruits.fr\/wp-content\/uploads\/2015\/12\/sancerre-rouge.jpg?fit=599%2C600&resize=350%2C200","width":350,"height":200},"classes":[]},{"id":5638,"url":"http:\/\/www.passionfruits.fr\/index.php\/produit\/cotes-de-nuits-blanc-150-cl-2005\/","url_meta":{"origin":15010,"position":3},"title":"L.J. Ch\u00e2teau des Jacques Moulin-\u00e0-Vent 150 cl 2022","date":"7 d\u00e9cembre 2015","format":false,"excerpt":"Louis Jadot. Le Moulin-\u00e0-Vent est un vin structur\u00e9, charpent\u00e9, charnu, particuli\u00e8rement velout\u00e9 et tendre en bouche. Avec sa robe rubis fonc\u00e9, il d\u00e9gage des ar\u00f4mes d'iris, de roses fan\u00e9es, d'\u00e9pices et de fruits murs. Il peut s'appr\u00e9cier jeune avec des viandes rouges ou blanches et avec des plats plus cors\u00e9s\u2026","rel":"","context":"Article similaire","img":{"alt_text":"","src":"https:\/\/i2.wp.com\/www.passionfruits.fr\/wp-content\/uploads\/2015\/12\/jacques_moulin_vent.jpg?fit=600%2C600&resize=350%2C200","width":350,"height":200},"classes":[]},{"id":5574,"url":"http:\/\/www.passionfruits.fr\/index.php\/produit\/domaine-du-tariquet-ugni-blanc-2013\/","url_meta":{"origin":15010,"position":4},"title":"Domaine du Tariquet Ugni Blanc 75 cl 2021","date":"7 d\u00e9cembre 2015","format":false,"excerpt":"35.70 \u20ac le carton de 6 bouteilles soit 5.95 \u20ac la bouteille \u00a0 Magnifique intensit\u00e9 pour ce vin sec et fruit\u00e9, tr\u00e8s ouvert sur des ar\u00f4mes floraux, d'agrumes, dot\u00e9 de belles nuances exotiques. Un vin tonique, croquant, avec beaucoup de fra\u00eecheur en bouche. C\u2019est un vin qui \u00f4te la soif.\u2026","rel":"","context":"Article similaire","img":{"alt_text":"","src":"https:\/\/i0.wp.com\/www.passionfruits.fr\/wp-content\/uploads\/2015\/12\/domaine-de-tariquet-classic-2010-ugni-blanc-colombard.jpg?fit=600%2C600&resize=350%2C200","width":350,"height":200},"classes":[]},{"id":5478,"url":"http:\/\/www.passionfruits.fr\/index.php\/produit\/petit-chablis-37-5-cl\/","url_meta":{"origin":15010,"position":5},"title":"Bourgogne Aligot\u00e9 37,5 cl 2022","date":"7 d\u00e9cembre 2015","format":false,"excerpt":"Petit chablis la Chablisienne. C\u2019est le vin \u00e0 essayer pour d\u00e9couvrir cette appellation\u00a0: moins complexe qu'un Chablis, plus facile et agr\u00e9able \u00e0 d\u00e9guster... Textur\u00e9, \u00e9l\u00e9gant, simple et typ\u00e9, ce vin s\u00e9duit sans d\u00e9tour par sa min\u00e9ralit\u00e9 rafra\u00eechissante et ses ar\u00f4mes d'agrumes et de fleurs. Un chardonnay made in Chablis dans\u2026","rel":"","context":"Article similaire","img":{"alt_text":"","src":"https:\/\/i1.wp.com\/www.passionfruits.fr\/wp-content\/uploads\/2015\/12\/Petit-chablis.jpg?fit=600%2C600&resize=350%2C200","width":350,"height":200},"classes":[]}],"_links":{"self":[{"href":"http:\/\/www.passionfruits.fr\/index.php\/wp-json\/wp\/v2\/product\/15010"}],"collection":[{"href":"http:\/\/www.passionfruits.fr\/index.php\/wp-json\/wp\/v2\/product"}],"about":[{"href":"http:\/\/www.passionfruits.fr\/index.php\/wp-json\/wp\/v2\/types\/product"}],"replies":[{"embeddable":true,"href":"http:\/\/www.passionfruits.fr\/index.php\/wp-json\/wp\/v2\/comments?post=15010"}],"wp:featuredmedia":[{"embeddable":true,"href":"http:\/\/www.passionfruits.fr\/index.php\/wp-json\/wp\/v2\/media\/15011"}],"wp:attachment":[{"href":"http:\/\/www.passionfruits.fr\/index.php\/wp-json\/wp\/v2\/media?parent=15010"}],"curies":[{"name":"wp","href":"https:\/\/api.w.org\/{rel}","templated":true}]}}