{"id":16208,"date":"2020-07-03T07:26:37","date_gmt":"2020-07-03T06:26:37","guid":{"rendered":"http:\/\/www.andreclaude.fr\/web\/?post_type=product&#038;p=16208"},"modified":"2026-04-21T09:46:19","modified_gmt":"2026-04-21T08:46:19","slug":"burrata-100-g-la-piece","status":"publish","type":"product","link":"http:\/\/www.passionfruits.fr\/index.php\/produit\/burrata-100-g-la-piece\/","title":{"rendered":"Burrata 100 g la pi\u00e8ce"},"content":{"rendered":"<p>promo<\/p>\n","protected":false},"excerpt":{"rendered":"<p>promo<\/p>\n","protected":false},"featured_media":16209,"comment_status":"closed","ping_status":"closed","template":"","meta":{"spay_email":"","jetpack_publicize_message":"","jetpack_is_tweetstorm":false},"jetpack_publicize_connections":[],"jetpack_sharing_enabled":true,"jetpack-related-posts":[{"id":6325,"url":"http:\/\/www.passionfruits.fr\/index.php\/produit\/kiwi-promo-lot-de-10-pieces\/","url_meta":{"origin":16208,"position":0},"title":"Kiwi Vert Promo France  Cat 1  les 10 pi\u00e8ces","date":"7 d\u00e9cembre 2015","format":false,"excerpt":"","rel":"","context":"Article similaire","img":{"alt_text":"","src":"https:\/\/i1.wp.com\/www.passionfruits.fr\/wp-content\/uploads\/2015\/12\/kiwi.jpg?fit=375%2C320&resize=350%2C200","width":350,"height":200},"classes":[]},{"id":6327,"url":"http:\/\/www.passionfruits.fr\/index.php\/produit\/pomelos-promo-rose-lot-de-3-pieces\/","url_meta":{"origin":16208,"position":1},"title":"Pomelos Rose Espagne cat 1 promo les 3 pi\u00e8ces","date":"7 d\u00e9cembre 2015","format":false,"excerpt":"Conservation: A temp\u00e9rature ambiante pendant une semaine, attention je risque de s\u00e9cher. Au r\u00e9frig\u00e9rateur vous pourrez me conserver 3 semaines, sans risque de d\u00e9shydratation ainsi je garde tous mon jus et mes vitamines !!!","rel":"","context":"Article similaire","img":{"alt_text":"","src":"https:\/\/i0.wp.com\/www.passionfruits.fr\/wp-content\/uploads\/2015\/12\/Pomelos.jpg?fit=600%2C600&resize=350%2C200","width":350,"height":200},"classes":[]},{"id":5006,"url":"http:\/\/www.passionfruits.fr\/index.php\/produit\/myrtille-barq-promo-125grs\/","url_meta":{"origin":16208,"position":2},"title":"Myrtille  Cat 1 Perou la barquette 125 g","date":"7 d\u00e9cembre 2015","format":false,"excerpt":"Origine Belgique","rel":"","context":"Article similaire","img":{"alt_text":"","src":"https:\/\/i0.wp.com\/www.passionfruits.fr\/wp-content\/uploads\/2015\/12\/myrtille.jpg?fit=312%2C384&resize=350%2C200","width":350,"height":200},"classes":[]},{"id":10682,"url":"http:\/\/www.passionfruits.fr\/index.php\/produit\/neuville-au-poivre-la-piece-240-g\/","url_meta":{"origin":16208,"position":3},"title":"Neuville au poivre  la pi\u00e8ce 240 g","date":"6 juin 2017","format":false,"excerpt":"Le Neuville est un fromage \u00e0 p\u00e2te molle, au lait de vache pasteuris\u00e9. Sa mati\u00e8re grasse sur extrait sec est de 40 %, son poids de 240 g, Au cours de son affinage en cave, il d\u00e9veloppe une p\u00e2te homog\u00e8ne, cr\u00e9meuse \u00e0 souhait.","rel":"","context":"Article similaire","img":{"alt_text":"","src":"https:\/\/i2.wp.com\/www.passionfruits.fr\/wp-content\/uploads\/2017\/06\/Neuvillepoivre.jpg?fit=593%2C591&resize=350%2C200","width":350,"height":200},"classes":[]},{"id":6323,"url":"http:\/\/www.passionfruits.fr\/index.php\/produit\/kiwi-lot-de-5-pieces\/","url_meta":{"origin":16208,"position":4},"title":"Kiwi Vert Promo France  Cat 1 les 5 pi\u00e8ces","date":"7 d\u00e9cembre 2015","format":false,"excerpt":"","rel":"","context":"Article similaire","img":{"alt_text":"","src":"https:\/\/i1.wp.com\/www.passionfruits.fr\/wp-content\/uploads\/2015\/12\/kiwi.jpg?fit=375%2C320&resize=350%2C200","width":350,"height":200},"classes":[]},{"id":19350,"url":"http:\/\/www.passionfruits.fr\/index.php\/produit\/camembert-gerbe-d-or-au-lait-cru-la-piece-240-grs\/","url_meta":{"origin":16208,"position":5},"title":"Camembert Gerbe d' or au lait cru la pi\u00e8ce 240 grs","date":"15 avril 2023","format":false,"excerpt":"\u00a0 \u00a0","rel":"","context":"Article similaire","img":{"alt_text":"","src":"https:\/\/i0.wp.com\/www.passionfruits.fr\/wp-content\/uploads\/2023\/04\/gerbe.jpg?fit=600%2C600&resize=350%2C200","width":350,"height":200},"classes":[]}],"_links":{"self":[{"href":"http:\/\/www.passionfruits.fr\/index.php\/wp-json\/wp\/v2\/product\/16208"}],"collection":[{"href":"http:\/\/www.passionfruits.fr\/index.php\/wp-json\/wp\/v2\/product"}],"about":[{"href":"http:\/\/www.passionfruits.fr\/index.php\/wp-json\/wp\/v2\/types\/product"}],"replies":[{"embeddable":true,"href":"http:\/\/www.passionfruits.fr\/index.php\/wp-json\/wp\/v2\/comments?post=16208"}],"wp:featuredmedia":[{"embeddable":true,"href":"http:\/\/www.passionfruits.fr\/index.php\/wp-json\/wp\/v2\/media\/16209"}],"wp:attachment":[{"href":"http:\/\/www.passionfruits.fr\/index.php\/wp-json\/wp\/v2\/media?parent=16208"}],"curies":[{"name":"wp","href":"https:\/\/api.w.org\/{rel}","templated":true}]}}