{"id":17072,"date":"2020-12-11T10:19:21","date_gmt":"2020-12-11T09:19:21","guid":{"rendered":"http:\/\/www.andreclaude.fr\/web\/index.php\/produit\/coffret-rhum-xo-pasador-3-x20-cl\/"},"modified":"2024-02-29T18:17:12","modified_gmt":"2024-02-29T17:17:12","slug":"coffret-rhum-xo-pasador-3-x20-cl","status":"publish","type":"product","link":"http:\/\/www.passionfruits.fr\/index.php\/produit\/coffret-rhum-xo-pasador-3-x20-cl\/","title":{"rendered":"Rhum XO (Pasador le passeur d\u2019or en fran\u00e7ais) Coffret 3 x20 cl"},"content":{"rendered":"","protected":false},"excerpt":{"rendered":"<p>EL PASADOR DE ORO (le passeur d\u2019or en fran\u00e7ais) lance son premier coffret de trois bouteilles de 20 cl d\u00e9clinant ses trois cr\u00e9ations : XO, GRAN RESERVA et 50.<\/p>\n<p>EL PASADOR DE ORO XO met d\u2019abord en \u00e9vidence un nez intense d\u2019\u00e9pices douces et de cr\u00e8me brul\u00e9e avant de s\u2019enrichir de fruits exotiques, de fruits secs et de chocolat noir. La bouche est tr\u00e8s ronde et l\u00e9g\u00e8rement \u00e9pic\u00e9e. La finale est profonde et complexe. 40% alc.<\/p>\n<p>EL PASADOR DE ORO GRAN RESERVA se distingue d\u2019embl\u00e9e par sa puissance et sa richesse aromatique. Son nez puissant, sa bouche onctueuse et sa grande complexit\u00e9 en font un rhum d\u2019exception destin\u00e9 aux connaisseurs. 40% alc.<\/p>\n<p>EL PASADOR DE ORO 50 s\u00e9duit par sa personnalit\u00e9 unique. Avec un nez fruit\u00e9 et une bouche proche des rhums agricoles, une teneur de 10 grammes de sucre par litre et un degr\u00e9 d\u2019alcool de 50% vol. Ce rhum offre l\u2019authenticit\u00e9 du Guatemala \u00e0 l\u2019\u00e9tat brut, une formule qui privil\u00e9gie simplicit\u00e9, puissance et longueur. 50% al<\/p>\n<p>La consommation de boissons alcoolis\u00e9es pendant la grossesse, m\u00eame en faible quantit\u00e9, peut avoir des cons\u00e9quences graves sur la sant\u00e9 de l\u2019enfant.<\/p>\n<p>L ABUS D ALCOOL EST DANGEREUX POUR LA SANTE. A CONSOMMER AVEC MODERATION.<\/p>\n<p>LA VENTE D ALCOOL EST INTERDITE AUX MINEURS.<\/p>\n<p>Les bienheureux 10 avenue de la Grande Arm\u00e9e 75017 Paris.<\/p>\n<p>&nbsp;<\/p>\n","protected":false},"featured_media":17619,"comment_status":"closed","ping_status":"closed","template":"","meta":{"spay_email":"","jetpack_publicize_message":"","jetpack_is_tweetstorm":false},"jetpack_publicize_connections":[],"jetpack_sharing_enabled":true,"jetpack-related-posts":[{"id":7182,"url":"http:\/\/www.passionfruits.fr\/index.php\/produit\/rhum-xo-70-cl\/","url_meta":{"origin":17072,"position":0},"title":"Rhum XO El Pasador 70 cl","date":"22 d\u00e9cembre 2015","format":false,"excerpt":"Rhum xo el pasador de oro 70 cl\u00a0 40\u00b0 Guatemala Le rhum XO du Guatemala se pr\u00e9sente dans une tr\u00e8s jolie carafe sous \u00e9tui. Profil : Equilibre, \u00e9l\u00e9gance, onctuosit\u00e9, rondeur et complexit\u00e9 aromatique. \u00c0 propos de EL PASADOR DE ORO. Devenue en moins de cinq ans la marque en plus\u2026","rel":"","context":"Article similaire","img":{"alt_text":"","src":"https:\/\/i2.wp.com\/www.passionfruits.fr\/wp-content\/uploads\/2015\/12\/777.jpg?fit=600%2C600&resize=350%2C200","width":350,"height":200},"classes":[]},{"id":11415,"url":"http:\/\/www.passionfruits.fr\/index.php\/produit\/champagne-bouche-pere-fils-cuvee-rosee-75-cl\/","url_meta":{"origin":17072,"position":1},"title":"Champagne Bouch\u00e9 P\u00e8re & Fils Cuv\u00e9e Ros\u00e9e 75 cl","date":"15 d\u00e9cembre 2017","format":false,"excerpt":"Cette cuv\u00e9e est compos\u00e9e de 50% Pinot Noir, 40% Chardonnay et 10% Pinot Meunier. \u2013 ros\u00e9 d\u2019assemblage \u2013 trois ann\u00e9es de vieillissement en bouteille. \u2013 ar\u00f4mes \u00e9l\u00e9gant et subtils de fruits rouges Oeil : Robe rose claire, bulles fines et d\u00e9licates. Nez : Tr\u00e8s fruit\u00e9, ar\u00f4mes de fruits rouges et\u2026","rel":"","context":"Article similaire","img":{"alt_text":"","src":"https:\/\/i0.wp.com\/www.passionfruits.fr\/wp-content\/uploads\/2017\/12\/bouche-rose1.jpg?fit=600%2C599&resize=350%2C200","width":350,"height":200},"classes":[]},{"id":18741,"url":"http:\/\/www.passionfruits.fr\/index.php\/produit\/coffret-degustation-rhum-arrange-5-b-x-5-cl\/","url_meta":{"origin":17072,"position":2},"title":"Coffret D\u00e9gustation Rhum Arrang\u00e9 5 B. x 5 cl","date":"9 avril 2022","format":false,"excerpt":"Coffret D\u00e9gustation Rhum Arrang\u00e9 5 B. x 5 cl Ananas, Mangue passion, Shrubb, Gingembre citron vert et Duo de Vanilles Alcool entre 17 et 34\u00a0 % selon les vari\u00e9t\u00e9es La consommation de boissons alcoolis\u00e9es pendant la grossesse, m\u00eame en faible quantit\u00e9, peut avoir des cons\u00e9quences graves sur la sant\u00e9 de\u2026","rel":"","context":"Article similaire","img":{"alt_text":"","src":"https:\/\/i2.wp.com\/www.passionfruits.fr\/wp-content\/uploads\/2022\/04\/84130.jpg?fit=600%2C600&resize=350%2C200","width":350,"height":200},"classes":[]},{"id":19831,"url":"http:\/\/www.passionfruits.fr\/index.php\/produit\/whisky-francais-bellevoye-triple-malt-non-tourbe-finition-rhum-70-cl\/","url_meta":{"origin":17072,"position":3},"title":"Whisky Fran\u00e7ais Bellevoye triple malt, non tourb\u00e9 finition Rhum 70 cl","date":"1 mars 2024","format":false,"excerpt":"Le whisky de France affin\u00e9 en barriques de rhum ! BELLEVOYE est d\u00e9j\u00e0 en t\u00eate du classement des whiskies fran\u00e7ais. Servi \u00e0 l\u2019Elys\u00e9e, il a \u00e9galement gagn\u00e9 l\u2019appel d\u2019offres d\u2019Air France pour la classe affaires. BELLEVOYE est une des productions qui se fait de mieux dans le Monde du whisky.\u2026","rel":"","context":"Article similaire","img":{"alt_text":"","src":"https:\/\/i1.wp.com\/www.passionfruits.fr\/wp-content\/uploads\/2024\/03\/755.jpg?fit=600%2C600&resize=350%2C200","width":350,"height":200},"classes":[]},{"id":17066,"url":"http:\/\/www.passionfruits.fr\/index.php\/produit\/whisky-francais-bellevoye-triple-malt-finition-sauterne-70-cl-blanc\/","url_meta":{"origin":17072,"position":4},"title":"Whisky Fran\u00e7ais Bellevoye Triple Malt finition sauterne 70 cl blanc","date":"11 d\u00e9cembre 2020","format":false,"excerpt":"Whisky Fran\u00e7ais Bellevoye 40\u00b0Triple Malt finition sauterne Avec \u00e9tui 70 cl Whisky triple malt, non\u00a0tourb\u00e9.\u200b Fini dans nos chais charentais en barriques de grands crus de Sauternes. \u00c9levage Primaire : trois \u00e0 huit ans en barriques de ch\u00eane. Secondaire : \u200bsix mois post-assemblage en barriques de grands crus de Sauternes.\u2026","rel":"","context":"Article similaire","img":{"alt_text":"","src":"https:\/\/i1.wp.com\/www.passionfruits.fr\/wp-content\/uploads\/2020\/12\/whiskyblanc.jpg?fit=300%2C300&resize=350%2C200","width":350,"height":200},"classes":[]},{"id":5408,"url":"http:\/\/www.passionfruits.fr\/index.php\/produit\/chateau-de-laubade-xo-elie-70-cl\/","url_meta":{"origin":17072,"position":5},"title":"Armagnac XO Ch\u00e2teau du Tariquet 70 CL","date":"7 d\u00e9cembre 2015","format":false,"excerpt":"Commentaire de d\u00e9gustation : R\u00e9f\u00e9rence internationale\u2026 XO Nez intense, confit, aux ar\u00f4mes de pain chaud avec des notes de fruits confits et de grill\u00e9. La bouche est fra\u00eeche et ronde, souple, t\u00e9moin d\u2019un subtil mariage entre le vanill\u00e9 du bois et le fruit. La finale est \u00e9panouie, elle retient des\u2026","rel":"","context":"Article similaire","img":{"alt_text":"","src":"https:\/\/i0.wp.com\/www.passionfruits.fr\/wp-content\/uploads\/2015\/12\/armagnac-xo-tariquet.jpg?fit=600%2C600&resize=350%2C200","width":350,"height":200},"classes":[]}],"_links":{"self":[{"href":"http:\/\/www.passionfruits.fr\/index.php\/wp-json\/wp\/v2\/product\/17072"}],"collection":[{"href":"http:\/\/www.passionfruits.fr\/index.php\/wp-json\/wp\/v2\/product"}],"about":[{"href":"http:\/\/www.passionfruits.fr\/index.php\/wp-json\/wp\/v2\/types\/product"}],"replies":[{"embeddable":true,"href":"http:\/\/www.passionfruits.fr\/index.php\/wp-json\/wp\/v2\/comments?post=17072"}],"wp:featuredmedia":[{"embeddable":true,"href":"http:\/\/www.passionfruits.fr\/index.php\/wp-json\/wp\/v2\/media\/17619"}],"wp:attachment":[{"href":"http:\/\/www.passionfruits.fr\/index.php\/wp-json\/wp\/v2\/media?parent=17072"}],"curies":[{"name":"wp","href":"https:\/\/api.w.org\/{rel}","templated":true}]}}