{"id":17492,"date":"2021-02-11T11:14:37","date_gmt":"2021-02-11T10:14:37","guid":{"rendered":"http:\/\/www.andreclaude.fr\/web\/?post_type=product&#038;p=17492"},"modified":"2024-12-12T08:27:40","modified_gmt":"2024-12-12T07:27:40","slug":"sel-de-deneigement-sac-de-10-kilo","status":"publish","type":"product","link":"http:\/\/www.passionfruits.fr\/index.php\/produit\/sel-de-deneigement-sac-de-10-kilo\/","title":{"rendered":"AA  Sel de deneigement promo Sac de 10 kilo"},"content":{"rendered":"","protected":false},"excerpt":{"rendered":"","protected":false},"featured_media":17606,"comment_status":"closed","ping_status":"closed","template":"","meta":{"spay_email":"","jetpack_publicize_message":"","jetpack_is_tweetstorm":false},"jetpack_publicize_connections":[],"jetpack_sharing_enabled":true,"jetpack-related-posts":[{"id":4894,"url":"http:\/\/www.passionfruits.fr\/index.php\/produit\/endive-promo-le-kilo\/","url_meta":{"origin":17492,"position":0},"title":"Endive France   Cat 1 les 500 grs","date":"7 d\u00e9cembre 2015","format":false,"excerpt":"Crue ou cuite, un d\u00e9lice !!!!","rel":"","context":"Article similaire","img":{"alt_text":"","src":"https:\/\/i0.wp.com\/www.passionfruits.fr\/wp-content\/uploads\/2015\/12\/endive.jpg?fit=600%2C600&resize=350%2C200","width":350,"height":200},"classes":[]},{"id":6376,"url":"http:\/\/www.passionfruits.fr\/index.php\/produit\/p-d-t-grenaille-x-5-kg-le-kilo\/","url_meta":{"origin":17492,"position":1},"title":"P.D.T. Grenaille  Promo  France Cat 1 les 5 kg soit 2,50 \u20ac le kg","date":"7 d\u00e9cembre 2015","format":false,"excerpt":"Pomme de terre agatha Calibre 28mm-40mm Pommes de terre de consommation Traitement anti-germinatif","rel":"","context":"Article similaire","img":{"alt_text":"","src":"https:\/\/i2.wp.com\/www.passionfruits.fr\/wp-content\/uploads\/2015\/12\/pomme-de-terre-grenaille.jpg?fit=800%2C553&resize=350%2C200","width":350,"height":200},"classes":[]},{"id":6374,"url":"http:\/\/www.passionfruits.fr\/index.php\/produit\/p-d-t-rouge-cherie-lavee-x-5-kg-le-kilo\/","url_meta":{"origin":17492,"position":2},"title":"P.D.T. Cheyenne Promo France Cat 1 les 5 kg soit 2,00 \u20ac le Kg","date":"7 d\u00e9cembre 2015","format":false,"excerpt":"Calibre 35 - 55 \u00a0 Pommes de terre \u00e0 chaire ferme Traitement anti-germinatif","rel":"","context":"Article similaire","img":{"alt_text":"","src":"https:\/\/i1.wp.com\/www.passionfruits.fr\/wp-content\/uploads\/2015\/12\/pomme-de-terre-rouge.jpg?fit=410%2C307&resize=350%2C200","width":350,"height":200},"classes":[]},{"id":5091,"url":"http:\/\/www.passionfruits.fr\/index.php\/produit\/mangue-promo-la-piece\/","url_meta":{"origin":17492,"position":3},"title":"Mangue P\u00e9rou Cat 1 la pi\u00e8ce","date":"7 d\u00e9cembre 2015","format":false,"excerpt":"La laisser a\u0300 la tempe\u0301rature de la pie\u0300ce jusqu\u2019a\u0300 ce qu\u2019elle soit mu\u0302re. Une mangue encore verte continuera a\u0300 mu\u0302rir pendant une semaine a\u0300 la tempe\u0301rature ambiante. La placer dans un sac de papier si on de\u0301sire acce\u0301le\u0301rer le mu\u0302rissement. Ne jamais conserver au r\u00e9frig\u00e9rateur.","rel":"","context":"Article similaire","img":{"alt_text":"","src":"https:\/\/i1.wp.com\/www.passionfruits.fr\/wp-content\/uploads\/2016\/03\/mangues.jpg?fit=570%2C570&resize=350%2C200","width":350,"height":200},"classes":[]},{"id":5041,"url":"http:\/\/www.passionfruits.fr\/index.php\/produit\/p-d-t-grenaille-de-noirmoutier-le-kilo\/","url_meta":{"origin":17492,"position":4},"title":"grenaille ile de re  le kilo","date":"7 d\u00e9cembre 2015","format":false,"excerpt":"Les pommes de terre primeur n\u2019ont pas besoin d\u2019\u00eatre \u00e9pluch\u00e9es tant la peau est fine et d\u00e9licieuse. A cuire directement \u00e0 la po\u00eale avec du beurre et de l'huile, assaisonner de fleur de sel et de poivre,\u00a0 un d\u00e9lice pour les papilles !!! Calibre\u00a0 35 - 55 Pommes de terre\u2026","rel":"","context":"Article similaire","img":{"alt_text":"","src":"https:\/\/i0.wp.com\/www.passionfruits.fr\/wp-content\/uploads\/2015\/12\/noirmoutier.jpg?fit=600%2C600&resize=350%2C200","width":350,"height":200},"classes":[]},{"id":6325,"url":"http:\/\/www.passionfruits.fr\/index.php\/produit\/kiwi-promo-lot-de-10-pieces\/","url_meta":{"origin":17492,"position":5},"title":"Kiwi Vert Promo France  Cat 1  les 10 pi\u00e8ces","date":"7 d\u00e9cembre 2015","format":false,"excerpt":"","rel":"","context":"Article similaire","img":{"alt_text":"","src":"https:\/\/i1.wp.com\/www.passionfruits.fr\/wp-content\/uploads\/2015\/12\/kiwi.jpg?fit=375%2C320&resize=350%2C200","width":350,"height":200},"classes":[]}],"_links":{"self":[{"href":"http:\/\/www.passionfruits.fr\/index.php\/wp-json\/wp\/v2\/product\/17492"}],"collection":[{"href":"http:\/\/www.passionfruits.fr\/index.php\/wp-json\/wp\/v2\/product"}],"about":[{"href":"http:\/\/www.passionfruits.fr\/index.php\/wp-json\/wp\/v2\/types\/product"}],"replies":[{"embeddable":true,"href":"http:\/\/www.passionfruits.fr\/index.php\/wp-json\/wp\/v2\/comments?post=17492"}],"wp:featuredmedia":[{"embeddable":true,"href":"http:\/\/www.passionfruits.fr\/index.php\/wp-json\/wp\/v2\/media\/17606"}],"wp:attachment":[{"href":"http:\/\/www.passionfruits.fr\/index.php\/wp-json\/wp\/v2\/media?parent=17492"}],"curies":[{"name":"wp","href":"https:\/\/api.w.org\/{rel}","templated":true}]}}