{"id":17705,"date":"2021-03-14T05:10:14","date_gmt":"2021-03-14T04:10:14","guid":{"rendered":"http:\/\/www.passionfruits.fr\/?post_type=product&#038;p=17705"},"modified":"2025-03-15T08:29:32","modified_gmt":"2025-03-15T07:29:32","slug":"yaourt-framboise-le-pot-de-125g","status":"publish","type":"product","link":"http:\/\/www.passionfruits.fr\/index.php\/produit\/yaourt-framboise-le-pot-de-125g\/","title":{"rendered":"Yaourt framboise le pot de 125g"},"content":{"rendered":"<p style=\"text-align: left;\">Promo<\/p>\n","protected":false},"excerpt":{"rendered":"<p>Fabriqu\u00e9s \u00e0 la ferme avec du lait entier<\/p>\n<p>Recette naturelle, sans additif, sans conservateur, sans OGM.<\/p>\n<p>Bourdel 37160Neuilly le Brignon<\/p>\n<p>Ingr\u00e9dients :<br \/>\nLait* entier pasteuris\u00e9<br \/>\nFruits 15%<br \/>\nSucre 6%<br \/>\nPoudre de Lait* 2%<br \/>\nFerments Lactiques<br \/>\nLe lait est pasteuris\u00e9 au bain<br \/>\nmarie \u00e0 82\u00b0C pendant 10 minutes.<br \/>\nLe lait est entier et n\u2019a subit<br \/>\naucune homog\u00e9n\u00e9isation<br \/>\nValeurs Nutritionnelles pour : 100 gr 125 gr<br \/>\nValeur Energ\u00e9tiques (en kJ) 563 704<br \/>\nValeur Calorique (en kcal) 134 168<br \/>\nMati\u00e8res Grasses (en gr) 3,33 4,16<br \/>\ndont Acides Gras Satur\u00e9s (en gr) 1,86 2,33<br \/>\nGlucides (en gr) 22,69 28,36<br \/>\ndont Sucres (en gr) 20,17 25,21<br \/>\nFibres Alimentaires (en gr) 0,52 0,65<br \/>\nProt\u00e9ines (en gr) 3,61 4,51<br \/>\nSel (en mg) 112 140<br \/>\nCalcium (en mg) 117 146<br \/>\nVitamine D (en \u00b5g) 0,04 0,05<\/p>\n","protected":false},"featured_media":17703,"comment_status":"closed","ping_status":"closed","template":"","meta":{"spay_email":"","jetpack_publicize_message":"","jetpack_is_tweetstorm":false},"jetpack_publicize_connections":[],"jetpack_sharing_enabled":true,"jetpack-related-posts":[{"id":20367,"url":"http:\/\/www.passionfruits.fr\/index.php\/produit\/yaourt-nature-maurice-le-pot-de-125-grs\/","url_meta":{"origin":17705,"position":0},"title":"Yaourt Nature Maurice le pot de 125 grs","date":"15 mars 2025","format":false,"excerpt":"Fabriqu\u00e9s \u00e0 la ferme avec du lait entier Recette naturelle, sans additif, sans conservateur, sans OGM. Bourdel 37160Neuilly le Brignon Ingr\u00e9dients : Lait* entier pasteuris\u00e9 Fruits 15%, sucre 6% Poudre de Lait* 2% Ferments Lactiques Le lait est pasteuris\u00e9 au bain marie \u00e0 82\u00b0C pendant 10 minutes. Le lait est\u2026","rel":"","context":"Article similaire","img":{"alt_text":"","src":"https:\/\/i0.wp.com\/www.passionfruits.fr\/wp-content\/uploads\/2021\/03\/Yaourt-Noix-de-coco.jpg?fit=1024%2C680&resize=350%2C200","width":350,"height":200},"classes":[]},{"id":17708,"url":"http:\/\/www.passionfruits.fr\/index.php\/produit\/yaourt-abricot-le-pot-125-grs\/","url_meta":{"origin":17705,"position":1},"title":"Yaourt Abricot le pot 125 grs","date":"14 mars 2021","format":false,"excerpt":"Ingr\u00e9dients : Lait* entier pasteuris\u00e9 Fruits 15% Sucre 6% Poudre de Lait* 2% Ferments Lactiques Le lait est pasteuris\u00e9 au bain marie \u00e0 82\u00b0C pendant 10 minutes. Le lait est entier et n\u2019a subit aucune homog\u00e9n\u00e9isation Valeurs Nutritionnelles pour : 100 gr 125 gr Valeur Energ\u00e9tiques (en kJ) 567 709\u2026","rel":"","context":"Article similaire","img":{"alt_text":"","src":"https:\/\/i0.wp.com\/www.passionfruits.fr\/wp-content\/uploads\/2021\/03\/Yaourt-Noix-de-coco.jpg?fit=1024%2C680&resize=350%2C200","width":350,"height":200},"classes":[]},{"id":17706,"url":"http:\/\/www.passionfruits.fr\/index.php\/produit\/yaourt-citron-le-pot-de-125g\/","url_meta":{"origin":17705,"position":2},"title":"Yaourt Citron le pot  de 125g","date":"14 mars 2021","format":false,"excerpt":"Fabriqu\u00e9s \u00e0 la ferme avec du lait entier Recette naturelle, sans additif, sans conservateur, sans OGM. Bourdel 37160Neuilly le Brignon Ingr\u00e9dients : Lait* entier pasteuris\u00e9 Fruits 15% Sucre 6% Poudre de Lait* 2% Ferments Lactiques Le lait est pasteuris\u00e9 au bain marie \u00e0 82\u00b0C pendant 10 minutes. Le lait est\u2026","rel":"","context":"Article similaire","img":{"alt_text":"","src":"https:\/\/i0.wp.com\/www.passionfruits.fr\/wp-content\/uploads\/2021\/03\/Yaourt-Noix-de-coco.jpg?fit=1024%2C680&resize=350%2C200","width":350,"height":200},"classes":[]},{"id":17704,"url":"http:\/\/www.passionfruits.fr\/index.php\/produit\/yaourt-fraise-le-pot-de-125g\/","url_meta":{"origin":17705,"position":3},"title":"Yaourt fraise le pot de  125g","date":"14 mars 2021","format":false,"excerpt":"Fabriqu\u00e9s \u00e0 la ferme avec du lait entier Recette naturelle, sans additif, sans conservateur, sans OGM. Bourdel 37160Neuilly le Brignon Ingr\u00e9dients : Lait* entier pasteuris\u00e9 Fruits 15%, sucre 6% Poudre de Lait* 2% Ferments Lactiques Le lait est pasteuris\u00e9 au bain marie \u00e0 82\u00b0C pendant 10 minutes. Le lait est\u2026","rel":"","context":"Article similaire","img":{"alt_text":"","src":"https:\/\/i0.wp.com\/www.passionfruits.fr\/wp-content\/uploads\/2021\/03\/Yaourt-Noix-de-coco.jpg?fit=1024%2C680&resize=350%2C200","width":350,"height":200},"classes":[]},{"id":17707,"url":"http:\/\/www.passionfruits.fr\/index.php\/produit\/yaourt-cerise-le-pot-de-125g\/","url_meta":{"origin":17705,"position":4},"title":"Yaourt Cerise le pot de 125g","date":"14 mars 2021","format":false,"excerpt":"Fabriqu\u00e9s \u00e0 la ferme avec du lait entier Recette naturelle, sans additif, sans conservateur, sans OGM. Bourdel 37160Neuilly le Brignon Ingr\u00e9dients : Lait* entier pasteuris\u00e9 Fruits 15% Sucre 6% Poudre de Lait* 2% Ferments Lactiques Le lait est pasteuris\u00e9 au bain marie \u00e0 82\u00b0C pendant 10 minutes. Le lait est\u2026","rel":"","context":"Article similaire","img":{"alt_text":"","src":"https:\/\/i0.wp.com\/www.passionfruits.fr\/wp-content\/uploads\/2021\/03\/Yaourt-Noix-de-coco.jpg?fit=1024%2C680&resize=350%2C200","width":350,"height":200},"classes":[]},{"id":17702,"url":"http:\/\/www.passionfruits.fr\/index.php\/produit\/yaourt-myrtille-le-pot-de-125g\/","url_meta":{"origin":17705,"position":5},"title":"Yaourt Myrtille le pot de 125 grs","date":"14 mars 2021","format":false,"excerpt":"Fabriqu\u00e9s \u00e0 la ferme avec du lait entier Recette naturelle, sans additif, sans conservateur, sans OGM. Bourdel 37160Neuilly le Brignon Ingr\u00e9dients : Lait* entier pasteuris\u00e9 Fruits 15%, sucre 6% Poudre de Lait* 2% Ferments Lactiques Le lait est pasteuris\u00e9 au bain marie \u00e0 82\u00b0C pendant 10 minutes. Le lait est\u2026","rel":"","context":"Article similaire","img":{"alt_text":"","src":"https:\/\/i0.wp.com\/www.passionfruits.fr\/wp-content\/uploads\/2021\/03\/Yaourt-Noix-de-coco.jpg?fit=1024%2C680&resize=350%2C200","width":350,"height":200},"classes":[]}],"_links":{"self":[{"href":"http:\/\/www.passionfruits.fr\/index.php\/wp-json\/wp\/v2\/product\/17705"}],"collection":[{"href":"http:\/\/www.passionfruits.fr\/index.php\/wp-json\/wp\/v2\/product"}],"about":[{"href":"http:\/\/www.passionfruits.fr\/index.php\/wp-json\/wp\/v2\/types\/product"}],"replies":[{"embeddable":true,"href":"http:\/\/www.passionfruits.fr\/index.php\/wp-json\/wp\/v2\/comments?post=17705"}],"wp:featuredmedia":[{"embeddable":true,"href":"http:\/\/www.passionfruits.fr\/index.php\/wp-json\/wp\/v2\/media\/17703"}],"wp:attachment":[{"href":"http:\/\/www.passionfruits.fr\/index.php\/wp-json\/wp\/v2\/media?parent=17705"}],"curies":[{"name":"wp","href":"https:\/\/api.w.org\/{rel}","templated":true}]}}