{"id":17726,"date":"2021-03-19T06:22:03","date_gmt":"2021-03-19T05:22:03","guid":{"rendered":"http:\/\/www.passionfruits.fr\/?post_type=product&#038;p=17726"},"modified":"2021-03-19T06:30:35","modified_gmt":"2021-03-19T05:30:35","slug":"moulin-au-diamant-de-sel-rose-d-himalaya-110g","status":"publish","type":"product","link":"http:\/\/www.passionfruits.fr\/index.php\/produit\/moulin-au-diamant-de-sel-rose-d-himalaya-110g\/","title":{"rendered":"Moulin au diamant de sel rose d&#8217; Himalaya 110g"},"content":{"rendered":"<p>Distribu\u00e9 par<\/p>\n<p>SDP<\/p>\n<p><span class=\"LrzXr\">8 Rue des Oliviers, <\/span><\/p>\n<p><span class=\"LrzXr\">94310 Orly<\/span><\/p>\n","protected":false},"excerpt":{"rendered":"<p>Le sel rose de l&#8217;Himalaya est un concentr\u00e9 de bienfaits. Sa puret\u00e9 et sa richesse en min\u00e9raux en font un alli\u00e9 indispensable dans votre cuisine. Son go\u00fbt est plus raffin\u00e9 que le sel classique, qu&#8217;il remplacera avantageusement. Il est parfait dans vos plats crus ou cuits, et dans les m\u00e9langes sucr\u00e9-sal\u00e9.<\/p>\n<p>Ingr\u00e9dients : Diamant de sel<\/p>\n<p>&nbsp;<\/p>\n","protected":false},"featured_media":17727,"comment_status":"closed","ping_status":"closed","template":"","meta":{"spay_email":"","jetpack_publicize_message":"","jetpack_is_tweetstorm":false},"jetpack_publicize_connections":[],"jetpack_sharing_enabled":true,"jetpack-related-posts":[{"id":7889,"url":"http:\/\/www.passionfruits.fr\/index.php\/produit\/moulin-au-sel-rose-d-himalaya\/","url_meta":{"origin":17726,"position":0},"title":"Moulin au diamant de sel rose d' Himalaya 450g","date":"29 janvier 2016","format":false,"excerpt":"Le sel rose de l'Himalaya est un concentr\u00e9 de bienfaits. Sa puret\u00e9 et sa richesse en min\u00e9raux en font un alli\u00e9 indispensable dans votre cuisine. Son go\u00fbt est plus raffin\u00e9 que le sel classique, qu'il remplacera avantageusement. Il est parfait dans vos plats crus ou cuits, et dans les m\u00e9langes\u2026","rel":"","context":"Article similaire","img":{"alt_text":"","src":"https:\/\/i0.wp.com\/www.passionfruits.fr\/wp-content\/uploads\/2016\/01\/moulin-sel.jpg?fit=600%2C600&resize=350%2C200","width":350,"height":200},"classes":[]},{"id":7897,"url":"http:\/\/www.passionfruits.fr\/index.php\/produit\/recharge-sel-rose-d-himalaya-600g\/","url_meta":{"origin":17726,"position":1},"title":"Recharge sel rose d' Himalaya 600g","date":"29 janvier 2016","format":false,"excerpt":"Cette recharge de sel rose de l'Himalaya met son grain de fantaisie dans vos assiettes pour convier tous les fins gourmets \u00e0 un voyage culinaire entre sel et terre. Ingr\u00e9dients : Diamant de sel","rel":"","context":"Article similaire","img":{"alt_text":"","src":"https:\/\/i0.wp.com\/www.passionfruits.fr\/wp-content\/uploads\/2016\/01\/recharge-sel.jpg?fit=600%2C600&resize=350%2C200","width":350,"height":200},"classes":[]},{"id":8205,"url":"http:\/\/www.passionfruits.fr\/index.php\/produit\/composition-2-moulins\/","url_meta":{"origin":17726,"position":2},"title":"Composition moulin poivre et moulin sel","date":"24 f\u00e9vrier 2016","format":false,"excerpt":"Composition 2 moulins Moulin aux 3 poivres noir blanc et vert 125 g Moulin au diamant de sel rose d\u2019 Himalaya 450 g Pour les gourmands et les amateurs de Gastronomie, vous pouvez composez vous-m\u00eame vos paniers gourmands et m\u00eame les faire livrer directement \u00e0 vos proches.","rel":"","context":"Article similaire","img":{"alt_text":"","src":"https:\/\/i2.wp.com\/www.passionfruits.fr\/wp-content\/uploads\/2016\/02\/coffret-moulin.jpg?fit=600%2C600&resize=350%2C200","width":350,"height":200},"classes":[]},{"id":5753,"url":"http:\/\/www.passionfruits.fr\/index.php\/produit\/selles-sur-cher\/","url_meta":{"origin":17726,"position":3},"title":"Ch\u00e8vre Selles sur Cher la pi\u00e8ce","date":"7 d\u00e9cembre 2015","format":false,"excerpt":"41 130 Selles-sur-Cher. Le Selles-sur-Cher, au lait de ch\u00e8vre entier, se reconna\u00eet \u00e0 sa p\u00e2te molle de couleur blanche et \u00e0 sa cro\u00fbte cendr\u00e9e. Sa texture est fondante. Ingr\u00e9dients : lait de ch\u00e8vre , ferments, colorant : charbon v\u00e9g\u00e9tal, pr\u00e9sure. Valeurs nutritionnelles moyennes pour 100g Energie : 1231kj\/297kcal Mati\u00e8res grasses\u2026","rel":"","context":"Article similaire","img":{"alt_text":"","src":"https:\/\/i0.wp.com\/www.passionfruits.fr\/wp-content\/uploads\/2015\/12\/sellesurcher1.jpg?fit=598%2C596&resize=350%2C200","width":350,"height":200},"classes":[]},{"id":5049,"url":"http:\/\/www.passionfruits.fr\/index.php\/produit\/radis-rose-la-botte\/","url_meta":{"origin":17726,"position":4},"title":"Radis rose France Cat 1 la botte","date":"7 d\u00e9cembre 2015","format":false,"excerpt":"Si le radis est surtout consomm\u00e9 pour sa racine mang\u00e9e crue (radis rouge ou radis noir), on peut aussi utiliser ses feuilles dans des soupes, ou cuire les racines, par exemple au wok, tout en conservant leur croquant. Les radis sont tr\u00e8s rafra\u00eechissants et constituent un ap\u00e9ritif ou une entr\u00e9e\u2026","rel":"","context":"Article similaire","img":{"alt_text":"","src":"https:\/\/i2.wp.com\/www.passionfruits.fr\/wp-content\/uploads\/2015\/12\/radis.jpg?fit=600%2C600&resize=350%2C200","width":350,"height":200},"classes":[]},{"id":18315,"url":"http:\/\/www.passionfruits.fr\/index.php\/produit\/tortellinis-aux-legumes-grilles-barquettes-250-gr\/","url_meta":{"origin":17726,"position":5},"title":"TORTELLINIS AUX LEGUMES GRILLES Barquettes 250 Gr","date":"16 septembre 2021","format":false,"excerpt":".Ingr\u00e9dients : Ingr\u00e9dients de la p\u00e2te : farine de bl\u00e9 tendre, semoule de bl\u00e9 dur, \u0153ufs (11,2% sur le produit fini), eau. Ingr\u00e9dients de la garniture : Ricotta (lactos\u00e9rum, cr\u00e8me de lait), chapelure (farine de bl\u00e9 tendre, eau, sel), huile de graines de tournesol, lactos\u00e9rum, flocons de pomme de terre,\u2026","rel":"","context":"Article similaire","img":{"alt_text":"","src":"https:\/\/i1.wp.com\/www.passionfruits.fr\/wp-content\/uploads\/2021\/09\/tore4_1_1_1.jpg?fit=600%2C600&resize=350%2C200","width":350,"height":200},"classes":[]}],"_links":{"self":[{"href":"http:\/\/www.passionfruits.fr\/index.php\/wp-json\/wp\/v2\/product\/17726"}],"collection":[{"href":"http:\/\/www.passionfruits.fr\/index.php\/wp-json\/wp\/v2\/product"}],"about":[{"href":"http:\/\/www.passionfruits.fr\/index.php\/wp-json\/wp\/v2\/types\/product"}],"replies":[{"embeddable":true,"href":"http:\/\/www.passionfruits.fr\/index.php\/wp-json\/wp\/v2\/comments?post=17726"}],"wp:featuredmedia":[{"embeddable":true,"href":"http:\/\/www.passionfruits.fr\/index.php\/wp-json\/wp\/v2\/media\/17727"}],"wp:attachment":[{"href":"http:\/\/www.passionfruits.fr\/index.php\/wp-json\/wp\/v2\/media?parent=17726"}],"curies":[{"name":"wp","href":"https:\/\/api.w.org\/{rel}","templated":true}]}}