{"id":17728,"date":"2021-03-19T06:32:01","date_gmt":"2021-03-19T05:32:01","guid":{"rendered":"http:\/\/www.passionfruits.fr\/?post_type=product&#038;p=17728"},"modified":"2025-09-09T08:04:26","modified_gmt":"2025-09-09T07:04:26","slug":"moulin-poivre-noir-de-malabar-50g","status":"publish","type":"product","link":"http:\/\/www.passionfruits.fr\/index.php\/produit\/moulin-poivre-noir-de-malabar-50g\/","title":{"rendered":"Moulin Poivre noir de Malabar 50g"},"content":{"rendered":"<p>Distribu\u00e9 par<\/p>\n<p>SDP<\/p>\n<p><span class=\"LrzXr\">8 Rue des Oliviers, <\/span><\/p>\n<p><span class=\"LrzXr\">94310 Orly<\/span><\/p>\n","protected":false},"excerpt":{"rendered":"<p>Pratique \u00e0 table comme en cuisine, il vous permettra d\u2019appr\u00e9cier pleinement la qualit\u00e9 des ingr\u00e9dients fra\u00eechement moulus. Ingr\u00e9dient : poivre de Malabar<\/p>\n","protected":false},"featured_media":17729,"comment_status":"closed","ping_status":"closed","template":"","meta":{"spay_email":"","jetpack_publicize_message":"","jetpack_is_tweetstorm":false},"jetpack_publicize_connections":[],"jetpack_sharing_enabled":true,"jetpack-related-posts":[{"id":7891,"url":"http:\/\/www.passionfruits.fr\/index.php\/produit\/moulin-aux-3-poivres-noir-blanc-et-vert\/","url_meta":{"origin":17728,"position":0},"title":"Moulin aux 3 poivres noir blanc et vert 125g","date":"29 janvier 2016","format":false,"excerpt":"Le Moulin 3 Poivres propose une association subtile et \u00e9quilibr\u00e9e de poivre noir, de poivre blanc et de poivre vert . Un m\u00e9lange in\u00e9dit pour varier les plaisirs du poivre. Pratique \u00e0 table comme en cuisine, il vous permettra d\u2019appr\u00e9cier pleinement la qualit\u00e9 des ingr\u00e9dients fra\u00eechement moulus.","rel":"","context":"Article similaire","img":{"alt_text":"","src":"https:\/\/i0.wp.com\/www.passionfruits.fr\/wp-content\/uploads\/2016\/01\/moulin-poivre.jpg?fit=600%2C600&resize=350%2C200","width":350,"height":200},"classes":[]},{"id":5760,"url":"http:\/\/www.passionfruits.fr\/index.php\/produit\/brie-au-poivre-part-env-200-grs\/","url_meta":{"origin":17728,"position":1},"title":"Brie au poivre part environ 200 grs","date":"7 d\u00e9cembre 2015","format":false,"excerpt":"Sa texture est proche du brie mais l\u00e9g\u00e8rement plus ferme. Par contre son go\u00fbt est vraiment parfum\u00e9 dut \u00e0 son affinage. Sa cro\u00fbte contient le poivre ce qui lui rend un parfum irr\u00e9sistible pour les amateurs de poivre. Ingr\u00e9dients : lait de vache pasteuris\u00e9 ( origine UE ), poivre 2.5%,\u2026","rel":"","context":"Article similaire","img":{"alt_text":"","src":"https:\/\/i0.wp.com\/www.passionfruits.fr\/wp-content\/uploads\/2015\/12\/brie-au-poivre.jpg?fit=354%2C456&resize=350%2C200","width":350,"height":200},"classes":[]},{"id":17777,"url":"http:\/\/www.passionfruits.fr\/index.php\/produit\/moutarde-au-poivre-vert-le-pot-de-200g\/","url_meta":{"origin":17728,"position":2},"title":"Moutarde au poivre vert le pot de 200g","date":"21 mars 2021","format":false,"excerpt":"Ingr\u00e9dients : Graine de\u00a0moutarde, eau, vinaigre, sel, sucre,\u00a0poivre vert\u00a07.5% conservateur :\u00a0sulfite, acide de sodium Valeurs nutritionnelles moyennes pour 100g Energie :\u00a0808kj\/194kcal Mati\u00e8res grasses\u00a013.3g dont acides gras satur\u00e9s\u00a00.8g Glucides\u00a09.7g dont sucres\u00a05.3g Fibres alimentaires\u00a01.2g Prot\u00e9ines\u00a08.3g Sel\u00a05.1g Distrazur 26780 Malataverne","rel":"","context":"Article similaire","img":{"alt_text":"","src":"https:\/\/i2.wp.com\/www.passionfruits.fr\/wp-content\/uploads\/2021\/03\/Moutarde563.jpg?fit=640%2C480&resize=350%2C200","width":350,"height":200},"classes":[]},{"id":7899,"url":"http:\/\/www.passionfruits.fr\/index.php\/produit\/recharge-poivres-melange-4-baies-120g\/","url_meta":{"origin":17728,"position":3},"title":"Recharge 4 poivres m\u00e9lange et baies 120g","date":"29 janvier 2016","format":false,"excerpt":"Composition : poivre noir, poivre blanc, poivre vert, baies roses\u00a0 Procure un go\u00fbt chaleureux, aromatique et piquant.\u00a0Son utilisation est incontournable pour relever le go\u00fbt des aliments. \u00a0","rel":"","context":"Article similaire","img":{"alt_text":"","src":"https:\/\/i0.wp.com\/www.passionfruits.fr\/wp-content\/uploads\/2016\/01\/recharge-poivre.jpg?fit=600%2C600&resize=350%2C200","width":350,"height":200},"classes":[]},{"id":6159,"url":"http:\/\/www.passionfruits.fr\/index.php\/produit\/tapenade-tapenade-noire-le-pot\/","url_meta":{"origin":17728,"position":4},"title":"Tapenade - Tapenade noire verrine 90g","date":"7 d\u00e9cembre 2015","format":false,"excerpt":"La recette traditionnelle de la Tapenade noire, elle est le produit incontournable sur vos toasts, ou en cuisine ! Ingr\u00e9dients : olives noires 82%, c\u00e2pres 6%, huile d'olive, p\u00e2te d'anchois (anchois sal\u00e9s 82%, huile d'olive, vinaigre de vin, sel, poivre, girofle), vinaigre de vin, ail, poivre Sans conservateur, sans OGM\u2026","rel":"","context":"Article similaire","img":{"alt_text":"","src":"https:\/\/i2.wp.com\/www.passionfruits.fr\/wp-content\/uploads\/2015\/12\/tapenade-noire-aux-olives-de-pays.jpg?fit=458%2C458&resize=350%2C200","width":350,"height":200},"classes":[]},{"id":11716,"url":"http:\/\/www.passionfruits.fr\/index.php\/produit\/sauce-au-poivre-vert-le-pot-de-90-grs\/","url_meta":{"origin":17728,"position":5},"title":"Sauce au Poivre vert le pot de 90 grs","date":"14 f\u00e9vrier 2018","format":false,"excerpt":"","rel":"","context":"Article similaire","img":{"alt_text":"","src":"https:\/\/i0.wp.com\/www.passionfruits.fr\/wp-content\/uploads\/2018\/02\/poivre-vert.jpg?fit=600%2C600&resize=350%2C200","width":350,"height":200},"classes":[]}],"_links":{"self":[{"href":"http:\/\/www.passionfruits.fr\/index.php\/wp-json\/wp\/v2\/product\/17728"}],"collection":[{"href":"http:\/\/www.passionfruits.fr\/index.php\/wp-json\/wp\/v2\/product"}],"about":[{"href":"http:\/\/www.passionfruits.fr\/index.php\/wp-json\/wp\/v2\/types\/product"}],"replies":[{"embeddable":true,"href":"http:\/\/www.passionfruits.fr\/index.php\/wp-json\/wp\/v2\/comments?post=17728"}],"wp:featuredmedia":[{"embeddable":true,"href":"http:\/\/www.passionfruits.fr\/index.php\/wp-json\/wp\/v2\/media\/17729"}],"wp:attachment":[{"href":"http:\/\/www.passionfruits.fr\/index.php\/wp-json\/wp\/v2\/media?parent=17728"}],"curies":[{"name":"wp","href":"https:\/\/api.w.org\/{rel}","templated":true}]}}