{"id":17730,"date":"2021-03-19T06:48:04","date_gmt":"2021-03-19T05:48:04","guid":{"rendered":"http:\/\/www.passionfruits.fr\/?post_type=product&#038;p=17730"},"modified":"2025-05-23T11:33:25","modified_gmt":"2025-05-23T10:33:25","slug":"salsifis-le-bocal-de-660g","status":"publish","type":"product","link":"http:\/\/www.passionfruits.fr\/index.php\/produit\/salsifis-le-bocal-de-660g\/","title":{"rendered":"Salsifis le bocal de 660g"},"content":{"rendered":"","protected":false},"excerpt":{"rendered":"<p>Poids net : 660 g<br \/>\nPoids net \u00e9goutt\u00e9 : 395 g<\/p>\n<p>CARACTERISTIQUES PRODUIT<br \/>\nIngr\u00e9dients :\u00a0Salsifis, eau, sel,\u00a0Acidifiant : acide citrique (ou E330), Antioxydant : acide ascorbique (ou E300).<br \/>\nAllerg\u00e8nes :<br \/>\nValeurs nutritionnelles pour 100 g de produit \u00e9goutt\u00e9 :<br \/>\nEnergie\u00a0133\u00a0kJ \/\u00a032kcal<br \/>\nMati\u00e8res grasses 0,5 g<br \/>\ndont satur\u00e9s 0,1 g<br \/>\nGlucides\u00a04.3\u00a0g<br \/>\nDont Sucres\u00a01.3\u00a0g<br \/>\nFibres alimentaires 3.1 g<br \/>\nProt\u00e9ines\u00a01\u00a0g<br \/>\nSel 0,57 g<br \/>\nStockage avant emploi : A conserver \u00e0 temp\u00e9rature<br \/>\nambiante, de pr\u00e9f\u00e9rence dans un endroit frais et sec et \u00e0<br \/>\nl&#8217;abri de la lumi\u00e8re.<br \/>\nStockage apr\u00e8s ouverture : A conserver au<br \/>\nr\u00e9fr\u00e9girateur \u00e0 4\u00b0C maximum dans un r\u00e9cipient<br \/>\nalimentaire propre et ferm\u00e9, et consommer sous 48h.<\/p>\n<p>SDP RUNGIS 94537 Orly<\/p>\n","protected":false},"featured_media":17731,"comment_status":"closed","ping_status":"closed","template":"","meta":{"spay_email":"","jetpack_publicize_message":"","jetpack_is_tweetstorm":false},"jetpack_publicize_connections":[],"jetpack_sharing_enabled":true,"jetpack-related-posts":[{"id":6123,"url":"http:\/\/www.passionfruits.fr\/index.php\/produit\/bocaux-haricots-verts\/","url_meta":{"origin":17730,"position":0},"title":"Bocaux haricots verts extra fin le bocal de 660g","date":"7 d\u00e9cembre 2015","format":false,"excerpt":"Contenance : 72 cl Poids net : 660 g Poids net \u00e9goutt\u00e9 : 345 g CARACTERISTIQUES PRODUIT Ingr\u00e9dients : Haricots verts, eau, sel. Allerg\u00e8nes : Traces d'allerg\u00e8nes possibles : Allerg\u00e8nes pr\u00e9sents dans l'atelier : Valeurs nutritionnelles pour 100 g de produit \u00e9goutt\u00e9 Energie 106 kJ \/ 25 kcal Mati\u00e8res grasses\u2026","rel":"","context":"Article similaire","img":{"alt_text":"","src":"https:\/\/i1.wp.com\/www.passionfruits.fr\/wp-content\/uploads\/2015\/12\/haricot-vert-1.jpg?fit=594%2C600&resize=350%2C200","width":350,"height":200},"classes":[]},{"id":6125,"url":"http:\/\/www.passionfruits.fr\/index.php\/produit\/bocaux-haricots-blancs\/","url_meta":{"origin":17730,"position":1},"title":"Bocaux haricots blancs le bocal de 660g","date":"7 d\u00e9cembre 2015","format":false,"excerpt":"Contenance : 72 cl Poids net : 660 g Poids net \u00e9goutt\u00e9 : 395 g CARACTERISTIQUES PRODUIT Ingr\u00e9dients : Eau, haricots blancs secs tremp\u00e9s, sel, ar\u00f4mes naturels. Allerg\u00e8nes : Traces d'allerg\u00e8nes possibles : Allerg\u00e8nes pr\u00e9sents dans l'atelier : Valeurs nutritionnelles pour 100 g de produit \u00e9goutt\u00e9 Energie 413 kJ \/\u2026","rel":"","context":"Article similaire","img":{"alt_text":"","src":"https:\/\/i2.wp.com\/www.passionfruits.fr\/wp-content\/uploads\/2015\/12\/flalgeolet.jpg?fit=598%2C600&resize=350%2C200","width":350,"height":200},"classes":[]},{"id":6127,"url":"http:\/\/www.passionfruits.fr\/index.php\/produit\/bocaux-flageolets-verts\/","url_meta":{"origin":17730,"position":2},"title":"Bocaux flageolets verts le bocal de 660g","date":"7 d\u00e9cembre 2015","format":false,"excerpt":"Contenance : 72 cl Poids net : 660 g Poids net \u00e9goutt\u00e9 : 420 g CARACTERISTIQUES PRODUIT Ingr\u00e9dients : Flageolets verts, eau, sel, ar\u00f4me naturel. Traces d'allerg\u00e8nes possibles : Allerg\u00e8nes pr\u00e9sents dans l'atelier : Valeurs nutritionnelles pour 100 g de produit \u00e9goutt\u00e9 Energie 367 kJ \/ 87 kcal Mati\u00e8res grasses\u2026","rel":"","context":"Article similaire","img":{"alt_text":"","src":"https:\/\/i0.wp.com\/www.passionfruits.fr\/wp-content\/uploads\/2015\/12\/flageolet2.jpg?fit=596%2C600&resize=350%2C200","width":350,"height":200},"classes":[]},{"id":6032,"url":"http:\/\/www.passionfruits.fr\/index.php\/produit\/vinaigrette-a-lechalote-la-bouteille\/","url_meta":{"origin":17730,"position":3},"title":"Vinaigrette \u00e0 l'\u00e9chalote la bouteille de 500 ml","date":"7 d\u00e9cembre 2015","format":false,"excerpt":"Contenance : 50 cl Poids net : 500 g Poids net \u00e9goutt\u00e9 : 0 g CARACTERISTIQUES PRODUIT Ingr\u00e9dients : Huile de tournesol (50%), vinaigre de vin de Bordeaux* 27%, (dont conservateur E228* et stabilisant E414), eau, \u00e9chalotes 7.6% moutarde de Dijon* (graines de moutarde, vinaigre d'alcool, eau, sel, ar\u00f4me \u00e9chalote).\u2026","rel":"","context":"Article similaire","img":{"alt_text":"","src":"https:\/\/i0.wp.com\/www.passionfruits.fr\/wp-content\/uploads\/2015\/12\/vinaigrette-echalote.jpg?fit=598%2C600&resize=350%2C200","width":350,"height":200},"classes":[]},{"id":6028,"url":"http:\/\/www.passionfruits.fr\/index.php\/produit\/vinaigrette-moutarde-la-bouteille\/","url_meta":{"origin":17730,"position":4},"title":"Vinaigrette \u00e0 la moutarde de Dijon la bouteille 500 ml","date":"7 d\u00e9cembre 2015","format":false,"excerpt":"Contenance : 0 cl Poids net : 500 g Poids net \u00e9goutt\u00e9 : 0 g CARACTERISTIQUES PRODUIT Ingr\u00e9dients : Huile de tournesol (50%), eau, vinaigre de vin rouge*, moutarde de Dijon* (5%) (graines de moutarde, vinaigre d\u2019alcool, eau, sel), sel, \u00e9pices. Allerg\u00e8nes : Moutarde, sulfites Traces d'allerg\u00e8nes possibles : Allerg\u00e8nes\u2026","rel":"","context":"Article similaire","img":{"alt_text":"","src":"https:\/\/i2.wp.com\/www.passionfruits.fr\/wp-content\/uploads\/2015\/12\/vinaigrette-moutarde.jpg?fit=588%2C580&resize=350%2C200","width":350,"height":200},"classes":[]},{"id":17732,"url":"http:\/\/www.passionfruits.fr\/index.php\/produit\/macedoine-de-legumes-le-bocal-de-660g\/","url_meta":{"origin":17730,"position":5},"title":"Mac\u00e9doine de L\u00e9gumes le bocal de 660g","date":"19 mars 2021","format":false,"excerpt":"Poids net : 660 g Poids net \u00e9goutt\u00e9 :\u00a0420g CARACTERISTIQUES PRODUIT Ingr\u00e9dients :\u00a0Carotte, navet, haricot vert, petit pois, flageolet, eau, sel. Valeurs nutritionnelles pour 100 g de produit \u00e9goutt\u00e9 : Energie\u00a0178\u00a0kJ \/ 43 kcal Mati\u00e8res grasses 0,4 g dont satur\u00e9s 0,1 g Glucides 4.9 g Dont Sucres\u00a01 g Fibres alimentaires\u00a04.3\u00a0g\u2026","rel":"","context":"Article similaire","img":{"alt_text":"","src":"https:\/\/i0.wp.com\/www.passionfruits.fr\/wp-content\/uploads\/2021\/03\/Macedoine.jpg?fit=600%2C600&resize=350%2C200","width":350,"height":200},"classes":[]}],"_links":{"self":[{"href":"http:\/\/www.passionfruits.fr\/index.php\/wp-json\/wp\/v2\/product\/17730"}],"collection":[{"href":"http:\/\/www.passionfruits.fr\/index.php\/wp-json\/wp\/v2\/product"}],"about":[{"href":"http:\/\/www.passionfruits.fr\/index.php\/wp-json\/wp\/v2\/types\/product"}],"replies":[{"embeddable":true,"href":"http:\/\/www.passionfruits.fr\/index.php\/wp-json\/wp\/v2\/comments?post=17730"}],"wp:featuredmedia":[{"embeddable":true,"href":"http:\/\/www.passionfruits.fr\/index.php\/wp-json\/wp\/v2\/media\/17731"}],"wp:attachment":[{"href":"http:\/\/www.passionfruits.fr\/index.php\/wp-json\/wp\/v2\/media?parent=17730"}],"curies":[{"name":"wp","href":"https:\/\/api.w.org\/{rel}","templated":true}]}}