{"id":17742,"date":"2021-03-19T08:19:15","date_gmt":"2021-03-19T07:19:15","guid":{"rendered":"http:\/\/www.passionfruits.fr\/?post_type=product&#038;p=17742"},"modified":"2026-04-15T15:12:36","modified_gmt":"2026-04-15T14:12:36","slug":"rochers-coco-au-chocolat-200-g","status":"publish","type":"product","link":"http:\/\/www.passionfruits.fr\/index.php\/produit\/rochers-coco-au-chocolat-200-g\/","title":{"rendered":"Rochers coco au chocolat 200 g"},"content":{"rendered":"","protected":false},"excerpt":{"rendered":"","protected":false},"featured_media":17744,"comment_status":"open","ping_status":"closed","template":"","meta":{"spay_email":"","jetpack_publicize_message":"","jetpack_is_tweetstorm":false},"jetpack_publicize_connections":[],"jetpack_sharing_enabled":true,"jetpack-related-posts":[{"id":5936,"url":"http:\/\/www.passionfruits.fr\/index.php\/produit\/rocher-coco-nature-le-paquet\/","url_meta":{"origin":17742,"position":0},"title":"Rocher noix de coco le paquet 200g","date":"7 d\u00e9cembre 2015","format":false,"excerpt":"Contenance : 0 cl Poids net : 200 g Poids net \u00e9goutt\u00e9 : 0 g CARACTERISTIQUES PRODUIT Ingr\u00e9dients : coco r\u00e2p\u00e9 PH\/ID, sucre, sirop de glucose , chocolat noir [p\u00e2te de cacao, sucre, beurre de cacao, mati\u00e8re grasse laiti\u00e8re anhydre, \u00e9mulsifiant (l\u00e9cithine de soja E322), blanc d'oeuf, farine de froment,\u2026","rel":"","context":"Article similaire","img":{"alt_text":"","src":"https:\/\/i2.wp.com\/www.passionfruits.fr\/wp-content\/uploads\/2015\/12\/maxi-rocher-coco.jpg?fit=600%2C600&resize=350%2C200","width":350,"height":200},"classes":[]},{"id":6203,"url":"http:\/\/www.passionfruits.fr\/index.php\/produit\/nounours-guimauve-au-lait-barq-200-grs-env\/","url_meta":{"origin":17742,"position":1},"title":"Oursons chocolat au lait barq. 200g env.","date":"7 d\u00e9cembre 2015","format":false,"excerpt":"Parmi tous les bonbons et toutes les confiseries au monde, la guimauve est certainement la friandise la plus douce et la plus r\u00e9confortante. Ingr\u00e9dients : sirop de glucose-fructose, chocolat au lait 30% (sucre, beurre de cacao, p\u00e2te de cacao, lait entier en poudre, \u00e9mulsifiant : lecithine de soja, ar\u00f4me naturel\u2026","rel":"","context":"Article similaire","img":{"alt_text":"","src":"https:\/\/i1.wp.com\/www.passionfruits.fr\/wp-content\/uploads\/2015\/12\/oursons-guimauve.jpg?fit=290%2C290&resize=350%2C200","width":350,"height":200},"classes":[]},{"id":6503,"url":"http:\/\/www.passionfruits.fr\/index.php\/produit\/nounours-guimaume-noir-barq-200-grs-env\/","url_meta":{"origin":17742,"position":2},"title":"Oursons chocolat noir barq. 200g env.","date":"7 d\u00e9cembre 2015","format":false,"excerpt":"Parmi tous les bonbons et toutes les confiseries au monde, la guimauve est certainement la friandise la plus douce et la plus r\u00e9confortante. Ingr\u00e9dients : sirop de glucose-fructose, chocolat noir 30% (sucre, p\u00e2te de cacao, beurre de cacao, \u00e9mulsifiant : lecithine de soja, ar\u00f4me vanille), sucre, eau, g\u00e9latine, ar\u00f4me, lait.\u2026","rel":"","context":"Article similaire","img":{"alt_text":"","src":"https:\/\/i1.wp.com\/www.passionfruits.fr\/wp-content\/uploads\/2015\/12\/oursons-guimauve.jpg?fit=290%2C290&resize=350%2C200","width":350,"height":200},"classes":[]},{"id":6279,"url":"http:\/\/www.passionfruits.fr\/index.php\/produit\/nounours-guimaume-blanc-barq-200-grs-env\/","url_meta":{"origin":17742,"position":3},"title":"Oursons chocolat blanc barq. 200g env.","date":"7 d\u00e9cembre 2015","format":false,"excerpt":"Parmi tous les bonbons et toutes les confiseries au monde, la guimauve est certainement la friandise la plus douce et la plus r\u00e9confortante Ingr\u00e9dients : sirop de glucose-fructose, chocolat blanc 30% (sucre, beurre de cacao, lait entier en poudre, \u00e9mulsifiant : lecithine de soja, ar\u00f4me), sucre, eau, g\u00e9latine, ar\u00f4me. Mati\u00e8res\u2026","rel":"","context":"Article similaire","img":{"alt_text":"","src":"https:\/\/i1.wp.com\/www.passionfruits.fr\/wp-content\/uploads\/2015\/12\/oursons-guimauve.jpg?fit=290%2C290&resize=350%2C200","width":350,"height":200},"classes":[]},{"id":5373,"url":"http:\/\/www.passionfruits.fr\/index.php\/produit\/haricot-coco-blanc-sec-les-500-grs\/","url_meta":{"origin":17742,"position":4},"title":"Haricot Coco Blanc Eure et Loir sachet 500g","date":"7 d\u00e9cembre 2015","format":false,"excerpt":"Ils sont la base de l\u2019un des plats fran\u00e7ais les plus connus : le fameux cassoulet ! Une saveur tr\u00e8s douce. Le haricot coco blanc est relativement peu farineux. ils peuvent \u00eatre pr\u00e9par\u00e9s de nombreuses mani\u00e8res : en salade, avec des herbes aromatiques et une bonne vinaigrette, ou m\u00eame en\u2026","rel":"","context":"Article similaire","img":{"alt_text":"","src":"https:\/\/i1.wp.com\/www.passionfruits.fr\/wp-content\/uploads\/2015\/12\/coco-blanc.jpg?fit=600%2C600&resize=350%2C200","width":350,"height":200},"classes":[]},{"id":19990,"url":"http:\/\/www.passionfruits.fr\/index.php\/produit\/haricot-coco-noir-eure-et-loir-sachet-500g\/","url_meta":{"origin":17742,"position":5},"title":"Haricot Coco Noir Eure et Loir sachet 500g","date":"30 mai 2024","format":false,"excerpt":"Ils sont la base de l\u2019un des plats fran\u00e7ais les plus connus : le fameux cassoulet ! Une saveur tr\u00e8s douce. Le haricot coco blanc est relativement peu farineux. ils peuvent \u00eatre pr\u00e9par\u00e9s de nombreuses mani\u00e8res : en salade, avec des herbes aromatiques et une bonne vinaigrette, ou m\u00eame en\u2026","rel":"","context":"Article similaire","img":{"alt_text":"","src":"https:\/\/i1.wp.com\/www.passionfruits.fr\/wp-content\/uploads\/2024\/05\/169.jpg?fit=600%2C600&resize=350%2C200","width":350,"height":200},"classes":[]}],"_links":{"self":[{"href":"http:\/\/www.passionfruits.fr\/index.php\/wp-json\/wp\/v2\/product\/17742"}],"collection":[{"href":"http:\/\/www.passionfruits.fr\/index.php\/wp-json\/wp\/v2\/product"}],"about":[{"href":"http:\/\/www.passionfruits.fr\/index.php\/wp-json\/wp\/v2\/types\/product"}],"replies":[{"embeddable":true,"href":"http:\/\/www.passionfruits.fr\/index.php\/wp-json\/wp\/v2\/comments?post=17742"}],"wp:featuredmedia":[{"embeddable":true,"href":"http:\/\/www.passionfruits.fr\/index.php\/wp-json\/wp\/v2\/media\/17744"}],"wp:attachment":[{"href":"http:\/\/www.passionfruits.fr\/index.php\/wp-json\/wp\/v2\/media?parent=17742"}],"curies":[{"name":"wp","href":"https:\/\/api.w.org\/{rel}","templated":true}]}}