{"id":17757,"date":"2021-03-19T10:01:52","date_gmt":"2021-03-19T09:01:52","guid":{"rendered":"http:\/\/www.passionfruits.fr\/?post_type=product&#038;p=17757"},"modified":"2026-03-21T07:00:23","modified_gmt":"2026-03-21T06:00:23","slug":"toasts-aux-7-cereales-sachet-140g","status":"publish","type":"product","link":"http:\/\/www.passionfruits.fr\/index.php\/produit\/toasts-aux-7-cereales-sachet-140g\/","title":{"rendered":"Toasts Aux 7 c\u00e9r\u00e9ales sachet 140g"},"content":{"rendered":"<p>Biscotte<\/p>\n","protected":false},"excerpt":{"rendered":"<p>Toutes les biscotteries artisanales ont disparu au cours des d\u00e9cennies qui suivirent, laissant place aux nombreuses fabrications industrielles.<\/p>\n<p>Toutes sauf une\u2026 la derni\u00e8re biscotterie artisanale en France aujourd\u2019hui encore, \u00e0\u00a0Saint Germain du\u00a0Salembre, \u00e9labore les biscottes suivant la recette et le savoir-faire authentiques.<\/p>\n<p>&nbsp;<\/p>\n","protected":false},"featured_media":17756,"comment_status":"closed","ping_status":"closed","template":"","meta":{"spay_email":"","jetpack_publicize_message":"","jetpack_is_tweetstorm":false},"jetpack_publicize_connections":[],"jetpack_sharing_enabled":true,"jetpack-related-posts":[{"id":17836,"url":"http:\/\/www.passionfruits.fr\/index.php\/produit\/biscottes-artisanales-au-chocolat-300grs\/","url_meta":{"origin":17757,"position":0},"title":"Biscottes artisanales au chocolat le paquet 300grs","date":"26 mars 2021","format":false,"excerpt":"Toutes les biscotteries artisanales ont disparu au cours des d\u00e9cennies qui suivirent, laissant place aux nombreuses fabrications industrielles. Toutes sauf une\u2026 la derni\u00e8re biscotterie artisanale en France aujourd\u2019hui encore, \u00e0\u00a0Saint Germain du\u00a0Salembre, \u00e9labore les biscottes suivant la recette et le savoir-faire authentiques. Cette recette marie le craquant de la biscotte\u2026","rel":"","context":"Article similaire","img":{"alt_text":"","src":"https:\/\/i2.wp.com\/www.passionfruits.fr\/wp-content\/uploads\/2021\/03\/biscottes_au_chocolat.jpg?fit=400%2C600&resize=350%2C200","width":350,"height":200},"classes":[]},{"id":17752,"url":"http:\/\/www.passionfruits.fr\/index.php\/produit\/toasts-aux-figues-sachet-140g\/","url_meta":{"origin":17757,"position":1},"title":"Toasts Aux figues sachet 140g","date":"19 mars 2021","format":false,"excerpt":"Toutes les biscotteries artisanales ont disparu au cours des d\u00e9cennies qui suivirent, laissant place aux nombreuses fabrications industrielles. Toutes sauf une\u2026 la derni\u00e8re biscotterie artisanale en France aujourd\u2019hui encore, \u00e0\u00a0Saint Germain du\u00a0Salembre, \u00e9labore les biscottes suivant la recette et le savoir-faire authentiques. L\u2019association des morceaux de figues ou de raisin\u2026","rel":"","context":"Article similaire","img":{"alt_text":"","src":"https:\/\/i0.wp.com\/www.passionfruits.fr\/wp-content\/uploads\/2021\/03\/toast-figues.jpg?fit=600%2C596&resize=350%2C200","width":350,"height":200},"classes":[]},{"id":17748,"url":"http:\/\/www.passionfruits.fr\/index.php\/produit\/toasts-nature-et-authentique-sachet-140g\/","url_meta":{"origin":17757,"position":2},"title":"Toasts nature et authentique sachet 140g","date":"19 mars 2021","format":false,"excerpt":"Toutes les biscotteries artisanales ont disparu au cours des d\u00e9cennies qui suivirent, laissant place aux nombreuses fabrications industrielles. Toutes sauf une\u2026 la derni\u00e8re biscotterie artisanale en France aujourd\u2019hui encore, \u00e0\u00a0Saint Germain du\u00a0Salembre, \u00e9labore les biscottes suivant la recette et le savoir-faire authentiques. Les toasts accompagneront id\u00e9alement tous les tartinables lors\u2026","rel":"","context":"Article similaire","img":{"alt_text":"","src":"https:\/\/i2.wp.com\/www.passionfruits.fr\/wp-content\/uploads\/2021\/03\/toast-nature.jpg?fit=598%2C600&resize=350%2C200","width":350,"height":200},"classes":[]},{"id":17843,"url":"http:\/\/www.passionfruits.fr\/index.php\/produit\/biscottes-artisanales-aux-fruits-300g\/","url_meta":{"origin":17757,"position":3},"title":"Biscottes artisanales aux fruits le paquet 300g","date":"26 mars 2021","format":false,"excerpt":"Toutes les biscotteries artisanales ont disparu au cours des d\u00e9cennies qui suivirent, laissant place aux nombreuses fabrications industrielles. Toutes sauf une\u2026 la derni\u00e8re biscotterie artisanale en France aujourd\u2019hui encore, \u00e0\u00a0Saint Germain du\u00a0Salembre, \u00e9labore les biscottes suivant la recette et le savoir-faire authentiques. N\u00e9e \u00e0 la fin du XVIIIe\u00a0si\u00e8cle, de l\u2019imagination\u2026","rel":"","context":"Article similaire","img":{"alt_text":"","src":"https:\/\/i0.wp.com\/www.passionfruits.fr\/wp-content\/uploads\/2021\/03\/527-1382-thickbox.jpg?fit=600%2C600&resize=350%2C200","width":350,"height":200},"classes":[]},{"id":17840,"url":"http:\/\/www.passionfruits.fr\/index.php\/produit\/biscottes-artisanales-sans-sucre-370g\/","url_meta":{"origin":17757,"position":4},"title":"Biscottes artisanales sans sucre Le paquet 370g","date":"26 mars 2021","format":false,"excerpt":"Toutes les biscotteries artisanales ont disparu au cours des d\u00e9cennies qui suivirent, laissant place aux nombreuses fabrications industrielles. Toutes sauf une\u2026 la derni\u00e8re biscotterie artisanale en France aujourd\u2019hui encore, \u00e0\u00a0Saint Germain du\u00a0Salembre, \u00e9labore les biscottes suivant la recette et le savoir-faire authentiques. N\u00e9e \u00e0 la fin du XVIIIe si\u00e8cle, de\u2026","rel":"","context":"Article similaire","img":{"alt_text":"","src":"https:\/\/i1.wp.com\/www.passionfruits.fr\/wp-content\/uploads\/2021\/03\/528-1383-thickbox.jpg?fit=600%2C600&resize=350%2C200","width":350,"height":200},"classes":[]},{"id":11720,"url":"http:\/\/www.passionfruits.fr\/index.php\/produit\/biscotte-aux-7-cereales-le-paquet-370-grs\/","url_meta":{"origin":17757,"position":5},"title":"Biscotte aux 7 c\u00e9r\u00e9ales le paquet 370 grs","date":"15 f\u00e9vrier 2018","format":false,"excerpt":"Toutes les biscotteries artisanales ont disparu au cours des d\u00e9cennies qui suivirent, laissant place aux nombreuses fabrications industrielles. Toutes sauf une\u2026 la derni\u00e8re biscotterie artisanale en France aujourd\u2019hui encore, \u00e0\u00a0Saint Germain du\u00a0Salembre, \u00e9labore les biscottes suivant la recette et le savoir-faire authentiques. Ingr\u00e9dients : farine de bl\u00e9 (gluten), c\u00e9r\u00e9ales (gluten)\u2026","rel":"","context":"Article similaire","img":{"alt_text":"","src":"https:\/\/i2.wp.com\/www.passionfruits.fr\/wp-content\/uploads\/2018\/02\/Biscotte-7cereales.jpg?fit=599%2C600&resize=350%2C200","width":350,"height":200},"classes":[]}],"_links":{"self":[{"href":"http:\/\/www.passionfruits.fr\/index.php\/wp-json\/wp\/v2\/product\/17757"}],"collection":[{"href":"http:\/\/www.passionfruits.fr\/index.php\/wp-json\/wp\/v2\/product"}],"about":[{"href":"http:\/\/www.passionfruits.fr\/index.php\/wp-json\/wp\/v2\/types\/product"}],"replies":[{"embeddable":true,"href":"http:\/\/www.passionfruits.fr\/index.php\/wp-json\/wp\/v2\/comments?post=17757"}],"wp:featuredmedia":[{"embeddable":true,"href":"http:\/\/www.passionfruits.fr\/index.php\/wp-json\/wp\/v2\/media\/17756"}],"wp:attachment":[{"href":"http:\/\/www.passionfruits.fr\/index.php\/wp-json\/wp\/v2\/media?parent=17757"}],"curies":[{"name":"wp","href":"https:\/\/api.w.org\/{rel}","templated":true}]}}