{"id":17766,"date":"2021-03-20T10:48:35","date_gmt":"2021-03-20T09:48:35","guid":{"rendered":"http:\/\/www.passionfruits.fr\/?post_type=product&#038;p=17766"},"modified":"2021-03-20T11:09:23","modified_gmt":"2021-03-20T10:09:23","slug":"girolles-en-bocal-370-ml-sans-ogm","status":"publish","type":"product","link":"http:\/\/www.passionfruits.fr\/index.php\/produit\/girolles-en-bocal-370-ml-sans-ogm\/","title":{"rendered":"Champignon Girolles en bocal 370 Ml Sans OGM"},"content":{"rendered":"","protected":false},"excerpt":{"rendered":"","protected":false},"featured_media":17768,"comment_status":"closed","ping_status":"closed","template":"","meta":{"spay_email":"","jetpack_publicize_message":"","jetpack_is_tweetstorm":false},"jetpack_publicize_connections":[],"jetpack_sharing_enabled":true,"jetpack-related-posts":[{"id":17770,"url":"http:\/\/www.passionfruits.fr\/index.php\/produit\/cepes-extra-en-bocal-370-ml-sans-ogm\/","url_meta":{"origin":17766,"position":0},"title":"Champignon C\u00e8pes extra en bocal 370 Ml Sans OGM","date":"20 mars 2021","format":false,"excerpt":"","rel":"","context":"Article similaire","img":{"alt_text":"","src":"https:\/\/i1.wp.com\/www.passionfruits.fr\/wp-content\/uploads\/2021\/03\/Cepe.jpg?fit=600%2C600&resize=350%2C200","width":350,"height":200},"classes":[]},{"id":18130,"url":"http:\/\/www.passionfruits.fr\/index.php\/produit\/girolles-sechees-30grs\/","url_meta":{"origin":17766,"position":1},"title":"Girolles s\u00e9ch\u00e9es 30grs","date":"22 juin 2021","format":false,"excerpt":"Pr\u00e9paration: R\u00e9hydrater 30mm dans l\u2019eau bouillante. Cuire comme des champignons frais. Ingr\u00e9dients : Girolles s\u00e9ch\u00e9es Sans OGM, sans ingr\u00e9dients ionis\u00e9s, sans allerg\u00e8nes. Valeurs nutritionnelles moyennes pour 100grs : -Energie: 1111kj\/267 kcal -Mati\u00e8res grasses 5g dont acides gras satur\u00e9s 1g -Glucides 17.6g dont sucres 11g , prot\u00e9ines 19g , fibres 38g\u2026","rel":"","context":"Article similaire","img":{"alt_text":"","src":"https:\/\/i1.wp.com\/www.passionfruits.fr\/wp-content\/uploads\/2021\/06\/champignons_s_ch_s_-_girolles_copier_copier_.jpg?fit=600%2C600&resize=350%2C200","width":350,"height":200},"classes":[]},{"id":6237,"url":"http:\/\/www.passionfruits.fr\/index.php\/produit\/bocal-champignons-garniture-forestiere\/","url_meta":{"origin":17766,"position":2},"title":"Garniture foresti\u00e8re le bocal 330g","date":"7 d\u00e9cembre 2015","format":false,"excerpt":"Un m\u00e9lange forestier compos\u00e9 de Bolets jaunes, Lactaires, Pleurotes, Foliotes.","rel":"","context":"Article similaire","img":{"alt_text":"","src":"https:\/\/i1.wp.com\/www.passionfruits.fr\/wp-content\/uploads\/2015\/12\/garniture-forestiere.jpg?fit=594%2C600&resize=350%2C200","width":350,"height":200},"classes":[]},{"id":6436,"url":"http:\/\/www.passionfruits.fr\/index.php\/produit\/a-gousses-dail-marinees-bocal-314-ml\/","url_meta":{"origin":17766,"position":3},"title":"Gousses d'Ail Marin\u00e9es bocal 314 Ml","date":"7 d\u00e9cembre 2015","format":false,"excerpt":"Gousses d'ail marin\u00e9es aux herbes, a manger comme des olives.","rel":"","context":"Article similaire","img":{"alt_text":"","src":"https:\/\/i1.wp.com\/www.passionfruits.fr\/wp-content\/uploads\/2015\/12\/gousses_d_ail.jpg?fit=480%2C480&resize=350%2C200","width":350,"height":200},"classes":[]},{"id":6432,"url":"http:\/\/www.passionfruits.fr\/index.php\/produit\/a-poivrons-farcis-au-thon-bocal-314-ml\/","url_meta":{"origin":17766,"position":4},"title":"Poivrons farcis au thon bocal 314 Ml","date":"7 d\u00e9cembre 2015","format":false,"excerpt":"Un poivrons doux farcis de cr\u00e8me de thon. Pour une mise en bouche digne des plus grande table.","rel":"","context":"Article similaire","img":{"alt_text":"","src":"https:\/\/i1.wp.com\/www.passionfruits.fr\/wp-content\/uploads\/2015\/12\/poivrons_thon.jpg?fit=480%2C480&resize=350%2C200","width":350,"height":200},"classes":[]},{"id":6434,"url":"http:\/\/www.passionfruits.fr\/index.php\/produit\/a-poivrons-grilles-bocal-314-ml\/","url_meta":{"origin":17766,"position":5},"title":"Poivrons grill\u00e9s bocal 314 Ml","date":"7 d\u00e9cembre 2015","format":false,"excerpt":"Id\u00e9ales pour les ap\u00e9ritifs, salades, sandwiches, p\u00e2tes, pizzas, tartes, bruschettas\u2026 Apr\u00e8s d\u00e9gustation, la marinade d\u00e9licieusement parfum\u00e9e par les lamelles de poivrons et ses \u00e9pices, peut \u00eatre utilis\u00e9e dans vos pr\u00e9parations de salades, pates\u2026","rel":"","context":"Article similaire","img":{"alt_text":"","src":"https:\/\/i1.wp.com\/www.passionfruits.fr\/wp-content\/uploads\/2015\/12\/poivrons_grill.jpg?fit=480%2C480&resize=350%2C200","width":350,"height":200},"classes":[]}],"_links":{"self":[{"href":"http:\/\/www.passionfruits.fr\/index.php\/wp-json\/wp\/v2\/product\/17766"}],"collection":[{"href":"http:\/\/www.passionfruits.fr\/index.php\/wp-json\/wp\/v2\/product"}],"about":[{"href":"http:\/\/www.passionfruits.fr\/index.php\/wp-json\/wp\/v2\/types\/product"}],"replies":[{"embeddable":true,"href":"http:\/\/www.passionfruits.fr\/index.php\/wp-json\/wp\/v2\/comments?post=17766"}],"wp:featuredmedia":[{"embeddable":true,"href":"http:\/\/www.passionfruits.fr\/index.php\/wp-json\/wp\/v2\/media\/17768"}],"wp:attachment":[{"href":"http:\/\/www.passionfruits.fr\/index.php\/wp-json\/wp\/v2\/media?parent=17766"}],"curies":[{"name":"wp","href":"https:\/\/api.w.org\/{rel}","templated":true}]}}