{"id":17779,"date":"2021-03-21T06:11:29","date_gmt":"2021-03-21T05:11:29","guid":{"rendered":"http:\/\/www.passionfruits.fr\/?post_type=product&#038;p=17779"},"modified":"2023-02-28T17:37:17","modified_gmt":"2023-02-28T16:37:17","slug":"moutarde-a-l-estragon-le-pot-de-200g","status":"publish","type":"product","link":"http:\/\/www.passionfruits.fr\/index.php\/produit\/moutarde-a-l-estragon-le-pot-de-200g\/","title":{"rendered":"Moutarde \u00e0 l&#8217; estragon le pot de 200g"},"content":{"rendered":"","protected":false},"excerpt":{"rendered":"<p>Ingr\u00e9dients : Graine de\u00a0<strong>moutarde<\/strong>, eau, vinaigre, sel, sucre,\u00a0estragon 7.5% conservateur :\u00a0<strong>sulfite<\/strong>, acide de sodium<\/p>\n<p>Valeurs nutritionnelles moyennes pour 100g<\/p>\n<p>Energie :\u00a0784kj\/188kcal<\/p>\n<p>Mati\u00e8res grasses\u00a012.1g dont acides gras satur\u00e9s\u00a00.8g<\/p>\n<p>Glucides 10.8g dont sucres 4,4g<\/p>\n<p>Fibres alimentaires\u00a01.3g<\/p>\n<p>Prot\u00e9ines\u00a08.4g<\/p>\n<p>Sel\u00a04.7g<\/p>\n<p>Distrazur 26780 Malataverne<\/p>\n","protected":false},"featured_media":17776,"comment_status":"closed","ping_status":"closed","template":"","meta":{"spay_email":"","jetpack_publicize_message":"","jetpack_is_tweetstorm":false},"jetpack_publicize_connections":[],"jetpack_sharing_enabled":true,"jetpack-related-posts":[{"id":11712,"url":"http:\/\/www.passionfruits.fr\/index.php\/produit\/cornichon-extra-fins-le-pot-de-350-grs\/","url_meta":{"origin":17779,"position":0},"title":"Cornichon Extra fins le pot de 350 grs","date":"14 f\u00e9vrier 2018","format":false,"excerpt":"Ingr\u00e9dients : Cornichons origine Inde 97%, vinaigre d'alcool d'origine agricole, sel, aromates (oignons, graines de moutarde, coriandre, estragon) contient des sulfites. Sans OGM, sans ingr\u00e9dients ionis\u00e9s. Produit pasteuris\u00e9. Valeurs nutritionnelles moyennes pour 100g Energie : 71kj\/17kcal Mati\u00e8res grasses : 0.2g dont acides gras satur\u00e9s <0.1g Glucides 2.8g dont sucres 0.6g\u2026","rel":"","context":"Article similaire","img":{"alt_text":"","src":"https:\/\/i2.wp.com\/www.passionfruits.fr\/wp-content\/uploads\/2018\/02\/cornichons.jpg?fit=600%2C600&resize=350%2C200","width":350,"height":200},"classes":[]},{"id":17781,"url":"http:\/\/www.passionfruits.fr\/index.php\/produit\/moutarde-au-miel-le-pot-de-200g\/","url_meta":{"origin":17779,"position":1},"title":"Moutarde au miel le pot de 200g","date":"21 mars 2021","format":false,"excerpt":"Ingr\u00e9dients : Graine de\u00a0moutarde, eau, vinaigre, sel, sucre,\u00a0miel\u00a010% conservateur :\u00a0sulfite, acide de sodium Valeurs nutritionnelles moyennes pour 100g Energie :\u00a0843kj\/202kcal Mati\u00e8res grasses\u00a012.1g dont acides gras satur\u00e9s\u00a00.9g Glucides\u00a013.7g dont sucres\u00a012.8g Fibres alimentaires\u00a04.1g Prot\u00e9ines\u00a07.6g Sel\u00a04.4g Distrazur 26780 Malataverne","rel":"","context":"Article similaire","img":{"alt_text":"","src":"https:\/\/i2.wp.com\/www.passionfruits.fr\/wp-content\/uploads\/2021\/03\/Moutarde563.jpg?fit=640%2C480&resize=350%2C200","width":350,"height":200},"classes":[]},{"id":17784,"url":"http:\/\/www.passionfruits.fr\/index.php\/produit\/moutarde-au-basilic-le-pot-de-200g\/","url_meta":{"origin":17779,"position":2},"title":"Moutarde au basilic le pot de 200g","date":"21 mars 2021","format":false,"excerpt":"Ingr\u00e9dients : Graine de moutarde, eau, vinaigre, sel, sucre, basilic 0.6%, conservateur : sulfite, acide de sodium Valeurs nutritionnelles moyennes pour 100g Energie : 845kj\/203kcal Mati\u00e8res grasses 14.00g dont acides gras satur\u00e9s 1.0g Glucides 9.4g dont sucres 5.2g Fibres alimentaires 1.3g Prot\u00e9ines 9.2g Sel 5.5g Distrazur 26780 Malataverne","rel":"","context":"Article similaire","img":{"alt_text":"","src":"https:\/\/i2.wp.com\/www.passionfruits.fr\/wp-content\/uploads\/2021\/03\/Moutarde563.jpg?fit=640%2C480&resize=350%2C200","width":350,"height":200},"classes":[]},{"id":17777,"url":"http:\/\/www.passionfruits.fr\/index.php\/produit\/moutarde-au-poivre-vert-le-pot-de-200g\/","url_meta":{"origin":17779,"position":3},"title":"Moutarde au poivre vert le pot de 200g","date":"21 mars 2021","format":false,"excerpt":"Ingr\u00e9dients : Graine de\u00a0moutarde, eau, vinaigre, sel, sucre,\u00a0poivre vert\u00a07.5% conservateur :\u00a0sulfite, acide de sodium Valeurs nutritionnelles moyennes pour 100g Energie :\u00a0808kj\/194kcal Mati\u00e8res grasses\u00a013.3g dont acides gras satur\u00e9s\u00a00.8g Glucides\u00a09.7g dont sucres\u00a05.3g Fibres alimentaires\u00a01.2g Prot\u00e9ines\u00a08.3g Sel\u00a05.1g Distrazur 26780 Malataverne","rel":"","context":"Article similaire","img":{"alt_text":"","src":"https:\/\/i2.wp.com\/www.passionfruits.fr\/wp-content\/uploads\/2021\/03\/Moutarde563.jpg?fit=640%2C480&resize=350%2C200","width":350,"height":200},"classes":[]},{"id":17783,"url":"http:\/\/www.passionfruits.fr\/index.php\/produit\/moutarde-aux-herbes-de-provence-le-pot-de-200g\/","url_meta":{"origin":17779,"position":4},"title":"Moutarde aux herbes de Provence le pot de 200g","date":"21 mars 2021","format":false,"excerpt":"Ingr\u00e9dients : Graine de\u00a0moutarde, eau, vinaigre, sel, sucre,\u00a0herbes de provence (romarin, thym,\u00a0basilic, marjolaine)1% conservateur :\u00a0sulfite, acide de sodium Valeurs nutritionnelles moyennes pour 100g Energie :\u00a0734kj\/177kcal Mati\u00e8res grasses 13.3g dont acides gras satur\u00e9s\u00a00.9g Glucides\u00a010.1g dont sucres 5.3g Fibres alimentaires 1.2g Prot\u00e9ines\u00a03.5g Sel 5.1g Distrazur 26780 Malataverne","rel":"","context":"Article similaire","img":{"alt_text":"","src":"https:\/\/i2.wp.com\/www.passionfruits.fr\/wp-content\/uploads\/2021\/03\/Moutarde563.jpg?fit=640%2C480&resize=350%2C200","width":350,"height":200},"classes":[]},{"id":17775,"url":"http:\/\/www.passionfruits.fr\/index.php\/produit\/moutarde-a-l-ancienne-le-pot-de-200g\/","url_meta":{"origin":17779,"position":5},"title":"Moutarde \u00e0 l' ancienne le pot de 200g","date":"21 mars 2021","format":false,"excerpt":"Ingr\u00e9dients : Graine de\u00a0moutarde, eau, vinaigre, sel Energie :\u00a0674kj\/163kcal Mati\u00e8res grasses\u00a011.7g dont acides gras satur\u00e9s\u00a00.9g Glucides\u00a04.2g dont sucres\u00a02.8g Fibres alimentaires\u00a05.3g Prot\u00e9ines\u00a07.6g Sel\u00a05.2g Distrazur 26780 Malataverne","rel":"","context":"Article similaire","img":{"alt_text":"","src":"https:\/\/i2.wp.com\/www.passionfruits.fr\/wp-content\/uploads\/2021\/03\/Moutarde563.jpg?fit=640%2C480&resize=350%2C200","width":350,"height":200},"classes":[]}],"_links":{"self":[{"href":"http:\/\/www.passionfruits.fr\/index.php\/wp-json\/wp\/v2\/product\/17779"}],"collection":[{"href":"http:\/\/www.passionfruits.fr\/index.php\/wp-json\/wp\/v2\/product"}],"about":[{"href":"http:\/\/www.passionfruits.fr\/index.php\/wp-json\/wp\/v2\/types\/product"}],"replies":[{"embeddable":true,"href":"http:\/\/www.passionfruits.fr\/index.php\/wp-json\/wp\/v2\/comments?post=17779"}],"wp:featuredmedia":[{"embeddable":true,"href":"http:\/\/www.passionfruits.fr\/index.php\/wp-json\/wp\/v2\/media\/17776"}],"wp:attachment":[{"href":"http:\/\/www.passionfruits.fr\/index.php\/wp-json\/wp\/v2\/media?parent=17779"}],"curies":[{"name":"wp","href":"https:\/\/api.w.org\/{rel}","templated":true}]}}