{"id":17826,"date":"2021-03-25T11:22:50","date_gmt":"2021-03-25T10:22:50","guid":{"rendered":"http:\/\/www.passionfruits.fr\/?post_type=product&#038;p=17826"},"modified":"2025-08-05T14:52:28","modified_gmt":"2025-08-05T13:52:28","slug":"gorgonzola-a-la-louche-cat-1-les-250-grs","status":"publish","type":"product","link":"http:\/\/www.passionfruits.fr\/index.php\/produit\/gorgonzola-a-la-louche-cat-1-les-250-grs\/","title":{"rendered":"Gorgonzola \u00e0 la louche les 250 grs"},"content":{"rendered":"","protected":false},"excerpt":{"rendered":"<p>Ingr\u00e9dients: <strong>Lait<\/strong> de vache pasteuris\u00e9, sel, pr\u00e9sure.<\/p>\n<p>Mati\u00e8re grasse 27% environ. Cro\u00fbte non comestible.<\/p>\n<p>Origine: Italie<\/p>\n<div class=\"elementor-element elementor-element-8420b67 col-1 elementor-widget__width-auto elementor-widget elementor-widget-text-editor\" data-id=\"8420b67\" data-element_type=\"widget\" data-widget_type=\"text-editor.default\">\n<div class=\"elementor-widget-container\">\n<div class=\"elementor-text-editor elementor-clearfix\">\n<p>Energie: 1334 kJ<\/p>\n<p>319 kcal<\/p>\n<p>Mati\u00e8re grasse :27 g<\/p>\n<\/div>\n<\/div>\n<\/div>\n<div class=\"elementor-element elementor-element-871c8aa col-1 elementor-widget__width-auto elementor-widget elementor-widget-text-editor\" data-id=\"871c8aa\" data-element_type=\"widget\" data-widget_type=\"text-editor.default\">\n<div class=\"elementor-widget-container\">\n<div class=\"elementor-text-editor elementor-clearfix\">\n<p>Dont acides satur\u00e9s :19 g<\/p>\n<\/div>\n<\/div>\n<\/div>\n<div class=\"elementor-element elementor-element-fec11c0 divisore elementor-widget-divider--view-line elementor-widget elementor-widget-divider\" data-id=\"fec11c0\" data-element_type=\"widget\" data-widget_type=\"divider.default\">\n<div class=\"elementor-widget-container\">\n<div class=\"elementor-divider\">Glucides : 0,1g<\/div>\n<\/div>\n<\/div>\n<div class=\"elementor-element elementor-element-f41bcee col-1 elementor-widget__width-auto elementor-widget elementor-widget-text-editor\" data-id=\"f41bcee\" data-element_type=\"widget\" data-widget_type=\"text-editor.default\">\n<div class=\"elementor-widget-container\">\n<div class=\"elementor-text-editor elementor-clearfix\">\n<p>Dont sucres : 0,1g<\/p>\n<\/div>\n<\/div>\n<\/div>\n<div class=\"elementor-element elementor-element-c2f4ddc col-1 elementor-widget__width-auto elementor-widget elementor-widget-text-editor\" data-id=\"c2f4ddc\" data-element_type=\"widget\" data-widget_type=\"text-editor.default\">\n<div class=\"elementor-widget-container\">\n<div class=\"elementor-text-editor elementor-clearfix\">\n<p>Prot\u00e9ines : 19 g<\/p>\n<\/div>\n<\/div>\n<\/div>\n<div class=\"elementor-element elementor-element-fb6c2dd divisore elementor-widget-divider--view-line elementor-widget elementor-widget-divider\" data-id=\"fb6c2dd\" data-element_type=\"widget\" data-widget_type=\"divider.default\">\n<div class=\"elementor-widget-container\">\n<div class=\"elementor-divider\">Sel : 1,3 g<\/div>\n<\/div>\n<\/div>\n<div class=\"elementor-element elementor-element-61a71fe divisore elementor-widget-divider--view-line elementor-widget elementor-widget-divider\" data-id=\"61a71fe\" data-element_type=\"widget\" data-widget_type=\"divider.default\">\n<div class=\"elementor-widget-container\">\n<div class=\"elementor-divider\"><\/div>\n<\/div>\n<\/div>\n","protected":false},"featured_media":17827,"comment_status":"closed","ping_status":"closed","template":"","meta":{"spay_email":"","jetpack_publicize_message":"","jetpack_is_tweetstorm":false},"jetpack_publicize_connections":[],"jetpack_sharing_enabled":true,"jetpack-related-posts":[{"id":10681,"url":"http:\/\/www.passionfruits.fr\/index.php\/produit\/neuville-aux-herbes-la-piece-240-g\/","url_meta":{"origin":17826,"position":0},"title":"Neuville aux herbes la pi\u00e8ce 240 g","date":"6 juin 2017","format":false,"excerpt":"Le Neuville est un fromage \u00e0 p\u00e2te molle, au lait de vache pasteuris\u00e9. Sa mati\u00e8re grasse sur extrait sec est de 22%, son poids de 240 g, Au cours de son affinage en cave, il d\u00e9veloppe une p\u00e2te homog\u00e8ne, cr\u00e9meuse \u00e0 souhait. Ingr\u00e9dients : fromage, persil ciboulette Lait origine France\u2026","rel":"","context":"Article similaire","img":{"alt_text":"","src":"https:\/\/i1.wp.com\/www.passionfruits.fr\/wp-content\/uploads\/2017\/06\/Neuvilleherbes.jpg?fit=597%2C590&resize=350%2C200","width":350,"height":200},"classes":[]},{"id":6032,"url":"http:\/\/www.passionfruits.fr\/index.php\/produit\/vinaigrette-a-lechalote-la-bouteille\/","url_meta":{"origin":17826,"position":1},"title":"Vinaigrette \u00e0 l'\u00e9chalote la bouteille de 500 ml","date":"7 d\u00e9cembre 2015","format":false,"excerpt":"Contenance : 50 cl Poids net : 500 g Poids net \u00e9goutt\u00e9 : 0 g CARACTERISTIQUES PRODUIT Ingr\u00e9dients : Huile de tournesol (50%), vinaigre de vin de Bordeaux* 27%, (dont conservateur E228* et stabilisant E414), eau, \u00e9chalotes 7.6% moutarde de Dijon* (graines de moutarde, vinaigre d'alcool, eau, sel, ar\u00f4me \u00e9chalote).\u2026","rel":"","context":"Article similaire","img":{"alt_text":"","src":"https:\/\/i0.wp.com\/www.passionfruits.fr\/wp-content\/uploads\/2015\/12\/vinaigrette-echalote.jpg?fit=598%2C600&resize=350%2C200","width":350,"height":200},"classes":[]},{"id":6216,"url":"http:\/\/www.passionfruits.fr\/index.php\/produit\/gaufrette-vanille\/","url_meta":{"origin":17826,"position":2},"title":"Gaufrette \u00e0 la vanille le paquet 175g","date":"7 d\u00e9cembre 2015","format":false,"excerpt":"Contenance : 0 cl Poids net : 175 g Poids net \u00e9goutt\u00e9 : 0 g CARACTERISTIQUES PRODUIT Ingr\u00e9dients : Sucre, farine de bl\u00e9, mati\u00e8res grasses v\u00e9g\u00e9tales non hydrog\u00e9n\u00e9es, ar\u00f4mes, colorant : b\u00e9t\u00e0carot\u00e8ne, sel, \u00e9mulsifiant : l\u00e9cithine de soja (sans O.G.M), poudre \u00e0 lever : carbonate de magn\u00e9sie Allerg\u00e8nes : Traces\u2026","rel":"","context":"Article similaire","img":{"alt_text":"","src":"https:\/\/i2.wp.com\/www.passionfruits.fr\/wp-content\/uploads\/2015\/12\/gaufrette.jpg?fit=600%2C600&resize=350%2C200","width":350,"height":200},"classes":[]},{"id":5936,"url":"http:\/\/www.passionfruits.fr\/index.php\/produit\/rocher-coco-nature-le-paquet\/","url_meta":{"origin":17826,"position":3},"title":"Rocher noix de coco le paquet 200g","date":"7 d\u00e9cembre 2015","format":false,"excerpt":"Contenance : 0 cl Poids net : 200 g Poids net \u00e9goutt\u00e9 : 0 g CARACTERISTIQUES PRODUIT Ingr\u00e9dients : coco r\u00e2p\u00e9 PH\/ID, sucre, sirop de glucose , chocolat noir [p\u00e2te de cacao, sucre, beurre de cacao, mati\u00e8re grasse laiti\u00e8re anhydre, \u00e9mulsifiant (l\u00e9cithine de soja E322), blanc d'oeuf, farine de froment,\u2026","rel":"","context":"Article similaire","img":{"alt_text":"","src":"https:\/\/i2.wp.com\/www.passionfruits.fr\/wp-content\/uploads\/2015\/12\/maxi-rocher-coco.jpg?fit=600%2C600&resize=350%2C200","width":350,"height":200},"classes":[]},{"id":10682,"url":"http:\/\/www.passionfruits.fr\/index.php\/produit\/neuville-au-poivre-la-piece-240-g\/","url_meta":{"origin":17826,"position":4},"title":"Neuville au poivre  la pi\u00e8ce 240 g","date":"6 juin 2017","format":false,"excerpt":"Le Neuville est un fromage \u00e0 p\u00e2te molle, au lait de vache pasteuris\u00e9. Sa mati\u00e8re grasse sur extrait sec est de 40 %, son poids de 240 g, Au cours de son affinage en cave, il d\u00e9veloppe une p\u00e2te homog\u00e8ne, cr\u00e9meuse \u00e0 souhait.","rel":"","context":"Article similaire","img":{"alt_text":"","src":"https:\/\/i2.wp.com\/www.passionfruits.fr\/wp-content\/uploads\/2017\/06\/Neuvillepoivre.jpg?fit=593%2C591&resize=350%2C200","width":350,"height":200},"classes":[]},{"id":11145,"url":"http:\/\/www.passionfruits.fr\/index.php\/produit\/gaufrette-au-noisette-le-paquet-175g\/","url_meta":{"origin":17826,"position":5},"title":"Gaufrette au noisette le paquet 175g","date":"1 octobre 2017","format":false,"excerpt":"C'est une tradition qui remonte \u00e0 1894 ! Aujourd'hui, m\u00eame si la recette est toujours rigoureusement la m\u00eame, \u00e0 l'ar\u00f4me Vanille s'ajoutent celui du Chocolat, de la Framboise ... Et avant de d\u00e9guster votre gaufrette, n'oubliez pas de lire la petite phrase qui vous fera sourire!! Contenance : 0 cl\u2026","rel":"","context":"Article similaire","img":{"alt_text":"","src":"https:\/\/i2.wp.com\/www.passionfruits.fr\/wp-content\/uploads\/2015\/12\/gaufrette.jpg?fit=600%2C600&resize=350%2C200","width":350,"height":200},"classes":[]}],"_links":{"self":[{"href":"http:\/\/www.passionfruits.fr\/index.php\/wp-json\/wp\/v2\/product\/17826"}],"collection":[{"href":"http:\/\/www.passionfruits.fr\/index.php\/wp-json\/wp\/v2\/product"}],"about":[{"href":"http:\/\/www.passionfruits.fr\/index.php\/wp-json\/wp\/v2\/types\/product"}],"replies":[{"embeddable":true,"href":"http:\/\/www.passionfruits.fr\/index.php\/wp-json\/wp\/v2\/comments?post=17826"}],"wp:featuredmedia":[{"embeddable":true,"href":"http:\/\/www.passionfruits.fr\/index.php\/wp-json\/wp\/v2\/media\/17827"}],"wp:attachment":[{"href":"http:\/\/www.passionfruits.fr\/index.php\/wp-json\/wp\/v2\/media?parent=17826"}],"curies":[{"name":"wp","href":"https:\/\/api.w.org\/{rel}","templated":true}]}}