{"id":17836,"date":"2021-03-26T15:02:51","date_gmt":"2021-03-26T14:02:51","guid":{"rendered":"http:\/\/www.passionfruits.fr\/?post_type=product&#038;p=17836"},"modified":"2022-02-19T15:40:55","modified_gmt":"2022-02-19T14:40:55","slug":"biscottes-artisanales-au-chocolat-300grs","status":"publish","type":"product","link":"http:\/\/www.passionfruits.fr\/index.php\/produit\/biscottes-artisanales-au-chocolat-300grs\/","title":{"rendered":"Biscottes artisanales au chocolat le paquet 300grs"},"content":{"rendered":"<p>La Chanteracoise<\/p>\n<p>Le Pont<br \/>\n24190 Saint-Germain-du-Salembre<\/p>\n","protected":false},"excerpt":{"rendered":"<p>Toutes les biscotteries artisanales ont disparu au cours des d\u00e9cennies qui suivirent, laissant place aux nombreuses fabrications industrielles.<\/p>\n<p>Toutes sauf une\u2026 la derni\u00e8re biscotterie artisanale en France aujourd\u2019hui encore, \u00e0\u00a0Saint Germain du\u00a0Salembre, \u00e9labore les biscottes suivant la recette et le savoir-faire authentiques.<\/p>\n<p>Cette recette marie le craquant de la biscotte et le fondant de la p\u00e9pite de\u00a0chocolat.<\/p>\n<p>Ingr\u00e9dients: farine de <strong>bl\u00e9<\/strong>, fran\u00e7aise, p\u00e9pites de chocolat 11,6% (sucre, p\u00e2te de cacao, beurre de cacao, l\u00e9cithine de tournesol, ar\u00f4me vanille), huile de coco non hydrog\u00e9n\u00e9e, levure boulang\u00e8re, sel , malt d<strong>&#8216;orge<\/strong>.<\/p>\n<p><b>Atelier utilisant des fruits \u00e0 coque, du s\u00e9same, du lait et des \u0153ufs.<\/b><\/p>\n<p><strong>Sans colorant, sans conservateur, sans huile de palme.<\/strong><\/p>\n<p>&nbsp;<\/p>\n<p>Informations nutritionnelles (pour 100g) :<\/p>\n<p>-valeur \u00e9nerg\u00e9tique:\u00a0 1640kj\u00a0 \u00a0 \u00a0 \u00a0 \u00a0 \u00a0 \u00a0 \u00a0 -\u00e9nergie:\u00a0 389kcal<\/p>\n<p>-mati\u00e8res grasses:\u00a0 10g\u00a0 \u00a0 \u00a0 \u00a0 \u00a0 \u00a0 \u00a0 \u00a0 \u00a0 \u00a0 \u00a0 \u00a0 \u00a0 -dont acides gras satur\u00e9s: 8g<\/p>\n<p>-glucides:\u00a0 \u00a062g\u00a0 \u00a0 \u00a0 \u00a0 \u00a0 \u00a0 \u00a0 \u00a0 \u00a0 \u00a0 \u00a0 \u00a0 \u00a0 \u00a0 \u00a0 \u00a0 \u00a0 \u00a0 \u00a0 \u00a0 -dont sucres: 11g<\/p>\n<p>-fibres:\u00a0 3,6g\u00a0 \u00a0 \u00a0 \u00a0 \u00a0 \u00a0 \u00a0 \u00a0 \u00a0 \u00a0 \u00a0 \u00a0 \u00a0 \u00a0 \u00a0 \u00a0 \u00a0 \u00a0 \u00a0 \u00a0 \u00a0 \u00a0 \u00a0-prot\u00e9ines: 11g<\/p>\n<p>-sel:\u00a0 1,2g<\/p>\n<p>&nbsp;<\/p>\n","protected":false},"featured_media":17839,"comment_status":"closed","ping_status":"closed","template":"","meta":{"spay_email":"","jetpack_publicize_message":"","jetpack_is_tweetstorm":false},"jetpack_publicize_connections":[],"jetpack_sharing_enabled":true,"jetpack-related-posts":[{"id":17843,"url":"http:\/\/www.passionfruits.fr\/index.php\/produit\/biscottes-artisanales-aux-fruits-300g\/","url_meta":{"origin":17836,"position":0},"title":"Biscottes artisanales aux fruits le paquet 300g","date":"26 mars 2021","format":false,"excerpt":"Toutes les biscotteries artisanales ont disparu au cours des d\u00e9cennies qui suivirent, laissant place aux nombreuses fabrications industrielles. Toutes sauf une\u2026 la derni\u00e8re biscotterie artisanale en France aujourd\u2019hui encore, \u00e0\u00a0Saint Germain du\u00a0Salembre, \u00e9labore les biscottes suivant la recette et le savoir-faire authentiques. N\u00e9e \u00e0 la fin du XVIIIe\u00a0si\u00e8cle, de l\u2019imagination\u2026","rel":"","context":"Article similaire","img":{"alt_text":"","src":"https:\/\/i0.wp.com\/www.passionfruits.fr\/wp-content\/uploads\/2021\/03\/527-1382-thickbox.jpg?fit=600%2C600&resize=350%2C200","width":350,"height":200},"classes":[]},{"id":17840,"url":"http:\/\/www.passionfruits.fr\/index.php\/produit\/biscottes-artisanales-sans-sucre-370g\/","url_meta":{"origin":17836,"position":1},"title":"Biscottes artisanales sans sucre Le paquet 370g","date":"26 mars 2021","format":false,"excerpt":"Toutes les biscotteries artisanales ont disparu au cours des d\u00e9cennies qui suivirent, laissant place aux nombreuses fabrications industrielles. Toutes sauf une\u2026 la derni\u00e8re biscotterie artisanale en France aujourd\u2019hui encore, \u00e0\u00a0Saint Germain du\u00a0Salembre, \u00e9labore les biscottes suivant la recette et le savoir-faire authentiques. N\u00e9e \u00e0 la fin du XVIIIe si\u00e8cle, de\u2026","rel":"","context":"Article similaire","img":{"alt_text":"","src":"https:\/\/i1.wp.com\/www.passionfruits.fr\/wp-content\/uploads\/2021\/03\/528-1383-thickbox.jpg?fit=600%2C600&resize=350%2C200","width":350,"height":200},"classes":[]},{"id":17757,"url":"http:\/\/www.passionfruits.fr\/index.php\/produit\/toasts-aux-7-cereales-sachet-140g\/","url_meta":{"origin":17836,"position":2},"title":"Toasts Aux 7 c\u00e9r\u00e9ales sachet 140g","date":"19 mars 2021","format":false,"excerpt":"Toutes les biscotteries artisanales ont disparu au cours des d\u00e9cennies qui suivirent, laissant place aux nombreuses fabrications industrielles. Toutes sauf une\u2026 la derni\u00e8re biscotterie artisanale en France aujourd\u2019hui encore, \u00e0\u00a0Saint Germain du\u00a0Salembre, \u00e9labore les biscottes suivant la recette et le savoir-faire authentiques. \u00a0","rel":"","context":"Article similaire","img":{"alt_text":"","src":"https:\/\/i0.wp.com\/www.passionfruits.fr\/wp-content\/uploads\/2021\/03\/toast-7cereales.jpg?fit=598%2C600&resize=350%2C200","width":350,"height":200},"classes":[]},{"id":11720,"url":"http:\/\/www.passionfruits.fr\/index.php\/produit\/biscotte-aux-7-cereales-le-paquet-370-grs\/","url_meta":{"origin":17836,"position":3},"title":"Biscotte aux 7 c\u00e9r\u00e9ales le paquet 370 grs","date":"15 f\u00e9vrier 2018","format":false,"excerpt":"Toutes les biscotteries artisanales ont disparu au cours des d\u00e9cennies qui suivirent, laissant place aux nombreuses fabrications industrielles. Toutes sauf une\u2026 la derni\u00e8re biscotterie artisanale en France aujourd\u2019hui encore, \u00e0\u00a0Saint Germain du\u00a0Salembre, \u00e9labore les biscottes suivant la recette et le savoir-faire authentiques. Ingr\u00e9dients : farine de bl\u00e9 (gluten), c\u00e9r\u00e9ales (gluten)\u2026","rel":"","context":"Article similaire","img":{"alt_text":"","src":"https:\/\/i2.wp.com\/www.passionfruits.fr\/wp-content\/uploads\/2018\/02\/Biscotte-7cereales.jpg?fit=599%2C600&resize=350%2C200","width":350,"height":200},"classes":[]},{"id":17752,"url":"http:\/\/www.passionfruits.fr\/index.php\/produit\/toasts-aux-figues-sachet-140g\/","url_meta":{"origin":17836,"position":4},"title":"Toasts Aux figues sachet 140g","date":"19 mars 2021","format":false,"excerpt":"Toutes les biscotteries artisanales ont disparu au cours des d\u00e9cennies qui suivirent, laissant place aux nombreuses fabrications industrielles. Toutes sauf une\u2026 la derni\u00e8re biscotterie artisanale en France aujourd\u2019hui encore, \u00e0\u00a0Saint Germain du\u00a0Salembre, \u00e9labore les biscottes suivant la recette et le savoir-faire authentiques. L\u2019association des morceaux de figues ou de raisin\u2026","rel":"","context":"Article similaire","img":{"alt_text":"","src":"https:\/\/i0.wp.com\/www.passionfruits.fr\/wp-content\/uploads\/2021\/03\/toast-figues.jpg?fit=600%2C596&resize=350%2C200","width":350,"height":200},"classes":[]},{"id":11727,"url":"http:\/\/www.passionfruits.fr\/index.php\/produit\/biscotte-briochee-le-paquet-300-grs\/","url_meta":{"origin":17836,"position":5},"title":"Biscotte Brioch\u00e9e le paquet 300 grs","date":"15 f\u00e9vrier 2018","format":false,"excerpt":"Toutes les biscotteries artisanales ont disparu au cours des d\u00e9cennies qui suivirent, laissant place aux nombreuses fabrications industrielles. Toutes sauf une\u2026 la derni\u00e8re biscotterie artisanale en France aujourd\u2019hui encore, \u00e0\u00a0Saint Germain du\u00a0Salembre, \u00e9labore les biscottes suivant la recette et le savoir-faire authentiques. Contenance : 0 cl Poids net : 300\u2026","rel":"","context":"Article similaire","img":{"alt_text":"","src":"https:\/\/i2.wp.com\/www.passionfruits.fr\/wp-content\/uploads\/2018\/02\/Biscotte-Briochee.jpg?fit=599%2C600&resize=350%2C200","width":350,"height":200},"classes":[]}],"_links":{"self":[{"href":"http:\/\/www.passionfruits.fr\/index.php\/wp-json\/wp\/v2\/product\/17836"}],"collection":[{"href":"http:\/\/www.passionfruits.fr\/index.php\/wp-json\/wp\/v2\/product"}],"about":[{"href":"http:\/\/www.passionfruits.fr\/index.php\/wp-json\/wp\/v2\/types\/product"}],"replies":[{"embeddable":true,"href":"http:\/\/www.passionfruits.fr\/index.php\/wp-json\/wp\/v2\/comments?post=17836"}],"wp:featuredmedia":[{"embeddable":true,"href":"http:\/\/www.passionfruits.fr\/index.php\/wp-json\/wp\/v2\/media\/17839"}],"wp:attachment":[{"href":"http:\/\/www.passionfruits.fr\/index.php\/wp-json\/wp\/v2\/media?parent=17836"}],"curies":[{"name":"wp","href":"https:\/\/api.w.org\/{rel}","templated":true}]}}