{"id":18236,"date":"2021-08-17T09:53:12","date_gmt":"2021-08-17T08:53:12","guid":{"rendered":"http:\/\/www.passionfruits.fr\/?post_type=product&#038;p=18236"},"modified":"2023-08-25T09:01:44","modified_gmt":"2023-08-25T08:01:44","slug":"chevre-pyramide-de-la-region-la-piece","status":"publish","type":"product","link":"http:\/\/www.passionfruits.fr\/index.php\/produit\/chevre-pyramide-de-la-region-la-piece\/","title":{"rendered":"Ch\u00e8vre Pyramide de la r\u00e9gion la  pi\u00e8ce"},"content":{"rendered":"<p>Maison Limouzin<\/p>\n<p>37350 Le petit Pressigny<\/p>\n","protected":false},"excerpt":{"rendered":"<p>ingr\u00e9diends :\u00a0<strong>Lait cru<\/strong>, sel, ferments, pr\u00e9sure, charbon v\u00e9g\u00e9tal, Moul\u00e9 \u00e0 la louche.<\/p>\n","protected":false},"featured_media":7381,"comment_status":"closed","ping_status":"closed","template":"","meta":{"spay_email":"","jetpack_publicize_message":"","jetpack_is_tweetstorm":false},"jetpack_publicize_connections":[],"jetpack_sharing_enabled":true,"jetpack-related-posts":[],"_links":{"self":[{"href":"http:\/\/www.passionfruits.fr\/index.php\/wp-json\/wp\/v2\/product\/18236"}],"collection":[{"href":"http:\/\/www.passionfruits.fr\/index.php\/wp-json\/wp\/v2\/product"}],"about":[{"href":"http:\/\/www.passionfruits.fr\/index.php\/wp-json\/wp\/v2\/types\/product"}],"replies":[{"embeddable":true,"href":"http:\/\/www.passionfruits.fr\/index.php\/wp-json\/wp\/v2\/comments?post=18236"}],"wp:featuredmedia":[{"embeddable":true,"href":"http:\/\/www.passionfruits.fr\/index.php\/wp-json\/wp\/v2\/media\/7381"}],"wp:attachment":[{"href":"http:\/\/www.passionfruits.fr\/index.php\/wp-json\/wp\/v2\/media?parent=18236"}],"curies":[{"name":"wp","href":"https:\/\/api.w.org\/{rel}","templated":true}]}}