{"id":18320,"date":"2021-09-16T14:37:39","date_gmt":"2021-09-16T13:37:39","guid":{"rendered":"http:\/\/www.passionfruits.fr\/?post_type=product&#038;p=18320"},"modified":"2021-09-16T16:28:56","modified_gmt":"2021-09-16T15:28:56","slug":"gnocchetti-sachet-de-500-gr","status":"publish","type":"product","link":"http:\/\/www.passionfruits.fr\/index.php\/produit\/gnocchetti-sachet-de-500-gr\/","title":{"rendered":"Gnocchetti sachet de 500 Gr"},"content":{"rendered":"<p>Les saveurs du Clavon<\/p>\n<p><span class=\"LrzXr\">ZI des plaines, <\/span><\/p>\n<p><span class=\"LrzXr\">80 chemins des buis, <\/span><\/p>\n<p><span class=\"LrzXr\">26780 Malataverne<\/span><\/p>\n","protected":false},"excerpt":{"rendered":"<p>ingr\u00e9dients : PUREE DE POMMES DE TERRE 70% (EAU, FLOCONS DE POMMES DE TERRE DESHYDRATEES (POMMES DE TERRE, EMULSIFIANTS : MONO ET DIGLYCERIDES D&#8217;ACIDES GRAS, AROMES NATURELS), FARINE DE BLE TENDRE, FECULE DE POMMES DE TERRE, AMIDON, FARINE DE RIZ, SEL, EPICES, CORRECTEUR D&#8217;ACIDITE : ACIDE LACTIQUE, CONSERVATEUR : SORBATE DE POTASSIUM. PRODUIT A CONSOMMER APRES CUISSON.<\/p>\n<p>Valeurs nutritionnelles moyennes pour 100 grs<\/p>\n<p>Energie 641 kj-151 kcal<\/p>\n<p>Mati\u00e8res grasses &lt;0,5 g<\/p>\n<p>Dont acides gras satur\u00e9&lt;0,1 g<\/p>\n<p>Glucides 32 g<\/p>\n<p>Dont sucres &lt;0,5 g<\/p>\n<p>Fibres alimentaires 1,3 g<\/p>\n<p>Prot\u00e9ines 5,7 g<\/p>\n<p>Sel 0,7 g<\/p>\n","protected":false},"featured_media":18321,"comment_status":"closed","ping_status":"closed","template":"","meta":{"spay_email":"","jetpack_publicize_message":"","jetpack_is_tweetstorm":false},"jetpack_publicize_connections":[],"jetpack_sharing_enabled":true,"jetpack-related-posts":[{"id":18310,"url":"http:\/\/www.passionfruits.fr\/index.php\/produit\/tortellinis-au-jambon-cru-barquettes-250-gr\/","url_meta":{"origin":18320,"position":0},"title":"TORTELLINIS AU JAMBON CRU Barquettes 250 Gr","date":"16 septembre 2021","format":false,"excerpt":"Ingr\u00e9dients : ingr\u00e9dients de la p\u00e2te : farine de bl\u00e9 tendre, semoule de bl\u00e9 dur, \u0153ufs (11,7% sur le produit fini), eau. ingr\u00e9dients de la farce : chapelure (farine de bl\u00e9 tendre, eau, sel) pr\u00e9paration de viande (viande de b\u0153uf, viande de porc, sel, farine de bl\u00e9 tendre, ar\u00f4mes jambon\u2026","rel":"","context":"Article similaire","img":{"alt_text":"","src":"https:\/\/i1.wp.com\/www.passionfruits.fr\/wp-content\/uploads\/2021\/09\/tojc4_1.jpg?fit=600%2C600&resize=350%2C200","width":350,"height":200},"classes":[]},{"id":18315,"url":"http:\/\/www.passionfruits.fr\/index.php\/produit\/tortellinis-aux-legumes-grilles-barquettes-250-gr\/","url_meta":{"origin":18320,"position":1},"title":"TORTELLINIS AUX LEGUMES GRILLES Barquettes 250 Gr","date":"16 septembre 2021","format":false,"excerpt":".Ingr\u00e9dients : Ingr\u00e9dients de la p\u00e2te : farine de bl\u00e9 tendre, semoule de bl\u00e9 dur, \u0153ufs (11,2% sur le produit fini), eau. Ingr\u00e9dients de la garniture : Ricotta (lactos\u00e9rum, cr\u00e8me de lait), chapelure (farine de bl\u00e9 tendre, eau, sel), huile de graines de tournesol, lactos\u00e9rum, flocons de pomme de terre,\u2026","rel":"","context":"Article similaire","img":{"alt_text":"","src":"https:\/\/i1.wp.com\/www.passionfruits.fr\/wp-content\/uploads\/2021\/09\/tore4_1_1_1.jpg?fit=600%2C600&resize=350%2C200","width":350,"height":200},"classes":[]},{"id":18325,"url":"http:\/\/www.passionfruits.fr\/index.php\/produit\/gressins-sesame-lin-pavot-200g\/","url_meta":{"origin":18320,"position":2},"title":"Gressins s\u00e9same lin pavot - 200g","date":"16 septembre 2021","format":false,"excerpt":"ingr\u00e9dients : Farine de froment 67%, s\u00e9same 13%, lin 6%, pavot 6%, huile de tournesol 4%, sel 2%,levure de bi\u00e8re 1%, farine de bl\u00e9 au malt 1%. Poids net : 200g Valeurs nutritionnelles moyennes pour 100 grs Energie 1829kj-435kcal Mati\u00e8res grasses 15,00 g Dont Acides gras satur\u00e9 2,2 g Dont\u2026","rel":"","context":"Article similaire","img":{"alt_text":"","src":"https:\/\/i0.wp.com\/www.passionfruits.fr\/wp-content\/uploads\/2021\/09\/grpa1.jpg?fit=600%2C600&resize=350%2C200","width":350,"height":200},"classes":[]},{"id":18317,"url":"http:\/\/www.passionfruits.fr\/index.php\/produit\/ravioli-a-la-viande-barquettes-250-gr\/","url_meta":{"origin":18320,"position":3},"title":"RAVIOLI A LA VIANDE Barquettes 250 Gr","date":"16 septembre 2021","format":false,"excerpt":"ingr\u00e9dients de la p\u00e2te : farine de bl\u00e9 tendre, semoule de bl\u00e9 dur, \u0153ufs (10,8% sur le produit fini), eau. ingr\u00e9dients de la farce : pr\u00e9paration de viande (viande de b\u0153uf (9,5% sur le produit fini), viande de porc (9,5% sur le produit fini), sel, farine de bl\u00e9 tendre, ar\u00f4mes),\u2026","rel":"","context":"Article similaire","img":{"alt_text":"","src":"https:\/\/i0.wp.com\/www.passionfruits.fr\/wp-content\/uploads\/2021\/09\/raviolis_mg_5323_copier_copier_.jpg?fit=600%2C600&resize=350%2C200","width":350,"height":200},"classes":[]},{"id":18327,"url":"http:\/\/www.passionfruits.fr\/index.php\/produit\/flutes-au-fromage-barquette-de-125-gr\/","url_meta":{"origin":18320,"position":4},"title":"Fl\u00fbtes au fromage barquette de 125 Gr","date":"16 septembre 2021","format":false,"excerpt":"Ingr\u00e9dients : Farine de bl\u00e9, beurre 23%, fromage 10%, levure, sel, lait \u00e9cr\u00e9m\u00e9 en poudre, farine de malt d'orge. Peut contenir des traces de s\u00e9same. Valeurs nutritionnelles moyennes pour 100 grs Energie 1992 kj-475 kcal Mati\u00e8res grasses 21.0 g Dont acides gras satur\u00e9s 15.0 g Glucides 58.0 g Dont sucres\u2026","rel":"","context":"Article similaire","img":{"alt_text":"","src":"https:\/\/i0.wp.com\/www.passionfruits.fr\/wp-content\/uploads\/2021\/09\/f_tes_au_fromage_2019_copier_copier_.jpg?fit=600%2C600&resize=350%2C200","width":350,"height":200},"classes":[]},{"id":19900,"url":"http:\/\/www.passionfruits.fr\/index.php\/produit\/chips-de-beauce-nature-ondulee-sachet-150grs\/","url_meta":{"origin":18320,"position":5},"title":"Chips de Beauce Nature ondul\u00e9e sachet 150grs","date":"27 mars 2024","format":false,"excerpt":"Belsia, c\u2019est l\u2019histoire de Cl\u00e9mence et Matthieu qui, par amour du bon et du terroir, d\u00e9cident de transformer les belles pommes de terre de l\u2019exploitation familiale de Mathieu en chips. Ni une ni deux, la ferme de L\u00e9tourville au milieu de la plaine de Beauce (\u00ab\u00a0Belsia\u00a0\u00bb en latin), se voit\u2026","rel":"","context":"Article similaire","img":{"alt_text":"","src":"https:\/\/i2.wp.com\/www.passionfruits.fr\/wp-content\/uploads\/2024\/03\/528-08.jpg?fit=600%2C600&resize=350%2C200","width":350,"height":200},"classes":[]}],"_links":{"self":[{"href":"http:\/\/www.passionfruits.fr\/index.php\/wp-json\/wp\/v2\/product\/18320"}],"collection":[{"href":"http:\/\/www.passionfruits.fr\/index.php\/wp-json\/wp\/v2\/product"}],"about":[{"href":"http:\/\/www.passionfruits.fr\/index.php\/wp-json\/wp\/v2\/types\/product"}],"replies":[{"embeddable":true,"href":"http:\/\/www.passionfruits.fr\/index.php\/wp-json\/wp\/v2\/comments?post=18320"}],"wp:featuredmedia":[{"embeddable":true,"href":"http:\/\/www.passionfruits.fr\/index.php\/wp-json\/wp\/v2\/media\/18321"}],"wp:attachment":[{"href":"http:\/\/www.passionfruits.fr\/index.php\/wp-json\/wp\/v2\/media?parent=18320"}],"curies":[{"name":"wp","href":"https:\/\/api.w.org\/{rel}","templated":true}]}}