{"id":18325,"date":"2021-09-16T15:56:27","date_gmt":"2021-09-16T14:56:27","guid":{"rendered":"http:\/\/www.passionfruits.fr\/?post_type=product&#038;p=18325"},"modified":"2021-09-16T16:28:09","modified_gmt":"2021-09-16T15:28:09","slug":"gressins-sesame-lin-pavot-200g","status":"publish","type":"product","link":"http:\/\/www.passionfruits.fr\/index.php\/produit\/gressins-sesame-lin-pavot-200g\/","title":{"rendered":"Gressins s\u00e9same lin pavot &#8211; 200g"},"content":{"rendered":"<p>Les saveurs du Clavon<\/p>\n<p><span class=\"LrzXr\">ZI des plaines, <\/span><\/p>\n<p><span class=\"LrzXr\">80 chemins des buis, <\/span><\/p>\n<p><span class=\"LrzXr\">26780 Malataverne<\/span><\/p>\n","protected":false},"excerpt":{"rendered":"<p>ingr\u00e9dients : Farine de froment 67%, s\u00e9same 13%, lin 6%, pavot 6%, huile de tournesol 4%, sel 2%,levure de bi\u00e8re 1%, farine de bl\u00e9 au malt 1%. Poids net : 200g<\/p>\n<p>Valeurs nutritionnelles moyennes pour 100 grs<\/p>\n<p>Energie 1829kj-435kcal<\/p>\n<p>Mati\u00e8res grasses 15,00 g<\/p>\n<p>Dont Acides gras satur\u00e9 2,2 g<\/p>\n<p>Dont acides gras omega 3 1,8 g<\/p>\n<p>Glucides 62,0 g<\/p>\n<p>Dont sucres 3.0 g<\/p>\n<p>Prot\u00e9ine 12.0 g<\/p>\n<p>Fibres alimentaires 2.0 g<\/p>\n<p>Sel 1.5 g<\/p>\n","protected":false},"featured_media":18326,"comment_status":"closed","ping_status":"closed","template":"","meta":{"spay_email":"","jetpack_publicize_message":"","jetpack_is_tweetstorm":false},"jetpack_publicize_connections":[],"jetpack_sharing_enabled":true,"jetpack-related-posts":[{"id":18327,"url":"http:\/\/www.passionfruits.fr\/index.php\/produit\/flutes-au-fromage-barquette-de-125-gr\/","url_meta":{"origin":18325,"position":0},"title":"Fl\u00fbtes au fromage barquette de 125 Gr","date":"16 septembre 2021","format":false,"excerpt":"Ingr\u00e9dients : Farine de bl\u00e9, beurre 23%, fromage 10%, levure, sel, lait \u00e9cr\u00e9m\u00e9 en poudre, farine de malt d'orge. Peut contenir des traces de s\u00e9same. Valeurs nutritionnelles moyennes pour 100 grs Energie 1992 kj-475 kcal Mati\u00e8res grasses 21.0 g Dont acides gras satur\u00e9s 15.0 g Glucides 58.0 g Dont sucres\u2026","rel":"","context":"Article similaire","img":{"alt_text":"","src":"https:\/\/i0.wp.com\/www.passionfruits.fr\/wp-content\/uploads\/2021\/09\/f_tes_au_fromage_2019_copier_copier_.jpg?fit=600%2C600&resize=350%2C200","width":350,"height":200},"classes":[]},{"id":6235,"url":"http:\/\/www.passionfruits.fr\/index.php\/produit\/b-gressins-sesame\/","url_meta":{"origin":18325,"position":1},"title":"Gressins au S\u00e9same le sachet de 200g","date":"7 d\u00e9cembre 2015","format":false,"excerpt":"Les gressins se d\u00e9gustent tout simplement \u00e0 table, pour accompagner le repas ou pour remplacer le pain. Ils sont \u00e9galement appr\u00e9ci\u00e9s en ap\u00e9ritif. Ingr\u00e9dients : Farine de froment 76%, s\u00e9same 14%, huile de palme 5%,\u00a0 sel 2%,\u00a0 levure de bi\u00e8re 2%, farine de bl\u00e9 au malt 1% Valeurs nutritionnelles moyennes\u2026","rel":"","context":"Article similaire","img":{"alt_text":"","src":"https:\/\/i2.wp.com\/www.passionfruits.fr\/wp-content\/uploads\/2015\/12\/gressin-sesame.jpg?fit=596%2C600&resize=350%2C200","width":350,"height":200},"classes":[]},{"id":18320,"url":"http:\/\/www.passionfruits.fr\/index.php\/produit\/gnocchetti-sachet-de-500-gr\/","url_meta":{"origin":18325,"position":2},"title":"Gnocchetti sachet de 500 Gr","date":"16 septembre 2021","format":false,"excerpt":"ingr\u00e9dients : PUREE DE POMMES DE TERRE 70% (EAU, FLOCONS DE POMMES DE TERRE DESHYDRATEES (POMMES DE TERRE, EMULSIFIANTS : MONO ET DIGLYCERIDES D'ACIDES GRAS, AROMES NATURELS), FARINE DE BLE TENDRE, FECULE DE POMMES DE TERRE, AMIDON, FARINE DE RIZ, SEL, EPICES, CORRECTEUR D'ACIDITE : ACIDE LACTIQUE, CONSERVATEUR : SORBATE\u2026","rel":"","context":"Article similaire","img":{"alt_text":"","src":"https:\/\/i2.wp.com\/www.passionfruits.fr\/wp-content\/uploads\/2021\/09\/gnti3.jpg?fit=600%2C600&resize=350%2C200","width":350,"height":200},"classes":[]},{"id":18317,"url":"http:\/\/www.passionfruits.fr\/index.php\/produit\/ravioli-a-la-viande-barquettes-250-gr\/","url_meta":{"origin":18325,"position":3},"title":"RAVIOLI A LA VIANDE Barquettes 250 Gr","date":"16 septembre 2021","format":false,"excerpt":"ingr\u00e9dients de la p\u00e2te : farine de bl\u00e9 tendre, semoule de bl\u00e9 dur, \u0153ufs (10,8% sur le produit fini), eau. ingr\u00e9dients de la farce : pr\u00e9paration de viande (viande de b\u0153uf (9,5% sur le produit fini), viande de porc (9,5% sur le produit fini), sel, farine de bl\u00e9 tendre, ar\u00f4mes),\u2026","rel":"","context":"Article similaire","img":{"alt_text":"","src":"https:\/\/i0.wp.com\/www.passionfruits.fr\/wp-content\/uploads\/2021\/09\/raviolis_mg_5323_copier_copier_.jpg?fit=600%2C600&resize=350%2C200","width":350,"height":200},"classes":[]},{"id":5936,"url":"http:\/\/www.passionfruits.fr\/index.php\/produit\/rocher-coco-nature-le-paquet\/","url_meta":{"origin":18325,"position":4},"title":"Rocher noix de coco le paquet 200g","date":"7 d\u00e9cembre 2015","format":false,"excerpt":"Contenance : 0 cl Poids net : 200 g Poids net \u00e9goutt\u00e9 : 0 g CARACTERISTIQUES PRODUIT Ingr\u00e9dients : coco r\u00e2p\u00e9 PH\/ID, sucre, sirop de glucose , chocolat noir [p\u00e2te de cacao, sucre, beurre de cacao, mati\u00e8re grasse laiti\u00e8re anhydre, \u00e9mulsifiant (l\u00e9cithine de soja E322), blanc d'oeuf, farine de froment,\u2026","rel":"","context":"Article similaire","img":{"alt_text":"","src":"https:\/\/i2.wp.com\/www.passionfruits.fr\/wp-content\/uploads\/2015\/12\/maxi-rocher-coco.jpg?fit=600%2C600&resize=350%2C200","width":350,"height":200},"classes":[]},{"id":18310,"url":"http:\/\/www.passionfruits.fr\/index.php\/produit\/tortellinis-au-jambon-cru-barquettes-250-gr\/","url_meta":{"origin":18325,"position":5},"title":"TORTELLINIS AU JAMBON CRU Barquettes 250 Gr","date":"16 septembre 2021","format":false,"excerpt":"Ingr\u00e9dients : ingr\u00e9dients de la p\u00e2te : farine de bl\u00e9 tendre, semoule de bl\u00e9 dur, \u0153ufs (11,7% sur le produit fini), eau. ingr\u00e9dients de la farce : chapelure (farine de bl\u00e9 tendre, eau, sel) pr\u00e9paration de viande (viande de b\u0153uf, viande de porc, sel, farine de bl\u00e9 tendre, ar\u00f4mes jambon\u2026","rel":"","context":"Article similaire","img":{"alt_text":"","src":"https:\/\/i1.wp.com\/www.passionfruits.fr\/wp-content\/uploads\/2021\/09\/tojc4_1.jpg?fit=600%2C600&resize=350%2C200","width":350,"height":200},"classes":[]}],"_links":{"self":[{"href":"http:\/\/www.passionfruits.fr\/index.php\/wp-json\/wp\/v2\/product\/18325"}],"collection":[{"href":"http:\/\/www.passionfruits.fr\/index.php\/wp-json\/wp\/v2\/product"}],"about":[{"href":"http:\/\/www.passionfruits.fr\/index.php\/wp-json\/wp\/v2\/types\/product"}],"replies":[{"embeddable":true,"href":"http:\/\/www.passionfruits.fr\/index.php\/wp-json\/wp\/v2\/comments?post=18325"}],"wp:featuredmedia":[{"embeddable":true,"href":"http:\/\/www.passionfruits.fr\/index.php\/wp-json\/wp\/v2\/media\/18326"}],"wp:attachment":[{"href":"http:\/\/www.passionfruits.fr\/index.php\/wp-json\/wp\/v2\/media?parent=18325"}],"curies":[{"name":"wp","href":"https:\/\/api.w.org\/{rel}","templated":true}]}}