{"id":18588,"date":"2022-01-13T17:42:16","date_gmt":"2022-01-13T16:42:16","guid":{"rendered":"http:\/\/www.passionfruits.fr\/?post_type=product&#038;p=18588"},"modified":"2024-01-09T17:58:06","modified_gmt":"2024-01-09T16:58:06","slug":"bibart-rose-puech-haut-fontaine-3-litres","status":"publish","type":"product","link":"http:\/\/www.passionfruits.fr\/index.php\/produit\/bibart-rose-puech-haut-fontaine-3-litres\/","title":{"rendered":"Bib Fontaine 5 litres Pellehaut Blanc"},"content":{"rendered":"","protected":false},"excerpt":{"rendered":"<p>Soit 4,49 \u20ac les 75 cl<\/p>\n<p>Accords mets et vins: &#8220;Le Pellehaut blanc&#8221; vous accompagnera aussi bien \u00e0 l&#8217;ap\u00e9ritif qu&#8217;avec des crustac\u00e9s, des poissons grill\u00e9s ou encore des viandes blanches.<\/p>\n<p>La consommation de boissons alcoolis\u00e9es pendant la grossesse, m\u00eame en faible quantit\u00e9, peut avoir des cons\u00e9quences graves sur la sant\u00e9 de l\u2019enfant.<\/p>\n<p>L ABUS D ALCOOL EST DANGEREUX POUR LA SANTE. A CONSOMMER AVEC MODERATION.<\/p>\n<p>LA VENTE D ALCOOL EST INTERDITE AUX MINEURS.<\/p>\n<p>Famille B\u00e9raut 32250 Montr\u00e9al Du Gers<\/p>\n","protected":false},"featured_media":19740,"comment_status":"closed","ping_status":"closed","template":"","meta":{"spay_email":"","jetpack_publicize_message":"","jetpack_is_tweetstorm":false},"jetpack_publicize_connections":[],"jetpack_sharing_enabled":true,"jetpack-related-posts":[{"id":8161,"url":"http:\/\/www.passionfruits.fr\/index.php\/produit\/coffret-3-bouteilles-6\/","url_meta":{"origin":18588,"position":0},"title":"Coffret 3 bouteilles Pellehaut Harmonie","date":"23 f\u00e9vrier 2016","format":false,"excerpt":"Coffret 3 bouteilles Pellehaut Harmonie rouge 75 cl Pellehaut Harmonie blanc 75 cl Pellehaut Harmonie\u00a0ros\u00e9 75 cl La consommation de boissons alcoolis\u00e9es pendant la grossesse, m\u00eame en faible quantit\u00e9, peut avoir des cons\u00e9quences graves sur la sant\u00e9 de l\u2019enfant. LA VENTE D ALCOOL EST INTERDITE AUX MINEURS. L ABUS D\u2026","rel":"","context":"Article similaire","img":{"alt_text":"","src":"https:\/\/i0.wp.com\/www.passionfruits.fr\/wp-content\/uploads\/2016\/02\/coffret-pellehaut-trio.jpg?fit=600%2C600&resize=350%2C200","width":350,"height":200},"classes":[]},{"id":19742,"url":"http:\/\/www.passionfruits.fr\/index.php\/produit\/bib-fontaine-5-litres-pellehaut-rose\/","url_meta":{"origin":18588,"position":1},"title":"Bib Fontaine 5 litres Pellehaut ros\u00e9","date":"9 janvier 2024","format":false,"excerpt":"Soit 4,49 \u20ac les 75 cl Accords mets et vins: \"Le Pellehaut ros\u00e9\" vous accompagnera aussi bien \u00e0 l'ap\u00e9ritif qu'avec des grillades. La consommation de boissons alcoolis\u00e9es pendant la grossesse, m\u00eame en faible quantit\u00e9, peut avoir des cons\u00e9quences graves sur la sant\u00e9 de l\u2019enfant. L ABUS D ALCOOL EST DANGEREUX\u2026","rel":"","context":"Article similaire","img":{"alt_text":"","src":"https:\/\/i1.wp.com\/www.passionfruits.fr\/wp-content\/uploads\/2022\/01\/898.jpg?fit=600%2C600&resize=350%2C200","width":350,"height":200},"classes":[]},{"id":19744,"url":"http:\/\/www.passionfruits.fr\/index.php\/produit\/bib-fontaine-5-litres-pellehaut-rouge\/","url_meta":{"origin":18588,"position":2},"title":"Bib Fontaine 5 litres Pellehaut rouge","date":"10 janvier 2024","format":false,"excerpt":"Soit 4,49 \u20ac les 75 cl Accords mets et vins: \"Le Pellehaut rouge\" vous s\u2019accordera \u00e0 merveille avec des grillades, des viandes rouges ou de la volaille. La consommation de boissons alcoolis\u00e9es pendant la grossesse, m\u00eame en faible quantit\u00e9, peut avoir des cons\u00e9quences graves sur la sant\u00e9 de l\u2019enfant. L\u2026","rel":"","context":"Article similaire","img":{"alt_text":"","src":"https:\/\/i0.wp.com\/www.passionfruits.fr\/wp-content\/uploads\/2022\/01\/899.jpg?fit=600%2C600&resize=350%2C200","width":350,"height":200},"classes":[]},{"id":5564,"url":"http:\/\/www.passionfruits.fr\/index.php\/produit\/domaine-pellehaut-rouge-2024\/","url_meta":{"origin":18588,"position":3},"title":"Domaine Pellehaut Harmonie rouge 75 cl 2024","date":"7 d\u00e9cembre 2015","format":false,"excerpt":"36 \u20ac le carton de 6 bouteilles soit 6 \u20ac la bouteille C\u00f4tes de Gascogne. Accompagnement de viandes rouges et blanches grill\u00e9es ou en sauce, ainsi que sur les fromages. Alcool 12.5 % Contient des sulfites. La consommation de boissons alcoolis\u00e9es pendant la grossesse, m\u00eame en faible quantit\u00e9, peut avoir\u2026","rel":"","context":"Article similaire","img":{"alt_text":"","src":"https:\/\/i2.wp.com\/www.passionfruits.fr\/wp-content\/uploads\/2015\/12\/Domaine-Pellehaut-rouge-1.jpg?fit=600%2C600&resize=350%2C200","width":350,"height":200},"classes":[]},{"id":5843,"url":"http:\/\/www.passionfruits.fr\/index.php\/produit\/domaine-pellehaut-blanc-2012\/","url_meta":{"origin":18588,"position":4},"title":"Domaine Pellehaut Blanc Harmonie 75 cl 2023","date":"7 d\u00e9cembre 2015","format":false,"excerpt":"36 \u20ac le carton de 6 bouteilles soit 6 \u20ac la bouteille \u00a0 DEGUSTATION La robe est l\u00e9g\u00e8re et limpide. Le nez r\u00e9v\u00e8le une grande intensit\u00e9 aromatique. Les notes exotiques s\u2019enchainent avec les senteurs florales. Partez \u00e0 la d\u00e9couverte de ce jardin de fruitiers en fleur. En bouche, les saveurs\u2026","rel":"","context":"Article similaire","img":{"alt_text":"","src":"https:\/\/i0.wp.com\/www.passionfruits.fr\/wp-content\/uploads\/2015\/12\/harmonie-de-gascogne-blanc.png?fit=600%2C600&resize=350%2C200","width":350,"height":200},"classes":[]},{"id":15954,"url":"http:\/\/www.passionfruits.fr\/index.php\/produit\/pilaho-blanc-domaine-pellehaut-bouteille-75-cl\/","url_meta":{"origin":18588,"position":5},"title":"Pilaho Blanc Domaine Pellehaut bouteille 75 cl","date":"8 mai 2020","format":false,"excerpt":"53,70 \u20ac le carton de bouteilles soit 8.95 \u20ac la bouteille \u00a0 Une \u00e9l\u00e9gante robe blonde aux reflets verts habille un nez fin de parfums floraux. Un sillage ent\u00eatant de tilleul, d\u2019aub\u00e9pine et d\u2019abricot nous entra\u00eene \u00e0 la poursuite des fines bulles de ce p\u00e9tillant qui nous enchantent en bouche\u2026","rel":"","context":"Article similaire","img":{"alt_text":"","src":"https:\/\/i2.wp.com\/www.passionfruits.fr\/wp-content\/uploads\/2020\/05\/pilaho-blanc.jpg?fit=600%2C600&resize=350%2C200","width":350,"height":200},"classes":[]}],"_links":{"self":[{"href":"http:\/\/www.passionfruits.fr\/index.php\/wp-json\/wp\/v2\/product\/18588"}],"collection":[{"href":"http:\/\/www.passionfruits.fr\/index.php\/wp-json\/wp\/v2\/product"}],"about":[{"href":"http:\/\/www.passionfruits.fr\/index.php\/wp-json\/wp\/v2\/types\/product"}],"replies":[{"embeddable":true,"href":"http:\/\/www.passionfruits.fr\/index.php\/wp-json\/wp\/v2\/comments?post=18588"}],"wp:featuredmedia":[{"embeddable":true,"href":"http:\/\/www.passionfruits.fr\/index.php\/wp-json\/wp\/v2\/media\/19740"}],"wp:attachment":[{"href":"http:\/\/www.passionfruits.fr\/index.php\/wp-json\/wp\/v2\/media?parent=18588"}],"curies":[{"name":"wp","href":"https:\/\/api.w.org\/{rel}","templated":true}]}}