{"id":19527,"date":"2023-08-04T08:21:35","date_gmt":"2023-08-04T07:21:35","guid":{"rendered":"http:\/\/www.passionfruits.fr\/?post_type=product&#038;p=19527"},"modified":"2023-08-04T08:23:42","modified_gmt":"2023-08-04T07:23:42","slug":"limonade-la-beauceronne-cassis-bouteille-33-cl","status":"publish","type":"product","link":"http:\/\/www.passionfruits.fr\/index.php\/produit\/limonade-la-beauceronne-cassis-bouteille-33-cl\/","title":{"rendered":"Limonade la Beauceronne Cassis bouteille 33 cl"},"content":{"rendered":"<p class=\"m-b5\">Maison Savour\u00e9<\/p>\n<p>11, avenue Justin-Clichy &#8211; 28310 JANVILLE<\/p>\n<p>PROMO<\/p>\n","protected":false},"excerpt":{"rendered":"<p>6 \u20ac les 3 bouteilles<\/p>\n<p>La limonade nature, cr\u00e9e en 1888, se diversifie en 2013 en se colorant et en s&#8217;aromatisant de plusieurs parfums. La citron glac\u00e9 n&#8217;est pas sans rappeler une fameuse glace au citron de notre enfance. A boire bien frais!<\/p>\n<p>Composition<br \/>\nEau gaz\u00e9ifi\u00e9e, sucre de betterave, dioxyde de carbone, concentr\u00e9 colorant carotte, acidifiant : acide citrique, jus de cassis.<\/p>\n<p>&nbsp;<\/p>\n","protected":false},"featured_media":19518,"comment_status":"closed","ping_status":"closed","template":"","meta":{"spay_email":"","jetpack_publicize_message":"","jetpack_is_tweetstorm":false},"jetpack_publicize_connections":[],"jetpack_sharing_enabled":true,"jetpack-related-posts":[{"id":19514,"url":"http:\/\/www.passionfruits.fr\/index.php\/produit\/limonade-la-beauceronne-citron-glace-bouteille-33-cl\/","url_meta":{"origin":19527,"position":0},"title":"Limonade la Beauceronne Citron glac\u00e9 bouteille 33 cl","date":"4 ao\u00fbt 2023","format":false,"excerpt":"6 \u20ac les 3 bouteilles La limonade nature, cr\u00e9e en 1888, se diversifie en 2013 en se colorant et en s'aromatisant de plusieurs parfums. La citron glac\u00e9 n'est pas sans rappeler une fameuse glace au citron de notre enfance. A boire bien frais! Composition Eau gaz\u00e9ifi\u00e9e, sucre de betterave, ar\u00f4me\u2026","rel":"","context":"Article similaire","img":{"alt_text":"","src":"https:\/\/i0.wp.com\/www.passionfruits.fr\/wp-content\/uploads\/2023\/08\/69521.jpg?fit=600%2C600&resize=350%2C200","width":350,"height":200},"classes":[]},{"id":19523,"url":"http:\/\/www.passionfruits.fr\/index.php\/produit\/limonade-la-beauceronne-grenadine-bouteille-33-cl\/","url_meta":{"origin":19527,"position":1},"title":"Limonade la Beauceronne Grenadine bouteille 33 cl","date":"4 ao\u00fbt 2023","format":false,"excerpt":"6 \u20ac les 3 bouteilles La limonade nature, cr\u00e9e en 1888, se diversifie en 2013 en se colorant et en s'aromatisant de plusieurs parfums. La citron glac\u00e9 n'est pas sans rappeler une fameuse glace au citron de notre enfance. A boire bien frais! Composition Eau gaz\u00e9ifi\u00e9e, sucre de betterave, ar\u00f4mes\u2026","rel":"","context":"Article similaire","img":{"alt_text":"","src":"https:\/\/i0.wp.com\/www.passionfruits.fr\/wp-content\/uploads\/2023\/08\/69522.jpg?fit=600%2C600&resize=350%2C200","width":350,"height":200},"classes":[]},{"id":19526,"url":"http:\/\/www.passionfruits.fr\/index.php\/produit\/limonade-la-beauceronne-mojito-bouteille-33-cl\/","url_meta":{"origin":19527,"position":2},"title":"Limonade la Beauceronne Mojito bouteille 33 cl","date":"4 ao\u00fbt 2023","format":false,"excerpt":"6 \u20ac les 3 bouteilles La limonade nature, cr\u00e9e en 1888, se diversifie en 2013 en se colorant et en s'aromatisant de plusieurs parfums. La citron glac\u00e9 n'est pas sans rappeler une fameuse glace au citron de notre enfance. A boire bien frais! Composition Eau gaz\u00e9ifi\u00e9e, sucre de betterave, ar\u00f4mes,\u2026","rel":"","context":"Article similaire","img":{"alt_text":"","src":"https:\/\/i0.wp.com\/www.passionfruits.fr\/wp-content\/uploads\/2023\/08\/69525.jpg?fit=600%2C600&resize=350%2C200","width":350,"height":200},"classes":[]},{"id":6144,"url":"http:\/\/www.passionfruits.fr\/index.php\/produit\/limonade-la-bouteille\/","url_meta":{"origin":19527,"position":3},"title":"Limonade la Beauceronne bouteille 1 litre","date":"7 d\u00e9cembre 2015","format":false,"excerpt":"Sans colorant,Sans ar\u00f4me artificiel,Sans conservateur. Elle est con\u00e7ue avec des produits de notre terroir :Eau des nappes de Beauce,Sucre de betterave,Ar\u00f4me naturel d\u2019agrumes. Ingr\u00e9dients : Eau gaz\u00e9ifi\u00e9e, sucre de betterave, ar\u00f4mes naturels d'agrumes, acide citrique. D\u00e9claration nutritionnelle pour 100ml : Energie : 131kj \/ 31kcal Mati\u00e8res grasses : 0g dont\u2026","rel":"","context":"Article similaire","img":{"alt_text":"","src":"https:\/\/i0.wp.com\/www.passionfruits.fr\/wp-content\/uploads\/2015\/12\/limonade-la-beauceronne.jpg?fit=600%2C600&resize=350%2C200","width":350,"height":200},"classes":[]},{"id":19513,"url":"http:\/\/www.passionfruits.fr\/index.php\/produit\/limonade-la-beauceronne-bouteille-33-cl\/","url_meta":{"origin":19527,"position":4},"title":"Limonade la Beauceronne bouteille 33 cl","date":"4 ao\u00fbt 2023","format":false,"excerpt":"6 \u20ac les 3 bouteilles Sans colorant,Sans ar\u00f4me artificiel,Sans conservateur. Elle est con\u00e7ue avec des produits de notre terroir :Eau des nappes de Beauce,Sucre de betterave,Ar\u00f4me naturel d\u2019agrumes. Ingr\u00e9dients : Eau gaz\u00e9ifi\u00e9e, sucre de betterave, ar\u00f4mes naturels d'agrumes, acide citrique. D\u00e9claration nutritionnelle pour 100ml : Energie : 131kj \/ 31kcal\u2026","rel":"","context":"Article similaire","img":{"alt_text":"","src":"https:\/\/i0.wp.com\/www.passionfruits.fr\/wp-content\/uploads\/2015\/12\/limonade-la-beauceronne.jpg?fit=600%2C600&resize=350%2C200","width":350,"height":200},"classes":[]},{"id":8282,"url":"http:\/\/www.passionfruits.fr\/index.php\/produit\/composition-limonade-et-pain-depices\/","url_meta":{"origin":19527,"position":5},"title":"Composition limonade et pain d'\u00e9pices","date":"2 mars 2016","format":false,"excerpt":"Composition limonade et pain d'\u00e9pices Limonade bouteille 1 litre Pain d\u2019\u00e9pices au miel le paquet 500g Pour les gourmands et les amateurs de Gastronomie, vous pouvez composez vous-m\u00eame vos paniers gourmands et m\u00eame les faire livrer directement \u00e0 vos proches. Limonade: Ingr\u00e9dients : Eau gaz\u00e9ifi\u00e9e, sucre de betterave, ar\u00f4mes naturels\u2026","rel":"","context":"Article similaire","img":{"alt_text":"","src":"https:\/\/i0.wp.com\/www.passionfruits.fr\/wp-content\/uploads\/2016\/03\/limonade-pain-depice.jpg?fit=600%2C600&resize=350%2C200","width":350,"height":200},"classes":[]}],"_links":{"self":[{"href":"http:\/\/www.passionfruits.fr\/index.php\/wp-json\/wp\/v2\/product\/19527"}],"collection":[{"href":"http:\/\/www.passionfruits.fr\/index.php\/wp-json\/wp\/v2\/product"}],"about":[{"href":"http:\/\/www.passionfruits.fr\/index.php\/wp-json\/wp\/v2\/types\/product"}],"replies":[{"embeddable":true,"href":"http:\/\/www.passionfruits.fr\/index.php\/wp-json\/wp\/v2\/comments?post=19527"}],"wp:featuredmedia":[{"embeddable":true,"href":"http:\/\/www.passionfruits.fr\/index.php\/wp-json\/wp\/v2\/media\/19518"}],"wp:attachment":[{"href":"http:\/\/www.passionfruits.fr\/index.php\/wp-json\/wp\/v2\/media?parent=19527"}],"curies":[{"name":"wp","href":"https:\/\/api.w.org\/{rel}","templated":true}]}}