{"id":19582,"date":"2023-09-16T08:33:58","date_gmt":"2023-09-16T07:33:58","guid":{"rendered":"http:\/\/www.passionfruits.fr\/?post_type=product&#038;p=19582"},"modified":"2024-12-30T09:34:19","modified_gmt":"2024-12-30T08:34:19","slug":"saint-pourcain-blanc-reserve-speciale-75-cl","status":"publish","type":"product","link":"http:\/\/www.passionfruits.fr\/index.php\/produit\/saint-pourcain-blanc-reserve-speciale-75-cl\/","title":{"rendered":"Saint Pour\u00e7ain Blanc R\u00e9serve Sp\u00e9ciale 75 cl"},"content":{"rendered":"","protected":false},"excerpt":{"rendered":"<p>42 \u20ac\u00a0 le carton de 6 bouteilles soit 7 \u20ac la bouteille<\/p>\n<p>SAINT-POUR\u00c7AIN A.O.C. Mis en bouteille \u00e0 la propri\u00e9t\u00e9<br \/>\nRobe jaune dor\u00e9 \u00e0 l\u00e9gers reflets verts. Le nez \u00e9l\u00e9gant exprime des nuances de fruits blancs caract\u00e9ristique du Tressallier largement pr\u00e9sent dans ce vin, et d\u2019une pointe d\u2019agrumes. La bouche est ample et fraiche, en finale on retrouve la pr\u00e9sence de fruits blancs et fleurs blanches comme l\u2019aub\u00e9pine.<br \/>\nC\u00e9pages : 40 % Tressallier &amp; 60 % Chardonnay<br \/>\nAge moyen des vignes : 30 ans.<br \/>\nVinification : Vendanges et vinifications par c\u00e9page et par terroir.<br \/>\n\u00c9levage : En cuves inox sur lies fines pendant 5 mois.<br \/>\nA appr\u00e9cier en ap\u00e9ritif, sur des poissons et crustac\u00e9s.<br \/>\nA boire frais 8\u00b0C \u00e0 10\u00b0C<\/p>\n<p class=\" text-justify\">Alcool 13 % Contient des sulfites.<\/p>\n<p class=\" text-justify\">UDVDSP Saint Pour\u00e7ain SUR Sioul Allier<\/p>\n<p class=\" text-justify\">La consommation de boissons alcoolis\u00e9es pendant la grossesse, m\u00eame en faible quantit\u00e9, peut avoir des cons\u00e9quences graves sur la sant\u00e9 de l\u2019enfant.<\/p>\n<p class=\" text-justify\">L ABUS D ALCOOL EST DANGEREUX POUR LA SANTE. A CONSOMMER AVEC MODERATION.<\/p>\n<p class=\" text-justify\">LA VENTE D ALCOOL EST INTERDITE AUX MINEURS.<\/p>\n","protected":false},"featured_media":19583,"comment_status":"closed","ping_status":"closed","template":"","meta":{"spay_email":"","jetpack_publicize_message":"","jetpack_is_tweetstorm":false},"jetpack_publicize_connections":[],"jetpack_sharing_enabled":true,"jetpack-related-posts":[{"id":5580,"url":"http:\/\/www.passionfruits.fr\/index.php\/produit\/saint-pourcain-rouge-2022\/","url_meta":{"origin":19582,"position":0},"title":"Saint Pour\u00e7ain Rouge R\u00e9serve Sp\u00e9ciale 75 cl","date":"7 d\u00e9cembre 2015","format":false,"excerpt":"42 \u20ac\u00a0 le carton de 6 bouteilles soit 7 \u20ac la bouteille SAINT-POUR\u00c7AIN A.O.C. Mis en bouteille \u00e0 la propri\u00e9t\u00e9 Belle robe rouge , ar\u00f4mes \u00e9l\u00e9gants relev\u00e9s d\u2019une pointe \u00e9pic\u00e9e. Le plus fruit\u00e9 de notre gamme et le plus repr\u00e9sentatif des Saint-Pour\u00e7ain rouges. C\u00e9pages : 25% Pinot Noir & 75%\u2026","rel":"","context":"Article similaire","img":{"alt_text":"","src":"https:\/\/i0.wp.com\/www.passionfruits.fr\/wp-content\/uploads\/2015\/12\/791.jpg?fit=600%2C600&resize=350%2C200","width":350,"height":200},"classes":[]},{"id":5841,"url":"http:\/\/www.passionfruits.fr\/index.php\/produit\/saint-pourcain-rose-2023\/","url_meta":{"origin":19582,"position":1},"title":"Saint Pour\u00e7ain Ros\u00e9 R\u00e9serve Sp\u00e9ciale 75 cl 2023","date":"7 d\u00e9cembre 2015","format":false,"excerpt":"42 \u20ac\u00a0 le carton de 6 bouteilles soit 7 \u20ac la bouteille SAINT-POUR\u00c7AIN A.O.C. Mis en bouteille \u00e0 la propri\u00e9t\u00e9 App\u00e9tissante robe rose \u00e0 reflets saumon. Ce ros\u00e9 de pressurage direct exprime des ar\u00f4mes de bonbon anglais, de peau de poire, de kirsch et de fruits rouges. C\u2019est un vin\u2026","rel":"","context":"Article similaire","img":{"alt_text":"","src":"https:\/\/i2.wp.com\/www.passionfruits.fr\/wp-content\/uploads\/2015\/12\/789.jpg?fit=600%2C600&resize=350%2C200","width":350,"height":200},"classes":[]},{"id":13793,"url":"http:\/\/www.passionfruits.fr\/index.php\/produit\/pouilly-fume-eric-louis-75-cl-2018\/","url_meta":{"origin":19582,"position":2},"title":"Pouilly-Fum\u00e9 Eric Louis bouteille 75 cl 2023","date":"16 avril 2019","format":false,"excerpt":"C\u00e9page : 100% Sauvignon Blanc Terroir : Les vignes de notre Pouilly-Fum\u00e9 s'\u00e9panouissent sur des terres compos\u00e9es majoritairement de silex et de marnes kimm\u00e9ridgiennes (coquillages fossilis\u00e9s). Travail de la vigne :\u00a0 La vigne fait l\u2019objet d\u2019observations constantes : nous limitons nos rendements, d\u00e9butons les vendanges suivant la maturit\u00e9 de chaque\u2026","rel":"","context":"Article similaire","img":{"alt_text":"","src":"https:\/\/i2.wp.com\/www.passionfruits.fr\/wp-content\/uploads\/2019\/04\/pouilly-fume.jpg?fit=600%2C600&resize=350%2C200","width":350,"height":200},"classes":[]},{"id":5410,"url":"http:\/\/www.passionfruits.fr\/index.php\/produit\/muscat-de-rivesaltes-bouteille-75-cl\/","url_meta":{"origin":19582,"position":3},"title":"Muscat de Rivesaltes bouteille 75 cl","date":"7 d\u00e9cembre 2015","format":false,"excerpt":"Vins Doux Naturels Tr\u00e9sors du Roussillon : Les Vins Doux Naturels sont des purs produits de tradition cr\u00e9\u00e9s en Roussillon. Ces vins g\u00e9n\u00e9reux sont \u00e9labor\u00e9s \u00e0 partir d\u2019un enc\u00e9pagement limit\u00e9 aux c\u00e9pages \u00ab nobles \u00bb : Grenache, Macabeu, Malvoisie du Roussillon et Muscats. la cave des Vignerons des C\u00f4tes d\u2019Agly\u2026","rel":"","context":"Article similaire","img":{"alt_text":"","src":"https:\/\/i0.wp.com\/www.passionfruits.fr\/wp-content\/uploads\/2015\/12\/Muscat-.jpg?fit=600%2C600&resize=350%2C200","width":350,"height":200},"classes":[]},{"id":5555,"url":"http:\/\/www.passionfruits.fr\/index.php\/produit\/aoc-quincy-2012\/","url_meta":{"origin":19582,"position":4},"title":"Quincy Eric Louis 75 cl 2023","date":"7 d\u00e9cembre 2015","format":false,"excerpt":"C\u00e9page : 100% Sauvignon Blanc Terroir :Les vignes qui vont donner naissance aux vins de Quincy sont plant\u00e9es sur une terrasse ancienne du Cher constitu\u00e9e de sables et de graves. Travail de la vigne : La vigne est l\u2019objet d\u2019observations constantes: nous limitons nos rendements, d\u00e9butons les vendanges suivant la\u2026","rel":"","context":"Article similaire","img":{"alt_text":"","src":"https:\/\/i2.wp.com\/www.passionfruits.fr\/wp-content\/uploads\/2015\/12\/quincy-ec.jpg?fit=600%2C600&resize=350%2C200","width":350,"height":200},"classes":[]},{"id":13846,"url":"http:\/\/www.passionfruits.fr\/index.php\/produit\/domaine-pellehaut-ete-gascond-blanc-75-cl-2018\/","url_meta":{"origin":19582,"position":5},"title":"Domaine Pellehaut Et\u00e9 Gascond Blanc 75 cl 2023","date":"26 avril 2019","format":false,"excerpt":"53,70 \u20ac le carton de 6 bouteilles soit 8,95 \u20ac la bouteille \u00a0 Une base \u00e0 80 % de Gros Manseng accompagn\u00e9e de Chardonnay et de c\u00e9pages locaux. Une robe jaune, un nez intense de fruits exotiques. Un v\u00e9ritable dessert en bouche, entre douceur, tonicit\u00e9 et fra\u00eecheur, ce vin accompagnera\u2026","rel":"","context":"Article similaire","img":{"alt_text":"","src":"https:\/\/i0.wp.com\/www.passionfruits.fr\/wp-content\/uploads\/2019\/04\/Ete-blanc.jpg?fit=600%2C600&resize=350%2C200","width":350,"height":200},"classes":[]}],"_links":{"self":[{"href":"http:\/\/www.passionfruits.fr\/index.php\/wp-json\/wp\/v2\/product\/19582"}],"collection":[{"href":"http:\/\/www.passionfruits.fr\/index.php\/wp-json\/wp\/v2\/product"}],"about":[{"href":"http:\/\/www.passionfruits.fr\/index.php\/wp-json\/wp\/v2\/types\/product"}],"replies":[{"embeddable":true,"href":"http:\/\/www.passionfruits.fr\/index.php\/wp-json\/wp\/v2\/comments?post=19582"}],"wp:featuredmedia":[{"embeddable":true,"href":"http:\/\/www.passionfruits.fr\/index.php\/wp-json\/wp\/v2\/media\/19583"}],"wp:attachment":[{"href":"http:\/\/www.passionfruits.fr\/index.php\/wp-json\/wp\/v2\/media?parent=19582"}],"curies":[{"name":"wp","href":"https:\/\/api.w.org\/{rel}","templated":true}]}}