{"id":19866,"date":"2024-03-12T08:59:25","date_gmt":"2024-03-12T07:59:25","guid":{"rendered":"http:\/\/www.passionfruits.fr\/?post_type=product&#038;p=19866"},"modified":"2024-09-18T17:24:28","modified_gmt":"2024-09-18T16:24:28","slug":"lait-entier-pur-perche-en-brick-de-1-litre","status":"publish","type":"product","link":"http:\/\/www.passionfruits.fr\/index.php\/produit\/lait-entier-pur-perche-en-brick-de-1-litre\/","title":{"rendered":"Lait entier  en brick de 1 litre"},"content":{"rendered":"","protected":false},"excerpt":{"rendered":"<p><strong>Lait<\/strong> Entier st\u00e9rilis\u00e9 UHT de vache<\/p>\n<p>Valeurs nutritionnelles moyennes pour 100ml<\/p>\n<p>Energie : 268kj\/64kcal<\/p>\n<p>Mati\u00e8res grasses : 3.6g dont acides gras satur\u00e9s : 2.4 g<\/p>\n<p>Glucides : 4.8g dont sucres : 4.8g<\/p>\n<p>Prot\u00e9ines : 3.2g<\/p>\n<p>Sel : 0.10g<\/p>\n<p>Calcium : 120mg (15% des valeurs nutritionnelles de r\u00e9f\u00e9rence pour un adulte-type (8400kj\/2000kcal))<\/p>\n<p>A conserver<\/p>\n<p>Avant ouverture \u00e0 temp\u00e9rature ambiante<\/p>\n<p>Apr\u00e8s ouverture au r\u00e9frig\u00e9rateur \u00e0 +6\u00b0 C maximum et \u00e0 consommer dans les 3 jours<\/p>\n<p>Pur Perche 61110 R\u00e9malard en Perche<\/p>\n","protected":false},"featured_media":19867,"comment_status":"closed","ping_status":"closed","template":"","meta":{"spay_email":"","jetpack_publicize_message":"","jetpack_is_tweetstorm":false},"jetpack_publicize_connections":[],"jetpack_sharing_enabled":true,"jetpack-related-posts":[{"id":5742,"url":"http:\/\/www.passionfruits.fr\/index.php\/produit\/lait-12-ecreme-en-brick-de-1-litre\/","url_meta":{"origin":19866,"position":0},"title":"Lait 1\/2 \u00e9cr\u00e9m\u00e9  en brick de 1 litre","date":"7 d\u00e9cembre 2015","format":false,"excerpt":"Lait demi \u00e9cr\u00e9m\u00e9 st\u00e9rilis\u00e9 UHT de vache Valeurs nutritionnelles moyennes pour 100ml Energie : 197kj\/47kcal Mati\u00e8res grasses : 1.6g dont acides gras satur\u00e9s : 0.9g Glucides : 4.8g dont sucres : 4.8g Prot\u00e9ines : 3.3g Sel : 0.1g Calcium : 120mg (15% des valeurs nutritionnelles de r\u00e9f\u00e9rence pour un adulte-type\u2026","rel":"","context":"Article similaire","img":{"alt_text":"","src":"https:\/\/i0.wp.com\/www.passionfruits.fr\/wp-content\/uploads\/2015\/12\/962-ecreme.jpg?fit=600%2C600&resize=350%2C200","width":350,"height":200},"classes":[]},{"id":17690,"url":"http:\/\/www.passionfruits.fr\/index.php\/produit\/riz-au-lait-nature-le-pot-de-125g\/","url_meta":{"origin":19866,"position":1},"title":"Riz au lait nature le pot de  125g","date":"14 mars 2021","format":false,"excerpt":"Fabriqu\u00e9s \u00e0 la ferme avec du lait entier Recette naturelle, sans additif, sans conservateur, sans OGM. Bourdel 37160Neuilly le Brignon Ingr\u00e9dients : Lait* entier pasteuris\u00e9 Riz : 13 % Sucre : 10% Le lait est entier. Il n\u2019a subit aucune homog\u00e9n\u00e9isation ni standardisation Valeurs Nutritionnelles pour : 100 gr 125\u2026","rel":"","context":"Article similaire","img":{"alt_text":"","src":"https:\/\/i1.wp.com\/www.passionfruits.fr\/wp-content\/uploads\/2021\/03\/Riz-Nature.jpg?fit=400%2C400&resize=350%2C200","width":350,"height":200},"classes":[]},{"id":17705,"url":"http:\/\/www.passionfruits.fr\/index.php\/produit\/yaourt-framboise-le-pot-de-125g\/","url_meta":{"origin":19866,"position":2},"title":"Yaourt framboise le pot de 125g","date":"14 mars 2021","format":false,"excerpt":"Fabriqu\u00e9s \u00e0 la ferme avec du lait entier Recette naturelle, sans additif, sans conservateur, sans OGM. Bourdel 37160Neuilly le Brignon Ingr\u00e9dients : Lait* entier pasteuris\u00e9 Fruits 15% Sucre 6% Poudre de Lait* 2% Ferments Lactiques Le lait est pasteuris\u00e9 au bain marie \u00e0 82\u00b0C pendant 10 minutes. Le lait est\u2026","rel":"","context":"Article similaire","img":{"alt_text":"","src":"https:\/\/i0.wp.com\/www.passionfruits.fr\/wp-content\/uploads\/2021\/03\/Yaourt-Noix-de-coco.jpg?fit=1024%2C680&resize=350%2C200","width":350,"height":200},"classes":[]},{"id":17706,"url":"http:\/\/www.passionfruits.fr\/index.php\/produit\/yaourt-citron-le-pot-de-125g\/","url_meta":{"origin":19866,"position":3},"title":"Yaourt Citron le pot  de 125g","date":"14 mars 2021","format":false,"excerpt":"Fabriqu\u00e9s \u00e0 la ferme avec du lait entier Recette naturelle, sans additif, sans conservateur, sans OGM. Bourdel 37160Neuilly le Brignon Ingr\u00e9dients : Lait* entier pasteuris\u00e9 Fruits 15% Sucre 6% Poudre de Lait* 2% Ferments Lactiques Le lait est pasteuris\u00e9 au bain marie \u00e0 82\u00b0C pendant 10 minutes. Le lait est\u2026","rel":"","context":"Article similaire","img":{"alt_text":"","src":"https:\/\/i0.wp.com\/www.passionfruits.fr\/wp-content\/uploads\/2021\/03\/Yaourt-Noix-de-coco.jpg?fit=1024%2C680&resize=350%2C200","width":350,"height":200},"classes":[]},{"id":17704,"url":"http:\/\/www.passionfruits.fr\/index.php\/produit\/yaourt-fraise-le-pot-de-125g\/","url_meta":{"origin":19866,"position":4},"title":"Yaourt fraise le pot de  125g","date":"14 mars 2021","format":false,"excerpt":"Fabriqu\u00e9s \u00e0 la ferme avec du lait entier Recette naturelle, sans additif, sans conservateur, sans OGM. Bourdel 37160Neuilly le Brignon Ingr\u00e9dients : Lait* entier pasteuris\u00e9 Fruits 15%, sucre 6% Poudre de Lait* 2% Ferments Lactiques Le lait est pasteuris\u00e9 au bain marie \u00e0 82\u00b0C pendant 10 minutes. Le lait est\u2026","rel":"","context":"Article similaire","img":{"alt_text":"","src":"https:\/\/i0.wp.com\/www.passionfruits.fr\/wp-content\/uploads\/2021\/03\/Yaourt-Noix-de-coco.jpg?fit=1024%2C680&resize=350%2C200","width":350,"height":200},"classes":[]},{"id":17707,"url":"http:\/\/www.passionfruits.fr\/index.php\/produit\/yaourt-cerise-le-pot-de-125g\/","url_meta":{"origin":19866,"position":5},"title":"Yaourt Cerise le pot de 125g","date":"14 mars 2021","format":false,"excerpt":"Fabriqu\u00e9s \u00e0 la ferme avec du lait entier Recette naturelle, sans additif, sans conservateur, sans OGM. Bourdel 37160Neuilly le Brignon Ingr\u00e9dients : Lait* entier pasteuris\u00e9 Fruits 15% Sucre 6% Poudre de Lait* 2% Ferments Lactiques Le lait est pasteuris\u00e9 au bain marie \u00e0 82\u00b0C pendant 10 minutes. Le lait est\u2026","rel":"","context":"Article similaire","img":{"alt_text":"","src":"https:\/\/i0.wp.com\/www.passionfruits.fr\/wp-content\/uploads\/2021\/03\/Yaourt-Noix-de-coco.jpg?fit=1024%2C680&resize=350%2C200","width":350,"height":200},"classes":[]}],"_links":{"self":[{"href":"http:\/\/www.passionfruits.fr\/index.php\/wp-json\/wp\/v2\/product\/19866"}],"collection":[{"href":"http:\/\/www.passionfruits.fr\/index.php\/wp-json\/wp\/v2\/product"}],"about":[{"href":"http:\/\/www.passionfruits.fr\/index.php\/wp-json\/wp\/v2\/types\/product"}],"replies":[{"embeddable":true,"href":"http:\/\/www.passionfruits.fr\/index.php\/wp-json\/wp\/v2\/comments?post=19866"}],"wp:featuredmedia":[{"embeddable":true,"href":"http:\/\/www.passionfruits.fr\/index.php\/wp-json\/wp\/v2\/media\/19867"}],"wp:attachment":[{"href":"http:\/\/www.passionfruits.fr\/index.php\/wp-json\/wp\/v2\/media?parent=19866"}],"curies":[{"name":"wp","href":"https:\/\/api.w.org\/{rel}","templated":true}]}}