{"id":20288,"date":"2025-01-11T10:40:46","date_gmt":"2025-01-11T09:40:46","guid":{"rendered":"http:\/\/www.passionfruits.fr\/?post_type=product&#038;p=20288"},"modified":"2025-01-11T10:42:15","modified_gmt":"2025-01-11T09:42:15","slug":"margaux-origins-la-bouteille-75-cl-2019","status":"publish","type":"product","link":"http:\/\/www.passionfruits.fr\/index.php\/produit\/margaux-origins-la-bouteille-75-cl-2019\/","title":{"rendered":"Margaux Origins la bouteille 75 cl 2019"},"content":{"rendered":"","protected":false},"excerpt":{"rendered":"<p><span class=\"borie-manoux\">Borie-Manoux<\/span>, cr\u00e9\u00e9 par Eug\u00e8ne et Emile Borie en 1870, est une maison aujourd\u2019hui reconnue,<br \/>\nqui a \u00e9volu\u00e9 pendant plus d\u2019un si\u00e8cle gr\u00e2ce aux familles Borie et Cast\u00e9ja.<\/p>\n<p class=\" text-justify\">Alcool 13.5 % Contient des sulfites.<\/p>\n<p class=\" text-justify\">La consommation de boissons alcoolis\u00e9es pendant la grossesse, m\u00eame en faible quantit\u00e9, peut avoir des cons\u00e9quences graves sur la sant\u00e9 de l\u2019enfant.<\/p>\n<p class=\" text-justify\">L ABUS D ALCOOL EST DANGEREUX POUR LA SANTE. A CONSOMMER AVEC MODERATION.<\/p>\n<p class=\" text-justify\">LA VENTE D ALCOOL EST INTERDITE AUX MINEURS.<\/p>\n<p>Borie Manoux 33 433 Cars<\/p>\n","protected":false},"featured_media":20286,"comment_status":"closed","ping_status":"closed","template":"","meta":{"spay_email":"","jetpack_publicize_message":"","jetpack_is_tweetstorm":false},"jetpack_publicize_connections":[],"jetpack_sharing_enabled":true,"jetpack-related-posts":[{"id":20289,"url":"http:\/\/www.passionfruits.fr\/index.php\/produit\/pauillac-origins-la-bouteille-75-cl-2019\/","url_meta":{"origin":20288,"position":0},"title":"Pauillac Origins la bouteille 75 cl 2019","date":"11 janvier 2025","format":false,"excerpt":"Borie-Manoux, cr\u00e9\u00e9 par Eug\u00e8ne et Emile Borie en 1870, est une maison aujourd\u2019hui reconnue, qui a \u00e9volu\u00e9 pendant plus d\u2019un si\u00e8cle gr\u00e2ce aux familles Borie et Cast\u00e9ja. Alcool 13 % Contient des sulfites. La consommation de boissons alcoolis\u00e9es pendant la grossesse, m\u00eame en faible quantit\u00e9, peut avoir des cons\u00e9quences graves\u2026","rel":"","context":"Article similaire","img":{"alt_text":"","src":"https:\/\/i1.wp.com\/www.passionfruits.fr\/wp-content\/uploads\/2025\/01\/839.jpg?fit=600%2C600&resize=350%2C200","width":350,"height":200},"classes":[]},{"id":20278,"url":"http:\/\/www.passionfruits.fr\/index.php\/produit\/medoc-beau-rivage-la-bouteille-75-cl-2022\/","url_meta":{"origin":20288,"position":1},"title":"M\u00e9doc Beau-Rivage la bouteille 75 cl 2022","date":"11 janvier 2025","format":false,"excerpt":"8 \u20ac la bouteille au cartons de 6 bouteilles Borie-Manoux, cr\u00e9\u00e9 par Eug\u00e8ne et Emile Borie en 1870, est une maison aujourd\u2019hui reconnue, qui a \u00e9volu\u00e9 pendant plus d\u2019un si\u00e8cle gr\u00e2ce aux familles Borie et Cast\u00e9ja. Alcool 13.5 % Contient des sulfites. La consommation de boissons alcoolis\u00e9es pendant la grossesse,\u2026","rel":"","context":"Article similaire","img":{"alt_text":"","src":"https:\/\/i2.wp.com\/www.passionfruits.fr\/wp-content\/uploads\/2025\/01\/827.jpg?fit=600%2C600&resize=350%2C200","width":350,"height":200},"classes":[]},{"id":20285,"url":"http:\/\/www.passionfruits.fr\/index.php\/produit\/saint-emilion-origins-la-bouteille-75-cl-2018\/","url_meta":{"origin":20288,"position":2},"title":"Saint Emilion Origins la bouteille 75 cl 2018","date":"11 janvier 2025","format":false,"excerpt":"14 \u20ac la bouteille au cartons de 6 bouteilles Borie-Manoux, cr\u00e9\u00e9 par Eug\u00e8ne et Emile Borie en 1870, est une maison aujourd\u2019hui reconnue, qui a \u00e9volu\u00e9 pendant plus d\u2019un si\u00e8cle gr\u00e2ce aux familles Borie et Cast\u00e9ja. Alcool 13 % Contient des sulfites. La consommation de boissons alcoolis\u00e9es pendant la grossesse,\u2026","rel":"","context":"Article similaire","img":{"alt_text":"","src":"https:\/\/i1.wp.com\/www.passionfruits.fr\/wp-content\/uploads\/2025\/01\/839.jpg?fit=600%2C600&resize=350%2C200","width":350,"height":200},"classes":[]},{"id":20287,"url":"http:\/\/www.passionfruits.fr\/index.php\/produit\/saint-estephe-origins-la-bouteille-75-cl-2019\/","url_meta":{"origin":20288,"position":3},"title":"Saint Est\u00e8phe Origins la bouteille 75 cl 2019","date":"11 janvier 2025","format":false,"excerpt":"Borie-Manoux, cr\u00e9\u00e9 par Eug\u00e8ne et Emile Borie en 1870, est une maison aujourd\u2019hui reconnue, qui a \u00e9volu\u00e9 pendant plus d\u2019un si\u00e8cle gr\u00e2ce aux familles Borie et Cast\u00e9ja. Alcool 13.5 % Contient des sulfites. La consommation de boissons alcoolis\u00e9es pendant la grossesse, m\u00eame en faible quantit\u00e9, peut avoir des cons\u00e9quences graves\u2026","rel":"","context":"Article similaire","img":{"alt_text":"","src":"https:\/\/i1.wp.com\/www.passionfruits.fr\/wp-content\/uploads\/2025\/01\/839.jpg?fit=600%2C600&resize=350%2C200","width":350,"height":200},"classes":[]},{"id":20290,"url":"http:\/\/www.passionfruits.fr\/index.php\/produit\/saint-julien-origins-la-bouteille-75-cl-2019\/","url_meta":{"origin":20288,"position":4},"title":"Saint Julien Origins la bouteille 75 cl 2019","date":"11 janvier 2025","format":false,"excerpt":"Borie-Manoux, cr\u00e9\u00e9 par Eug\u00e8ne et Emile Borie en 1870, est une maison aujourd\u2019hui reconnue, qui a \u00e9volu\u00e9 pendant plus d\u2019un si\u00e8cle gr\u00e2ce aux familles Borie et Cast\u00e9ja. Alcool 13 % Contient des sulfites. La consommation de boissons alcoolis\u00e9es pendant la grossesse, m\u00eame en faible quantit\u00e9, peut avoir des cons\u00e9quences graves\u2026","rel":"","context":"Article similaire","img":{"alt_text":"","src":"https:\/\/i1.wp.com\/www.passionfruits.fr\/wp-content\/uploads\/2025\/01\/839.jpg?fit=600%2C600&resize=350%2C200","width":350,"height":200},"classes":[]},{"id":20280,"url":"http:\/\/www.passionfruits.fr\/index.php\/produit\/graves-chateau-mestre-renaud-la-bouteille-75-cl-2022\/","url_meta":{"origin":20288,"position":5},"title":"Graves Chateau Mestre Renaud la bouteille 75 cl 2022","date":"11 janvier 2025","format":false,"excerpt":"8 \u20ac la bouteille au cartons de 6 bouteilles Borie-Manoux, cr\u00e9\u00e9 par Eug\u00e8ne et Emile Borie en 1870, est une maison aujourd\u2019hui reconnue, qui a \u00e9volu\u00e9 pendant plus d\u2019un si\u00e8cle gr\u00e2ce aux familles Borie et Cast\u00e9ja. Alcool 13.5 % Contient des sulfites. La consommation de boissons alcoolis\u00e9es pendant la grossesse,\u2026","rel":"","context":"Article similaire","img":{"alt_text":"","src":"https:\/\/i1.wp.com\/www.passionfruits.fr\/wp-content\/uploads\/2025\/01\/830.jpg?fit=600%2C600&resize=350%2C200","width":350,"height":200},"classes":[]}],"_links":{"self":[{"href":"http:\/\/www.passionfruits.fr\/index.php\/wp-json\/wp\/v2\/product\/20288"}],"collection":[{"href":"http:\/\/www.passionfruits.fr\/index.php\/wp-json\/wp\/v2\/product"}],"about":[{"href":"http:\/\/www.passionfruits.fr\/index.php\/wp-json\/wp\/v2\/types\/product"}],"replies":[{"embeddable":true,"href":"http:\/\/www.passionfruits.fr\/index.php\/wp-json\/wp\/v2\/comments?post=20288"}],"wp:featuredmedia":[{"embeddable":true,"href":"http:\/\/www.passionfruits.fr\/index.php\/wp-json\/wp\/v2\/media\/20286"}],"wp:attachment":[{"href":"http:\/\/www.passionfruits.fr\/index.php\/wp-json\/wp\/v2\/media?parent=20288"}],"curies":[{"name":"wp","href":"https:\/\/api.w.org\/{rel}","templated":true}]}}