{"id":20298,"date":"2025-01-14T10:23:04","date_gmt":"2025-01-14T09:23:04","guid":{"rendered":"http:\/\/www.passionfruits.fr\/?post_type=product&#038;p=20298"},"modified":"2025-01-14T10:24:53","modified_gmt":"2025-01-14T09:24:53","slug":"chateau-gabelot-la-bouteille-75-cl-2020","status":"publish","type":"product","link":"http:\/\/www.passionfruits.fr\/index.php\/produit\/chateau-gabelot-la-bouteille-75-cl-2020\/","title":{"rendered":"Ch\u00e2teau Gabelot la bouteille 75 cl 2020"},"content":{"rendered":"","protected":false},"excerpt":{"rendered":"<p>6 \u20ac la bouteille au carton de 6 bouteilles<\/p>\n<p class=\" text-justify\">Alcool 13.5 % Contient des sulfites.<\/p>\n<p class=\" text-justify\">La consommation de boissons alcoolis\u00e9es pendant la grossesse, m\u00eame en faible quantit\u00e9, peut avoir des cons\u00e9quences graves sur la sant\u00e9 de l\u2019enfant.<\/p>\n<p class=\" text-justify\">L ABUS D ALCOOL EST DANGEREUX POUR LA SANTE. A CONSOMMER AVEC MODERATION.<\/p>\n<p class=\" text-justify\">LA VENTE D ALCOOL EST INTERDITE AUX MINEURS.<\/p>\n","protected":false},"featured_media":20299,"comment_status":"closed","ping_status":"closed","template":"","meta":{"spay_email":"","jetpack_publicize_message":"","jetpack_is_tweetstorm":false},"jetpack_publicize_connections":[],"jetpack_sharing_enabled":true,"jetpack-related-posts":[{"id":20274,"url":"http:\/\/www.passionfruits.fr\/index.php\/produit\/chateau-touzignan-blaye-la-bouteille-75-cl-2023\/","url_meta":{"origin":20298,"position":0},"title":"Ch\u00e2teau Touzignan Blaye la bouteille 75 cl 2023","date":"10 janvier 2025","format":false,"excerpt":"6 \u20ac la bouteille au cartons de 6 bouteilles Alcool 14 % Contient des sulfites. La consommation de boissons alcoolis\u00e9es pendant la grossesse, m\u00eame en faible quantit\u00e9, peut avoir des cons\u00e9quences graves sur la sant\u00e9 de l\u2019enfant. L ABUS D ALCOOL EST DANGEREUX POUR LA SANTE. A CONSOMMER AVEC MODERATION.\u2026","rel":"","context":"Article similaire","img":{"alt_text":"","src":"https:\/\/i0.wp.com\/www.passionfruits.fr\/wp-content\/uploads\/2025\/01\/809.jpg?fit=600%2C600&resize=350%2C200","width":350,"height":200},"classes":[]},{"id":8161,"url":"http:\/\/www.passionfruits.fr\/index.php\/produit\/coffret-3-bouteilles-6\/","url_meta":{"origin":20298,"position":1},"title":"Coffret 3 bouteilles Pellehaut Harmonie","date":"23 f\u00e9vrier 2016","format":false,"excerpt":"Coffret 3 bouteilles Pellehaut Harmonie rouge 75 cl Pellehaut Harmonie blanc 75 cl Pellehaut Harmonie\u00a0ros\u00e9 75 cl La consommation de boissons alcoolis\u00e9es pendant la grossesse, m\u00eame en faible quantit\u00e9, peut avoir des cons\u00e9quences graves sur la sant\u00e9 de l\u2019enfant. LA VENTE D ALCOOL EST INTERDITE AUX MINEURS. L ABUS D\u2026","rel":"","context":"Article similaire","img":{"alt_text":"","src":"https:\/\/i0.wp.com\/www.passionfruits.fr\/wp-content\/uploads\/2016\/02\/coffret-pellehaut-trio.jpg?fit=600%2C600&resize=350%2C200","width":350,"height":200},"classes":[]},{"id":20278,"url":"http:\/\/www.passionfruits.fr\/index.php\/produit\/medoc-beau-rivage-la-bouteille-75-cl-2022\/","url_meta":{"origin":20298,"position":2},"title":"M\u00e9doc Beau-Rivage la bouteille 75 cl 2022","date":"11 janvier 2025","format":false,"excerpt":"8 \u20ac la bouteille au cartons de 6 bouteilles Borie-Manoux, cr\u00e9\u00e9 par Eug\u00e8ne et Emile Borie en 1870, est une maison aujourd\u2019hui reconnue, qui a \u00e9volu\u00e9 pendant plus d\u2019un si\u00e8cle gr\u00e2ce aux familles Borie et Cast\u00e9ja. Alcool 13.5 % Contient des sulfites. La consommation de boissons alcoolis\u00e9es pendant la grossesse,\u2026","rel":"","context":"Article similaire","img":{"alt_text":"","src":"https:\/\/i2.wp.com\/www.passionfruits.fr\/wp-content\/uploads\/2025\/01\/827.jpg?fit=600%2C600&resize=350%2C200","width":350,"height":200},"classes":[]},{"id":20285,"url":"http:\/\/www.passionfruits.fr\/index.php\/produit\/saint-emilion-origins-la-bouteille-75-cl-2018\/","url_meta":{"origin":20298,"position":3},"title":"Saint Emilion Origins la bouteille 75 cl 2018","date":"11 janvier 2025","format":false,"excerpt":"14 \u20ac la bouteille au cartons de 6 bouteilles Borie-Manoux, cr\u00e9\u00e9 par Eug\u00e8ne et Emile Borie en 1870, est une maison aujourd\u2019hui reconnue, qui a \u00e9volu\u00e9 pendant plus d\u2019un si\u00e8cle gr\u00e2ce aux familles Borie et Cast\u00e9ja. Alcool 13 % Contient des sulfites. La consommation de boissons alcoolis\u00e9es pendant la grossesse,\u2026","rel":"","context":"Article similaire","img":{"alt_text":"","src":"https:\/\/i1.wp.com\/www.passionfruits.fr\/wp-content\/uploads\/2025\/01\/839.jpg?fit=600%2C600&resize=350%2C200","width":350,"height":200},"classes":[]},{"id":20280,"url":"http:\/\/www.passionfruits.fr\/index.php\/produit\/graves-chateau-mestre-renaud-la-bouteille-75-cl-2022\/","url_meta":{"origin":20298,"position":4},"title":"Graves Chateau Mestre Renaud la bouteille 75 cl 2022","date":"11 janvier 2025","format":false,"excerpt":"8 \u20ac la bouteille au cartons de 6 bouteilles Borie-Manoux, cr\u00e9\u00e9 par Eug\u00e8ne et Emile Borie en 1870, est une maison aujourd\u2019hui reconnue, qui a \u00e9volu\u00e9 pendant plus d\u2019un si\u00e8cle gr\u00e2ce aux familles Borie et Cast\u00e9ja. Alcool 13.5 % Contient des sulfites. La consommation de boissons alcoolis\u00e9es pendant la grossesse,\u2026","rel":"","context":"Article similaire","img":{"alt_text":"","src":"https:\/\/i1.wp.com\/www.passionfruits.fr\/wp-content\/uploads\/2025\/01\/830.jpg?fit=600%2C600&resize=350%2C200","width":350,"height":200},"classes":[]},{"id":5564,"url":"http:\/\/www.passionfruits.fr\/index.php\/produit\/domaine-pellehaut-rouge-2024\/","url_meta":{"origin":20298,"position":5},"title":"Domaine Pellehaut Harmonie rouge 75 cl 2024","date":"7 d\u00e9cembre 2015","format":false,"excerpt":"36 \u20ac le carton de 6 bouteilles soit 6 \u20ac la bouteille C\u00f4tes de Gascogne. Accompagnement de viandes rouges et blanches grill\u00e9es ou en sauce, ainsi que sur les fromages. Alcool 12.5 % Contient des sulfites. La consommation de boissons alcoolis\u00e9es pendant la grossesse, m\u00eame en faible quantit\u00e9, peut avoir\u2026","rel":"","context":"Article similaire","img":{"alt_text":"","src":"https:\/\/i2.wp.com\/www.passionfruits.fr\/wp-content\/uploads\/2015\/12\/Domaine-Pellehaut-rouge-1.jpg?fit=600%2C600&resize=350%2C200","width":350,"height":200},"classes":[]}],"_links":{"self":[{"href":"http:\/\/www.passionfruits.fr\/index.php\/wp-json\/wp\/v2\/product\/20298"}],"collection":[{"href":"http:\/\/www.passionfruits.fr\/index.php\/wp-json\/wp\/v2\/product"}],"about":[{"href":"http:\/\/www.passionfruits.fr\/index.php\/wp-json\/wp\/v2\/types\/product"}],"replies":[{"embeddable":true,"href":"http:\/\/www.passionfruits.fr\/index.php\/wp-json\/wp\/v2\/comments?post=20298"}],"wp:featuredmedia":[{"embeddable":true,"href":"http:\/\/www.passionfruits.fr\/index.php\/wp-json\/wp\/v2\/media\/20299"}],"wp:attachment":[{"href":"http:\/\/www.passionfruits.fr\/index.php\/wp-json\/wp\/v2\/media?parent=20298"}],"curies":[{"name":"wp","href":"https:\/\/api.w.org\/{rel}","templated":true}]}}