{"id":20404,"date":"2025-04-15T10:25:01","date_gmt":"2025-04-15T09:25:01","guid":{"rendered":"http:\/\/www.passionfruits.fr\/?post_type=product&#038;p=20404"},"modified":"2025-04-15T10:26:34","modified_gmt":"2025-04-15T09:26:34","slug":"biere-blonde-de-courville-la-bouteille-33cl","status":"publish","type":"product","link":"http:\/\/www.passionfruits.fr\/index.php\/produit\/biere-blonde-de-courville-la-bouteille-33cl\/","title":{"rendered":"Bi\u00e8re Blonde de Courville la bouteille 33cl"},"content":{"rendered":"","protected":false},"excerpt":{"rendered":"<p>Alcool 5 %.<\/p>\n<p>MicroBrasserie Beauce et perche<\/p>\n<p>Bi\u00e8re blonde de fermentation haute fruit\u00e9e.<\/p>\n<p>EBC 5 IBU 25 ABV 5.0%<\/p>\n<p>Ingr\u00e9dients : Eau, <strong>malt d\u2019orge<\/strong>, houblons, levure.<\/p>\n<p>Contient du gluten.<\/p>\n<p>La consommation de boissons alcoolis\u00e9es pendant la grossesse, m\u00eame en faible quantit\u00e9, peut avoir des cons\u00e9quences graves sur la sant\u00e9 de l\u2019enfant.<\/p>\n<p>L ABUS D ALCOOL EST DANGEREUX POUR LA SANTE. A CONSOMMER AVEC MODERATION<\/p>\n<p>LA VENTE D ALCOOL EST INTERDITE AUX MINEURS.<\/p>\n","protected":false},"featured_media":20405,"comment_status":"closed","ping_status":"closed","template":"","meta":{"spay_email":"","jetpack_publicize_message":"","jetpack_is_tweetstorm":false},"jetpack_publicize_connections":[],"jetpack_sharing_enabled":true,"jetpack-related-posts":[{"id":20417,"url":"http:\/\/www.passionfruits.fr\/index.php\/produit\/biere-blonde-de-gellainville-la-bouteille-75-cl\/","url_meta":{"origin":20404,"position":0},"title":"Bi\u00e8re Blonde de Gellainville la bouteille 75 cl","date":"16 avril 2025","format":false,"excerpt":"Alcool 5 %. Fleuron de la gamme delabonne bio, cette blonde embl\u00e9matique de la brasserie ravira les palais les plus exigeants. delabonne Blonde Bio est une bi\u00e8re simple de conception, mais qui offre une belle complexit\u00e9 aromatique. Elle est voulue l\u00e9g\u00e8re et rafraichissante, peu am\u00e8re, elle laisse la part belle\u2026","rel":"","context":"Article similaire","img":{"alt_text":"","src":"https:\/\/i0.wp.com\/www.passionfruits.fr\/wp-content\/uploads\/2025\/04\/blonde.jpg.jpg?fit=600%2C600&resize=350%2C200","width":350,"height":200},"classes":[]},{"id":20414,"url":"http:\/\/www.passionfruits.fr\/index.php\/produit\/biere-blonde-de-gellainville-la-bouteille-33cl\/","url_meta":{"origin":20404,"position":1},"title":"Bi\u00e8re Blonde de Gellainville la bouteille 33cl","date":"16 avril 2025","format":false,"excerpt":"Alcool 5 %. Fleuron de la gamme delabonne bio, cette blonde embl\u00e9matique de la brasserie ravira les palais les plus exigeants. delabonne Blonde Bio est une bi\u00e8re simple de conception, mais qui offre une belle complexit\u00e9 aromatique. Elle est voulue l\u00e9g\u00e8re et rafraichissante, peu am\u00e8re, elle laisse la part belle\u2026","rel":"","context":"Article similaire","img":{"alt_text":"","src":"https:\/\/i0.wp.com\/www.passionfruits.fr\/wp-content\/uploads\/2025\/04\/blonde.jpg.jpg?fit=600%2C600&resize=350%2C200","width":350,"height":200},"classes":[]},{"id":20398,"url":"http:\/\/www.passionfruits.fr\/index.php\/produit\/biere-blonde-de-chartres-la-bouteille-33cl\/","url_meta":{"origin":20404,"position":2},"title":"Bi\u00e8re blonde de Chartres la bouteille 33cl","date":"15 avril 2025","format":false,"excerpt":"Biere de Chartres blonde Brass\u00e9e au bl\u00e9 de Beauce Fermentation haute non filtr\u00e9e, elle est brass\u00e9e naturellement. Contient du malt de bl\u00e9 et du malte d' orge . Alcool 4,5 %. Brasserie Meteor Alsace La consommation de boissons alcoolis\u00e9es pendant la grossesse, m\u00eame en faible quantit\u00e9, peut avoir des cons\u00e9quences\u2026","rel":"","context":"Article similaire","img":{"alt_text":"","src":"https:\/\/i2.wp.com\/www.passionfruits.fr\/wp-content\/uploads\/2025\/04\/bcb.jpg?fit=600%2C600&resize=350%2C200","width":350,"height":200},"classes":[]},{"id":20400,"url":"http:\/\/www.passionfruits.fr\/index.php\/produit\/biere-blonde-de-chartres-la-bouteille-75cl\/","url_meta":{"origin":20404,"position":3},"title":"Bi\u00e8re blonde de Chartres la bouteille 75cl","date":"15 avril 2025","format":false,"excerpt":"Biere de Chartres blonde Brass\u00e9e au bl\u00e9 de Beauce Fermentation haute non filtr\u00e9e, elle est brass\u00e9e naturellement. Contient du malt de bl\u00e9 et du malte d' orge . Alcool 4,5 %. Brasserie Meteor Alsace La consommation de boissons alcoolis\u00e9es pendant la grossesse, m\u00eame en faible quantit\u00e9, peut avoir des cons\u00e9quences\u2026","rel":"","context":"Article similaire","img":{"alt_text":"","src":"https:\/\/i2.wp.com\/www.passionfruits.fr\/wp-content\/uploads\/2025\/04\/bcb.jpg?fit=600%2C600&resize=350%2C200","width":350,"height":200},"classes":[]},{"id":19813,"url":"http:\/\/www.passionfruits.fr\/index.php\/produit\/biere-blonde-juste-toi-et-moi-bouteille-33-cl\/","url_meta":{"origin":20404,"position":4},"title":"Bi\u00e8re blonde juste toi et moi Bouteille 33 cl","date":"21 f\u00e9vrier 2024","format":false,"excerpt":"Bi\u00e8re de Maintenon Une bi\u00e8re artisanale l\u00e9g\u00e8re et attachante. Bi\u00e8re artisanale bien p\u00e9tillante, s\u00e8che et d\u00e9salt\u00e9rante. Des notes aromatiques d\u2019herbac\u00e9e, de pain frais, de fleurs de mirabellier et de rose. \u00c0 table, la bi\u00e8re de garde pur malt \u201cJuste Toi & Moi\u201d pourra accompagner choucroutes, asperges, salades de crudit\u00e9s, fromages\u2026","rel":"","context":"Article similaire","img":{"alt_text":"","src":"https:\/\/i2.wp.com\/www.passionfruits.fr\/wp-content\/uploads\/2024\/02\/biere-juste-toi-et-moi.jpg?fit=599%2C600&resize=350%2C200","width":350,"height":200},"classes":[]},{"id":20406,"url":"http:\/\/www.passionfruits.fr\/index.php\/produit\/biere-blanche-de-courville-la-bouteille-33cl\/","url_meta":{"origin":20404,"position":5},"title":"Bi\u00e8re Blanche de Courville la bouteille 33cl","date":"16 avril 2025","format":false,"excerpt":"Alcool 4,5 %. Micro Brasserie Beauce et perche Bi\u00e8re blanche de style belge (graines de coriandre et \u00e9corce d\u2019orange am\u00e8re). EBC 5 IBU 18 ABV 5.0% Ingr\u00e9dients : Eau, malt d\u2019orge, malt de bl\u00e9, flocons d\u2019avoine, houblon, graines de coriandre et \u00e9corce d\u2019orange am\u00e8re, levure. Contient du gluten. La consommation\u2026","rel":"","context":"Article similaire","img":{"alt_text":"","src":"https:\/\/i2.wp.com\/www.passionfruits.fr\/wp-content\/uploads\/2025\/04\/Courvilloise-blanch.jpg?fit=600%2C600&resize=350%2C200","width":350,"height":200},"classes":[]}],"_links":{"self":[{"href":"http:\/\/www.passionfruits.fr\/index.php\/wp-json\/wp\/v2\/product\/20404"}],"collection":[{"href":"http:\/\/www.passionfruits.fr\/index.php\/wp-json\/wp\/v2\/product"}],"about":[{"href":"http:\/\/www.passionfruits.fr\/index.php\/wp-json\/wp\/v2\/types\/product"}],"replies":[{"embeddable":true,"href":"http:\/\/www.passionfruits.fr\/index.php\/wp-json\/wp\/v2\/comments?post=20404"}],"wp:featuredmedia":[{"embeddable":true,"href":"http:\/\/www.passionfruits.fr\/index.php\/wp-json\/wp\/v2\/media\/20405"}],"wp:attachment":[{"href":"http:\/\/www.passionfruits.fr\/index.php\/wp-json\/wp\/v2\/media?parent=20404"}],"curies":[{"name":"wp","href":"https:\/\/api.w.org\/{rel}","templated":true}]}}