{"id":4878,"date":"2015-12-07T11:26:53","date_gmt":"2015-12-07T10:26:53","guid":{"rendered":"http:\/\/www.andreclaude.fr\/web\/index.php\/produit\/poivron-rouge-la-piece-env-200-grs\/"},"modified":"2026-02-17T06:02:01","modified_gmt":"2026-02-17T05:02:01","slug":"poivron-rouge-la-piece-env-200-grs","status":"publish","type":"product","link":"http:\/\/www.passionfruits.fr\/index.php\/produit\/poivron-rouge-la-piece-env-200-grs\/","title":{"rendered":"Poivron rouge Espagne  Cat 1 la pi\u00e8ce env.250g"},"content":{"rendered":"<p>Origine Espagne<\/p>\n","protected":false},"excerpt":{"rendered":"<p>Origine Espagne<\/p>\n","protected":false},"featured_media":4879,"comment_status":"closed","ping_status":"closed","template":"","meta":{"spay_email":"","jetpack_publicize_message":"","jetpack_is_tweetstorm":false},"jetpack_publicize_connections":[],"jetpack_sharing_enabled":true,"jetpack-related-posts":[{"id":4876,"url":"http:\/\/www.passionfruits.fr\/index.php\/produit\/poivron-vert-la-piece-env-200-grs\/","url_meta":{"origin":4878,"position":0},"title":"Poivron vert Espagne Cat 1 la pi\u00e8ce env.250g","date":"7 d\u00e9cembre 2015","format":false,"excerpt":"Origine Espagne","rel":"","context":"Article similaire","img":{"alt_text":"","src":"https:\/\/i1.wp.com\/www.passionfruits.fr\/wp-content\/uploads\/2015\/12\/Fotolia_41182973_XS.jpg?fit=346%2C347&resize=350%2C200","width":350,"height":200},"classes":[]},{"id":4880,"url":"http:\/\/www.passionfruits.fr\/index.php\/produit\/poivron-jaune-la-piece-env-200-grs\/","url_meta":{"origin":4878,"position":1},"title":"Poivron jaune Espagne  Cat 1 la pi\u00e8ce env. 250g","date":"7 d\u00e9cembre 2015","format":false,"excerpt":"Origine Espagne","rel":"","context":"Article similaire","img":{"alt_text":"","src":"https:\/\/i2.wp.com\/www.passionfruits.fr\/wp-content\/uploads\/2015\/12\/Fotolia_29277092_XS.jpg?fit=372%2C323&resize=350%2C200","width":350,"height":200},"classes":[]},{"id":5782,"url":"http:\/\/www.passionfruits.fr\/index.php\/produit\/aubergine-espagne-cat-1-la-piece-env-330g\/","url_meta":{"origin":4878,"position":2},"title":"Aubergine Espagne  Cat 1 la pi\u00e8ce env 330g","date":"7 d\u00e9cembre 2015","format":false,"excerpt":"","rel":"","context":"Article similaire","img":{"alt_text":"","src":"https:\/\/i1.wp.com\/www.passionfruits.fr\/wp-content\/uploads\/2015\/12\/Fotolia_45525581_XS.jpg?fit=355%2C338&resize=350%2C200","width":350,"height":200},"classes":[]},{"id":5273,"url":"http:\/\/www.passionfruits.fr\/index.php\/produit\/salade-sucrine-barquette-de-6-pieces\/","url_meta":{"origin":4878,"position":3},"title":"Salade Sucrine Espagne Cat 1 la barquette","date":"7 d\u00e9cembre 2015","format":false,"excerpt":"Origine Espagne","rel":"","context":"Article similaire","img":{"alt_text":"","src":"https:\/\/i2.wp.com\/www.passionfruits.fr\/wp-content\/uploads\/2015\/12\/sucrine.jpg?fit=600%2C600&resize=350%2C200","width":350,"height":200},"classes":[]},{"id":4971,"url":"http:\/\/www.passionfruits.fr\/index.php\/produit\/concombre-la-piece\/","url_meta":{"origin":4878,"position":4},"title":"Concombre France  Cat 1 la pi\u00e8ce","date":"7 d\u00e9cembre 2015","format":false,"excerpt":"Origine Espagne","rel":"","context":"Article similaire","img":{"alt_text":"","src":"https:\/\/i1.wp.com\/www.passionfruits.fr\/wp-content\/uploads\/2015\/12\/concombre1.jpg?fit=600%2C600&resize=350%2C200","width":350,"height":200},"classes":[]},{"id":4859,"url":"http:\/\/www.passionfruits.fr\/index.php\/produit\/citron-jaune-la-piece\/","url_meta":{"origin":4878,"position":5},"title":"Citron jaune Espagne  Cat 1 la pi\u00e8ce env. 200g soit 4,95\u20ac le kilo","date":"7 d\u00e9cembre 2015","format":false,"excerpt":"Conservation: A temp\u00e9rature ambiante pendant une semaine, attention je risque de s\u00e9cher. Au r\u00e9frig\u00e9rateur vous pourrez me conserver 3 semaines, sans risque de d\u00e9shydratation ainsi je garde tous mon jus et mes vitamines !!!","rel":"","context":"Article similaire","img":{"alt_text":"","src":"https:\/\/i1.wp.com\/www.passionfruits.fr\/wp-content\/uploads\/2015\/12\/citrons2.jpg?fit=600%2C600&resize=350%2C200","width":350,"height":200},"classes":[]}],"_links":{"self":[{"href":"http:\/\/www.passionfruits.fr\/index.php\/wp-json\/wp\/v2\/product\/4878"}],"collection":[{"href":"http:\/\/www.passionfruits.fr\/index.php\/wp-json\/wp\/v2\/product"}],"about":[{"href":"http:\/\/www.passionfruits.fr\/index.php\/wp-json\/wp\/v2\/types\/product"}],"replies":[{"embeddable":true,"href":"http:\/\/www.passionfruits.fr\/index.php\/wp-json\/wp\/v2\/comments?post=4878"}],"wp:featuredmedia":[{"embeddable":true,"href":"http:\/\/www.passionfruits.fr\/index.php\/wp-json\/wp\/v2\/media\/4879"}],"wp:attachment":[{"href":"http:\/\/www.passionfruits.fr\/index.php\/wp-json\/wp\/v2\/media?parent=4878"}],"curies":[{"name":"wp","href":"https:\/\/api.w.org\/{rel}","templated":true}]}}