{"id":4900,"date":"2015-12-07T11:27:14","date_gmt":"2015-12-07T10:27:14","guid":{"rendered":"http:\/\/www.andreclaude.fr\/web\/index.php\/produit\/carotte-les-500-grs\/"},"modified":"2026-04-21T05:59:14","modified_gmt":"2026-04-21T04:59:14","slug":"carotte-le-kilo","status":"publish","type":"product","link":"http:\/\/www.passionfruits.fr\/index.php\/produit\/carotte-le-kilo\/","title":{"rendered":"Carotte  nouvelle Portugal  Cat 1 les 500 grs"},"content":{"rendered":"","protected":false},"excerpt":{"rendered":"","protected":false},"featured_media":8099,"comment_status":"closed","ping_status":"closed","template":"","meta":{"spay_email":"","jetpack_publicize_message":"","jetpack_is_tweetstorm":false},"jetpack_publicize_connections":[],"jetpack_sharing_enabled":true,"jetpack-related-posts":[{"id":18297,"url":"http:\/\/www.passionfruits.fr\/index.php\/produit\/carotte-entiere-epluchee-cat-1-france-barquette-500-grs\/","url_meta":{"origin":4900,"position":0},"title":"Carotte enti\u00e8re \u00e9pluch\u00e9e cat 1 Portugal barquette 500 grs","date":"16 septembre 2021","format":false,"excerpt":"","rel":"","context":"Article similaire","img":{"alt_text":"","src":"https:\/\/i2.wp.com\/www.passionfruits.fr\/wp-content\/uploads\/2021\/09\/unnamed.jpg?fit=600%2C600&resize=350%2C200","width":350,"height":200},"classes":[]},{"id":4905,"url":"http:\/\/www.passionfruits.fr\/index.php\/produit\/carotte-non-lavee-les-500-grs\/","url_meta":{"origin":4900,"position":1},"title":"Carotte  des sables France Cat 1 les 500g","date":"7 d\u00e9cembre 2015","format":false,"excerpt":"Carotte de sable non lav\u00e9e pour une meilleure conservation et plus de parfum.","rel":"","context":"Article similaire","img":{"alt_text":"","src":"https:\/\/i2.wp.com\/www.passionfruits.fr\/wp-content\/uploads\/2015\/12\/carotte2.jpg?fit=593%2C591&resize=350%2C200","width":350,"height":200},"classes":[]},{"id":18299,"url":"http:\/\/www.passionfruits.fr\/index.php\/produit\/duo-carotte-chou-blanc-cat-1-france-barquette-400-grs\/","url_meta":{"origin":4900,"position":2},"title":"Duo Carotte\/Chou Blanc rap\u00e9 cat 1 France barquette 400 grs","date":"16 septembre 2021","format":false,"excerpt":"","rel":"","context":"Article similaire","img":{"alt_text":"","src":"https:\/\/i2.wp.com\/www.passionfruits.fr\/wp-content\/uploads\/2021\/09\/salade_coleslaw_legumerie_ameliprovence-2.jpg?fit=600%2C600&resize=350%2C200","width":350,"height":200},"classes":[]},{"id":18302,"url":"http:\/\/www.passionfruits.fr\/index.php\/produit\/duo-carotte-betterave-rappe-cat-1-france-barquette-400-grs\/","url_meta":{"origin":4900,"position":3},"title":"Duo Carotte\/Betterave rap\u00e9 cat 1 France barquette 400 grs","date":"16 septembre 2021","format":false,"excerpt":"","rel":"","context":"Article similaire","img":{"alt_text":"","src":"https:\/\/i1.wp.com\/www.passionfruits.fr\/wp-content\/uploads\/2021\/09\/ensaladaremolacha.jpg?fit=600%2C600&resize=350%2C200","width":350,"height":200},"classes":[]},{"id":18304,"url":"http:\/\/www.passionfruits.fr\/index.php\/produit\/duo-carotte-celeri-rave-cat-1-france-barquette-400-grs\/","url_meta":{"origin":4900,"position":4},"title":"Duo Carotte\/C\u00e8leri Rave rap\u00e9 cat 1 France barquette 400 grs","date":"16 septembre 2021","format":false,"excerpt":"","rel":"","context":"Article similaire","img":{"alt_text":"","src":"https:\/\/i0.wp.com\/www.passionfruits.fr\/wp-content\/uploads\/2021\/09\/BLOG-PHOTOS-1-1-700x400-1.jpg?fit=600%2C600&resize=350%2C200","width":350,"height":200},"classes":[]},{"id":6469,"url":"http:\/\/www.passionfruits.fr\/index.php\/produit\/raisin-noir-afrique-du-sud-cat-1-les-500-grs\/","url_meta":{"origin":4900,"position":5},"title":"Raisin  rose  afrique du sud  Cat 1 les 500 grs","date":"7 d\u00e9cembre 2015","format":false,"excerpt":"","rel":"","context":"Article similaire","img":{"alt_text":"","src":"https:\/\/i0.wp.com\/www.passionfruits.fr\/wp-content\/uploads\/2015\/12\/raisin-1.jpg?fit=598%2C600&resize=350%2C200","width":350,"height":200},"classes":[]}],"_links":{"self":[{"href":"http:\/\/www.passionfruits.fr\/index.php\/wp-json\/wp\/v2\/product\/4900"}],"collection":[{"href":"http:\/\/www.passionfruits.fr\/index.php\/wp-json\/wp\/v2\/product"}],"about":[{"href":"http:\/\/www.passionfruits.fr\/index.php\/wp-json\/wp\/v2\/types\/product"}],"replies":[{"embeddable":true,"href":"http:\/\/www.passionfruits.fr\/index.php\/wp-json\/wp\/v2\/comments?post=4900"}],"wp:featuredmedia":[{"embeddable":true,"href":"http:\/\/www.passionfruits.fr\/index.php\/wp-json\/wp\/v2\/media\/8099"}],"wp:attachment":[{"href":"http:\/\/www.passionfruits.fr\/index.php\/wp-json\/wp\/v2\/media?parent=4900"}],"curies":[{"name":"wp","href":"https:\/\/api.w.org\/{rel}","templated":true}]}}