{"id":4902,"date":"2015-12-07T11:27:14","date_gmt":"2015-12-07T10:27:14","guid":{"rendered":"http:\/\/www.andreclaude.fr\/web\/index.php\/produit\/poireaux-les-500-grs\/"},"modified":"2026-01-03T06:25:39","modified_gmt":"2026-01-03T05:25:39","slug":"poireaux-le-kilo","status":"publish","type":"product","link":"http:\/\/www.passionfruits.fr\/index.php\/produit\/poireaux-le-kilo\/","title":{"rendered":"Poireau France Cat 1 les 500 grs"},"content":{"rendered":"","protected":false},"excerpt":{"rendered":"","protected":false},"featured_media":8436,"comment_status":"closed","ping_status":"closed","template":"","meta":{"spay_email":"","jetpack_publicize_message":"","jetpack_is_tweetstorm":false},"jetpack_publicize_connections":[],"jetpack_sharing_enabled":true,"jetpack-related-posts":[{"id":18297,"url":"http:\/\/www.passionfruits.fr\/index.php\/produit\/carotte-entiere-epluchee-cat-1-france-barquette-500-grs\/","url_meta":{"origin":4902,"position":0},"title":"Carotte enti\u00e8re \u00e9pluch\u00e9e cat 1 France barquette 500 grs","date":"16 septembre 2021","format":false,"excerpt":"","rel":"","context":"Article similaire","img":{"alt_text":"","src":"https:\/\/i2.wp.com\/www.passionfruits.fr\/wp-content\/uploads\/2021\/09\/unnamed.jpg?fit=600%2C600&resize=350%2C200","width":350,"height":200},"classes":[]},{"id":5078,"url":"http:\/\/www.passionfruits.fr\/index.php\/produit\/noisette-les-500-grs\/","url_meta":{"origin":4902,"position":1},"title":"Noisette France Cat 1 les 500 grs","date":"7 d\u00e9cembre 2015","format":false,"excerpt":"","rel":"","context":"Article similaire","img":{"alt_text":"","src":"https:\/\/i1.wp.com\/www.passionfruits.fr\/wp-content\/uploads\/2015\/12\/noisette.jpg?fit=373%2C322&resize=350%2C200","width":350,"height":200},"classes":[]},{"id":4986,"url":"http:\/\/www.passionfruits.fr\/index.php\/produit\/epinard-les-500-grs\/","url_meta":{"origin":4902,"position":2},"title":"\u00c9pinard France Cat 1 les 500 grs","date":"7 d\u00e9cembre 2015","format":false,"excerpt":"","rel":"","context":"Article similaire","img":{"alt_text":"","src":"https:\/\/i2.wp.com\/www.passionfruits.fr\/wp-content\/uploads\/2015\/12\/epinard.jpg?fit=405%2C296&resize=350%2C200","width":350,"height":200},"classes":[]},{"id":6469,"url":"http:\/\/www.passionfruits.fr\/index.php\/produit\/raisin-noir-afrique-du-sud-cat-1-les-500-grs\/","url_meta":{"origin":4902,"position":3},"title":"Raisin  rose  afrique du sud  Cat 1 les 500 grs","date":"7 d\u00e9cembre 2015","format":false,"excerpt":"","rel":"","context":"Article similaire","img":{"alt_text":"","src":"https:\/\/i0.wp.com\/www.passionfruits.fr\/wp-content\/uploads\/2015\/12\/raisin-1.jpg?fit=598%2C600&resize=350%2C200","width":350,"height":200},"classes":[]},{"id":5024,"url":"http:\/\/www.passionfruits.fr\/index.php\/produit\/oignon-rouge-les-500-grs\/","url_meta":{"origin":4902,"position":4},"title":"Oignon Rouge France Cat 1 les 500g","date":"7 d\u00e9cembre 2015","format":false,"excerpt":"","rel":"","context":"Article similaire","img":{"alt_text":"","src":"https:\/\/i2.wp.com\/www.passionfruits.fr\/wp-content\/uploads\/2015\/12\/oignon-rouge.jpg?fit=600%2C600&resize=350%2C200","width":350,"height":200},"classes":[]},{"id":5342,"url":"http:\/\/www.passionfruits.fr\/index.php\/produit\/pruneau-vrac-noyau-les-500-grs\/","url_meta":{"origin":4902,"position":5},"title":"Pruneau France Cat 1 avec noyau les 500g","date":"7 d\u00e9cembre 2015","format":false,"excerpt":"Ingr\u00e9dients : Pruneaux avec noyau Traces \u00e9ventuelles de Sulfite","rel":"","context":"Article similaire","img":{"alt_text":"","src":"https:\/\/i1.wp.com\/www.passionfruits.fr\/wp-content\/uploads\/2015\/12\/pruneau.jpg?fit=395%2C304&resize=350%2C200","width":350,"height":200},"classes":[]}],"_links":{"self":[{"href":"http:\/\/www.passionfruits.fr\/index.php\/wp-json\/wp\/v2\/product\/4902"}],"collection":[{"href":"http:\/\/www.passionfruits.fr\/index.php\/wp-json\/wp\/v2\/product"}],"about":[{"href":"http:\/\/www.passionfruits.fr\/index.php\/wp-json\/wp\/v2\/types\/product"}],"replies":[{"embeddable":true,"href":"http:\/\/www.passionfruits.fr\/index.php\/wp-json\/wp\/v2\/comments?post=4902"}],"wp:featuredmedia":[{"embeddable":true,"href":"http:\/\/www.passionfruits.fr\/index.php\/wp-json\/wp\/v2\/media\/8436"}],"wp:attachment":[{"href":"http:\/\/www.passionfruits.fr\/index.php\/wp-json\/wp\/v2\/media?parent=4902"}],"curies":[{"name":"wp","href":"https:\/\/api.w.org\/{rel}","templated":true}]}}