{"id":4903,"date":"2015-12-07T11:27:14","date_gmt":"2015-12-07T10:27:14","guid":{"rendered":"http:\/\/www.andreclaude.fr\/web\/index.php\/produit\/champignon-creme-les-500-grs\/"},"modified":"2025-11-22T09:20:15","modified_gmt":"2025-11-22T08:20:15","slug":"champignon-creme-les-500-grs","status":"publish","type":"product","link":"http:\/\/www.passionfruits.fr\/index.php\/produit\/champignon-creme-les-500-grs\/","title":{"rendered":"Champignon cr\u00e8me Pologne Cat 1 les 250g"},"content":{"rendered":"","protected":false},"excerpt":{"rendered":"","protected":false},"featured_media":7269,"comment_status":"closed","ping_status":"closed","template":"","meta":{"spay_email":"","jetpack_publicize_message":"","jetpack_is_tweetstorm":false},"jetpack_publicize_connections":[],"jetpack_sharing_enabled":true,"jetpack-related-posts":[{"id":6350,"url":"http:\/\/www.passionfruits.fr\/index.php\/produit\/rapee-champignon-emince-barq-250-grs\/","url_meta":{"origin":4903,"position":0},"title":"Champignon Pologne Cat 1 \u00e9minc\u00e9 la barq 250g","date":"7 d\u00e9cembre 2015","format":false,"excerpt":"Champignon \u00e9minc\u00e9. L\u00e9gumes \u00e9pluch\u00e9s et coup\u00e9s, pr\u00eats \u00e0 consommer. Conditionn\u00e9 en barquette refermable \u00e0 volont\u00e9 pour garder toute sa saveur. 100% Frais, 100% Pr\u00eat, sans conservateur.","rel":"","context":"Article similaire","img":{"alt_text":"","src":"https:\/\/i1.wp.com\/www.passionfruits.fr\/wp-content\/uploads\/2015\/12\/champigno.jpg?fit=600%2C600&resize=350%2C200","width":350,"height":200},"classes":[]},{"id":4898,"url":"http:\/\/www.passionfruits.fr\/index.php\/produit\/champignon-blanc-les-500-grs\/","url_meta":{"origin":4903,"position":1},"title":"Champignon blanc Pologne Cat 1 les 500 grs","date":"7 d\u00e9cembre 2015","format":false,"excerpt":"","rel":"","context":"Article similaire","img":{"alt_text":"","src":"https:\/\/i0.wp.com\/www.passionfruits.fr\/wp-content\/uploads\/2015\/12\/champignon-de-paris.jpg?fit=600%2C600&resize=350%2C200","width":350,"height":200},"classes":[]},{"id":17807,"url":"http:\/\/www.passionfruits.fr\/index.php\/produit\/echalote-cuisse-grosse-france-cat-1-les-250g\/","url_meta":{"origin":4903,"position":2},"title":"Echalote cuisse grosse France Cat 1 les 250g","date":"24 mars 2021","format":false,"excerpt":"","rel":"","context":"Article similaire","img":{"alt_text":"","src":"https:\/\/i2.wp.com\/www.passionfruits.fr\/wp-content\/uploads\/2021\/03\/echalotte-1.jpg?fit=600%2C600&resize=350%2C200","width":350,"height":200},"classes":[]},{"id":4957,"url":"http:\/\/www.passionfruits.fr\/index.php\/produit\/betterave-ronde-cuite-les-500-grs\/","url_meta":{"origin":4903,"position":3},"title":"Betterave ronde France Cat 1 la pi\u00e8ce env. 250g","date":"7 d\u00e9cembre 2015","format":false,"excerpt":"","rel":"","context":"Article similaire","img":{"alt_text":"","src":"https:\/\/i2.wp.com\/www.passionfruits.fr\/wp-content\/uploads\/2015\/12\/betterave-ronde.jpg?fit=600%2C600&resize=350%2C200","width":350,"height":200},"classes":[]},{"id":4958,"url":"http:\/\/www.passionfruits.fr\/index.php\/produit\/betterave-longue-cuite-les-500-grs\/","url_meta":{"origin":4903,"position":4},"title":"Betterave longue France Cat 1 la pi\u00e8ce env. 250g","date":"7 d\u00e9cembre 2015","format":false,"excerpt":"","rel":"","context":"Article similaire","img":{"alt_text":"","src":"https:\/\/i2.wp.com\/www.passionfruits.fr\/wp-content\/uploads\/2015\/12\/betterave-crapaudine-cuite.jpg?fit=264%2C264&resize=350%2C200","width":350,"height":200},"classes":[]},{"id":5284,"url":"http:\/\/www.passionfruits.fr\/index.php\/produit\/mini-banane-le-paquet-env-250-grs\/","url_meta":{"origin":4903,"position":5},"title":"Mini Banane Colombie  Cat 1 boite  250g env.","date":"7 d\u00e9cembre 2015","format":false,"excerpt":"","rel":"","context":"Article similaire","img":{"alt_text":"","src":"https:\/\/i2.wp.com\/www.passionfruits.fr\/wp-content\/uploads\/2015\/12\/minibanane.jpg?fit=600%2C600&resize=350%2C200","width":350,"height":200},"classes":[]}],"_links":{"self":[{"href":"http:\/\/www.passionfruits.fr\/index.php\/wp-json\/wp\/v2\/product\/4903"}],"collection":[{"href":"http:\/\/www.passionfruits.fr\/index.php\/wp-json\/wp\/v2\/product"}],"about":[{"href":"http:\/\/www.passionfruits.fr\/index.php\/wp-json\/wp\/v2\/types\/product"}],"replies":[{"embeddable":true,"href":"http:\/\/www.passionfruits.fr\/index.php\/wp-json\/wp\/v2\/comments?post=4903"}],"wp:featuredmedia":[{"embeddable":true,"href":"http:\/\/www.passionfruits.fr\/index.php\/wp-json\/wp\/v2\/media\/7269"}],"wp:attachment":[{"href":"http:\/\/www.passionfruits.fr\/index.php\/wp-json\/wp\/v2\/media?parent=4903"}],"curies":[{"name":"wp","href":"https:\/\/api.w.org\/{rel}","templated":true}]}}