{"id":4911,"date":"2015-12-07T11:27:14","date_gmt":"2015-12-07T10:27:14","guid":{"rendered":"http:\/\/www.andreclaude.fr\/web\/index.php\/produit\/pomelos-rose-la-piece\/"},"modified":"2025-12-09T09:58:30","modified_gmt":"2025-12-09T08:58:30","slug":"pomelos-rose-la-piece","status":"publish","type":"product","link":"http:\/\/www.passionfruits.fr\/index.php\/produit\/pomelos-rose-la-piece\/","title":{"rendered":"Pomelos rose Espagne  Cat 1 la pi\u00e8ce"},"content":{"rendered":"<p>Pomelo ou pamplemousse\u00a0? Proches parents, le pomelo et le pamplemousse sont souvent confondus. Appartenant \u00e0 la m\u00eame famille, le pamplemousse v\u00e9ritable est un fruit \u00e0 peine comestible. Le terme \u00ab\u00a0pamplemousse\u00a0\u00bb, employ\u00e9 \u00e0 tort, s&#8217;applique au pomelo.<\/p>\n","protected":false},"excerpt":{"rendered":"<p>Conservation:<\/p>\n<p>A temp\u00e9rature ambiante pendant une semaine, attention je risque de s\u00e9cher.<\/p>\n<p>Au r\u00e9frig\u00e9rateur vous pourrez me conserver 3 semaines, sans risque de d\u00e9shydratation ainsi je garde tous mon jus et mes vitamines !!!<\/p>\n","protected":false},"featured_media":7761,"comment_status":"closed","ping_status":"closed","template":"","meta":{"spay_email":"","jetpack_publicize_message":"","jetpack_is_tweetstorm":false},"jetpack_publicize_connections":[],"jetpack_sharing_enabled":true,"jetpack-related-posts":[{"id":6327,"url":"http:\/\/www.passionfruits.fr\/index.php\/produit\/pomelos-promo-rose-lot-de-3-pieces\/","url_meta":{"origin":4911,"position":0},"title":"Pomelos Rose Espagne cat 1 promo les 3 pi\u00e8ces","date":"7 d\u00e9cembre 2015","format":false,"excerpt":"Conservation: A temp\u00e9rature ambiante pendant une semaine, attention je risque de s\u00e9cher. Au r\u00e9frig\u00e9rateur vous pourrez me conserver 3 semaines, sans risque de d\u00e9shydratation ainsi je garde tous mon jus et mes vitamines !!!","rel":"","context":"Article similaire","img":{"alt_text":"","src":"https:\/\/i0.wp.com\/www.passionfruits.fr\/wp-content\/uploads\/2015\/12\/Pomelos.jpg?fit=600%2C600&resize=350%2C200","width":350,"height":200},"classes":[]},{"id":8781,"url":"http:\/\/www.passionfruits.fr\/index.php\/produit\/sirop-de-pamplemousse-70-cl\/","url_meta":{"origin":4911,"position":1},"title":"Sirop de pamplemousse vedrenne la bouteille de 70 cl","date":"11 mai 2016","format":false,"excerpt":"Sirop de Pamplemousse Vedrenne ( pomelos ) - Le sirop rafra\u00eechissant par excellence ! Un parfum fruit\u00e9 de pamplemousse m\u00eal\u00e9 d'agrumes qui s'\u00e9panouit en bouche avec une saveur acidul\u00e9e vivifiante. \u00c0 savourer, dilu\u00e9 dans de l'eau bien fra\u00eeche, un jus de fruits ou pour les soir\u00e9es Barbecues en le m\u00e9langeant\u2026","rel":"","context":"Article similaire","img":{"alt_text":"","src":"","width":0,"height":0},"classes":[]},{"id":6066,"url":"http:\/\/www.passionfruits.fr\/index.php\/produit\/confiture-3-agrumes-le-pot\/","url_meta":{"origin":4911,"position":2},"title":"Marmelade aux 3 agrumes le pot de 370g","date":"7 d\u00e9cembre 2015","format":false,"excerpt":"Confiture Extra Daniel Boudet Pr\u00e9par\u00e9e avec 45g de fruit pour 100g de produit fini. Teneur totale en sucres : 60g pour 100g Ingr\u00e9dients : Sucre, fruits (orange douce 50%, pamplemousse 39%, citron 11%), g\u00e9lifiant : pectine. OGM : Garanti sans OGM IONISATION : Ce produit n'est pas trait\u00e9 par ionisation\u2026","rel":"","context":"Article similaire","img":{"alt_text":"","src":"https:\/\/i0.wp.com\/www.passionfruits.fr\/wp-content\/uploads\/2015\/12\/troisagrumes.jpg?fit=600%2C600&resize=350%2C200","width":350,"height":200},"classes":[]},{"id":4866,"url":"http:\/\/www.passionfruits.fr\/index.php\/produit\/orange\/","url_meta":{"origin":4911,"position":3},"title":"Orange soculente Cat 1 le kilo","date":"7 d\u00e9cembre 2015","format":false,"excerpt":"Conservation: A temp\u00e9rature ambiante pendant une semaine, attention je risque de s\u00e9cher. Au r\u00e9frig\u00e9rateur vous pourrez me conserver 3 semaines, sans risque de d\u00e9shydratation ainsi je garde tous mon jus et mes vitamines !!!","rel":"","context":"Article similaire","img":{"alt_text":"","src":"https:\/\/i1.wp.com\/www.passionfruits.fr\/wp-content\/uploads\/2015\/12\/Fotolia_42343066_XS.jpg?fit=346%2C346&resize=350%2C200","width":350,"height":200},"classes":[]},{"id":5245,"url":"http:\/\/www.passionfruits.fr\/index.php\/produit\/orange-a-jus-le-kilo\/","url_meta":{"origin":4911,"position":4},"title":"Orange Navel feuille Portugal Cat 1 le kilo \u00e0 manger","date":"7 d\u00e9cembre 2015","format":false,"excerpt":"Conservation: A temp\u00e9rature ambiante pendant une semaine, attention je risque de s\u00e9cher. Au r\u00e9frig\u00e9rateur vous pourrez me conserver 3 semaines, sans risque de d\u00e9shydratation ainsi je garde tout mon jus et mes vitamines !!!","rel":"","context":"Article similaire","img":{"alt_text":"","src":"https:\/\/i1.wp.com\/www.passionfruits.fr\/wp-content\/uploads\/2015\/12\/Fotolia_42343066_XS.jpg?fit=346%2C346&resize=350%2C200","width":350,"height":200},"classes":[]},{"id":5381,"url":"http:\/\/www.passionfruits.fr\/index.php\/produit\/clementine-le-kilo\/","url_meta":{"origin":4911,"position":5},"title":"Cl\u00e9mentine Soculente  cat 1 Espagne le kilo","date":"7 d\u00e9cembre 2015","format":false,"excerpt":"Conservation: A temp\u00e9rature ambiante pendant une semaine, attention je risque de s\u00e9cher. Au r\u00e9frig\u00e9rateur vous pourrez me conserver 3 semaines, sans risque de d\u00e9shydratation ainsi je garde tout mon jus et mes vitamines !!!","rel":"","context":"Article similaire","img":{"alt_text":"","src":"https:\/\/i1.wp.com\/www.passionfruits.fr\/wp-content\/uploads\/2015\/12\/clementine4.jpg?fit=360%2C334&resize=350%2C200","width":350,"height":200},"classes":[]}],"_links":{"self":[{"href":"http:\/\/www.passionfruits.fr\/index.php\/wp-json\/wp\/v2\/product\/4911"}],"collection":[{"href":"http:\/\/www.passionfruits.fr\/index.php\/wp-json\/wp\/v2\/product"}],"about":[{"href":"http:\/\/www.passionfruits.fr\/index.php\/wp-json\/wp\/v2\/types\/product"}],"replies":[{"embeddable":true,"href":"http:\/\/www.passionfruits.fr\/index.php\/wp-json\/wp\/v2\/comments?post=4911"}],"wp:featuredmedia":[{"embeddable":true,"href":"http:\/\/www.passionfruits.fr\/index.php\/wp-json\/wp\/v2\/media\/7761"}],"wp:attachment":[{"href":"http:\/\/www.passionfruits.fr\/index.php\/wp-json\/wp\/v2\/media?parent=4911"}],"curies":[{"name":"wp","href":"https:\/\/api.w.org\/{rel}","templated":true}]}}