{"id":4933,"date":"2015-12-07T11:27:28","date_gmt":"2015-12-07T10:27:28","guid":{"rendered":"http:\/\/www.andreclaude.fr\/web\/index.php\/produit\/fraise-mara-des-bois-la-barq-250-grs\/"},"modified":"2026-04-10T16:14:40","modified_gmt":"2026-04-10T15:14:40","slug":"fraise-mara-des-bois-la-barq-250-grs","status":"publish","type":"product","link":"http:\/\/www.passionfruits.fr\/index.php\/produit\/fraise-mara-des-bois-la-barq-250-grs\/","title":{"rendered":"Fraise Mara des bois France Cat 1 la barquette de 250 grs"},"content":{"rendered":"","protected":false},"excerpt":{"rendered":"","protected":false},"featured_media":10779,"comment_status":"closed","ping_status":"closed","template":"","meta":{"spay_email":"","jetpack_publicize_message":"","jetpack_is_tweetstorm":false},"jetpack_publicize_connections":[],"jetpack_sharing_enabled":true,"jetpack-related-posts":[{"id":18761,"url":"http:\/\/www.passionfruits.fr\/index.php\/produit\/fraise-gariguette-promo-france-cat-1-les-2-barquettes-de-250-grs\/","url_meta":{"origin":4933,"position":0},"title":"Fraise Gariguette France Cat 1 la barquettes de 250 grs","date":"21 avril 2022","format":false,"excerpt":"\u00a0 \u00a0","rel":"","context":"Article similaire","img":{"alt_text":"","src":"https:\/\/i1.wp.com\/www.passionfruits.fr\/wp-content\/uploads\/2015\/12\/Gariguette.jpg?fit=600%2C600&resize=350%2C200","width":350,"height":200},"classes":[]},{"id":18297,"url":"http:\/\/www.passionfruits.fr\/index.php\/produit\/carotte-entiere-epluchee-cat-1-france-barquette-500-grs\/","url_meta":{"origin":4933,"position":1},"title":"Carotte enti\u00e8re \u00e9pluch\u00e9e cat 1 France barquette 500 grs","date":"16 septembre 2021","format":false,"excerpt":"","rel":"","context":"Article similaire","img":{"alt_text":"","src":"https:\/\/i2.wp.com\/www.passionfruits.fr\/wp-content\/uploads\/2021\/09\/unnamed.jpg?fit=600%2C600&resize=350%2C200","width":350,"height":200},"classes":[]},{"id":18299,"url":"http:\/\/www.passionfruits.fr\/index.php\/produit\/duo-carotte-chou-blanc-cat-1-france-barquette-400-grs\/","url_meta":{"origin":4933,"position":2},"title":"Duo Carotte\/Chou Blanc rap\u00e9 cat 1 France barquette 400 grs","date":"16 septembre 2021","format":false,"excerpt":"","rel":"","context":"Article similaire","img":{"alt_text":"","src":"https:\/\/i2.wp.com\/www.passionfruits.fr\/wp-content\/uploads\/2021\/09\/salade_coleslaw_legumerie_ameliprovence-2.jpg?fit=600%2C600&resize=350%2C200","width":350,"height":200},"classes":[]},{"id":18302,"url":"http:\/\/www.passionfruits.fr\/index.php\/produit\/duo-carotte-betterave-rappe-cat-1-france-barquette-400-grs\/","url_meta":{"origin":4933,"position":3},"title":"Duo Carotte\/Betterave rap\u00e9 cat 1 France barquette 400 grs","date":"16 septembre 2021","format":false,"excerpt":"","rel":"","context":"Article similaire","img":{"alt_text":"","src":"https:\/\/i1.wp.com\/www.passionfruits.fr\/wp-content\/uploads\/2021\/09\/ensaladaremolacha.jpg?fit=600%2C600&resize=350%2C200","width":350,"height":200},"classes":[]},{"id":18304,"url":"http:\/\/www.passionfruits.fr\/index.php\/produit\/duo-carotte-celeri-rave-cat-1-france-barquette-400-grs\/","url_meta":{"origin":4933,"position":4},"title":"Duo Carotte\/C\u00e8leri Rave rap\u00e9 cat 1 France barquette 400 grs","date":"16 septembre 2021","format":false,"excerpt":"","rel":"","context":"Article similaire","img":{"alt_text":"","src":"https:\/\/i0.wp.com\/www.passionfruits.fr\/wp-content\/uploads\/2021\/09\/BLOG-PHOTOS-1-1-700x400-1.jpg?fit=600%2C600&resize=350%2C200","width":350,"height":200},"classes":[]},{"id":18295,"url":"http:\/\/www.passionfruits.fr\/index.php\/produit\/oignon-emince-cat-1-hollande-barquette-200-grs\/","url_meta":{"origin":4933,"position":5},"title":"Oignon Jaune \u00e9minc\u00e9 cat 1 France barquette 200 grs","date":"16 septembre 2021","format":false,"excerpt":"","rel":"","context":"Article similaire","img":{"alt_text":"","src":"https:\/\/i2.wp.com\/www.passionfruits.fr\/wp-content\/uploads\/2021\/09\/vend-oignon-france-1253-2385-large.jpg?fit=600%2C600&resize=350%2C200","width":350,"height":200},"classes":[]}],"_links":{"self":[{"href":"http:\/\/www.passionfruits.fr\/index.php\/wp-json\/wp\/v2\/product\/4933"}],"collection":[{"href":"http:\/\/www.passionfruits.fr\/index.php\/wp-json\/wp\/v2\/product"}],"about":[{"href":"http:\/\/www.passionfruits.fr\/index.php\/wp-json\/wp\/v2\/types\/product"}],"replies":[{"embeddable":true,"href":"http:\/\/www.passionfruits.fr\/index.php\/wp-json\/wp\/v2\/comments?post=4933"}],"wp:featuredmedia":[{"embeddable":true,"href":"http:\/\/www.passionfruits.fr\/index.php\/wp-json\/wp\/v2\/media\/10779"}],"wp:attachment":[{"href":"http:\/\/www.passionfruits.fr\/index.php\/wp-json\/wp\/v2\/media?parent=4933"}],"curies":[{"name":"wp","href":"https:\/\/api.w.org\/{rel}","templated":true}]}}