{"id":4953,"date":"2015-12-07T11:27:28","date_gmt":"2015-12-07T10:27:28","guid":{"rendered":"http:\/\/www.andreclaude.fr\/web\/index.php\/produit\/ail-violet-les-100-grs\/"},"modified":"2025-07-05T05:22:58","modified_gmt":"2025-07-05T04:22:58","slug":"ail-violet-les-100-grs","status":"publish","type":"product","link":"http:\/\/www.passionfruits.fr\/index.php\/produit\/ail-violet-les-100-grs\/","title":{"rendered":"Ail sec  Espagne la t\u00eate 100 g"},"content":{"rendered":"","protected":false},"excerpt":{"rendered":"<p>un ail au singulier, des aulx au pluriel.<\/p>\n","protected":false},"featured_media":8444,"comment_status":"closed","ping_status":"closed","template":"","meta":{"spay_email":"","jetpack_publicize_message":"","jetpack_is_tweetstorm":false},"jetpack_publicize_connections":[],"jetpack_sharing_enabled":true,"jetpack-related-posts":[{"id":5646,"url":"http:\/\/www.passionfruits.fr\/index.php\/produit\/roule-ail-et-fines-herbes-part-env-150-grs\/","url_meta":{"origin":4953,"position":0},"title":"Roul\u00e9 ail et fine herbe part environ 100 grs","date":"7 d\u00e9cembre 2015","format":false,"excerpt":"Le Roul\u00e9 est un fromage de vache frais fabriqu\u00e9 dans notre fromagerie des Vosges. Son go\u00fbt \u00e9quilibr\u00e9 d\u2019ail et de fines herbes et sa texture onctueuse en font une sp\u00e9cialit\u00e9 incontournable du plateau de fromage. Ingr\u00e9dients : Lait et cr\u00e8me pasteuris\u00e9s, sel, amidon, ail (0.7%), fines herbes (0.4%), conservateur :\u2026","rel":"","context":"Article similaire","img":{"alt_text":"","src":"https:\/\/i2.wp.com\/www.passionfruits.fr\/wp-content\/uploads\/2015\/12\/roule.jpg?fit=300%2C300&resize=350%2C200","width":350,"height":200},"classes":[]},{"id":18315,"url":"http:\/\/www.passionfruits.fr\/index.php\/produit\/tortellinis-aux-legumes-grilles-barquettes-250-gr\/","url_meta":{"origin":4953,"position":1},"title":"TORTELLINIS AUX LEGUMES GRILLES Barquettes 250 Gr","date":"16 septembre 2021","format":false,"excerpt":".Ingr\u00e9dients : Ingr\u00e9dients de la p\u00e2te : farine de bl\u00e9 tendre, semoule de bl\u00e9 dur, \u0153ufs (11,2% sur le produit fini), eau. Ingr\u00e9dients de la garniture : Ricotta (lactos\u00e9rum, cr\u00e8me de lait), chapelure (farine de bl\u00e9 tendre, eau, sel), huile de graines de tournesol, lactos\u00e9rum, flocons de pomme de terre,\u2026","rel":"","context":"Article similaire","img":{"alt_text":"","src":"https:\/\/i1.wp.com\/www.passionfruits.fr\/wp-content\/uploads\/2021\/09\/tore4_1_1_1.jpg?fit=600%2C600&resize=350%2C200","width":350,"height":200},"classes":[]},{"id":19315,"url":"http:\/\/www.passionfruits.fr\/index.php\/produit\/chips-de-beauce-ail-basilic-sachet-150grs\/","url_meta":{"origin":4953,"position":2},"title":"Chips de Beauce Ail - Basilic sachet 150grs","date":"31 mars 2023","format":false,"excerpt":"Belsia, c'est l'histoire de Cl\u00e9mence et Matthieu qui, par amour du bon et du terroir, d\u00e9cident de transformer les belles pommes de terre de l'exploitation familiale de Mathieu en chips. Ni une ni deux, la ferme de L\u00e9tourville au milieu de la plaine de Beauce (\"Belsia\" en latin), se voit\u2026","rel":"","context":"Article similaire","img":{"alt_text":"","src":"https:\/\/i2.wp.com\/www.passionfruits.fr\/wp-content\/uploads\/2023\/03\/Chips-Ail.jpg?fit=600%2C600&resize=350%2C200","width":350,"height":200},"classes":[]},{"id":6014,"url":"http:\/\/www.passionfruits.fr\/index.php\/produit\/pain-a-lail\/","url_meta":{"origin":4953,"position":3},"title":"Pain grill\u00e9 \u00e0 l'ail et au persil sachet 150g","date":"7 d\u00e9cembre 2015","format":false,"excerpt":"Id\u00e9al pour tartiner vos tapenades \u00e0 l' ap\u00e9ritif. Ingr\u00e9dients : farine de bl\u00e9, assaisonnement (huile de tournesol raffin\u00e9e (22%), \u00e0 l'ail (0.1%) et sel) huile de tournesol raffin\u00e9e (8%), levure, sel, persil (0.4%), am\u00e9liorant de panification (farine de bl\u00e9, antiagglom\u00e9rant E170i, \u00e9mulsifiant E472e, antioxydant E300 et enzymes) et sucre. Contient\u2026","rel":"","context":"Article similaire","img":{"alt_text":"","src":"https:\/\/i0.wp.com\/www.passionfruits.fr\/wp-content\/uploads\/2015\/12\/pain-a-l-ail.jpg?fit=460%2C460&resize=350%2C200","width":350,"height":200},"classes":[]},{"id":6163,"url":"http:\/\/www.passionfruits.fr\/index.php\/produit\/tapenade-caviar-daubergines-le-pot\/","url_meta":{"origin":4953,"position":4},"title":"Tapenade - Caviar d'aubergines verrine 90g","date":"7 d\u00e9cembre 2015","format":false,"excerpt":"\u00a0 Ingr\u00e9dients : aubergines grill\u00e9es 61%, huile de tournesol, olives noires, huile d'olive, ail, sel, jus de citron concentr\u00e9, poivre. Sans conservateur, sans OGM Valeurs nutritionnelles moyennes pour 100 g Energie : 1191kj\/289kcal Mati\u00e8res grasses : 30 g dont acides gras satur\u00e9s : 3.6g Glucides : 3.6g dont sucres 2.3g\u2026","rel":"","context":"Article similaire","img":{"alt_text":"","src":"https:\/\/i0.wp.com\/www.passionfruits.fr\/wp-content\/uploads\/2015\/12\/caviar-d-aubergines.jpg?fit=458%2C458&resize=350%2C200","width":350,"height":200},"classes":[]},{"id":6162,"url":"http:\/\/www.passionfruits.fr\/index.php\/produit\/tapenade-tomates-sechees-le-pot\/","url_meta":{"origin":4953,"position":5},"title":"Tapenade - Tomates s\u00e9ch\u00e9es verrine 90g","date":"7 d\u00e9cembre 2015","format":false,"excerpt":"Le D\u00e9lice de tomates s\u00e9ch\u00e9es est caract\u00e9ris\u00e9\u00a0par une robe sombre et un moelleux flatteur en bouche. Ingr\u00e9dients : tomates s\u00e9ch\u00e9es 45%, huile de tournesol, tomates pel\u00e9es, huile d'olive, eau, ail, mozzarella, poivre. Sans conservateur, sans OGM Valeurs nutritionnelles moyennes pour 100 g Energie : 2015kj\/487kcal Mati\u00e8res grasses : 43.2 g\u2026","rel":"","context":"Article similaire","img":{"alt_text":"","src":"https:\/\/i1.wp.com\/www.passionfruits.fr\/wp-content\/uploads\/2015\/12\/delice-de-tomates-sechees.jpg?fit=458%2C458&resize=350%2C200","width":350,"height":200},"classes":[]}],"_links":{"self":[{"href":"http:\/\/www.passionfruits.fr\/index.php\/wp-json\/wp\/v2\/product\/4953"}],"collection":[{"href":"http:\/\/www.passionfruits.fr\/index.php\/wp-json\/wp\/v2\/product"}],"about":[{"href":"http:\/\/www.passionfruits.fr\/index.php\/wp-json\/wp\/v2\/types\/product"}],"replies":[{"embeddable":true,"href":"http:\/\/www.passionfruits.fr\/index.php\/wp-json\/wp\/v2\/comments?post=4953"}],"wp:featuredmedia":[{"embeddable":true,"href":"http:\/\/www.passionfruits.fr\/index.php\/wp-json\/wp\/v2\/media\/8444"}],"wp:attachment":[{"href":"http:\/\/www.passionfruits.fr\/index.php\/wp-json\/wp\/v2\/media?parent=4953"}],"curies":[{"name":"wp","href":"https:\/\/api.w.org\/{rel}","templated":true}]}}