{"id":4960,"date":"2015-12-07T11:27:39","date_gmt":"2015-12-07T10:27:39","guid":{"rendered":"http:\/\/www.andreclaude.fr\/web\/index.php\/produit\/salade-batavia-la-piece\/"},"modified":"2026-01-21T07:27:27","modified_gmt":"2026-01-21T06:27:27","slug":"salade-batavia-la-piece","status":"publish","type":"product","link":"http:\/\/www.passionfruits.fr\/index.php\/produit\/salade-batavia-la-piece\/","title":{"rendered":"Salade Batavia France Cat 1 la pi\u00e8ce"},"content":{"rendered":"","protected":false},"excerpt":{"rendered":"","protected":false},"featured_media":7680,"comment_status":"closed","ping_status":"closed","template":"","meta":{"spay_email":"","jetpack_publicize_message":"","jetpack_is_tweetstorm":false},"jetpack_publicize_connections":[],"jetpack_sharing_enabled":true,"jetpack-related-posts":[{"id":4964,"url":"http:\/\/www.passionfruits.fr\/index.php\/produit\/salade-feuille-de-chene-rouge-la-piece\/","url_meta":{"origin":4960,"position":0},"title":"Salade F. de Ch\u00eane rouge France Cat 1 la pi\u00e8ce","date":"7 d\u00e9cembre 2015","format":false,"excerpt":"Origine France","rel":"","context":"Article similaire","img":{"alt_text":"","src":"https:\/\/i2.wp.com\/www.passionfruits.fr\/wp-content\/uploads\/2015\/12\/SaladeFeuilleDeCheneRouge.jpg?fit=600%2C600&resize=350%2C200","width":350,"height":200},"classes":[]},{"id":4965,"url":"http:\/\/www.passionfruits.fr\/index.php\/produit\/salade-feuille-de-chene-verte-la-piece\/","url_meta":{"origin":4960,"position":1},"title":"Salade F. de Ch\u00eane verte France Cat 1 la pi\u00e8ce","date":"7 d\u00e9cembre 2015","format":false,"excerpt":"","rel":"","context":"Article similaire","img":{"alt_text":"","src":"https:\/\/i0.wp.com\/www.passionfruits.fr\/wp-content\/uploads\/2015\/12\/feuille.jpg?fit=424%2C519&resize=350%2C200","width":350,"height":200},"classes":[]},{"id":5273,"url":"http:\/\/www.passionfruits.fr\/index.php\/produit\/salade-sucrine-barquette-de-6-pieces\/","url_meta":{"origin":4960,"position":2},"title":"Salade Sucrine Espagne Cat 1 la barquette","date":"7 d\u00e9cembre 2015","format":false,"excerpt":"Origine Espagne","rel":"","context":"Article similaire","img":{"alt_text":"","src":"https:\/\/i2.wp.com\/www.passionfruits.fr\/wp-content\/uploads\/2015\/12\/sucrine.jpg?fit=600%2C600&resize=350%2C200","width":350,"height":200},"classes":[]},{"id":5105,"url":"http:\/\/www.passionfruits.fr\/index.php\/produit\/grenade-la-piece\/","url_meta":{"origin":4960,"position":3},"title":"Grenade italie  Cat 1 la pi\u00e8ce","date":"7 d\u00e9cembre 2015","format":false,"excerpt":"La pi\u00e8ce environ 500 grammes. La grenade se consomme le plus souvent en sirop. Crue, on en consomme les graines acidul\u00e9es telles quelles, dans les salades de l\u00e9gumes ou de fruits, en d\u00e9coration ou accompagnement, en sorbet\u2026 Cuite, on la pr\u00e9pare en sauce.","rel":"","context":"Article similaire","img":{"alt_text":"","src":"https:\/\/i1.wp.com\/www.passionfruits.fr\/wp-content\/uploads\/2015\/12\/Fotolia_42989981_XS.jpg?fit=402%2C299&resize=350%2C200","width":350,"height":200},"classes":[]},{"id":5289,"url":"http:\/\/www.passionfruits.fr\/index.php\/produit\/betterave-crue-nouvelle-les-500-grs\/","url_meta":{"origin":4960,"position":4},"title":"Betterave crue France Cat 1 la pi\u00e8ce env 250g","date":"7 d\u00e9cembre 2015","format":false,"excerpt":"Compte tenu du temps de cuisson assez long, on trouve souvent la racine de betterave d\u00e9j\u00e0 cuite, vendue en vrac\u00a0 ou sous vide. On peut \u00e9galement la d\u00e9guster crue, r\u00e2p\u00e9e ou en carpaccio. Elle est, le plus souvent, consomm\u00e9e en salade.","rel":"","context":"Article similaire","img":{"alt_text":"","src":"https:\/\/i2.wp.com\/www.passionfruits.fr\/wp-content\/uploads\/2015\/12\/bettravecrue.jpg?fit=600%2C600&resize=350%2C200","width":350,"height":200},"classes":[]},{"id":5018,"url":"http:\/\/www.passionfruits.fr\/index.php\/produit\/kiwi-la-piece\/","url_meta":{"origin":4960,"position":5},"title":"Kiwi Vert France Cat 1 la pi\u00e8ce","date":"7 d\u00e9cembre 2015","format":false,"excerpt":"","rel":"","context":"Article similaire","img":{"alt_text":"","src":"https:\/\/i1.wp.com\/www.passionfruits.fr\/wp-content\/uploads\/2015\/12\/kiwi.jpg?fit=375%2C320&resize=350%2C200","width":350,"height":200},"classes":[]}],"_links":{"self":[{"href":"http:\/\/www.passionfruits.fr\/index.php\/wp-json\/wp\/v2\/product\/4960"}],"collection":[{"href":"http:\/\/www.passionfruits.fr\/index.php\/wp-json\/wp\/v2\/product"}],"about":[{"href":"http:\/\/www.passionfruits.fr\/index.php\/wp-json\/wp\/v2\/types\/product"}],"replies":[{"embeddable":true,"href":"http:\/\/www.passionfruits.fr\/index.php\/wp-json\/wp\/v2\/comments?post=4960"}],"wp:featuredmedia":[{"embeddable":true,"href":"http:\/\/www.passionfruits.fr\/index.php\/wp-json\/wp\/v2\/media\/7680"}],"wp:attachment":[{"href":"http:\/\/www.passionfruits.fr\/index.php\/wp-json\/wp\/v2\/media?parent=4960"}],"curies":[{"name":"wp","href":"https:\/\/api.w.org\/{rel}","templated":true}]}}