{"id":4965,"date":"2015-12-07T11:27:39","date_gmt":"2015-12-07T10:27:39","guid":{"rendered":"http:\/\/www.andreclaude.fr\/web\/index.php\/produit\/salade-feuille-de-chene-verte-la-piece\/"},"modified":"2026-01-21T07:27:57","modified_gmt":"2026-01-21T06:27:57","slug":"salade-feuille-de-chene-verte-la-piece","status":"publish","type":"product","link":"http:\/\/www.passionfruits.fr\/index.php\/produit\/salade-feuille-de-chene-verte-la-piece\/","title":{"rendered":"Salade F. de Ch\u00eane verte France Cat 1 la pi\u00e8ce"},"content":{"rendered":"","protected":false},"excerpt":{"rendered":"","protected":false},"featured_media":7701,"comment_status":"closed","ping_status":"closed","template":"","meta":{"spay_email":"","jetpack_publicize_message":"","jetpack_is_tweetstorm":false},"jetpack_publicize_connections":[],"jetpack_sharing_enabled":true,"jetpack-related-posts":[{"id":4964,"url":"http:\/\/www.passionfruits.fr\/index.php\/produit\/salade-feuille-de-chene-rouge-la-piece\/","url_meta":{"origin":4965,"position":0},"title":"Salade F. de Ch\u00eane rouge France Cat 1 la pi\u00e8ce","date":"7 d\u00e9cembre 2015","format":false,"excerpt":"Origine France","rel":"","context":"Article similaire","img":{"alt_text":"","src":"https:\/\/i2.wp.com\/www.passionfruits.fr\/wp-content\/uploads\/2015\/12\/SaladeFeuilleDeCheneRouge.jpg?fit=600%2C600&resize=350%2C200","width":350,"height":200},"classes":[]},{"id":4960,"url":"http:\/\/www.passionfruits.fr\/index.php\/produit\/salade-batavia-la-piece\/","url_meta":{"origin":4965,"position":1},"title":"Salade Batavia France Cat 1 la pi\u00e8ce","date":"7 d\u00e9cembre 2015","format":false,"excerpt":"","rel":"","context":"Article similaire","img":{"alt_text":"","src":"https:\/\/i2.wp.com\/www.passionfruits.fr\/wp-content\/uploads\/2015\/12\/batavia1.jpg?fit=425%2C591&resize=350%2C200","width":350,"height":200},"classes":[]},{"id":5018,"url":"http:\/\/www.passionfruits.fr\/index.php\/produit\/kiwi-la-piece\/","url_meta":{"origin":4965,"position":2},"title":"Kiwi Vert France Cat 1 la pi\u00e8ce","date":"7 d\u00e9cembre 2015","format":false,"excerpt":"","rel":"","context":"Article similaire","img":{"alt_text":"","src":"https:\/\/i1.wp.com\/www.passionfruits.fr\/wp-content\/uploads\/2015\/12\/kiwi.jpg?fit=375%2C320&resize=350%2C200","width":350,"height":200},"classes":[]},{"id":5273,"url":"http:\/\/www.passionfruits.fr\/index.php\/produit\/salade-sucrine-barquette-de-6-pieces\/","url_meta":{"origin":4965,"position":3},"title":"Salade Sucrine Espagne Cat 1 la barquette","date":"7 d\u00e9cembre 2015","format":false,"excerpt":"Origine Espagne","rel":"","context":"Article similaire","img":{"alt_text":"","src":"https:\/\/i2.wp.com\/www.passionfruits.fr\/wp-content\/uploads\/2015\/12\/sucrine.jpg?fit=600%2C600&resize=350%2C200","width":350,"height":200},"classes":[]},{"id":6323,"url":"http:\/\/www.passionfruits.fr\/index.php\/produit\/kiwi-lot-de-5-pieces\/","url_meta":{"origin":4965,"position":4},"title":"Kiwi Vert Promo France  Cat 1 les 5 pi\u00e8ces","date":"7 d\u00e9cembre 2015","format":false,"excerpt":"","rel":"","context":"Article similaire","img":{"alt_text":"","src":"https:\/\/i1.wp.com\/www.passionfruits.fr\/wp-content\/uploads\/2015\/12\/kiwi.jpg?fit=375%2C320&resize=350%2C200","width":350,"height":200},"classes":[]},{"id":6325,"url":"http:\/\/www.passionfruits.fr\/index.php\/produit\/kiwi-promo-lot-de-10-pieces\/","url_meta":{"origin":4965,"position":5},"title":"Kiwi Vert Promo France  Cat 1  les 10 pi\u00e8ces","date":"7 d\u00e9cembre 2015","format":false,"excerpt":"","rel":"","context":"Article similaire","img":{"alt_text":"","src":"https:\/\/i1.wp.com\/www.passionfruits.fr\/wp-content\/uploads\/2015\/12\/kiwi.jpg?fit=375%2C320&resize=350%2C200","width":350,"height":200},"classes":[]}],"_links":{"self":[{"href":"http:\/\/www.passionfruits.fr\/index.php\/wp-json\/wp\/v2\/product\/4965"}],"collection":[{"href":"http:\/\/www.passionfruits.fr\/index.php\/wp-json\/wp\/v2\/product"}],"about":[{"href":"http:\/\/www.passionfruits.fr\/index.php\/wp-json\/wp\/v2\/types\/product"}],"replies":[{"embeddable":true,"href":"http:\/\/www.passionfruits.fr\/index.php\/wp-json\/wp\/v2\/comments?post=4965"}],"wp:featuredmedia":[{"embeddable":true,"href":"http:\/\/www.passionfruits.fr\/index.php\/wp-json\/wp\/v2\/media\/7701"}],"wp:attachment":[{"href":"http:\/\/www.passionfruits.fr\/index.php\/wp-json\/wp\/v2\/media?parent=4965"}],"curies":[{"name":"wp","href":"https:\/\/api.w.org\/{rel}","templated":true}]}}